{"id":1259,"date":"2025-09-09T10:39:18","date_gmt":"2025-09-09T08:39:18","guid":{"rendered":"https:\/\/www.myscience.fi\/?page_id=1259"},"modified":"2025-11-19T13:41:59","modified_gmt":"2025-11-19T11:41:59","slug":"for-children-and-youth","status":"publish","type":"page","link":"https:\/\/www.luma.fi\/en\/for-children-and-youth\/","title":{"rendered":"For children, young people, and families"},"content":{"rendered":"\n<div class=\"wp-block-columns is-layout-flex wp-container-core-columns-is-layout-9d6595d7 wp-block-columns-is-layout-flex\">\n<div class=\"wp-block-column is-layout-flow wp-block-column-is-layout-flow\">\n<figure class=\"wp-block-image size-large\"><img loading=\"lazy\" decoding=\"async\" width=\"1024\" height=\"513\" src=\"https:\/\/www.luma.fi\/wp-content\/uploads\/2025\/09\/Tiedekerhot-1024x513.jpg\" alt=\"Kuvituskuvassa valokuva kahdesta 8-vuotiaasta tyt\u00f6st\u00e4 ulkovaatteissa syksyisell\u00e4 rannalla. Toinen on tehnyt j\u00e4rviruokosta viikset ja toinen nauraa.\" class=\"wp-image-626\" srcset=\"https:\/\/www.luma.fi\/wp-content\/uploads\/2025\/09\/Tiedekerhot-1024x513.jpg 1024w, https:\/\/www.luma.fi\/wp-content\/uploads\/2025\/09\/Tiedekerhot-300x150.jpg 300w, https:\/\/www.luma.fi\/wp-content\/uploads\/2025\/09\/Tiedekerhot-768x384.jpg 768w, https:\/\/www.luma.fi\/wp-content\/uploads\/2025\/09\/Tiedekerhot-1536x769.jpg 1536w, https:\/\/www.luma.fi\/wp-content\/uploads\/2025\/09\/Tiedekerhot.jpg 1920w\" sizes=\"auto, (max-width: 1024px) 100vw, 1024px\" \/><\/figure>\n\n\n\n<h2 class=\"wp-block-heading\">Science and technology clubs<\/h2>\n\n\n\n<p>In science clubs, learning is fun! We organize science club activities for children and young people of different ages and with various interests, but mainly in Finnish and Swedish.<\/p>\n\n\n\n<div class=\"wp-block-buttons is-layout-flex wp-block-buttons-is-layout-flex\">\n<div class=\"wp-block-button\"><a class=\"wp-block-button__link has-base-3-color has-text-color has-background has-link-color wp-element-button\" href=\"https:\/\/www.luma.fi\/en\/for-children-and-youth\/science-clubs\/\" style=\"background-color:#00a2c0\"><strong>Find out more<\/strong><\/a><\/div>\n<\/div>\n<\/div>\n\n\n\n<div class=\"wp-block-column is-layout-flow wp-block-column-is-layout-flow\">\n<figure class=\"wp-block-image size-large\"><img loading=\"lazy\" decoding=\"async\" width=\"1024\" height=\"515\" src=\"https:\/\/www.luma.fi\/wp-content\/uploads\/2025\/09\/leirit-1024x515.jpg\" alt=\"Kuvassa ty\u00f6tt\u00e4 ja poika ratkovat matemaattista teht\u00e4v\u00e4\u00e4 k\u00e4vyill\u00e4 ja kivill\u00e4 kalliolla istuen.\" class=\"wp-image-387\" srcset=\"https:\/\/www.luma.fi\/wp-content\/uploads\/2025\/09\/leirit-1024x515.jpg 1024w, https:\/\/www.luma.fi\/wp-content\/uploads\/2025\/09\/leirit-300x151.jpg 300w, https:\/\/www.luma.fi\/wp-content\/uploads\/2025\/09\/leirit-768x386.jpg 768w, https:\/\/www.luma.fi\/wp-content\/uploads\/2025\/09\/leirit-1536x772.jpg 1536w, https:\/\/www.luma.fi\/wp-content\/uploads\/2025\/09\/leirit.jpg 1920w\" sizes=\"auto, (max-width: 1024px) 100vw, 1024px\" \/><\/figure>\n\n\n\n<h2 class=\"wp-block-heading\">Summer camps<\/h2>\n\n\n\n<p>We organize science and technology themed camps for children and young people during the summer and school holidays. Most of the camps are in Finnish, but some are in English and Swedish too.<\/p>\n\n\n\n<div class=\"wp-block-buttons is-layout-flex wp-block-buttons-is-layout-flex\">\n<div class=\"wp-block-button\"><a class=\"wp-block-button__link has-base-3-color has-text-color has-background has-link-color wp-element-button\" href=\"https:\/\/www.luma.fi\/en\/for-children-and-youth\/summer-camps\/\" style=\"background-color:#00a2c0\"><strong>Find out more<\/strong><\/a><\/div>\n<\/div>\n<\/div>\n<\/div>\n\n\n\n<div class=\"wp-block-columns is-layout-flex wp-container-core-columns-is-layout-9d6595d7 wp-block-columns-is-layout-flex\">\n<div class=\"wp-block-column is-layout-flow wp-block-column-is-layout-flow\">\n<figure class=\"wp-block-image size-large\"><img loading=\"lazy\" decoding=\"async\" width=\"1024\" height=\"510\" src=\"https:\/\/www.luma.fi\/wp-content\/uploads\/2025\/09\/nuorille-1024x510.jpg\" alt=\"Kuvassa lukiolaiset leikkiv\u00e4t l\u00e4mp\u00f6kameralla.\" class=\"wp-image-380\" srcset=\"https:\/\/www.luma.fi\/wp-content\/uploads\/2025\/09\/nuorille-1024x510.jpg 1024w, https:\/\/www.luma.fi\/wp-content\/uploads\/2025\/09\/nuorille-300x149.jpg 300w, https:\/\/www.luma.fi\/wp-content\/uploads\/2025\/09\/nuorille-768x383.jpg 768w, https:\/\/www.luma.fi\/wp-content\/uploads\/2025\/09\/nuorille-1536x765.jpg 1536w, https:\/\/www.luma.fi\/wp-content\/uploads\/2025\/09\/nuorille.jpg 2048w\" sizes=\"auto, (max-width: 1024px) 100vw, 1024px\" \/><\/figure>\n\n\n\n<h2 class=\"wp-block-heading\">LUMA activities for upper secondary and vocational students<\/h2>\n\n\n\n<p>On this page, we have gathered suitable university courses for upper secondary and vocational students, a career gallery for LUMA fields, and information on further study opportunities.<\/p>\n\n\n\n<div class=\"wp-block-buttons is-layout-flex wp-block-buttons-is-layout-flex\">\n<div class=\"wp-block-button\"><a class=\"wp-block-button__link has-base-3-color has-text-color has-background has-link-color wp-element-button\" href=\"https:\/\/www.luma.fi\/en\/for-children-and-youth\/upper-secondary\/\" style=\"background-color:#00a2c0\"><strong>Find out more<\/strong><\/a><\/div>\n<\/div>\n<\/div>\n\n\n\n<div class=\"wp-block-column is-layout-flow wp-block-column-is-layout-flow\">\n<figure class=\"wp-block-image size-large\"><img loading=\"lazy\" decoding=\"async\" width=\"1024\" height=\"515\" src=\"https:\/\/www.luma.fi\/wp-content\/uploads\/2025\/09\/perhetapahtuma-1024x515.jpg\" alt=\"Kuva tiedetapahtumasta, jonne on osallistunut perheit\u00e4.\" class=\"wp-image-391\" srcset=\"https:\/\/www.luma.fi\/wp-content\/uploads\/2025\/09\/perhetapahtuma-1024x515.jpg 1024w, https:\/\/www.luma.fi\/wp-content\/uploads\/2025\/09\/perhetapahtuma-300x151.jpg 300w, https:\/\/www.luma.fi\/wp-content\/uploads\/2025\/09\/perhetapahtuma-768x386.jpg 768w, https:\/\/www.luma.fi\/wp-content\/uploads\/2025\/09\/perhetapahtuma-1536x772.jpg 1536w, https:\/\/www.luma.fi\/wp-content\/uploads\/2025\/09\/perhetapahtuma.jpg 2048w\" sizes=\"auto, (max-width: 1024px) 100vw, 1024px\" \/><\/figure>\n\n\n\n<h2 class=\"wp-block-heading\">Science for the whole family<\/h2>\n\n\n\n<p>On this page, we have gathered activities, videos, and materials for the whole family. Check out our event calendar as well, where you\u2019ll find current family-friendly events across Finland.<\/p>\n\n\n\n<div class=\"wp-block-buttons is-layout-flex wp-block-buttons-is-layout-flex\">\n<div class=\"wp-block-button\"><a class=\"wp-block-button__link has-base-3-color has-text-color has-background has-link-color wp-element-button\" href=\"https:\/\/www.luma.fi\/en\/family-science-education\/\" style=\"background-color:#00a2c0\"><strong>Find out more<\/strong><\/a><\/div>\n<\/div>\n<\/div>\n<\/div>\n","protected":false},"excerpt":{"rendered":"<p>Science and technology clubs In science clubs, learning is fun! We organize science club activities for children and young people of different ages and with various interests, but mainly in Finnish and Swedish. Summer camps We organize science and technology themed camps for children and young people during the summer and school holidays. Most of &#8230; <a title=\"For children, young people, and families\" class=\"read-more\" href=\"https:\/\/www.luma.fi\/en\/for-children-and-youth\/\" aria-label=\"Read more about For children, young people, and families\">Read more<\/a><\/p>\n","protected":false},"author":2,"featured_media":0,"parent":0,"menu_order":0,"comment_status":"closed","ping_status":"closed","template":"","meta":{"footnotes":""},"class_list":["post-1259","page","type-page","status-publish"],"yoast_head":"<!-- This site is optimized with the Yoast SEO plugin v27.5 - https:\/\/yoast.com\/product\/yoast-seo-wordpress\/ -->\n<title>For children, young people, and families - LUMA-keskus Suomi<\/title>\n<meta name=\"robots\" content=\"index, follow, max-snippet:-1, max-image-preview:large, max-video-preview:-1\" \/>\n<link rel=\"canonical\" href=\"https:\/\/www.luma.fi\/en\/for-children-and-youth\/\" \/>\n<meta property=\"og:locale\" content=\"en_US\" \/>\n<meta property=\"og:type\" content=\"article\" \/>\n<meta property=\"og:title\" content=\"For children, young people, and families - LUMA-keskus Suomi\" \/>\n<meta property=\"og:description\" content=\"Science and technology clubs In science clubs, learning is fun! We organize science club activities for children and young people of different ages and with various interests, but mainly in Finnish and Swedish. Summer camps We organize science and technology themed camps for children and young people during the summer and school holidays. Most of ... Read more\" \/>\n<meta property=\"og:url\" content=\"https:\/\/www.luma.fi\/en\/for-children-and-youth\/\" \/>\n<meta property=\"og:site_name\" content=\"LUMA-keskus Suomi\" \/>\n<meta property=\"article:publisher\" content=\"https:\/\/www.facebook.com\/LUMAkeskusSuomi\/\" \/>\n<meta property=\"article:modified_time\" content=\"2025-11-19T11:41:59+00:00\" \/>\n<meta property=\"og:image\" content=\"https:\/\/www.luma.fi\/wp-content\/uploads\/2025\/09\/Tiedekerhot-1024x513.jpg\" \/>\n<meta name=\"twitter:card\" content=\"summary_large_image\" \/>\n<meta name=\"twitter:label1\" content=\"Est. reading time\" \/>\n\t<meta name=\"twitter:data1\" content=\"2 minutes\" \/>\n<script type=\"application\/ld+json\" class=\"yoast-schema-graph\">{\"@context\":\"https:\\\/\\\/schema.org\",\"@graph\":[{\"@type\":\"WebPage\",\"@id\":\"https:\\\/\\\/www.luma.fi\\\/en\\\/for-children-and-youth\\\/\",\"url\":\"https:\\\/\\\/www.luma.fi\\\/en\\\/for-children-and-youth\\\/\",\"name\":\"For children, young people, and families - LUMA-keskus Suomi\",\"isPartOf\":{\"@id\":\"https:\\\/\\\/www.luma.fi\\\/en\\\/#website\"},\"primaryImageOfPage\":{\"@id\":\"https:\\\/\\\/www.luma.fi\\\/en\\\/for-children-and-youth\\\/#primaryimage\"},\"image\":{\"@id\":\"https:\\\/\\\/www.luma.fi\\\/en\\\/for-children-and-youth\\\/#primaryimage\"},\"thumbnailUrl\":\"https:\\\/\\\/www.luma.fi\\\/wp-content\\\/uploads\\\/2025\\\/09\\\/Tiedekerhot-1024x513.jpg\",\"datePublished\":\"2025-09-09T08:39:18+00:00\",\"dateModified\":\"2025-11-19T11:41:59+00:00\",\"breadcrumb\":{\"@id\":\"https:\\\/\\\/www.luma.fi\\\/en\\\/for-children-and-youth\\\/#breadcrumb\"},\"inLanguage\":\"en-US\",\"potentialAction\":[{\"@type\":\"ReadAction\",\"target\":[\"https:\\\/\\\/www.luma.fi\\\/en\\\/for-children-and-youth\\\/\"]}]},{\"@type\":\"ImageObject\",\"inLanguage\":\"en-US\",\"@id\":\"https:\\\/\\\/www.luma.fi\\\/en\\\/for-children-and-youth\\\/#primaryimage\",\"url\":\"https:\\\/\\\/www.luma.fi\\\/wp-content\\\/uploads\\\/2025\\\/09\\\/Tiedekerhot-1024x513.jpg\",\"contentUrl\":\"https:\\\/\\\/www.luma.fi\\\/wp-content\\\/uploads\\\/2025\\\/09\\\/Tiedekerhot-1024x513.jpg\"},{\"@type\":\"BreadcrumbList\",\"@id\":\"https:\\\/\\\/www.luma.fi\\\/en\\\/for-children-and-youth\\\/#breadcrumb\",\"itemListElement\":[{\"@type\":\"ListItem\",\"position\":1,\"name\":\"Etusivu\",\"item\":\"https:\\\/\\\/www.luma.fi\\\/en\\\/\"},{\"@type\":\"ListItem\",\"position\":2,\"name\":\"For children, young people, and families\"}]},{\"@type\":\"WebSite\",\"@id\":\"https:\\\/\\\/www.luma.fi\\\/en\\\/#website\",\"url\":\"https:\\\/\\\/www.luma.fi\\\/en\\\/\",\"name\":\"LUMA-keskus Suomi\",\"description\":\"LUMA-keskus Suomi on 11 yliopiston tiedekasvatukseen ja teknologiakasvatukseen keskittyv&auml; verkosto. \",\"publisher\":{\"@id\":\"https:\\\/\\\/www.luma.fi\\\/en\\\/#organization\"},\"potentialAction\":[{\"@type\":\"SearchAction\",\"target\":{\"@type\":\"EntryPoint\",\"urlTemplate\":\"https:\\\/\\\/www.luma.fi\\\/en\\\/?s={search_term_string}\"},\"query-input\":{\"@type\":\"PropertyValueSpecification\",\"valueRequired\":true,\"valueName\":\"search_term_string\"}}],\"inLanguage\":\"en-US\"},{\"@type\":\"Organization\",\"@id\":\"https:\\\/\\\/www.luma.fi\\\/en\\\/#organization\",\"name\":\"LUMA-keskus Suomi\",\"url\":\"https:\\\/\\\/www.luma.fi\\\/en\\\/\",\"logo\":{\"@type\":\"ImageObject\",\"inLanguage\":\"en-US\",\"@id\":\"https:\\\/\\\/www.luma.fi\\\/en\\\/#\\\/schema\\\/logo\\\/image\\\/\",\"url\":\"https:\\\/\\\/www.luma.fi\\\/wp-content\\\/uploads\\\/2025\\\/08\\\/luma_flower-multicolored_small.png\",\"contentUrl\":\"https:\\\/\\\/www.luma.fi\\\/wp-content\\\/uploads\\\/2025\\\/08\\\/luma_flower-multicolored_small.png\",\"width\":556,\"height\":557,\"caption\":\"LUMA-keskus Suomi\"},\"image\":{\"@id\":\"https:\\\/\\\/www.luma.fi\\\/en\\\/#\\\/schema\\\/logo\\\/image\\\/\"},\"sameAs\":[\"https:\\\/\\\/www.facebook.com\\\/LUMAkeskusSuomi\\\/\",\"https:\\\/\\\/www.instagram.com\\\/lumasuomi\\\/\",\"https:\\\/\\\/www.youtube.com\\\/user\\\/lumakeskus\"]}]}<\/script>\n<!-- \/ Yoast SEO plugin. -->","yoast_head_json":{"title":"For children, young people, and families - LUMA-keskus Suomi","robots":{"index":"index","follow":"follow","max-snippet":"max-snippet:-1","max-image-preview":"max-image-preview:large","max-video-preview":"max-video-preview:-1"},"canonical":"https:\/\/www.luma.fi\/en\/for-children-and-youth\/","og_locale":"en_US","og_type":"article","og_title":"For children, young people, and families - LUMA-keskus Suomi","og_description":"Science and technology clubs In science clubs, learning is fun! We organize science club activities for children and young people of different ages and with various interests, but mainly in Finnish and Swedish. Summer camps We organize science and technology themed camps for children and young people during the summer and school holidays. Most of ... Read more","og_url":"https:\/\/www.luma.fi\/en\/for-children-and-youth\/","og_site_name":"LUMA-keskus Suomi","article_publisher":"https:\/\/www.facebook.com\/LUMAkeskusSuomi\/","article_modified_time":"2025-11-19T11:41:59+00:00","og_image":[{"url":"https:\/\/www.luma.fi\/wp-content\/uploads\/2025\/09\/Tiedekerhot-1024x513.jpg","type":"","width":"","height":""}],"twitter_card":"summary_large_image","twitter_misc":{"Est. reading time":"2 minutes"},"schema":{"@context":"https:\/\/schema.org","@graph":[{"@type":"WebPage","@id":"https:\/\/www.luma.fi\/en\/for-children-and-youth\/","url":"https:\/\/www.luma.fi\/en\/for-children-and-youth\/","name":"For children, young people, and families - LUMA-keskus Suomi","isPartOf":{"@id":"https:\/\/www.luma.fi\/en\/#website"},"primaryImageOfPage":{"@id":"https:\/\/www.luma.fi\/en\/for-children-and-youth\/#primaryimage"},"image":{"@id":"https:\/\/www.luma.fi\/en\/for-children-and-youth\/#primaryimage"},"thumbnailUrl":"https:\/\/www.luma.fi\/wp-content\/uploads\/2025\/09\/Tiedekerhot-1024x513.jpg","datePublished":"2025-09-09T08:39:18+00:00","dateModified":"2025-11-19T11:41:59+00:00","breadcrumb":{"@id":"https:\/\/www.luma.fi\/en\/for-children-and-youth\/#breadcrumb"},"inLanguage":"en-US","potentialAction":[{"@type":"ReadAction","target":["https:\/\/www.luma.fi\/en\/for-children-and-youth\/"]}]},{"@type":"ImageObject","inLanguage":"en-US","@id":"https:\/\/www.luma.fi\/en\/for-children-and-youth\/#primaryimage","url":"https:\/\/www.luma.fi\/wp-content\/uploads\/2025\/09\/Tiedekerhot-1024x513.jpg","contentUrl":"https:\/\/www.luma.fi\/wp-content\/uploads\/2025\/09\/Tiedekerhot-1024x513.jpg"},{"@type":"BreadcrumbList","@id":"https:\/\/www.luma.fi\/en\/for-children-and-youth\/#breadcrumb","itemListElement":[{"@type":"ListItem","position":1,"name":"Etusivu","item":"https:\/\/www.luma.fi\/en\/"},{"@type":"ListItem","position":2,"name":"For children, young people, and families"}]},{"@type":"WebSite","@id":"https:\/\/www.luma.fi\/en\/#website","url":"https:\/\/www.luma.fi\/en\/","name":"LUMA-keskus Suomi","description":"LUMA-keskus Suomi on 11 yliopiston tiedekasvatukseen ja teknologiakasvatukseen keskittyv&auml; verkosto. ","publisher":{"@id":"https:\/\/www.luma.fi\/en\/#organization"},"potentialAction":[{"@type":"SearchAction","target":{"@type":"EntryPoint","urlTemplate":"https:\/\/www.luma.fi\/en\/?s={search_term_string}"},"query-input":{"@type":"PropertyValueSpecification","valueRequired":true,"valueName":"search_term_string"}}],"inLanguage":"en-US"},{"@type":"Organization","@id":"https:\/\/www.luma.fi\/en\/#organization","name":"LUMA-keskus Suomi","url":"https:\/\/www.luma.fi\/en\/","logo":{"@type":"ImageObject","inLanguage":"en-US","@id":"https:\/\/www.luma.fi\/en\/#\/schema\/logo\/image\/","url":"https:\/\/www.luma.fi\/wp-content\/uploads\/2025\/08\/luma_flower-multicolored_small.png","contentUrl":"https:\/\/www.luma.fi\/wp-content\/uploads\/2025\/08\/luma_flower-multicolored_small.png","width":556,"height":557,"caption":"LUMA-keskus Suomi"},"image":{"@id":"https:\/\/www.luma.fi\/en\/#\/schema\/logo\/image\/"},"sameAs":["https:\/\/www.facebook.com\/LUMAkeskusSuomi\/","https:\/\/www.instagram.com\/lumasuomi\/","https:\/\/www.youtube.com\/user\/lumakeskus"]}]}},"_links":{"self":[{"href":"https:\/\/www.luma.fi\/en\/wp-json\/wp\/v2\/pages\/1259","targetHints":{"allow":["GET"]}}],"collection":[{"href":"https:\/\/www.luma.fi\/en\/wp-json\/wp\/v2\/pages"}],"about":[{"href":"https:\/\/www.luma.fi\/en\/wp-json\/wp\/v2\/types\/page"}],"author":[{"embeddable":true,"href":"https:\/\/www.luma.fi\/en\/wp-json\/wp\/v2\/users\/2"}],"replies":[{"embeddable":true,"href":"https:\/\/www.luma.fi\/en\/wp-json\/wp\/v2\/comments?post=1259"}],"version-history":[{"count":1,"href":"https:\/\/www.luma.fi\/en\/wp-json\/wp\/v2\/pages\/1259\/revisions"}],"predecessor-version":[{"id":1260,"href":"https:\/\/www.luma.fi\/en\/wp-json\/wp\/v2\/pages\/1259\/revisions\/1260"}],"wp:attachment":[{"href":"https:\/\/www.luma.fi\/en\/wp-json\/wp\/v2\/media?parent=1259"}],"curies":[{"name":"wp","href":"https:\/\/api.w.org\/{rel}","templated":true}]}}