{"id":1268,"date":"2025-08-29T14:32:53","date_gmt":"2025-08-29T12:32:53","guid":{"rendered":"https:\/\/www.myscience.fi\/?page_id=1268"},"modified":"2025-11-19T15:05:00","modified_gmt":"2025-11-19T13:05:00","slug":"science-clubs","status":"publish","type":"page","link":"https:\/\/www.luma.fi\/en\/for-children-and-youth\/science-clubs\/","title":{"rendered":"Science and technology clubs"},"content":{"rendered":"\n<p>Science clubs make learning fun! We organize science club activities for children and young people of different ages and interests, mainly in <a href=\"https:\/\/www.luma.fi\/en\/for-children-and-youth\/science-clubs\/\">Finnish<\/a> and <a href=\"https:\/\/www.luma.fi\/en\/for-children-and-youth\/science-clubs\/\">Swedish<\/a>. The goal of these activities is to provide experiences of success and inspire participants to explore STEM subjects. We strive to keep club fees as low as possible so that as many children as possible can join. We have also piloted various accessible science club models. One of our most popular clubs is the online science club held every autumn.<\/p>\n\n\n\n<h2 class=\"wp-block-heading\">LUMA online science club<\/h2>\n\n\n\n<p>In Finland, the Basic Education Act and the National Core Curriculum require municipalities to provide morning and after-school activities for first- and second-grade pupils, aiming to support children\u2019s educational growth, wellbeing, inclusion, and equality. To help meet this need, LUMA Centre Finland produces and offers free science-based content to municipalities, enriching after-school clubs with engaging STEM activities.<\/p>\n\n\n\n<p>Its main objective is to provide accessible, engaging STEM activities for first- and second-grade pupils in primary school. At the same time, the club serves as a new form of continuous learning for municipal after-school program instructors.<\/p>\n\n\n\n<p>During the Online Science Club, children can virtually explore different parts of Finland. The broadcasts alternate between different LUMA centers. In 2024, the club was organized bilingually in Finnish and Swedish, and in 2025 as separate clubs in Finnish and Swedish. The sessions take place on Tuesday afternoons, and each one is recorded, so participation is possible at other times as well. The recordings proved extremely popular, and their instructions were supplemented with written guidelines from the instructor and a list of required materials. Hundreds of club instructors and thousands of children from all over Finland have already participated in the LUMA Online Science Club!<\/p>\n","protected":false},"excerpt":{"rendered":"<p>Science clubs make learning fun! We organize science club activities for children and young people of different ages and interests, mainly in Finnish and Swedish. The goal of these activities is to provide experiences of success and inspire participants to explore STEM subjects. We strive to keep club fees as low as possible so that &#8230; <a title=\"Science and technology clubs\" class=\"read-more\" href=\"https:\/\/www.luma.fi\/en\/for-children-and-youth\/science-clubs\/\" aria-label=\"Read more about Science and technology clubs\">Read more<\/a><\/p>\n","protected":false},"author":2,"featured_media":627,"parent":1259,"menu_order":0,"comment_status":"closed","ping_status":"closed","template":"","meta":{"footnotes":""},"class_list":["post-1268","page","type-page","status-publish","has-post-thumbnail"],"yoast_head":"<!-- This site is optimized with the Yoast SEO plugin v27.5 - https:\/\/yoast.com\/product\/yoast-seo-wordpress\/ -->\n<title>Science and technology clubs - LUMA-keskus Suomi<\/title>\n<meta name=\"description\" content=\"We organize science clubs for children and youth of various ages and interests, mainly in Finnish and occasionally in Swedish.\" \/>\n<meta name=\"robots\" content=\"index, follow, max-snippet:-1, max-image-preview:large, max-video-preview:-1\" \/>\n<link rel=\"canonical\" href=\"https:\/\/www.luma.fi\/en\/for-children-and-youth\/science-clubs\/\" \/>\n<meta property=\"og:locale\" content=\"en_US\" \/>\n<meta property=\"og:type\" content=\"article\" \/>\n<meta property=\"og:title\" content=\"Science and technology clubs - LUMA-keskus Suomi\" \/>\n<meta property=\"og:description\" content=\"We organize science clubs for children and youth of various ages and interests, mainly in Finnish and occasionally in Swedish.\" \/>\n<meta property=\"og:url\" content=\"https:\/\/www.luma.fi\/en\/for-children-and-youth\/science-clubs\/\" \/>\n<meta property=\"og:site_name\" content=\"LUMA-keskus Suomi\" \/>\n<meta property=\"article:publisher\" content=\"https:\/\/www.facebook.com\/LUMAkeskusSuomi\/\" \/>\n<meta property=\"article:modified_time\" content=\"2025-11-19T13:05:00+00:00\" \/>\n<meta property=\"og:image\" content=\"https:\/\/www.luma.fi\/wp-content\/uploads\/2025\/09\/Tiedekerhot.jpg\" \/>\n\t<meta property=\"og:image:width\" content=\"1920\" \/>\n\t<meta property=\"og:image:height\" content=\"961\" \/>\n\t<meta property=\"og:image:type\" content=\"image\/jpeg\" \/>\n<meta name=\"twitter:card\" content=\"summary_large_image\" \/>\n<meta name=\"twitter:label1\" content=\"Est. reading time\" \/>\n\t<meta name=\"twitter:data1\" content=\"2 minutes\" \/>\n<script type=\"application\/ld+json\" class=\"yoast-schema-graph\">{\"@context\":\"https:\\\/\\\/schema.org\",\"@graph\":[{\"@type\":\"WebPage\",\"@id\":\"https:\\\/\\\/www.luma.fi\\\/en\\\/for-children-and-youth\\\/science-clubs\\\/\",\"url\":\"https:\\\/\\\/www.luma.fi\\\/en\\\/for-children-and-youth\\\/science-clubs\\\/\",\"name\":\"Science and technology clubs - LUMA-keskus Suomi\",\"isPartOf\":{\"@id\":\"https:\\\/\\\/www.luma.fi\\\/en\\\/#website\"},\"primaryImageOfPage\":{\"@id\":\"https:\\\/\\\/www.luma.fi\\\/en\\\/for-children-and-youth\\\/science-clubs\\\/#primaryimage\"},\"image\":{\"@id\":\"https:\\\/\\\/www.luma.fi\\\/en\\\/for-children-and-youth\\\/science-clubs\\\/#primaryimage\"},\"thumbnailUrl\":\"https:\\\/\\\/www.luma.fi\\\/wp-content\\\/uploads\\\/2025\\\/09\\\/Tiedekerhot.jpg\",\"datePublished\":\"2025-08-29T12:32:53+00:00\",\"dateModified\":\"2025-11-19T13:05:00+00:00\",\"description\":\"We organize science clubs for children and youth of various ages and interests, mainly in Finnish and occasionally in Swedish.\",\"breadcrumb\":{\"@id\":\"https:\\\/\\\/www.luma.fi\\\/en\\\/for-children-and-youth\\\/science-clubs\\\/#breadcrumb\"},\"inLanguage\":\"en-US\",\"potentialAction\":[{\"@type\":\"ReadAction\",\"target\":[\"https:\\\/\\\/www.luma.fi\\\/en\\\/for-children-and-youth\\\/science-clubs\\\/\"]}]},{\"@type\":\"ImageObject\",\"inLanguage\":\"en-US\",\"@id\":\"https:\\\/\\\/www.luma.fi\\\/en\\\/for-children-and-youth\\\/science-clubs\\\/#primaryimage\",\"url\":\"https:\\\/\\\/www.luma.fi\\\/wp-content\\\/uploads\\\/2025\\\/09\\\/Tiedekerhot.jpg\",\"contentUrl\":\"https:\\\/\\\/www.luma.fi\\\/wp-content\\\/uploads\\\/2025\\\/09\\\/Tiedekerhot.jpg\",\"width\":1920,\"height\":961,\"caption\":\"Kuvituskuvassa valokuva kahdesta 8-vuotiaasta tyt\u00f6st\u00e4 ulkovaatteissa syksyisell\u00e4 rannalla. Toinen on tehnyt\"},{\"@type\":\"BreadcrumbList\",\"@id\":\"https:\\\/\\\/www.luma.fi\\\/en\\\/for-children-and-youth\\\/science-clubs\\\/#breadcrumb\",\"itemListElement\":[{\"@type\":\"ListItem\",\"position\":1,\"name\":\"Etusivu\",\"item\":\"https:\\\/\\\/www.luma.fi\\\/en\\\/\"},{\"@type\":\"ListItem\",\"position\":2,\"name\":\"For children, young people, and families\",\"item\":\"https:\\\/\\\/www.luma.fi\\\/en\\\/for-children-and-youth\\\/\"},{\"@type\":\"ListItem\",\"position\":3,\"name\":\"Science and technology clubs\"}]},{\"@type\":\"WebSite\",\"@id\":\"https:\\\/\\\/www.luma.fi\\\/en\\\/#website\",\"url\":\"https:\\\/\\\/www.luma.fi\\\/en\\\/\",\"name\":\"LUMA-keskus Suomi\",\"description\":\"LUMA-keskus Suomi on 11 yliopiston tiedekasvatukseen ja teknologiakasvatukseen keskittyv&auml; verkosto. \",\"publisher\":{\"@id\":\"https:\\\/\\\/www.luma.fi\\\/en\\\/#organization\"},\"potentialAction\":[{\"@type\":\"SearchAction\",\"target\":{\"@type\":\"EntryPoint\",\"urlTemplate\":\"https:\\\/\\\/www.luma.fi\\\/en\\\/?s={search_term_string}\"},\"query-input\":{\"@type\":\"PropertyValueSpecification\",\"valueRequired\":true,\"valueName\":\"search_term_string\"}}],\"inLanguage\":\"en-US\"},{\"@type\":\"Organization\",\"@id\":\"https:\\\/\\\/www.luma.fi\\\/en\\\/#organization\",\"name\":\"LUMA-keskus Suomi\",\"url\":\"https:\\\/\\\/www.luma.fi\\\/en\\\/\",\"logo\":{\"@type\":\"ImageObject\",\"inLanguage\":\"en-US\",\"@id\":\"https:\\\/\\\/www.luma.fi\\\/en\\\/#\\\/schema\\\/logo\\\/image\\\/\",\"url\":\"https:\\\/\\\/www.luma.fi\\\/wp-content\\\/uploads\\\/2025\\\/08\\\/luma_flower-multicolored_small.png\",\"contentUrl\":\"https:\\\/\\\/www.luma.fi\\\/wp-content\\\/uploads\\\/2025\\\/08\\\/luma_flower-multicolored_small.png\",\"width\":556,\"height\":557,\"caption\":\"LUMA-keskus Suomi\"},\"image\":{\"@id\":\"https:\\\/\\\/www.luma.fi\\\/en\\\/#\\\/schema\\\/logo\\\/image\\\/\"},\"sameAs\":[\"https:\\\/\\\/www.facebook.com\\\/LUMAkeskusSuomi\\\/\",\"https:\\\/\\\/www.instagram.com\\\/lumasuomi\\\/\",\"https:\\\/\\\/www.youtube.com\\\/user\\\/lumakeskus\"]}]}<\/script>\n<!-- \/ Yoast SEO plugin. -->","yoast_head_json":{"title":"Science and technology clubs - LUMA-keskus Suomi","description":"We organize science clubs for children and youth of various ages and interests, mainly in Finnish and occasionally in Swedish.","robots":{"index":"index","follow":"follow","max-snippet":"max-snippet:-1","max-image-preview":"max-image-preview:large","max-video-preview":"max-video-preview:-1"},"canonical":"https:\/\/www.luma.fi\/en\/for-children-and-youth\/science-clubs\/","og_locale":"en_US","og_type":"article","og_title":"Science and technology clubs - LUMA-keskus Suomi","og_description":"We organize science clubs for children and youth of various ages and interests, mainly in Finnish and occasionally in Swedish.","og_url":"https:\/\/www.luma.fi\/en\/for-children-and-youth\/science-clubs\/","og_site_name":"LUMA-keskus Suomi","article_publisher":"https:\/\/www.facebook.com\/LUMAkeskusSuomi\/","article_modified_time":"2025-11-19T13:05:00+00:00","og_image":[{"width":1920,"height":961,"url":"https:\/\/www.luma.fi\/wp-content\/uploads\/2025\/09\/Tiedekerhot.jpg","type":"image\/jpeg"}],"twitter_card":"summary_large_image","twitter_misc":{"Est. reading time":"2 minutes"},"schema":{"@context":"https:\/\/schema.org","@graph":[{"@type":"WebPage","@id":"https:\/\/www.luma.fi\/en\/for-children-and-youth\/science-clubs\/","url":"https:\/\/www.luma.fi\/en\/for-children-and-youth\/science-clubs\/","name":"Science and technology clubs - LUMA-keskus Suomi","isPartOf":{"@id":"https:\/\/www.luma.fi\/en\/#website"},"primaryImageOfPage":{"@id":"https:\/\/www.luma.fi\/en\/for-children-and-youth\/science-clubs\/#primaryimage"},"image":{"@id":"https:\/\/www.luma.fi\/en\/for-children-and-youth\/science-clubs\/#primaryimage"},"thumbnailUrl":"https:\/\/www.luma.fi\/wp-content\/uploads\/2025\/09\/Tiedekerhot.jpg","datePublished":"2025-08-29T12:32:53+00:00","dateModified":"2025-11-19T13:05:00+00:00","description":"We organize science clubs for children and youth of various ages and interests, mainly in Finnish and occasionally in Swedish.","breadcrumb":{"@id":"https:\/\/www.luma.fi\/en\/for-children-and-youth\/science-clubs\/#breadcrumb"},"inLanguage":"en-US","potentialAction":[{"@type":"ReadAction","target":["https:\/\/www.luma.fi\/en\/for-children-and-youth\/science-clubs\/"]}]},{"@type":"ImageObject","inLanguage":"en-US","@id":"https:\/\/www.luma.fi\/en\/for-children-and-youth\/science-clubs\/#primaryimage","url":"https:\/\/www.luma.fi\/wp-content\/uploads\/2025\/09\/Tiedekerhot.jpg","contentUrl":"https:\/\/www.luma.fi\/wp-content\/uploads\/2025\/09\/Tiedekerhot.jpg","width":1920,"height":961,"caption":"Kuvituskuvassa valokuva kahdesta 8-vuotiaasta tyt\u00f6st\u00e4 ulkovaatteissa syksyisell\u00e4 rannalla. Toinen on tehnyt"},{"@type":"BreadcrumbList","@id":"https:\/\/www.luma.fi\/en\/for-children-and-youth\/science-clubs\/#breadcrumb","itemListElement":[{"@type":"ListItem","position":1,"name":"Etusivu","item":"https:\/\/www.luma.fi\/en\/"},{"@type":"ListItem","position":2,"name":"For children, young people, and families","item":"https:\/\/www.luma.fi\/en\/for-children-and-youth\/"},{"@type":"ListItem","position":3,"name":"Science and technology clubs"}]},{"@type":"WebSite","@id":"https:\/\/www.luma.fi\/en\/#website","url":"https:\/\/www.luma.fi\/en\/","name":"LUMA-keskus Suomi","description":"LUMA-keskus Suomi on 11 yliopiston tiedekasvatukseen ja teknologiakasvatukseen keskittyv&auml; verkosto. ","publisher":{"@id":"https:\/\/www.luma.fi\/en\/#organization"},"potentialAction":[{"@type":"SearchAction","target":{"@type":"EntryPoint","urlTemplate":"https:\/\/www.luma.fi\/en\/?s={search_term_string}"},"query-input":{"@type":"PropertyValueSpecification","valueRequired":true,"valueName":"search_term_string"}}],"inLanguage":"en-US"},{"@type":"Organization","@id":"https:\/\/www.luma.fi\/en\/#organization","name":"LUMA-keskus Suomi","url":"https:\/\/www.luma.fi\/en\/","logo":{"@type":"ImageObject","inLanguage":"en-US","@id":"https:\/\/www.luma.fi\/en\/#\/schema\/logo\/image\/","url":"https:\/\/www.luma.fi\/wp-content\/uploads\/2025\/08\/luma_flower-multicolored_small.png","contentUrl":"https:\/\/www.luma.fi\/wp-content\/uploads\/2025\/08\/luma_flower-multicolored_small.png","width":556,"height":557,"caption":"LUMA-keskus Suomi"},"image":{"@id":"https:\/\/www.luma.fi\/en\/#\/schema\/logo\/image\/"},"sameAs":["https:\/\/www.facebook.com\/LUMAkeskusSuomi\/","https:\/\/www.instagram.com\/lumasuomi\/","https:\/\/www.youtube.com\/user\/lumakeskus"]}]}},"_links":{"self":[{"href":"https:\/\/www.luma.fi\/en\/wp-json\/wp\/v2\/pages\/1268","targetHints":{"allow":["GET"]}}],"collection":[{"href":"https:\/\/www.luma.fi\/en\/wp-json\/wp\/v2\/pages"}],"about":[{"href":"https:\/\/www.luma.fi\/en\/wp-json\/wp\/v2\/types\/page"}],"author":[{"embeddable":true,"href":"https:\/\/www.luma.fi\/en\/wp-json\/wp\/v2\/users\/2"}],"replies":[{"embeddable":true,"href":"https:\/\/www.luma.fi\/en\/wp-json\/wp\/v2\/comments?post=1268"}],"version-history":[{"count":3,"href":"https:\/\/www.luma.fi\/en\/wp-json\/wp\/v2\/pages\/1268\/revisions"}],"predecessor-version":[{"id":1271,"href":"https:\/\/www.luma.fi\/en\/wp-json\/wp\/v2\/pages\/1268\/revisions\/1271"}],"up":[{"embeddable":true,"href":"https:\/\/www.luma.fi\/en\/wp-json\/wp\/v2\/pages\/1259"}],"wp:featuredmedia":[{"embeddable":true,"href":"https:\/\/www.luma.fi\/en\/wp-json\/wp\/v2\/media\/627"}],"wp:attachment":[{"href":"https:\/\/www.luma.fi\/en\/wp-json\/wp\/v2\/media?parent=1268"}],"curies":[{"name":"wp","href":"https:\/\/api.w.org\/{rel}","templated":true}]}}