{"id":1342,"date":"2025-08-29T11:51:17","date_gmt":"2025-08-29T09:51:17","guid":{"rendered":"https:\/\/www.myscience.fi\/?page_id=1342"},"modified":"2026-04-22T08:17:00","modified_gmt":"2026-04-22T06:17:00","slug":"contact","status":"publish","type":"page","link":"https:\/\/www.luma.fi\/en\/about-us\/contact\/","title":{"rendered":"Contact information"},"content":{"rendered":"\n<p>LUMA Centre Finland administration coordinates activities within the network and supports regional LUMA Centres. Please get in touch with us if your matter concerns the entire network.<\/p>\n\n\n\n<p><strong>General email and communications: luma-keskus@helsinki.fi<\/strong><\/p>\n\n\n\n<div class=\"wp-block-columns is-layout-flex wp-container-core-columns-is-layout-9d6595d7 wp-block-columns-is-layout-flex\">\n<div class=\"wp-block-column is-layout-flow wp-block-column-is-layout-flow\">\n<figure class=\"wp-block-image size-full is-resized\"><img loading=\"lazy\" decoding=\"async\" width=\"692\" height=\"689\" src=\"https:\/\/www.luma.fi\/wp-content\/uploads\/2025\/08\/Lundell-photo.jpg\" alt=\"Valokuvassa Jan Lundell\" class=\"wp-image-162\" style=\"width:254px;height:auto\" srcset=\"https:\/\/www.luma.fi\/wp-content\/uploads\/2025\/08\/Lundell-photo.jpg 692w, https:\/\/www.luma.fi\/wp-content\/uploads\/2025\/08\/Lundell-photo-300x300.jpg 300w, https:\/\/www.luma.fi\/wp-content\/uploads\/2025\/08\/Lundell-photo-150x150.jpg 150w\" sizes=\"auto, (max-width: 692px) 100vw, 692px\" \/><\/figure>\n\n\n\n<p>Director<br>Professor <strong><a href=\"https:\/\/www.helsinki.fi\/fi\/tutustu-meihin\/ihmiset\/henkilohaku\/jan-lundell-9011616\" target=\"_blank\" rel=\"noreferrer noopener\">Jan Lundell<\/a><\/strong><br>jan.lundell((at))helsinki.fi<\/p>\n<\/div>\n\n\n\n<div class=\"wp-block-column is-layout-flow wp-block-column-is-layout-flow\">\n<figure class=\"wp-block-image size-full is-resized\"><img loading=\"lazy\" decoding=\"async\" width=\"936\" height=\"931\" src=\"http:\/\/www.luma.fi\/wp-content\/uploads\/2026\/04\/Oona-Kiviluoto-2026.jpg\" alt=\"Valokuvassa Oona Kiviluoto\" class=\"wp-image-16093\" style=\"width:258px;height:auto\" srcset=\"https:\/\/www.luma.fi\/wp-content\/uploads\/2026\/04\/Oona-Kiviluoto-2026.jpg 936w, https:\/\/www.luma.fi\/wp-content\/uploads\/2026\/04\/Oona-Kiviluoto-2026-300x298.jpg 300w, https:\/\/www.luma.fi\/wp-content\/uploads\/2026\/04\/Oona-Kiviluoto-2026-150x150.jpg 150w, https:\/\/www.luma.fi\/wp-content\/uploads\/2026\/04\/Oona-Kiviluoto-2026-768x764.jpg 768w\" sizes=\"auto, (max-width: 936px) 100vw, 936px\" \/><\/figure>\n\n\n\n<p>Coordination<br>Specialist <strong><a href=\"https:\/\/www.helsinki.fi\/fi\/tutustu-meihin\/ihmiset\/henkilohaku\/oona-kiviluoto-9124169\" target=\"_blank\" rel=\"noreferrer noopener\">Oona Kiviluoto<\/a><\/strong><br>oona.kiviluoto((at))helsinki.fi<\/p>\n<\/div>\n\n\n\n<div class=\"wp-block-column is-layout-flow wp-block-column-is-layout-flow\">\n<figure class=\"wp-block-image size-full is-resized\"><img loading=\"lazy\" decoding=\"async\" width=\"720\" height=\"720\" src=\"https:\/\/www.luma.fi\/wp-content\/uploads\/2025\/09\/Alisa-profiili-nelio.jpg\" alt=\"Valokuvassa Alisa Uusi-Kilponen\" class=\"wp-image-362\" style=\"width:260px;height:auto\" srcset=\"https:\/\/www.luma.fi\/wp-content\/uploads\/2025\/09\/Alisa-profiili-nelio.jpg 720w, https:\/\/www.luma.fi\/wp-content\/uploads\/2025\/09\/Alisa-profiili-nelio-300x300.jpg 300w, https:\/\/www.luma.fi\/wp-content\/uploads\/2025\/09\/Alisa-profiili-nelio-150x150.jpg 150w\" sizes=\"auto, (max-width: 720px) 100vw, 720px\" \/><\/figure>\n\n\n\n<p>Mathematics and projects<br>Project manager <strong><a href=\"https:\/\/www.helsinki.fi\/fi\/tutustu-meihin\/ihmiset\/henkilohaku\/alisa-uusi-kilponen-9375564\" target=\"_blank\" rel=\"noreferrer noopener\">Alisa Uusi-Kilponen<\/a><\/strong><br>alisa.uusi-kilponen((at))helsinki.fi<\/p>\n<\/div>\n<\/div>\n\n\n\n<div class=\"wp-block-columns is-layout-flex wp-container-core-columns-is-layout-9d6595d7 wp-block-columns-is-layout-flex\">\n<div class=\"wp-block-column is-layout-flow wp-block-column-is-layout-flow\">\n<figure class=\"wp-block-image size-full is-resized\"><img loading=\"lazy\" decoding=\"async\" width=\"1365\" height=\"1365\" src=\"https:\/\/www.luma.fi\/wp-content\/uploads\/2025\/09\/20250521-HY-Metsatalo4052-henkilokuva-eve-nelio_kuvaaja-heikki-nenonen.jpg\" alt=\"Valokuvassa Eveliina Hietakymi\" class=\"wp-image-205\" style=\"width:254px;height:auto\" srcset=\"https:\/\/www.luma.fi\/wp-content\/uploads\/2025\/09\/20250521-HY-Metsatalo4052-henkilokuva-eve-nelio_kuvaaja-heikki-nenonen.jpg 1365w, https:\/\/www.luma.fi\/wp-content\/uploads\/2025\/09\/20250521-HY-Metsatalo4052-henkilokuva-eve-nelio_kuvaaja-heikki-nenonen-300x300.jpg 300w, https:\/\/www.luma.fi\/wp-content\/uploads\/2025\/09\/20250521-HY-Metsatalo4052-henkilokuva-eve-nelio_kuvaaja-heikki-nenonen-1024x1024.jpg 1024w, https:\/\/www.luma.fi\/wp-content\/uploads\/2025\/09\/20250521-HY-Metsatalo4052-henkilokuva-eve-nelio_kuvaaja-heikki-nenonen-150x150.jpg 150w, https:\/\/www.luma.fi\/wp-content\/uploads\/2025\/09\/20250521-HY-Metsatalo4052-henkilokuva-eve-nelio_kuvaaja-heikki-nenonen-768x768.jpg 768w\" sizes=\"auto, (max-width: 1365px) 100vw, 1365px\" \/><\/figure>\n\n\n\n<p>Mathematics and projects<br>Project planner <strong><a href=\"https:\/\/www.helsinki.fi\/fi\/tutustu-meihin\/ihmiset\/henkilohaku\/eveliina-hietakymi-9135292\" target=\"_blank\" rel=\"noreferrer noopener\">Eveliina Hietakymi<\/a><\/strong><br>eveliina.hietakymi((at))helsinki.fi<\/p>\n<\/div>\n\n\n\n<div class=\"wp-block-column is-layout-flow wp-block-column-is-layout-flow\">\n<figure class=\"wp-block-image size-full is-resized\"><img loading=\"lazy\" decoding=\"async\" width=\"2126\" height=\"2133\" src=\"https:\/\/www.luma.fi\/wp-content\/uploads\/2025\/10\/1000034223.jpg\" alt=\"Valokuvassa Maija Aksela\" class=\"wp-image-1210\" style=\"width:258px;height:auto\" srcset=\"https:\/\/www.luma.fi\/wp-content\/uploads\/2025\/10\/1000034223.jpg 2126w, https:\/\/www.luma.fi\/wp-content\/uploads\/2025\/10\/1000034223-300x300.jpg 300w, https:\/\/www.luma.fi\/wp-content\/uploads\/2025\/10\/1000034223-1021x1024.jpg 1021w, https:\/\/www.luma.fi\/wp-content\/uploads\/2025\/10\/1000034223-150x150.jpg 150w, https:\/\/www.luma.fi\/wp-content\/uploads\/2025\/10\/1000034223-768x771.jpg 768w, https:\/\/www.luma.fi\/wp-content\/uploads\/2025\/10\/1000034223-1531x1536.jpg 1531w, https:\/\/www.luma.fi\/wp-content\/uploads\/2025\/10\/1000034223-2041x2048.jpg 2041w\" sizes=\"auto, (max-width: 2126px) 100vw, 2126px\" \/><\/figure>\n\n\n\n<p><a href=\"https:\/\/www.luma.fi\/en\/news\/2025\/02\/10\/the-worlds-first-luma-science-ambassador-recognition-for-prof-maija-aksela-for-her-pioneering-work\/\" target=\"_blank\" rel=\"noreferrer noopener\">LUMA Science Ambassador<\/a><br>Professor <strong><a href=\"https:\/\/www.helsinki.fi\/fi\/tutustu-meihin\/ihmiset\/henkilohaku\/maija-aksela-9036275\">Maija Aksela<\/a><\/strong><br>maija.aksela((at))helsinki.fi<\/p>\n<\/div>\n\n\n\n<div class=\"wp-block-column is-layout-flow wp-block-column-is-layout-flow\">\n<figure class=\"wp-block-image size-full is-resized\"><img loading=\"lazy\" decoding=\"async\" width=\"738\" height=\"741\" src=\"https:\/\/www.luma.fi\/wp-content\/uploads\/2025\/10\/researcher-image-61945-SariHarmoinen.jpg\" alt=\"Valokuvassa Sari Harmoinen\" class=\"wp-image-1214\" style=\"width:260px;height:auto\" srcset=\"https:\/\/www.luma.fi\/wp-content\/uploads\/2025\/10\/researcher-image-61945-SariHarmoinen.jpg 738w, https:\/\/www.luma.fi\/wp-content\/uploads\/2025\/10\/researcher-image-61945-SariHarmoinen-300x300.jpg 300w, https:\/\/www.luma.fi\/wp-content\/uploads\/2025\/10\/researcher-image-61945-SariHarmoinen-150x150.jpg 150w\" sizes=\"auto, (max-width: 738px) 100vw, 738px\" \/><\/figure>\n\n\n\n<p>Chair of the Board<br>Docent <strong><a href=\"https:\/\/www.oulu.fi\/fi\/tutkijat\/sari-harmoinen\">Sari Harmoinen<\/a><\/strong><br>sari.harmoinen((at))oulu.fi<\/p>\n<\/div>\n<\/div>\n\n\n\n<p><strong>Follow us on social media:<\/strong><\/p>\n\n\n\n<p><a href=\"https:\/\/www.facebook.com\/LUMAkeskusSuomi\/\" target=\"_blank\" rel=\"noreferrer noopener\">LUMA Centre Finland on Facebook<\/a><br><a href=\"https:\/\/www.instagram.com\/lumasuomi\/\" target=\"_blank\" rel=\"noreferrer noopener\">LUMA Centre Finland on Instagram<\/a><br><a href=\"https:\/\/www.youtube.com\/user\/lumakeskus\" target=\"_blank\" rel=\"noreferrer noopener\">LUMA Centre Finland on YouTube<\/a><br><a href=\"https:\/\/www.linkedin.com\/company\/luma-centre-finland\/\" target=\"_blank\" rel=\"noreferrer noopener\">LUMA Centre Finland on LinkedIn<\/a><\/p>\n\n\n\n<hr class=\"wp-block-separator has-text-color has-alpha-channel-opacity has-background\" style=\"background-color:#00a2c0;color:#00a2c0\"\/>\n\n\n\n<h2 class=\"wp-block-heading\">LUMAT Journal<\/h2>\n\n\n\n<p>LUMAT Journal publishes original research on science, mathematics, and technology education.<\/p>\n\n\n\n<p>General email: editor((at))lumat.fi<\/p>\n\n\n\n<p><a href=\"https:\/\/journals.helsinki.fi\/lumat\/about\/contact\" target=\"_blank\" rel=\"noreferrer noopener\">Contact information on LUMAT Journal homepage<\/a><\/p>\n\n\n\n<hr class=\"wp-block-separator has-text-color has-alpha-channel-opacity has-background\" style=\"background-color:#00a2c0;color:#00a2c0\"\/>\n\n\n\n<h2 class=\"wp-block-heading\">Regional LUMA Centres<\/h2>\n\n\n<div class=\"wp-block-image\">\n<figure class=\"alignright size-large is-resized\"><img loading=\"lazy\" decoding=\"async\" width=\"691\" height=\"1024\" src=\"https:\/\/www.luma.fi\/wp-content\/uploads\/2025\/08\/LUMA-keskukset-kartalla-691x1024.png\" alt=\"Alueelliset LUMA-keskukset Suomeen karttaan merkittyn\u00e4. Numerointi on aakkosj\u00e4rjestyksen mukainen.\" class=\"wp-image-149\" style=\"width:409px;height:auto\" srcset=\"https:\/\/www.luma.fi\/wp-content\/uploads\/2025\/08\/LUMA-keskukset-kartalla-691x1024.png 691w, https:\/\/www.luma.fi\/wp-content\/uploads\/2025\/08\/LUMA-keskukset-kartalla-202x300.png 202w, https:\/\/www.luma.fi\/wp-content\/uploads\/2025\/08\/LUMA-keskukset-kartalla-768x1138.png 768w, https:\/\/www.luma.fi\/wp-content\/uploads\/2025\/08\/LUMA-keskukset-kartalla-1037x1536.png 1037w, https:\/\/www.luma.fi\/wp-content\/uploads\/2025\/08\/LUMA-keskukset-kartalla.png 1102w\" sizes=\"auto, (max-width: 691px) 100vw, 691px\" \/><\/figure><\/div>\n\n\n<p>13 regional LUMA Centres are operating across Finland. They organize activities primarily for children, young people, and teachers in their own regions, as well as online for the whole country. Each centre also has its own focus areas and themes worth exploring. Contact details for the centres can be found on their respective websites.<\/p>\n\n\n\n<ol class=\"wp-block-list\">\n<li><a href=\"https:\/\/www.aalto.fi\/en\/aalto-university-junior\" target=\"_blank\" rel=\"noreferrer noopener\">Aalto University Junior<\/a><\/li>\n\n\n\n<li><a href=\"https:\/\/www.helsinki.fi\/en\/science-education-and-academic-outreach\" target=\"_blank\" rel=\"noreferrer noopener\">University of Helsinki Science Education<\/a><\/li>\n\n\n\n<li><a href=\"https:\/\/luma.uef.fi\/\" target=\"_blank\" rel=\"noreferrer noopener\">LUMA Centre of the University of Eastern Finland<\/a><\/li>\n\n\n\n<li><a href=\"https:\/\/www.lut.fi\/fi\/opiskelu\/junior-university\/luma-toiminta\" target=\"_blank\" rel=\"noreferrer noopener\">Junior University<\/a><\/li>\n\n\n\n<li><a href=\"https:\/\/luma.cinetcampus.fi\/\" target=\"_blank\" rel=\"noreferrer noopener\">LUMA Centre of Central Ostrobothnia<\/a><\/li>\n\n\n\n<li><a href=\"https:\/\/www.jyu.fi\/fi\/science\/luma\" target=\"_blank\" rel=\"noreferrer noopener\">Central Finland LUMA Centre<\/a><\/li>\n\n\n\n<li><a href=\"https:\/\/sites.utu.fi\/luma\/en\/\" target=\"_blank\" rel=\"noreferrer noopener\">LUMA Centre of Southwestern Finland<\/a><\/li>\n\n\n\n<li><a href=\"https:\/\/ulapland.fi\/ujunnu\/\" target=\"_blank\" rel=\"noreferrer noopener\">Science Education Centre uJunnu<\/a><\/li>\n\n\n\n<li><a href=\"https:\/\/www.uwasa.fi\/fi\/koulutus\/luma\" target=\"_blank\" rel=\"noreferrer noopener\">LUMA Centre of Ostrobothnia<\/a><\/li>\n\n\n\n<li><a href=\"https:\/\/www.oulu.fi\/fi\/yliopisto\/oulun-yliopiston-luma-keskus\" target=\"_blank\" rel=\"noreferrer noopener\">LUMA Centre of the University of Oulu<\/a><\/li>\n\n\n\n<li><a href=\"https:\/\/luma.lahdenyliopistokampus.fi\/\" target=\"_blank\" rel=\"noreferrer noopener\">LUMA Centre P\u00e4ij\u00e4nne Tavastia<\/a><\/li>\n\n\n\n<li><a href=\"https:\/\/www.abo.fi\/centret-for-livslangt-larande\/skolresurs\/\" target=\"_blank\" rel=\"noreferrer noopener\">Skolresurs<\/a><\/li>\n\n\n\n<li><a href=\"https:\/\/www.tuni.fi\/fi\/palvelut-ja-yhteistyo\/opettajille-ja-opinto-ohjaajille\/yliopiston-palvelut\" target=\"_blank\" rel=\"noreferrer noopener\">Tampere University Juniversity<\/a><\/li>\n<\/ol>\n\n\n\n<h2 class=\"wp-block-heading\">Board<\/h2>\n\n\n\n<p>The Board decides, among other things, on the use of shared funding and its allocation to the regional LUMA Centres. The Chair of the Board is <a href=\"https:\/\/www.oulu.fi\/fi\/tutkijat\/sari-harmoinen\" target=\"_blank\" rel=\"noreferrer noopener\">Sari Harmoinen<\/a>, and the Vice Chair is <a href=\"https:\/\/uefconnect.uef.fi\/mervi.asikainen\/\" target=\"_blank\" rel=\"noreferrer noopener\">Mervi Asikainen<\/a>.<\/p>\n\n\n\n<p>The network\u2019s universities appoint a representative and a deputy representative to the Board. For the 2025\u20132029 term, the Board consists of:<\/p>\n\n\n\n<figure class=\"wp-block-table\"><table class=\"has-fixed-layout\"><tbody><tr><td>University<\/td><td>Representative<\/td><td>Deputy representative<\/td><\/tr><tr><td>Aalto University<\/td><td><strong>Jani Romanoff<\/strong><\/td><td><strong>Veli-Matti Ik\u00e4valko<\/strong><\/td><\/tr><tr><td>University of Helsinki<\/td><td><strong>Samuli Siltanen<\/strong>&nbsp;<\/td><td><strong>Anne-Maria Ernvall-Hyt\u00f6nen<\/strong><\/td><\/tr><tr><td>University of Eastern Finland<\/td><td><strong>Mervi Asikainen<\/strong><\/td><td><strong>Sari Havu-Nuutinen<\/strong><\/td><\/tr><tr><td>University of Jyv\u00e4skyl\u00e4<\/td><td><strong>Maija Nissinen<\/strong><\/td><td><strong>Petri Ihantola<\/strong>&nbsp;<\/td><\/tr><tr><td>University of Lapland<\/td><td><strong>Ilkka Ratinen<\/strong><\/td><td><strong>Pieti Tolvanen<\/strong>&nbsp;<\/td><\/tr><tr><td>LUT University<\/td><td><strong>Nina Kykk\u00e4nen<\/strong>&nbsp;<\/td><td><strong>Leena Ikonen<\/strong>&nbsp;<\/td><\/tr><tr><td>University of Oulu<\/td><td><strong>Sari Harmoinen<\/strong><\/td><td><strong>Kati Pajari<\/strong><\/td><\/tr><tr><td>Tampere University<\/td><td><strong>Pekka Verho<\/strong>&nbsp;<\/td><td><strong>Erja Sipil\u00e4<\/strong><\/td><\/tr><tr><td>University of Turku<\/td><td><strong>Laszlo Major<\/strong>&nbsp;<\/td><td><strong>Pasi Nurmi<\/strong><\/td><\/tr><tr><td>University of Vaasa<\/td><td><strong>Raine Hermans<\/strong>&nbsp;<\/td><td><strong>Janne Koljonen<\/strong><\/td><\/tr><tr><td>\u00c5bo Akademi University<\/td><td><strong>Mats Brask\u00e9n<\/strong>&nbsp;<\/td><td><strong>Johan Werkelin<\/strong><\/td><\/tr><\/tbody><\/table><\/figure>\n\n\n\n<p>The Board also includes permanent expert representatives:<\/p>\n\n\n\n<figure class=\"wp-block-table\"><table class=\"has-fixed-layout\"><tbody><tr><td>LUMA Centre of Central Ostrobothnia<\/td><td><strong>Ismo Hakala<\/strong>&nbsp;<\/td><td><strong>Pentti Impi\u00f6<\/strong><\/td><\/tr><tr><td>LUMA Centre P\u00e4ij\u00e4t-H\u00e4me<\/td><td><strong>Tarja Kariola<\/strong><\/td><td><strong>Minna-Maija Salomaa<\/strong><\/td><\/tr><\/tbody><\/table><\/figure>\n","protected":false},"excerpt":{"rendered":"<p>LUMA Centre Finland administration coordinates activities within the network and supports regional LUMA Centres. Please get in touch with us if your matter concerns the entire network. General email and communications: luma-keskus@helsinki.fi DirectorProfessor Jan Lundelljan.lundell((at))helsinki.fi CoordinationSpecialist Oona Kiviluotooona.kiviluoto((at))helsinki.fi Mathematics and projectsProject manager Alisa Uusi-Kilponenalisa.uusi-kilponen((at))helsinki.fi Mathematics and projectsProject planner Eveliina Hietakymieveliina.hietakymi((at))helsinki.fi LUMA Science AmbassadorProfessor Maija Akselamaija.aksela((at))helsinki.fi &#8230; <a title=\"Contact information\" class=\"read-more\" href=\"https:\/\/www.luma.fi\/en\/about-us\/contact\/\" aria-label=\"Read more about Contact information\">Read more<\/a><\/p>\n","protected":false},"author":2,"featured_media":0,"parent":515,"menu_order":0,"comment_status":"closed","ping_status":"closed","template":"","meta":{"footnotes":""},"class_list":["post-1342","page","type-page","status-publish"],"yoast_head":"<!-- This site is optimized with the Yoast SEO plugin v27.4 - https:\/\/yoast.com\/product\/yoast-seo-wordpress\/ -->\n<title>Contact information - LUMA-keskus Suomi<\/title>\n<meta name=\"robots\" content=\"index, follow, max-snippet:-1, max-image-preview:large, max-video-preview:-1\" \/>\n<link rel=\"canonical\" href=\"https:\/\/www.luma.fi\/en\/about-us\/contact\/\" \/>\n<meta property=\"og:locale\" content=\"en_US\" \/>\n<meta property=\"og:type\" content=\"article\" \/>\n<meta property=\"og:title\" content=\"Contact information - LUMA-keskus Suomi\" \/>\n<meta property=\"og:description\" content=\"LUMA Centre Finland administration coordinates activities within the network and supports regional LUMA Centres. Please get in touch with us if your matter concerns the entire network. General email and communications: luma-keskus@helsinki.fi DirectorProfessor Jan Lundelljan.lundell((at))helsinki.fi CoordinationSpecialist Oona Kiviluotooona.kiviluoto((at))helsinki.fi Mathematics and projectsProject manager Alisa Uusi-Kilponenalisa.uusi-kilponen((at))helsinki.fi Mathematics and projectsProject planner Eveliina Hietakymieveliina.hietakymi((at))helsinki.fi LUMA Science AmbassadorProfessor Maija Akselamaija.aksela((at))helsinki.fi ... Read more\" \/>\n<meta property=\"og:url\" content=\"https:\/\/www.luma.fi\/en\/about-us\/contact\/\" \/>\n<meta property=\"og:site_name\" content=\"LUMA-keskus Suomi\" \/>\n<meta property=\"article:publisher\" content=\"https:\/\/www.facebook.com\/LUMAkeskusSuomi\/\" \/>\n<meta property=\"article:modified_time\" content=\"2026-04-22T06:17:00+00:00\" \/>\n<meta property=\"og:image\" content=\"https:\/\/www.luma.fi\/wp-content\/uploads\/2025\/08\/Lundell-photo.jpg\" \/>\n\t<meta property=\"og:image:width\" content=\"692\" \/>\n\t<meta property=\"og:image:height\" content=\"689\" \/>\n\t<meta property=\"og:image:type\" content=\"image\/jpeg\" \/>\n<meta name=\"twitter:card\" content=\"summary_large_image\" \/>\n<meta name=\"twitter:label1\" content=\"Est. reading time\" \/>\n\t<meta name=\"twitter:data1\" content=\"4 minutes\" \/>\n<script type=\"application\/ld+json\" class=\"yoast-schema-graph\">{\"@context\":\"https:\\\/\\\/schema.org\",\"@graph\":[{\"@type\":\"WebPage\",\"@id\":\"https:\\\/\\\/www.luma.fi\\\/en\\\/about-us\\\/contact\\\/\",\"url\":\"https:\\\/\\\/www.luma.fi\\\/en\\\/about-us\\\/contact\\\/\",\"name\":\"Contact information - LUMA-keskus Suomi\",\"isPartOf\":{\"@id\":\"https:\\\/\\\/www.luma.fi\\\/en\\\/#website\"},\"primaryImageOfPage\":{\"@id\":\"https:\\\/\\\/www.luma.fi\\\/en\\\/about-us\\\/contact\\\/#primaryimage\"},\"image\":{\"@id\":\"https:\\\/\\\/www.luma.fi\\\/en\\\/about-us\\\/contact\\\/#primaryimage\"},\"thumbnailUrl\":\"https:\\\/\\\/www.luma.fi\\\/wp-content\\\/uploads\\\/2025\\\/08\\\/Lundell-photo.jpg\",\"datePublished\":\"2025-08-29T09:51:17+00:00\",\"dateModified\":\"2026-04-22T06:17:00+00:00\",\"breadcrumb\":{\"@id\":\"https:\\\/\\\/www.luma.fi\\\/en\\\/about-us\\\/contact\\\/#breadcrumb\"},\"inLanguage\":\"en-US\",\"potentialAction\":[{\"@type\":\"ReadAction\",\"target\":[\"https:\\\/\\\/www.luma.fi\\\/en\\\/about-us\\\/contact\\\/\"]}]},{\"@type\":\"ImageObject\",\"inLanguage\":\"en-US\",\"@id\":\"https:\\\/\\\/www.luma.fi\\\/en\\\/about-us\\\/contact\\\/#primaryimage\",\"url\":\"https:\\\/\\\/www.luma.fi\\\/wp-content\\\/uploads\\\/2025\\\/08\\\/Lundell-photo.jpg\",\"contentUrl\":\"https:\\\/\\\/www.luma.fi\\\/wp-content\\\/uploads\\\/2025\\\/08\\\/Lundell-photo.jpg\"},{\"@type\":\"BreadcrumbList\",\"@id\":\"https:\\\/\\\/www.luma.fi\\\/en\\\/about-us\\\/contact\\\/#breadcrumb\",\"itemListElement\":[{\"@type\":\"ListItem\",\"position\":1,\"name\":\"Etusivu\",\"item\":\"https:\\\/\\\/www.luma.fi\\\/en\\\/\"},{\"@type\":\"ListItem\",\"position\":2,\"name\":\"About us\",\"item\":\"https:\\\/\\\/www.luma.fi\\\/en\\\/about-us\\\/\"},{\"@type\":\"ListItem\",\"position\":3,\"name\":\"Contact information\"}]},{\"@type\":\"WebSite\",\"@id\":\"https:\\\/\\\/www.luma.fi\\\/en\\\/#website\",\"url\":\"https:\\\/\\\/www.luma.fi\\\/en\\\/\",\"name\":\"LUMA-keskus Suomi\",\"description\":\"LUMA-keskus Suomi on 11 yliopiston tiedekasvatukseen ja teknologiakasvatukseen keskittyv&auml; verkosto. \",\"publisher\":{\"@id\":\"https:\\\/\\\/www.luma.fi\\\/en\\\/#organization\"},\"potentialAction\":[{\"@type\":\"SearchAction\",\"target\":{\"@type\":\"EntryPoint\",\"urlTemplate\":\"https:\\\/\\\/www.luma.fi\\\/en\\\/?s={search_term_string}\"},\"query-input\":{\"@type\":\"PropertyValueSpecification\",\"valueRequired\":true,\"valueName\":\"search_term_string\"}}],\"inLanguage\":\"en-US\"},{\"@type\":\"Organization\",\"@id\":\"https:\\\/\\\/www.luma.fi\\\/en\\\/#organization\",\"name\":\"LUMA-keskus Suomi\",\"url\":\"https:\\\/\\\/www.luma.fi\\\/en\\\/\",\"logo\":{\"@type\":\"ImageObject\",\"inLanguage\":\"en-US\",\"@id\":\"https:\\\/\\\/www.luma.fi\\\/en\\\/#\\\/schema\\\/logo\\\/image\\\/\",\"url\":\"https:\\\/\\\/www.luma.fi\\\/wp-content\\\/uploads\\\/2025\\\/08\\\/luma_flower-multicolored_small.png\",\"contentUrl\":\"https:\\\/\\\/www.luma.fi\\\/wp-content\\\/uploads\\\/2025\\\/08\\\/luma_flower-multicolored_small.png\",\"width\":556,\"height\":557,\"caption\":\"LUMA-keskus Suomi\"},\"image\":{\"@id\":\"https:\\\/\\\/www.luma.fi\\\/en\\\/#\\\/schema\\\/logo\\\/image\\\/\"},\"sameAs\":[\"https:\\\/\\\/www.facebook.com\\\/LUMAkeskusSuomi\\\/\",\"https:\\\/\\\/www.instagram.com\\\/lumasuomi\\\/\",\"https:\\\/\\\/www.youtube.com\\\/user\\\/lumakeskus\"]}]}<\/script>\n<!-- \/ Yoast SEO plugin. -->","yoast_head_json":{"title":"Contact information - LUMA-keskus Suomi","robots":{"index":"index","follow":"follow","max-snippet":"max-snippet:-1","max-image-preview":"max-image-preview:large","max-video-preview":"max-video-preview:-1"},"canonical":"https:\/\/www.luma.fi\/en\/about-us\/contact\/","og_locale":"en_US","og_type":"article","og_title":"Contact information - LUMA-keskus Suomi","og_description":"LUMA Centre Finland administration coordinates activities within the network and supports regional LUMA Centres. Please get in touch with us if your matter concerns the entire network. General email and communications: luma-keskus@helsinki.fi DirectorProfessor Jan Lundelljan.lundell((at))helsinki.fi CoordinationSpecialist Oona Kiviluotooona.kiviluoto((at))helsinki.fi Mathematics and projectsProject manager Alisa Uusi-Kilponenalisa.uusi-kilponen((at))helsinki.fi Mathematics and projectsProject planner Eveliina Hietakymieveliina.hietakymi((at))helsinki.fi LUMA Science AmbassadorProfessor Maija Akselamaija.aksela((at))helsinki.fi ... Read more","og_url":"https:\/\/www.luma.fi\/en\/about-us\/contact\/","og_site_name":"LUMA-keskus Suomi","article_publisher":"https:\/\/www.facebook.com\/LUMAkeskusSuomi\/","article_modified_time":"2026-04-22T06:17:00+00:00","og_image":[{"width":692,"height":689,"url":"https:\/\/www.luma.fi\/wp-content\/uploads\/2025\/08\/Lundell-photo.jpg","type":"image\/jpeg"}],"twitter_card":"summary_large_image","twitter_misc":{"Est. reading time":"4 minutes"},"schema":{"@context":"https:\/\/schema.org","@graph":[{"@type":"WebPage","@id":"https:\/\/www.luma.fi\/en\/about-us\/contact\/","url":"https:\/\/www.luma.fi\/en\/about-us\/contact\/","name":"Contact information - LUMA-keskus Suomi","isPartOf":{"@id":"https:\/\/www.luma.fi\/en\/#website"},"primaryImageOfPage":{"@id":"https:\/\/www.luma.fi\/en\/about-us\/contact\/#primaryimage"},"image":{"@id":"https:\/\/www.luma.fi\/en\/about-us\/contact\/#primaryimage"},"thumbnailUrl":"https:\/\/www.luma.fi\/wp-content\/uploads\/2025\/08\/Lundell-photo.jpg","datePublished":"2025-08-29T09:51:17+00:00","dateModified":"2026-04-22T06:17:00+00:00","breadcrumb":{"@id":"https:\/\/www.luma.fi\/en\/about-us\/contact\/#breadcrumb"},"inLanguage":"en-US","potentialAction":[{"@type":"ReadAction","target":["https:\/\/www.luma.fi\/en\/about-us\/contact\/"]}]},{"@type":"ImageObject","inLanguage":"en-US","@id":"https:\/\/www.luma.fi\/en\/about-us\/contact\/#primaryimage","url":"https:\/\/www.luma.fi\/wp-content\/uploads\/2025\/08\/Lundell-photo.jpg","contentUrl":"https:\/\/www.luma.fi\/wp-content\/uploads\/2025\/08\/Lundell-photo.jpg"},{"@type":"BreadcrumbList","@id":"https:\/\/www.luma.fi\/en\/about-us\/contact\/#breadcrumb","itemListElement":[{"@type":"ListItem","position":1,"name":"Etusivu","item":"https:\/\/www.luma.fi\/en\/"},{"@type":"ListItem","position":2,"name":"About us","item":"https:\/\/www.luma.fi\/en\/about-us\/"},{"@type":"ListItem","position":3,"name":"Contact information"}]},{"@type":"WebSite","@id":"https:\/\/www.luma.fi\/en\/#website","url":"https:\/\/www.luma.fi\/en\/","name":"LUMA-keskus Suomi","description":"LUMA-keskus Suomi on 11 yliopiston tiedekasvatukseen ja teknologiakasvatukseen keskittyv&auml; verkosto. ","publisher":{"@id":"https:\/\/www.luma.fi\/en\/#organization"},"potentialAction":[{"@type":"SearchAction","target":{"@type":"EntryPoint","urlTemplate":"https:\/\/www.luma.fi\/en\/?s={search_term_string}"},"query-input":{"@type":"PropertyValueSpecification","valueRequired":true,"valueName":"search_term_string"}}],"inLanguage":"en-US"},{"@type":"Organization","@id":"https:\/\/www.luma.fi\/en\/#organization","name":"LUMA-keskus Suomi","url":"https:\/\/www.luma.fi\/en\/","logo":{"@type":"ImageObject","inLanguage":"en-US","@id":"https:\/\/www.luma.fi\/en\/#\/schema\/logo\/image\/","url":"https:\/\/www.luma.fi\/wp-content\/uploads\/2025\/08\/luma_flower-multicolored_small.png","contentUrl":"https:\/\/www.luma.fi\/wp-content\/uploads\/2025\/08\/luma_flower-multicolored_small.png","width":556,"height":557,"caption":"LUMA-keskus Suomi"},"image":{"@id":"https:\/\/www.luma.fi\/en\/#\/schema\/logo\/image\/"},"sameAs":["https:\/\/www.facebook.com\/LUMAkeskusSuomi\/","https:\/\/www.instagram.com\/lumasuomi\/","https:\/\/www.youtube.com\/user\/lumakeskus"]}]}},"_links":{"self":[{"href":"https:\/\/www.luma.fi\/en\/wp-json\/wp\/v2\/pages\/1342","targetHints":{"allow":["GET"]}}],"collection":[{"href":"https:\/\/www.luma.fi\/en\/wp-json\/wp\/v2\/pages"}],"about":[{"href":"https:\/\/www.luma.fi\/en\/wp-json\/wp\/v2\/types\/page"}],"author":[{"embeddable":true,"href":"https:\/\/www.luma.fi\/en\/wp-json\/wp\/v2\/users\/2"}],"replies":[{"embeddable":true,"href":"https:\/\/www.luma.fi\/en\/wp-json\/wp\/v2\/comments?post=1342"}],"version-history":[{"count":6,"href":"https:\/\/www.luma.fi\/en\/wp-json\/wp\/v2\/pages\/1342\/revisions"}],"predecessor-version":[{"id":16096,"href":"https:\/\/www.luma.fi\/en\/wp-json\/wp\/v2\/pages\/1342\/revisions\/16096"}],"up":[{"embeddable":true,"href":"https:\/\/www.luma.fi\/en\/wp-json\/wp\/v2\/pages\/515"}],"wp:attachment":[{"href":"https:\/\/www.luma.fi\/en\/wp-json\/wp\/v2\/media?parent=1342"}],"curies":[{"name":"wp","href":"https:\/\/api.w.org\/{rel}","templated":true}]}}