{"id":14958,"date":"2025-09-09T09:38:33","date_gmt":"2025-09-09T07:38:33","guid":{"rendered":"https:\/\/www.myscience.fi\/?page_id=14958"},"modified":"2026-01-28T13:08:09","modified_gmt":"2026-01-28T11:08:09","slug":"luma-week","status":"publish","type":"page","link":"https:\/\/www.luma.fi\/en\/luma-week\/","title":{"rendered":"LUMA Week for schools and early childhood education"},"content":{"rendered":"\n<p>During LUMA Week, we share the joy of discovery and success! We encourage all learning communities to organize small or large activities related to science and mathematics during the week. In the school year 2025\u20132026, LUMA Week will be celebrated from February 2 to 6, 2026. During this time, LUMA Centres will arrange inspiring activities in various locations and online in Finnish and Swedish. You can participate in the programs organized by our network or create something entirely your own. <\/p>\n\n\n\n<p><a href=\"https:\/\/mailchi.mp\/luma.fi\/luma-viikko-2026\" target=\"_blank\" rel=\"noreferrer noopener\">LUMA Week program 2026 in Finnish and Swedish<\/a><\/p>\n\n\n\n<h2 class=\"wp-block-heading\">About LUMA Weeks<\/h2>\n\n\n\n<p>LUMA Weeks have been celebrated in Finland since 2004. LUMA Week aims to spark interest in STEM subjects (mathematics, environmental studies, biology, geography, physics, chemistry, computer science, and technology) through various activities, and to raise awareness of these fields and their importance in society.<\/p>\n\n\n\n<p>In addition to kindergartens and schools, events can also be organized in other public spaces, such as libraries, shops, and shopping centers. We especially hope that programs will cross subject boundaries and involve parents. We also encourage schools and kindergartens to collaborate with other parties, such as organizations and companies.<\/p>\n\n\n\n<h2 class=\"wp-block-heading\">Ideas for LUMA Week<\/h2>\n\n\n\n<p>You can organize LUMA Week activities together with students, colleagues, parents, or partners. You can also ask your nearest LUMA Centre for tips or programs for your school or kindergarten.<\/p>\n\n\n\n<ul class=\"wp-block-list\">\n<li>Organize a school science fair or an art exhibition showcasing STEM-themed projects.<\/li>\n\n\n\n<li>Hold a morning assembly focused on STEM topics.<\/li>\n\n\n\n<li>Invite students from a nearby school or teacher trainees to visit your school or kindergarten, and arrange fun STEM-related activities together.<\/li>\n\n\n\n<li>Invite parents or former students working in STEM fields to visit, or ask students to interview an expert in STEM.<\/li>\n\n\n\n<li>Plan a visit yourselves to another educational institution, a company, a science center, or a museum.<\/li>\n\n\n\n<li>Write and photograph LUMA Week events for your school\u2019s website, social media, or newsletters for parents.<\/li>\n<\/ul>\n","protected":false},"excerpt":{"rendered":"<p>During LUMA Week, we share the joy of discovery and success! We encourage all learning communities to organize small or large activities related to science and mathematics during the week. In the school year 2025\u20132026, LUMA Week will be celebrated from February 2 to 6, 2026. During this time, LUMA Centres will arrange inspiring activities &#8230; <a title=\"LUMA Week for schools and early childhood education\" class=\"read-more\" href=\"https:\/\/www.luma.fi\/en\/luma-week\/\" aria-label=\"Read more about LUMA Week for schools and early childhood education\">Read more<\/a><\/p>\n","protected":false},"author":2,"featured_media":618,"parent":0,"menu_order":0,"comment_status":"closed","ping_status":"closed","template":"","meta":{"footnotes":""},"class_list":["post-14958","page","type-page","status-publish","has-post-thumbnail"],"yoast_head":"<!-- This site is optimized with the Yoast SEO plugin v27.5 - https:\/\/yoast.com\/product\/yoast-seo-wordpress\/ -->\n<title>LUMA Week for schools and early childhood education - LUMA-keskus Suomi<\/title>\n<meta name=\"description\" content=\"We encourage all learning communities to organize small or large activities related to science and mathematics during the week.\" \/>\n<meta name=\"robots\" content=\"index, follow, max-snippet:-1, max-image-preview:large, max-video-preview:-1\" \/>\n<link rel=\"canonical\" href=\"https:\/\/www.luma.fi\/en\/luma-week\/\" \/>\n<meta property=\"og:locale\" content=\"en_US\" \/>\n<meta property=\"og:type\" content=\"article\" \/>\n<meta property=\"og:title\" content=\"LUMA Week for schools and early childhood education - LUMA-keskus Suomi\" \/>\n<meta property=\"og:description\" content=\"We encourage all learning communities to organize small or large activities related to science and mathematics during the week.\" \/>\n<meta property=\"og:url\" content=\"https:\/\/www.luma.fi\/en\/luma-week\/\" \/>\n<meta property=\"og:site_name\" content=\"LUMA-keskus Suomi\" \/>\n<meta property=\"article:publisher\" content=\"https:\/\/www.facebook.com\/LUMAkeskusSuomi\/\" \/>\n<meta property=\"article:modified_time\" content=\"2026-01-28T11:08:09+00:00\" \/>\n<meta property=\"og:image\" content=\"http:\/\/www.luma.fi\/wp-content\/uploads\/2025\/09\/LUMA-viikko-2026-banneri-levea.png\" \/>\n\t<meta property=\"og:image:width\" content=\"1485\" \/>\n\t<meta property=\"og:image:height\" content=\"494\" \/>\n\t<meta property=\"og:image:type\" content=\"image\/png\" \/>\n<meta name=\"twitter:card\" content=\"summary_large_image\" \/>\n<meta name=\"twitter:label1\" content=\"Est. reading time\" \/>\n\t<meta name=\"twitter:data1\" content=\"3 minutes\" \/>\n<script type=\"application\/ld+json\" class=\"yoast-schema-graph\">{\"@context\":\"https:\\\/\\\/schema.org\",\"@graph\":[{\"@type\":\"WebPage\",\"@id\":\"https:\\\/\\\/www.luma.fi\\\/en\\\/luma-week\\\/\",\"url\":\"https:\\\/\\\/www.luma.fi\\\/en\\\/luma-week\\\/\",\"name\":\"LUMA Week for schools and early childhood education - LUMA-keskus Suomi\",\"isPartOf\":{\"@id\":\"https:\\\/\\\/www.luma.fi\\\/en\\\/#website\"},\"primaryImageOfPage\":{\"@id\":\"https:\\\/\\\/www.luma.fi\\\/en\\\/luma-week\\\/#primaryimage\"},\"image\":{\"@id\":\"https:\\\/\\\/www.luma.fi\\\/en\\\/luma-week\\\/#primaryimage\"},\"thumbnailUrl\":\"https:\\\/\\\/www.luma.fi\\\/wp-content\\\/uploads\\\/2025\\\/09\\\/LUMA-viikko-2026-banneri-levea.png\",\"datePublished\":\"2025-09-09T07:38:33+00:00\",\"dateModified\":\"2026-01-28T11:08:09+00:00\",\"description\":\"We encourage all learning communities to organize small or large activities related to science and mathematics during the week.\",\"breadcrumb\":{\"@id\":\"https:\\\/\\\/www.luma.fi\\\/en\\\/luma-week\\\/#breadcrumb\"},\"inLanguage\":\"en-US\",\"potentialAction\":[{\"@type\":\"ReadAction\",\"target\":[\"https:\\\/\\\/www.luma.fi\\\/en\\\/luma-week\\\/\"]}]},{\"@type\":\"ImageObject\",\"inLanguage\":\"en-US\",\"@id\":\"https:\\\/\\\/www.luma.fi\\\/en\\\/luma-week\\\/#primaryimage\",\"url\":\"https:\\\/\\\/www.luma.fi\\\/wp-content\\\/uploads\\\/2025\\\/09\\\/LUMA-viikko-2026-banneri-levea.png\",\"contentUrl\":\"https:\\\/\\\/www.luma.fi\\\/wp-content\\\/uploads\\\/2025\\\/09\\\/LUMA-viikko-2026-banneri-levea.png\",\"width\":1485,\"height\":494,\"caption\":\"LUMA-viikon 2026 banneri. Bannerissa lukee v\u00e4rik\u00e4st\u00e4 taustaa vasten LUMA-viikko 2026\"},{\"@type\":\"BreadcrumbList\",\"@id\":\"https:\\\/\\\/www.luma.fi\\\/en\\\/luma-week\\\/#breadcrumb\",\"itemListElement\":[{\"@type\":\"ListItem\",\"position\":1,\"name\":\"Etusivu\",\"item\":\"https:\\\/\\\/www.luma.fi\\\/en\\\/\"},{\"@type\":\"ListItem\",\"position\":2,\"name\":\"LUMA Week for schools and early childhood education\"}]},{\"@type\":\"WebSite\",\"@id\":\"https:\\\/\\\/www.luma.fi\\\/en\\\/#website\",\"url\":\"https:\\\/\\\/www.luma.fi\\\/en\\\/\",\"name\":\"LUMA-keskus Suomi\",\"description\":\"LUMA-keskus Suomi on 11 yliopiston tiedekasvatukseen ja teknologiakasvatukseen keskittyv&auml; verkosto. \",\"publisher\":{\"@id\":\"https:\\\/\\\/www.luma.fi\\\/en\\\/#organization\"},\"potentialAction\":[{\"@type\":\"SearchAction\",\"target\":{\"@type\":\"EntryPoint\",\"urlTemplate\":\"https:\\\/\\\/www.luma.fi\\\/en\\\/?s={search_term_string}\"},\"query-input\":{\"@type\":\"PropertyValueSpecification\",\"valueRequired\":true,\"valueName\":\"search_term_string\"}}],\"inLanguage\":\"en-US\"},{\"@type\":\"Organization\",\"@id\":\"https:\\\/\\\/www.luma.fi\\\/en\\\/#organization\",\"name\":\"LUMA-keskus Suomi\",\"url\":\"https:\\\/\\\/www.luma.fi\\\/en\\\/\",\"logo\":{\"@type\":\"ImageObject\",\"inLanguage\":\"en-US\",\"@id\":\"https:\\\/\\\/www.luma.fi\\\/en\\\/#\\\/schema\\\/logo\\\/image\\\/\",\"url\":\"https:\\\/\\\/www.luma.fi\\\/wp-content\\\/uploads\\\/2025\\\/08\\\/luma_flower-multicolored_small.png\",\"contentUrl\":\"https:\\\/\\\/www.luma.fi\\\/wp-content\\\/uploads\\\/2025\\\/08\\\/luma_flower-multicolored_small.png\",\"width\":556,\"height\":557,\"caption\":\"LUMA-keskus Suomi\"},\"image\":{\"@id\":\"https:\\\/\\\/www.luma.fi\\\/en\\\/#\\\/schema\\\/logo\\\/image\\\/\"},\"sameAs\":[\"https:\\\/\\\/www.facebook.com\\\/LUMAkeskusSuomi\\\/\",\"https:\\\/\\\/www.instagram.com\\\/lumasuomi\\\/\",\"https:\\\/\\\/www.youtube.com\\\/user\\\/lumakeskus\"]}]}<\/script>\n<!-- \/ Yoast SEO plugin. -->","yoast_head_json":{"title":"LUMA Week for schools and early childhood education - LUMA-keskus Suomi","description":"We encourage all learning communities to organize small or large activities related to science and mathematics during the week.","robots":{"index":"index","follow":"follow","max-snippet":"max-snippet:-1","max-image-preview":"max-image-preview:large","max-video-preview":"max-video-preview:-1"},"canonical":"https:\/\/www.luma.fi\/en\/luma-week\/","og_locale":"en_US","og_type":"article","og_title":"LUMA Week for schools and early childhood education - LUMA-keskus Suomi","og_description":"We encourage all learning communities to organize small or large activities related to science and mathematics during the week.","og_url":"https:\/\/www.luma.fi\/en\/luma-week\/","og_site_name":"LUMA-keskus Suomi","article_publisher":"https:\/\/www.facebook.com\/LUMAkeskusSuomi\/","article_modified_time":"2026-01-28T11:08:09+00:00","og_image":[{"width":1485,"height":494,"url":"http:\/\/www.luma.fi\/wp-content\/uploads\/2025\/09\/LUMA-viikko-2026-banneri-levea.png","type":"image\/png"}],"twitter_card":"summary_large_image","twitter_misc":{"Est. reading time":"3 minutes"},"schema":{"@context":"https:\/\/schema.org","@graph":[{"@type":"WebPage","@id":"https:\/\/www.luma.fi\/en\/luma-week\/","url":"https:\/\/www.luma.fi\/en\/luma-week\/","name":"LUMA Week for schools and early childhood education - LUMA-keskus Suomi","isPartOf":{"@id":"https:\/\/www.luma.fi\/en\/#website"},"primaryImageOfPage":{"@id":"https:\/\/www.luma.fi\/en\/luma-week\/#primaryimage"},"image":{"@id":"https:\/\/www.luma.fi\/en\/luma-week\/#primaryimage"},"thumbnailUrl":"https:\/\/www.luma.fi\/wp-content\/uploads\/2025\/09\/LUMA-viikko-2026-banneri-levea.png","datePublished":"2025-09-09T07:38:33+00:00","dateModified":"2026-01-28T11:08:09+00:00","description":"We encourage all learning communities to organize small or large activities related to science and mathematics during the week.","breadcrumb":{"@id":"https:\/\/www.luma.fi\/en\/luma-week\/#breadcrumb"},"inLanguage":"en-US","potentialAction":[{"@type":"ReadAction","target":["https:\/\/www.luma.fi\/en\/luma-week\/"]}]},{"@type":"ImageObject","inLanguage":"en-US","@id":"https:\/\/www.luma.fi\/en\/luma-week\/#primaryimage","url":"https:\/\/www.luma.fi\/wp-content\/uploads\/2025\/09\/LUMA-viikko-2026-banneri-levea.png","contentUrl":"https:\/\/www.luma.fi\/wp-content\/uploads\/2025\/09\/LUMA-viikko-2026-banneri-levea.png","width":1485,"height":494,"caption":"LUMA-viikon 2026 banneri. Bannerissa lukee v\u00e4rik\u00e4st\u00e4 taustaa vasten LUMA-viikko 2026"},{"@type":"BreadcrumbList","@id":"https:\/\/www.luma.fi\/en\/luma-week\/#breadcrumb","itemListElement":[{"@type":"ListItem","position":1,"name":"Etusivu","item":"https:\/\/www.luma.fi\/en\/"},{"@type":"ListItem","position":2,"name":"LUMA Week for schools and early childhood education"}]},{"@type":"WebSite","@id":"https:\/\/www.luma.fi\/en\/#website","url":"https:\/\/www.luma.fi\/en\/","name":"LUMA-keskus Suomi","description":"LUMA-keskus Suomi on 11 yliopiston tiedekasvatukseen ja teknologiakasvatukseen keskittyv&auml; verkosto. ","publisher":{"@id":"https:\/\/www.luma.fi\/en\/#organization"},"potentialAction":[{"@type":"SearchAction","target":{"@type":"EntryPoint","urlTemplate":"https:\/\/www.luma.fi\/en\/?s={search_term_string}"},"query-input":{"@type":"PropertyValueSpecification","valueRequired":true,"valueName":"search_term_string"}}],"inLanguage":"en-US"},{"@type":"Organization","@id":"https:\/\/www.luma.fi\/en\/#organization","name":"LUMA-keskus Suomi","url":"https:\/\/www.luma.fi\/en\/","logo":{"@type":"ImageObject","inLanguage":"en-US","@id":"https:\/\/www.luma.fi\/en\/#\/schema\/logo\/image\/","url":"https:\/\/www.luma.fi\/wp-content\/uploads\/2025\/08\/luma_flower-multicolored_small.png","contentUrl":"https:\/\/www.luma.fi\/wp-content\/uploads\/2025\/08\/luma_flower-multicolored_small.png","width":556,"height":557,"caption":"LUMA-keskus Suomi"},"image":{"@id":"https:\/\/www.luma.fi\/en\/#\/schema\/logo\/image\/"},"sameAs":["https:\/\/www.facebook.com\/LUMAkeskusSuomi\/","https:\/\/www.instagram.com\/lumasuomi\/","https:\/\/www.youtube.com\/user\/lumakeskus"]}]}},"_links":{"self":[{"href":"https:\/\/www.luma.fi\/en\/wp-json\/wp\/v2\/pages\/14958","targetHints":{"allow":["GET"]}}],"collection":[{"href":"https:\/\/www.luma.fi\/en\/wp-json\/wp\/v2\/pages"}],"about":[{"href":"https:\/\/www.luma.fi\/en\/wp-json\/wp\/v2\/types\/page"}],"author":[{"embeddable":true,"href":"https:\/\/www.luma.fi\/en\/wp-json\/wp\/v2\/users\/2"}],"replies":[{"embeddable":true,"href":"https:\/\/www.luma.fi\/en\/wp-json\/wp\/v2\/comments?post=14958"}],"version-history":[{"count":2,"href":"https:\/\/www.luma.fi\/en\/wp-json\/wp\/v2\/pages\/14958\/revisions"}],"predecessor-version":[{"id":15744,"href":"https:\/\/www.luma.fi\/en\/wp-json\/wp\/v2\/pages\/14958\/revisions\/15744"}],"wp:featuredmedia":[{"embeddable":true,"href":"https:\/\/www.luma.fi\/en\/wp-json\/wp\/v2\/media\/618"}],"wp:attachment":[{"href":"https:\/\/www.luma.fi\/en\/wp-json\/wp\/v2\/media?parent=14958"}],"curies":[{"name":"wp","href":"https:\/\/api.w.org\/{rel}","templated":true}]}}