{"id":14961,"date":"2025-09-08T15:26:17","date_gmt":"2025-09-08T13:26:17","guid":{"rendered":"https:\/\/www.myscience.fi\/?page_id=14961"},"modified":"2025-11-28T14:08:23","modified_gmt":"2025-11-28T12:08:23","slug":"luma-steam-certificate","status":"publish","type":"page","link":"https:\/\/www.luma.fi\/en\/for-teachers\/luma-steam-certificate\/","title":{"rendered":"LUMA\/STEAM Certificate for Finnish schools"},"content":{"rendered":"\n<p>The LUMA\/STEAM Certificate has been developed and implemented in collaboration with Technology Industries of Finland, the cities of Tampere, Oulu, and Turku, and the University of Oulu. It serves as a tool for Finnish comprehensive schools to self-assess and develop their mathematics, science, and technology education. LUMA Centre Finland manages the certification process for schools.<\/p>\n\n\n\n<p>The certificate provides schools with an opportunity to systematically review their operational culture and develop it to the desired level. The areas assessed by the certificate (pedagogy, competence, learning environments, networks, and leadership) are based on the Finnish National Core Curriculum for Basic Education (2014). This is why the <strong>certification process is available only to schools in Finland or to Finnish schools abroad that follow the Finnish National Core Curriculum for Basic Education.<\/strong><\/p>\n\n\n\n<h2 class=\"wp-block-heading\">Schools that have achieved the LUMA\/STEAM Certificate<\/h2>\n\n\n\n<h3 class=\"wp-block-heading\">Level 3 \u2013 Committed, specialized, and systematic practice<\/h3>\n\n\n\n<p>Hintan koulu, Oulu (12\/2023)<br>Lauttasaaren yhteiskoulu, Helsinki (5\/2024)<br>Munkkiniemen yhteiskoulu, Helsinki (12\/2024)<br>Puolalan koulu, Turku (12\/2024)<br>Rajakyl\u00e4n yhten\u00e4iskoulu, Oulu (5\/2025)<br>Sammonlahden koulu, Lappeenranta (12\/2023)<br>Ylikiimingin koulu, Oulu (5\/2024)<\/p>\n\n\n\n<h3 class=\"wp-block-heading\">Level 2 \u2013 Planned and goal-oriented practice<\/h3>\n\n\n\n<p>Espoon yhteislyseo, Espoo (12\/2023)<br>Etel\u00e4-Nummelan koulu, Vihti (5\/2025)<br>Harjuniityn koulu, Nokia (12\/2024)<br>Hepolan koulu, Kemi (12\/2023)<br>Huttukyl\u00e4n koulu, Oulu (5\/2024)<br>It\u00e4-Suomen koulu, Lappeenranta (12\/2024)<br>J\u00e4k\u00e4rl\u00e4n koulu, Turku (5\/2024)<br>J\u00e4rnefeltin yhten\u00e4iskoulu, Lohja (5\/2025)<br>J\u00e4rvikyl\u00e4n koulu, Nivala (12\/2023)<br>Kirja-Matti, Sein\u00e4joki (12\/2024)<br>Koulumestarin koulu, Espoo (5\/2024)<br>Luostarivuoren koulu, Turku (12\/2024)<br>Luvian yhten\u00e4iskoulu, Eurajoki (12\/2024)<br>L\u00e4nsiharjun peruskoulu, Lahti (5\/2025)<br>Nepenm\u00e4en koulu, Joensuu (12\/2023)<br>Ounasrinteen peruskoulu, Rovaniemi (12\/2023)<br>Pielisjoen koulu, Joensuu (5\/2024)<br>Pitk\u00e4kankaan koulu, Oulu (12\/2024)<br>Seitsem\u00e4n veljeksen koulu, Nurmij\u00e4rvi (5\/2025)<br>Siltatien yhten\u00e4iskoulu, Yl\u00f6j\u00e4rvi (5\/2025)<br>Suomalainen koulu, Tallinna (12\/2023)<br>Tupoksen koulu, Liminka (5\/2024)<br>Vanttilan koulu, Espoo (5\/2024)<br>Tiernan koulu, Oulu (12\/2024)<\/p>\n\n\n\n<h3 class=\"wp-block-heading\">Level 1 \u2013 Aware and developing practice<\/h3>\n\n\n\n<p>Aarnivalkean koulu, Espoo (12\/2023)<br>Armfeltin koulu, Salo (5\/2025)<br>H\u00e4meenlinnan Yhteiskoulu, H\u00e4meenlinna (12\/2024)<br>Kajaanin lyseo, Kajaani (5\/2024)<br>Karhulan koulu, Kotka (12\/2024)<br>Karhusuon koulu, Espoo (5\/2025)<br>Kauhavan yhten\u00e4iskoulu, Kauhava (12\/2023)<br>Koivupuhdon koulu, Merij\u00e4rvi (12\/2023)<br>Lehtikuusen koulu, Vantaa (5\/2025)<br>Maikkulan koulu, Oulu (12\/2024)<br>Meritorin koulu, Espoo (5\/2024)<br>Mertalan koulu, Savonlinna (12\/2023)<br>Myllyl\u00e4n koulu, Orimattila (12\/2023)<br>Niemist\u00f6n koulu, Sein\u00e4joki (12\/2024)<br>Oulun kansainv\u00e4linen koulu, Oulu (12\/2024)<br>Pohjoispuiston koulu, Hyvink\u00e4\u00e4 (5\/2025)<br>Pomarkun yhteiskoulu ja lukio, Pomarkku (12\/2023)<br>Pornaisten Yhten\u00e4iskoulu, Pornainen (12\/2024)<br>Renkom\u00e4en koulu, Lahti (5\/2025)<br>Roihuvuoren ala-aste, Helsinki (12\/2023)<br>Sauvosaaren koulu, Kemi (5\/2024)<br>Sorrilan yhten\u00e4iskoulu, Valkeakoski (5\/2024)<br>Viherlaakson koulu, Espoo (12\/2024)<\/p>\n","protected":false},"excerpt":{"rendered":"<p>The LUMA\/STEAM Certificate has been developed and implemented in collaboration with Technology Industries of Finland, the cities of Tampere, Oulu, and Turku, and the University of Oulu. It serves as a tool for Finnish comprehensive schools to self-assess and develop their mathematics, science, and technology education. LUMA Centre Finland manages the certification process for schools. &#8230; <a title=\"LUMA\/STEAM Certificate for Finnish schools\" class=\"read-more\" href=\"https:\/\/www.luma.fi\/en\/for-teachers\/luma-steam-certificate\/\" aria-label=\"Read more about LUMA\/STEAM Certificate for Finnish schools\">Read more<\/a><\/p>\n","protected":false},"author":2,"featured_media":864,"parent":510,"menu_order":0,"comment_status":"closed","ping_status":"closed","template":"","meta":{"footnotes":""},"class_list":["post-14961","page","type-page","status-publish","has-post-thumbnail"],"yoast_head":"<!-- This site is optimized with the Yoast SEO plugin v27.5 - https:\/\/yoast.com\/product\/yoast-seo-wordpress\/ -->\n<title>LUMA\/STEAM Certificate for Finnish schools - LUMA-keskus Suomi<\/title>\n<meta name=\"robots\" content=\"index, follow, max-snippet:-1, max-image-preview:large, max-video-preview:-1\" \/>\n<link rel=\"canonical\" href=\"https:\/\/www.luma.fi\/en\/for-teachers\/luma-steam-certificate\/\" \/>\n<meta property=\"og:locale\" content=\"en_US\" \/>\n<meta property=\"og:type\" content=\"article\" \/>\n<meta property=\"og:title\" content=\"LUMA\/STEAM Certificate for Finnish schools - LUMA-keskus Suomi\" \/>\n<meta property=\"og:description\" content=\"The LUMA\/STEAM Certificate has been developed and implemented in collaboration with Technology Industries of Finland, the cities of Tampere, Oulu, and Turku, and the University of Oulu. It serves as a tool for Finnish comprehensive schools to self-assess and develop their mathematics, science, and technology education. LUMA Centre Finland manages the certification process for schools. ... Read more\" \/>\n<meta property=\"og:url\" content=\"https:\/\/www.luma.fi\/en\/for-teachers\/luma-steam-certificate\/\" \/>\n<meta property=\"og:site_name\" content=\"LUMA-keskus Suomi\" \/>\n<meta property=\"article:publisher\" content=\"https:\/\/www.facebook.com\/LUMAkeskusSuomi\/\" \/>\n<meta property=\"article:modified_time\" content=\"2025-11-28T12:08:23+00:00\" \/>\n<meta property=\"og:image\" content=\"https:\/\/www.luma.fi\/wp-content\/uploads\/2025\/10\/LUMASTEAM-sertifikaatti-6-2.png\" \/>\n\t<meta property=\"og:image:width\" content=\"1200\" \/>\n\t<meta property=\"og:image:height\" content=\"599\" \/>\n\t<meta property=\"og:image:type\" content=\"image\/png\" \/>\n<meta name=\"twitter:card\" content=\"summary_large_image\" \/>\n<meta name=\"twitter:label1\" content=\"Est. reading time\" \/>\n\t<meta name=\"twitter:data1\" content=\"3 minutes\" \/>\n<script type=\"application\/ld+json\" class=\"yoast-schema-graph\">{\"@context\":\"https:\\\/\\\/schema.org\",\"@graph\":[{\"@type\":\"WebPage\",\"@id\":\"https:\\\/\\\/www.luma.fi\\\/en\\\/for-teachers\\\/luma-steam-certificate\\\/\",\"url\":\"https:\\\/\\\/www.luma.fi\\\/en\\\/for-teachers\\\/luma-steam-certificate\\\/\",\"name\":\"LUMA\\\/STEAM Certificate for Finnish schools - LUMA-keskus Suomi\",\"isPartOf\":{\"@id\":\"https:\\\/\\\/www.luma.fi\\\/en\\\/#website\"},\"primaryImageOfPage\":{\"@id\":\"https:\\\/\\\/www.luma.fi\\\/en\\\/for-teachers\\\/luma-steam-certificate\\\/#primaryimage\"},\"image\":{\"@id\":\"https:\\\/\\\/www.luma.fi\\\/en\\\/for-teachers\\\/luma-steam-certificate\\\/#primaryimage\"},\"thumbnailUrl\":\"https:\\\/\\\/www.luma.fi\\\/wp-content\\\/uploads\\\/2025\\\/10\\\/LUMASTEAM-sertifikaatti-6-2.png\",\"datePublished\":\"2025-09-08T13:26:17+00:00\",\"dateModified\":\"2025-11-28T12:08:23+00:00\",\"breadcrumb\":{\"@id\":\"https:\\\/\\\/www.luma.fi\\\/en\\\/for-teachers\\\/luma-steam-certificate\\\/#breadcrumb\"},\"inLanguage\":\"en-US\",\"potentialAction\":[{\"@type\":\"ReadAction\",\"target\":[\"https:\\\/\\\/www.luma.fi\\\/en\\\/for-teachers\\\/luma-steam-certificate\\\/\"]}]},{\"@type\":\"ImageObject\",\"inLanguage\":\"en-US\",\"@id\":\"https:\\\/\\\/www.luma.fi\\\/en\\\/for-teachers\\\/luma-steam-certificate\\\/#primaryimage\",\"url\":\"https:\\\/\\\/www.luma.fi\\\/wp-content\\\/uploads\\\/2025\\\/10\\\/LUMASTEAM-sertifikaatti-6-2.png\",\"contentUrl\":\"https:\\\/\\\/www.luma.fi\\\/wp-content\\\/uploads\\\/2025\\\/10\\\/LUMASTEAM-sertifikaatti-6-2.png\",\"width\":1200,\"height\":599,\"caption\":\"Valokuvassa teini-ik\u00e4inen poika pelaa shakkia. Kuvan p\u00e4\u00e4ll\u00e4 on LUMA\\\/STEAM-sertifikaatin logo.\"},{\"@type\":\"BreadcrumbList\",\"@id\":\"https:\\\/\\\/www.luma.fi\\\/en\\\/for-teachers\\\/luma-steam-certificate\\\/#breadcrumb\",\"itemListElement\":[{\"@type\":\"ListItem\",\"position\":1,\"name\":\"Etusivu\",\"item\":\"https:\\\/\\\/www.luma.fi\\\/en\\\/\"},{\"@type\":\"ListItem\",\"position\":2,\"name\":\"For teachers\",\"item\":\"https:\\\/\\\/www.luma.fi\\\/en\\\/for-teachers\\\/\"},{\"@type\":\"ListItem\",\"position\":3,\"name\":\"LUMA\\\/STEAM Certificate for Finnish schools\"}]},{\"@type\":\"WebSite\",\"@id\":\"https:\\\/\\\/www.luma.fi\\\/en\\\/#website\",\"url\":\"https:\\\/\\\/www.luma.fi\\\/en\\\/\",\"name\":\"LUMA-keskus Suomi\",\"description\":\"LUMA-keskus Suomi on 11 yliopiston tiedekasvatukseen ja teknologiakasvatukseen keskittyv&auml; verkosto. \",\"publisher\":{\"@id\":\"https:\\\/\\\/www.luma.fi\\\/en\\\/#organization\"},\"potentialAction\":[{\"@type\":\"SearchAction\",\"target\":{\"@type\":\"EntryPoint\",\"urlTemplate\":\"https:\\\/\\\/www.luma.fi\\\/en\\\/?s={search_term_string}\"},\"query-input\":{\"@type\":\"PropertyValueSpecification\",\"valueRequired\":true,\"valueName\":\"search_term_string\"}}],\"inLanguage\":\"en-US\"},{\"@type\":\"Organization\",\"@id\":\"https:\\\/\\\/www.luma.fi\\\/en\\\/#organization\",\"name\":\"LUMA-keskus Suomi\",\"url\":\"https:\\\/\\\/www.luma.fi\\\/en\\\/\",\"logo\":{\"@type\":\"ImageObject\",\"inLanguage\":\"en-US\",\"@id\":\"https:\\\/\\\/www.luma.fi\\\/en\\\/#\\\/schema\\\/logo\\\/image\\\/\",\"url\":\"https:\\\/\\\/www.luma.fi\\\/wp-content\\\/uploads\\\/2025\\\/08\\\/luma_flower-multicolored_small.png\",\"contentUrl\":\"https:\\\/\\\/www.luma.fi\\\/wp-content\\\/uploads\\\/2025\\\/08\\\/luma_flower-multicolored_small.png\",\"width\":556,\"height\":557,\"caption\":\"LUMA-keskus Suomi\"},\"image\":{\"@id\":\"https:\\\/\\\/www.luma.fi\\\/en\\\/#\\\/schema\\\/logo\\\/image\\\/\"},\"sameAs\":[\"https:\\\/\\\/www.facebook.com\\\/LUMAkeskusSuomi\\\/\",\"https:\\\/\\\/www.instagram.com\\\/lumasuomi\\\/\",\"https:\\\/\\\/www.youtube.com\\\/user\\\/lumakeskus\"]}]}<\/script>\n<!-- \/ Yoast SEO plugin. -->","yoast_head_json":{"title":"LUMA\/STEAM Certificate for Finnish schools - LUMA-keskus Suomi","robots":{"index":"index","follow":"follow","max-snippet":"max-snippet:-1","max-image-preview":"max-image-preview:large","max-video-preview":"max-video-preview:-1"},"canonical":"https:\/\/www.luma.fi\/en\/for-teachers\/luma-steam-certificate\/","og_locale":"en_US","og_type":"article","og_title":"LUMA\/STEAM Certificate for Finnish schools - LUMA-keskus Suomi","og_description":"The LUMA\/STEAM Certificate has been developed and implemented in collaboration with Technology Industries of Finland, the cities of Tampere, Oulu, and Turku, and the University of Oulu. It serves as a tool for Finnish comprehensive schools to self-assess and develop their mathematics, science, and technology education. LUMA Centre Finland manages the certification process for schools. ... Read more","og_url":"https:\/\/www.luma.fi\/en\/for-teachers\/luma-steam-certificate\/","og_site_name":"LUMA-keskus Suomi","article_publisher":"https:\/\/www.facebook.com\/LUMAkeskusSuomi\/","article_modified_time":"2025-11-28T12:08:23+00:00","og_image":[{"width":1200,"height":599,"url":"https:\/\/www.luma.fi\/wp-content\/uploads\/2025\/10\/LUMASTEAM-sertifikaatti-6-2.png","type":"image\/png"}],"twitter_card":"summary_large_image","twitter_misc":{"Est. reading time":"3 minutes"},"schema":{"@context":"https:\/\/schema.org","@graph":[{"@type":"WebPage","@id":"https:\/\/www.luma.fi\/en\/for-teachers\/luma-steam-certificate\/","url":"https:\/\/www.luma.fi\/en\/for-teachers\/luma-steam-certificate\/","name":"LUMA\/STEAM Certificate for Finnish schools - LUMA-keskus Suomi","isPartOf":{"@id":"https:\/\/www.luma.fi\/en\/#website"},"primaryImageOfPage":{"@id":"https:\/\/www.luma.fi\/en\/for-teachers\/luma-steam-certificate\/#primaryimage"},"image":{"@id":"https:\/\/www.luma.fi\/en\/for-teachers\/luma-steam-certificate\/#primaryimage"},"thumbnailUrl":"https:\/\/www.luma.fi\/wp-content\/uploads\/2025\/10\/LUMASTEAM-sertifikaatti-6-2.png","datePublished":"2025-09-08T13:26:17+00:00","dateModified":"2025-11-28T12:08:23+00:00","breadcrumb":{"@id":"https:\/\/www.luma.fi\/en\/for-teachers\/luma-steam-certificate\/#breadcrumb"},"inLanguage":"en-US","potentialAction":[{"@type":"ReadAction","target":["https:\/\/www.luma.fi\/en\/for-teachers\/luma-steam-certificate\/"]}]},{"@type":"ImageObject","inLanguage":"en-US","@id":"https:\/\/www.luma.fi\/en\/for-teachers\/luma-steam-certificate\/#primaryimage","url":"https:\/\/www.luma.fi\/wp-content\/uploads\/2025\/10\/LUMASTEAM-sertifikaatti-6-2.png","contentUrl":"https:\/\/www.luma.fi\/wp-content\/uploads\/2025\/10\/LUMASTEAM-sertifikaatti-6-2.png","width":1200,"height":599,"caption":"Valokuvassa teini-ik\u00e4inen poika pelaa shakkia. Kuvan p\u00e4\u00e4ll\u00e4 on LUMA\/STEAM-sertifikaatin logo."},{"@type":"BreadcrumbList","@id":"https:\/\/www.luma.fi\/en\/for-teachers\/luma-steam-certificate\/#breadcrumb","itemListElement":[{"@type":"ListItem","position":1,"name":"Etusivu","item":"https:\/\/www.luma.fi\/en\/"},{"@type":"ListItem","position":2,"name":"For teachers","item":"https:\/\/www.luma.fi\/en\/for-teachers\/"},{"@type":"ListItem","position":3,"name":"LUMA\/STEAM Certificate for Finnish schools"}]},{"@type":"WebSite","@id":"https:\/\/www.luma.fi\/en\/#website","url":"https:\/\/www.luma.fi\/en\/","name":"LUMA-keskus Suomi","description":"LUMA-keskus Suomi on 11 yliopiston tiedekasvatukseen ja teknologiakasvatukseen keskittyv&auml; verkosto. ","publisher":{"@id":"https:\/\/www.luma.fi\/en\/#organization"},"potentialAction":[{"@type":"SearchAction","target":{"@type":"EntryPoint","urlTemplate":"https:\/\/www.luma.fi\/en\/?s={search_term_string}"},"query-input":{"@type":"PropertyValueSpecification","valueRequired":true,"valueName":"search_term_string"}}],"inLanguage":"en-US"},{"@type":"Organization","@id":"https:\/\/www.luma.fi\/en\/#organization","name":"LUMA-keskus Suomi","url":"https:\/\/www.luma.fi\/en\/","logo":{"@type":"ImageObject","inLanguage":"en-US","@id":"https:\/\/www.luma.fi\/en\/#\/schema\/logo\/image\/","url":"https:\/\/www.luma.fi\/wp-content\/uploads\/2025\/08\/luma_flower-multicolored_small.png","contentUrl":"https:\/\/www.luma.fi\/wp-content\/uploads\/2025\/08\/luma_flower-multicolored_small.png","width":556,"height":557,"caption":"LUMA-keskus Suomi"},"image":{"@id":"https:\/\/www.luma.fi\/en\/#\/schema\/logo\/image\/"},"sameAs":["https:\/\/www.facebook.com\/LUMAkeskusSuomi\/","https:\/\/www.instagram.com\/lumasuomi\/","https:\/\/www.youtube.com\/user\/lumakeskus"]}]}},"_links":{"self":[{"href":"https:\/\/www.luma.fi\/en\/wp-json\/wp\/v2\/pages\/14961","targetHints":{"allow":["GET"]}}],"collection":[{"href":"https:\/\/www.luma.fi\/en\/wp-json\/wp\/v2\/pages"}],"about":[{"href":"https:\/\/www.luma.fi\/en\/wp-json\/wp\/v2\/types\/page"}],"author":[{"embeddable":true,"href":"https:\/\/www.luma.fi\/en\/wp-json\/wp\/v2\/users\/2"}],"replies":[{"embeddable":true,"href":"https:\/\/www.luma.fi\/en\/wp-json\/wp\/v2\/comments?post=14961"}],"version-history":[{"count":1,"href":"https:\/\/www.luma.fi\/en\/wp-json\/wp\/v2\/pages\/14961\/revisions"}],"predecessor-version":[{"id":14962,"href":"https:\/\/www.luma.fi\/en\/wp-json\/wp\/v2\/pages\/14961\/revisions\/14962"}],"up":[{"embeddable":true,"href":"https:\/\/www.luma.fi\/en\/wp-json\/wp\/v2\/pages\/510"}],"wp:featuredmedia":[{"embeddable":true,"href":"https:\/\/www.luma.fi\/en\/wp-json\/wp\/v2\/media\/864"}],"wp:attachment":[{"href":"https:\/\/www.luma.fi\/en\/wp-json\/wp\/v2\/media?parent=14961"}],"curies":[{"name":"wp","href":"https:\/\/api.w.org\/{rel}","templated":true}]}}