{"id":14972,"date":"2025-08-29T12:39:47","date_gmt":"2025-08-29T10:39:47","guid":{"rendered":"https:\/\/www.myscience.fi\/?page_id=14972"},"modified":"2026-02-04T12:29:44","modified_gmt":"2026-02-04T10:29:44","slug":"collaboration","status":"publish","type":"page","link":"https:\/\/www.luma.fi\/en\/about-us\/collaboration\/","title":{"rendered":"Together we are more"},"content":{"rendered":"\n<p>We collaborate with various science education organizations. From the page, you can read more about our international partners and the National LUMA Advisory Board.<\/p>\n\n\n\n<h2 class=\"wp-block-heading\">International Cooperation<\/h2>\n\n\n\n<p>The LUMA Centre Finland network and regional LUMA Centres are actively engaged in international cooperation through various projects, research initiatives, science education, and teacher training. The network also maintains ongoing collaboration with several universities and international organizations. Among others, the following networks are our partners:<\/p>\n\n\n\n<p><strong><a href=\"https:\/\/www.science-on-stage.eu\/\" target=\"_blank\" rel=\"noreferrer noopener\">Science on Stage<\/a><\/strong> network brings together teachers of LUMA subjects from across Europe to share best practices. Read more about our national Science on Stage activities <a href=\"https:\/\/www.luma.fi\/en\/science-on-stage-finland\/\">here<\/a>.<\/p>\n\n\n\n<p><strong><a href=\"https:\/\/www.stemcoalition.eu\/\" target=\"_blank\" rel=\"noreferrer noopener\">EU STEM Coalition<\/a><\/strong> network develops STEM education and highlights its importance in education policy.<\/p>\n\n\n\n<p><span style=\"box-sizing: border-box; margin: 0px; padding: 0px;\"><a href=\"https:\/\/www.stiftung-kinder-forschen.de\/en\/international-dialogue-idos\/\" target=\"_blank\"><strong>The International Dialogue on STEM Education (IDoS)<\/strong><\/a>&nbsp;network facilitates international professional exchanges of best practices among its&nbsp;<\/span>member organizations.<\/p>\n\n\n\n<h3 class=\"wp-block-heading\">Memoranda of Understanding<\/h3>\n\n\n\n<p>LUMA Centre Finland has agreed on general cooperation with the following organizations:<\/p>\n\n\n\n<ul class=\"wp-block-list\">\n<li>The Southeast Asian Ministers of Education Organization Regional Centre for STEM Education (SEAMEO STEM-ED)<\/li>\n\n\n\n<li>Institute for Educational Research \u2013 KNUE, Korea National University of Education<\/li>\n\n\n\n<li>Paro College of Education, Royal University of Bhutan<\/li>\n\n\n\n<li>The Faculty of Mathematics and Natural Sciences (FMIPA) at Universitas Negeri Malang, Indonesia<\/li>\n\n\n\n<li>Ilia State University (ISU), Georgia<\/li>\n\n\n\n<li>Nakhon Phanom University, Thailand<\/li>\n\n\n\n<li>Experience Workshop Oy, Finland<\/li>\n\n\n\n<li>Beijing Chaoyang Branch of the Academy for Juvenile Innovation, China &amp; Institute of International and Comparative Education, Beijing Normal University, China<\/li>\n\n\n\n<li>Faculty of Mathematics and Science Education, Universitas Pendidikan Indonesia<\/li>\n<\/ul>\n\n\n\n<h3 class=\"wp-block-heading\">StarT \u2013 Inspiring Learning Together Worldwide<\/h3>\n\n\n\n<p>Since 2016, StarT, created by LUMA Centre Finland, has grown into a global movement that transforms science, mathematics, technology, and sustainability education through creativity and collaboration. The name says it all: every child and young person can be a Star, and the T stands for teamwork. At its core, StarT is about learning together through projects and sharing ideas across borders to make education meaningful and exciting.<\/p>\n\n\n\n<p>From 2016 to 2022, the International StarT LUMA Competition brought together thousands of participants from more than 60 countries. Each year culminated in the International StarT Gala, a vibrant celebration of creativity and best practices, where young innovators and educators inspired one another. In addition, local LUMA Centres have organized regional StarT festivals with award ceremonies in Finland. Many of the projects and teaching practices are freely available in our <a href=\"https:\/\/start.luma.fi\/en\/materials\/\" target=\"_blank\" rel=\"noreferrer noopener\">open material bank.<\/a> <\/p>\n\n\n\n<p>Since 2023, StarT has expanded through the International <a href=\"https:\/\/journals.helsinki.fi\/lumatb\/article\/view\/2780\" target=\"_blank\" rel=\"noreferrer noopener\">StarT LUMA Science Clubs Programme<\/a>, linking formal education with informal learning environments. These clubs, co-designed through research, offer children, teachers, and student teachers opportunities to engage in project-based STE(A)M learning beyond the classroom. StarT LUMA also inspires families: they are welcome to join the final club session and see their children\u2019s projects.<\/p>\n\n\n\n<p><a href=\"https:\/\/digicampus.fi\/course\/info.php?id=5746\" target=\"_blank\" rel=\"noreferrer noopener\">An open online course on project-based learning<\/a> supports teachers and educators with implementing clubs and projects that foster creativity, collaboration, and culturally sustainable practices. <\/p>\n\n\n\n<p>Today, StarT is more than a programme; it is a community-driven platform for sustainable STE(A)M education, aligned with global goals and local needs. It invites everyone\u2014students, teachers, and families\u2014to become co-creators of knowledge and solutions. By fostering creativity and a sense of agency, StarT helps young people see themselves as active contributors to a better future. Contact information: <a href=\"https:\/\/www.helsinki.fi\/en\/about-us\/people\/people-finder\/maija-aksela-9036275\" target=\"_blank\" rel=\"noreferrer noopener\">Director, Professor Maija Aksela<\/a>.<\/p>\n\n\n\n<h2 class=\"wp-block-heading\">LUMA Advisory Board&nbsp;<\/h2>\n\n\n\n<p>The National LUMA Advisory Board serves as a consultative discussion forum for the Board of LUMA Centre Finland. The Advisory Board meets 2\u20133 times a year. During the meetings, current issues of the LUMA Centre Finland network are addressed, and participants have the opportunity to contribute to planning and communication. The Advisory Board also jointly prepares new initiatives and statements and shares information on current science education activities both in Finland and internationally.<\/p>\n\n\n\n<p>The chair of the Advisory Board is <a href=\"https:\/\/www.oulu.fi\/fi\/tutkijat\/sari-harmoinen\" target=\"_blank\" rel=\"noreferrer noopener\">Sari Harmoinen<\/a>, Chair of the Board of LUMA Centre Finland, and the vice-chair is <a href=\"https:\/\/teknologiateollisuus.fi\/contacts\/pontynen-leena\/\" target=\"_blank\" rel=\"noreferrer noopener\">Leena P\u00f6ntynen<\/a> from Technology Industries of Finland. The Director of LUMA Centre Finland is also a member of the Advisory Board.<\/p>\n\n\n\n<p>Representatives from numerous partner organizations have been invited to join the Advisory Board:<\/p>\n\n\n\n<figure class=\"wp-block-table\"><table class=\"has-fixed-layout\"><tbody><tr><td><strong>Organisation<\/strong><\/td><td><strong>Representative<\/strong><\/td><td><strong>Deputy representative<\/strong><\/td><\/tr><tr><td>Subject Teachers\u2019 Association<\/td><td><\/td><td><\/td><\/tr><tr><td>Rectors\u2019 Conference of Finnish Universities of Applied Sciences (Arene)<\/td><td>Sami Suhonen&nbsp;<\/td><td>Mikael Paronen&nbsp;<\/td><\/tr><tr><td>Association of Biology and Geography Teachers (BMOL)<\/td><td>Teppo Kuusela&nbsp;<\/td><td><\/td><\/tr><tr><td>Energy Industry<\/td><td>Henna Hirvonen&nbsp;<\/td><td><\/td><\/tr><tr><td>City of Espoo<\/td><td>Minna Kukkonen&nbsp;<\/td><td><\/td><\/tr><tr><td>Helsinki Science Upper Secondary School<\/td><td>Kaisa Tikka&nbsp;<\/td><td><\/td><\/tr><tr><td>Innokas Network<\/td><td>Tiina Korhonen&nbsp;<\/td><td>Leenu Juurola&nbsp;<\/td><\/tr><tr><td>Development Centre Opinkirjo<\/td><td>Minna Riikka J\u00e4rvinen&nbsp;<\/td><td><\/td><\/tr><tr><td>Chemical Industry Federation of Finland<\/td><td>Hanna Hyyryl\u00e4inen<\/td><td><\/td><\/tr><tr><td>Association of Craft Teachers<\/td><td>Liisa Vuolas<\/td><td>Minna Hankala-Vuorinen<\/td><\/tr><tr><td>Finnish Museum of Natural History (Luomus)<\/td><td>Jouko Rikkinen&nbsp;<\/td><td><\/td><\/tr><tr><td>Natural Resources Institute Finland (Luke)<\/td><td>Eeva Sievi&nbsp;<\/td><td>Juha Heikkil\u00e4&nbsp;<\/td><\/tr><tr><td>Association of Mathematics Teachers (MAOL)<\/td><td>Jasmin V\u00e4lim\u00e4ki&nbsp;<\/td><td>P\u00e4ivi Hyttinen&nbsp;<\/td><\/tr><tr><td>Forest Industry<\/td><td>Venla Kaplas&nbsp;<\/td><td><\/td><\/tr><tr><td>National Council of Women of Finland<\/td><td>Annamaija Eskola&nbsp;<\/td><td><\/td><\/tr><tr><td>Ministry of Education and Culture<\/td><td><\/td><td><\/td><\/tr><tr><td>Trade Union of Education in Finland (OAJ)<\/td><td>Tuomo Laakso&nbsp;<\/td><td><\/td><\/tr><tr><td>Finnish National Agency for Education<\/td><td>Leo Pahkin&nbsp;<\/td><td><\/td><\/tr><tr><td>Sanoma Media Finland<\/td><td>Jukka Ruukki&nbsp;<\/td><td><\/td><\/tr><tr><td>Finnish Academy of Science<\/td><td>Pekka Aula&nbsp;<\/td><td><\/td><\/tr><tr><td>Finnish Chemical Society<\/td><td>Pekka Joensuu&nbsp;<\/td><td><\/td><\/tr><tr><td>Finnish Physical Society<\/td><td><\/td><td><\/td><\/tr><tr><td>Principals of Finnish Teacher Training Schools<\/td><td>Antero Hietam\u00e4ki&nbsp;<\/td><td><\/td><\/tr><tr><td>Finnish Class Teachers\u2019 Association<\/td><td>Karita Koskinen&nbsp;<\/td><td>Saara Kokko&nbsp;<\/td><\/tr><tr><td>Finnish Network of Nature and Environmental Schools (LYKE Network)<\/td><td>Maija Ihantola&nbsp;<\/td><td><\/td><\/tr><tr><td>Finnish Forest Association<\/td><td>Jaska Salonen<\/td><td><\/td><\/tr><tr><td>Finnish Study Counsellors\u2019 Association (SOPO)<\/td><td>Anne Siv\u00e9n&nbsp;<\/td><td><\/td><\/tr><tr><td>Finnish Principals\u2019 Association<\/td><td>Pertti Tuomi&nbsp;<\/td><td><\/td><\/tr><tr><td>Association of Finnish Science Editors and Journalists<\/td><td>Riina Linna&nbsp;<\/td><td><\/td><\/tr><tr><td>Rectors\u2019 Conference of Finnish Universities (UNIFI)<\/td><td>Elina Oksanen&nbsp;<\/td><td><\/td><\/tr><tr><td>National Union of University Students in Finland (SYL)<\/td><td>&nbsp;Tiia Virtanen&nbsp;<\/td><td><\/td><\/tr><tr><td>Academic Engineers and Architects in Finland (TEK)<\/td><td>Juhani Nokela&nbsp;<\/td><td>Tuula Pihlajamaa&nbsp;<\/td><\/tr><tr><td>Technology Academy Finland (TAF)<\/td><td><\/td><td><\/td><\/tr><tr><td>Museum of Technology<\/td><td>Anssi Tuulenm\u00e4ki&nbsp;<\/td><td><\/td><\/tr><tr><td>Technical Association of Finland (TFiF)<\/td><td>Annika Nylander&nbsp;<\/td><td><\/td><\/tr><tr><td>Association of Technical Subject Teachers (TAO)<\/td><td>Timo Saarinen<\/td><td>Katri K\u00f6ng\u00e4s<\/td><\/tr><tr><td>Technology Industries of Finland &amp; Technology Industries Centennial Foundation<\/td><td>Leena P\u00f6ntynen&nbsp;<\/td><td><\/td><\/tr><tr><td>Health Technology<\/td><td>Saara Hassinen&nbsp;<\/td><td><\/td><\/tr><tr><td>Science Centre Arktikum<\/td><td>Jonna Katajam\u00e4ki&nbsp;<\/td><td><\/td><\/tr><tr><td>Science Centre Heureka<\/td><td>Jutta Kujasalo&nbsp;<\/td><td><\/td><\/tr><tr><td>Science Centre Pilke<\/td><td>Heikki Hepoaho&nbsp;<\/td><td><\/td><\/tr><tr><td>Science Museum Liekki \/ Observatory<\/td><td>P\u00e4ivi Harjunp\u00e4\u00e4&nbsp;<\/td><td><\/td><\/tr><tr><td>Science Education Association<\/td><td>Mari Nuutinen&nbsp;<\/td><td><\/td><\/tr><tr><td>Science Communication<\/td><td>Reetta Kettunen&nbsp;<\/td><td><\/td><\/tr><tr><td>Astronomical Association URSA<\/td><td>Markku Sarimaa&nbsp;<\/td><td><\/td><\/tr><tr><td>Early Childhood Teachers\u2019 Association (VOL)<\/td><td>Sari Sirni\u00f6&nbsp;<\/td><td><\/td><\/tr><tr><td>Matriculation Examination Board<\/td><td>Vesa Paajanen&nbsp;<\/td><td><\/td><\/tr><\/tbody><\/table><\/figure>\n\n\n\n<h2 class=\"wp-block-heading\">Forum for Teacher Education, Research, and Development in LUMA Subjects<\/h2>\n\n\n\n<p>LUMA Centre Finland maintains a national network of teacher educators, educational researchers, and developers in LUMA subjects. The goal of the network is to promote collaboration among teacher educators, researchers, and developers from different higher education institutions, and to facilitate the dissemination of best practices between educational and research units.<\/p>\n\n\n\n<p>The forum consists of academic experts from universities across Finland. The chair of the forum is Professor Jan Lundell, Director of LUMA Centre Finland. The forum was established in autumn 2014.<\/p>\n","protected":false},"excerpt":{"rendered":"<p>We collaborate with various science education organizations. From the page, you can read more about our international partners and the National LUMA Advisory Board. International Cooperation The LUMA Centre Finland network and regional LUMA Centres are actively engaged in international cooperation through various projects, research initiatives, science education, and teacher training. The network also maintains &#8230; <a title=\"Together we are more\" class=\"read-more\" href=\"https:\/\/www.luma.fi\/en\/about-us\/collaboration\/\" aria-label=\"Read more about Together we are more\">Read more<\/a><\/p>\n","protected":false},"author":2,"featured_media":0,"parent":515,"menu_order":0,"comment_status":"closed","ping_status":"closed","template":"","meta":{"footnotes":""},"class_list":["post-14972","page","type-page","status-publish"],"yoast_head":"<!-- This site is optimized with the Yoast SEO plugin v27.4 - https:\/\/yoast.com\/product\/yoast-seo-wordpress\/ -->\n<title>Together we are more - LUMA-keskus Suomi<\/title>\n<meta name=\"description\" content=\"We collaborate with various science education organizations. From the page, you can read more about our international partners and the National LUMA Advisory Board.\" \/>\n<meta name=\"robots\" content=\"index, follow, max-snippet:-1, max-image-preview:large, max-video-preview:-1\" \/>\n<link rel=\"canonical\" href=\"https:\/\/www.luma.fi\/en\/about-us\/collaboration\/\" \/>\n<meta property=\"og:locale\" content=\"en_US\" \/>\n<meta property=\"og:type\" content=\"article\" \/>\n<meta property=\"og:title\" content=\"Together we are more - LUMA-keskus Suomi\" \/>\n<meta property=\"og:description\" content=\"We collaborate with various science education organizations. From the page, you can read more about our international partners and the National LUMA Advisory Board.\" \/>\n<meta property=\"og:url\" content=\"https:\/\/www.luma.fi\/en\/about-us\/collaboration\/\" \/>\n<meta property=\"og:site_name\" content=\"LUMA-keskus Suomi\" \/>\n<meta property=\"article:publisher\" content=\"https:\/\/www.facebook.com\/LUMAkeskusSuomi\/\" \/>\n<meta property=\"article:modified_time\" content=\"2026-02-04T10:29:44+00:00\" \/>\n<meta name=\"twitter:card\" content=\"summary_large_image\" \/>\n<meta name=\"twitter:label1\" content=\"Est. reading time\" \/>\n\t<meta name=\"twitter:data1\" content=\"7 minutes\" \/>\n<script type=\"application\/ld+json\" class=\"yoast-schema-graph\">{\"@context\":\"https:\\\/\\\/schema.org\",\"@graph\":[{\"@type\":\"WebPage\",\"@id\":\"https:\\\/\\\/www.luma.fi\\\/en\\\/about-us\\\/collaboration\\\/\",\"url\":\"https:\\\/\\\/www.luma.fi\\\/en\\\/about-us\\\/collaboration\\\/\",\"name\":\"Together we are more - LUMA-keskus Suomi\",\"isPartOf\":{\"@id\":\"https:\\\/\\\/www.luma.fi\\\/en\\\/#website\"},\"datePublished\":\"2025-08-29T10:39:47+00:00\",\"dateModified\":\"2026-02-04T10:29:44+00:00\",\"description\":\"We collaborate with various science education organizations. From the page, you can read more about our international partners and the National LUMA Advisory Board.\",\"breadcrumb\":{\"@id\":\"https:\\\/\\\/www.luma.fi\\\/en\\\/about-us\\\/collaboration\\\/#breadcrumb\"},\"inLanguage\":\"en-US\",\"potentialAction\":[{\"@type\":\"ReadAction\",\"target\":[\"https:\\\/\\\/www.luma.fi\\\/en\\\/about-us\\\/collaboration\\\/\"]}]},{\"@type\":\"BreadcrumbList\",\"@id\":\"https:\\\/\\\/www.luma.fi\\\/en\\\/about-us\\\/collaboration\\\/#breadcrumb\",\"itemListElement\":[{\"@type\":\"ListItem\",\"position\":1,\"name\":\"Etusivu\",\"item\":\"https:\\\/\\\/www.luma.fi\\\/en\\\/\"},{\"@type\":\"ListItem\",\"position\":2,\"name\":\"About us\",\"item\":\"https:\\\/\\\/www.luma.fi\\\/en\\\/about-us\\\/\"},{\"@type\":\"ListItem\",\"position\":3,\"name\":\"Together we are more\"}]},{\"@type\":\"WebSite\",\"@id\":\"https:\\\/\\\/www.luma.fi\\\/en\\\/#website\",\"url\":\"https:\\\/\\\/www.luma.fi\\\/en\\\/\",\"name\":\"LUMA-keskus Suomi\",\"description\":\"LUMA-keskus Suomi on 11 yliopiston tiedekasvatukseen ja teknologiakasvatukseen keskittyv&auml; verkosto. \",\"publisher\":{\"@id\":\"https:\\\/\\\/www.luma.fi\\\/en\\\/#organization\"},\"potentialAction\":[{\"@type\":\"SearchAction\",\"target\":{\"@type\":\"EntryPoint\",\"urlTemplate\":\"https:\\\/\\\/www.luma.fi\\\/en\\\/?s={search_term_string}\"},\"query-input\":{\"@type\":\"PropertyValueSpecification\",\"valueRequired\":true,\"valueName\":\"search_term_string\"}}],\"inLanguage\":\"en-US\"},{\"@type\":\"Organization\",\"@id\":\"https:\\\/\\\/www.luma.fi\\\/en\\\/#organization\",\"name\":\"LUMA-keskus Suomi\",\"url\":\"https:\\\/\\\/www.luma.fi\\\/en\\\/\",\"logo\":{\"@type\":\"ImageObject\",\"inLanguage\":\"en-US\",\"@id\":\"https:\\\/\\\/www.luma.fi\\\/en\\\/#\\\/schema\\\/logo\\\/image\\\/\",\"url\":\"https:\\\/\\\/www.luma.fi\\\/wp-content\\\/uploads\\\/2025\\\/08\\\/luma_flower-multicolored_small.png\",\"contentUrl\":\"https:\\\/\\\/www.luma.fi\\\/wp-content\\\/uploads\\\/2025\\\/08\\\/luma_flower-multicolored_small.png\",\"width\":556,\"height\":557,\"caption\":\"LUMA-keskus Suomi\"},\"image\":{\"@id\":\"https:\\\/\\\/www.luma.fi\\\/en\\\/#\\\/schema\\\/logo\\\/image\\\/\"},\"sameAs\":[\"https:\\\/\\\/www.facebook.com\\\/LUMAkeskusSuomi\\\/\",\"https:\\\/\\\/www.instagram.com\\\/lumasuomi\\\/\",\"https:\\\/\\\/www.youtube.com\\\/user\\\/lumakeskus\"]}]}<\/script>\n<!-- \/ Yoast SEO plugin. -->","yoast_head_json":{"title":"Together we are more - LUMA-keskus Suomi","description":"We collaborate with various science education organizations. From the page, you can read more about our international partners and the National LUMA Advisory Board.","robots":{"index":"index","follow":"follow","max-snippet":"max-snippet:-1","max-image-preview":"max-image-preview:large","max-video-preview":"max-video-preview:-1"},"canonical":"https:\/\/www.luma.fi\/en\/about-us\/collaboration\/","og_locale":"en_US","og_type":"article","og_title":"Together we are more - LUMA-keskus Suomi","og_description":"We collaborate with various science education organizations. From the page, you can read more about our international partners and the National LUMA Advisory Board.","og_url":"https:\/\/www.luma.fi\/en\/about-us\/collaboration\/","og_site_name":"LUMA-keskus Suomi","article_publisher":"https:\/\/www.facebook.com\/LUMAkeskusSuomi\/","article_modified_time":"2026-02-04T10:29:44+00:00","twitter_card":"summary_large_image","twitter_misc":{"Est. reading time":"7 minutes"},"schema":{"@context":"https:\/\/schema.org","@graph":[{"@type":"WebPage","@id":"https:\/\/www.luma.fi\/en\/about-us\/collaboration\/","url":"https:\/\/www.luma.fi\/en\/about-us\/collaboration\/","name":"Together we are more - LUMA-keskus Suomi","isPartOf":{"@id":"https:\/\/www.luma.fi\/en\/#website"},"datePublished":"2025-08-29T10:39:47+00:00","dateModified":"2026-02-04T10:29:44+00:00","description":"We collaborate with various science education organizations. From the page, you can read more about our international partners and the National LUMA Advisory Board.","breadcrumb":{"@id":"https:\/\/www.luma.fi\/en\/about-us\/collaboration\/#breadcrumb"},"inLanguage":"en-US","potentialAction":[{"@type":"ReadAction","target":["https:\/\/www.luma.fi\/en\/about-us\/collaboration\/"]}]},{"@type":"BreadcrumbList","@id":"https:\/\/www.luma.fi\/en\/about-us\/collaboration\/#breadcrumb","itemListElement":[{"@type":"ListItem","position":1,"name":"Etusivu","item":"https:\/\/www.luma.fi\/en\/"},{"@type":"ListItem","position":2,"name":"About us","item":"https:\/\/www.luma.fi\/en\/about-us\/"},{"@type":"ListItem","position":3,"name":"Together we are more"}]},{"@type":"WebSite","@id":"https:\/\/www.luma.fi\/en\/#website","url":"https:\/\/www.luma.fi\/en\/","name":"LUMA-keskus Suomi","description":"LUMA-keskus Suomi on 11 yliopiston tiedekasvatukseen ja teknologiakasvatukseen keskittyv&auml; verkosto. ","publisher":{"@id":"https:\/\/www.luma.fi\/en\/#organization"},"potentialAction":[{"@type":"SearchAction","target":{"@type":"EntryPoint","urlTemplate":"https:\/\/www.luma.fi\/en\/?s={search_term_string}"},"query-input":{"@type":"PropertyValueSpecification","valueRequired":true,"valueName":"search_term_string"}}],"inLanguage":"en-US"},{"@type":"Organization","@id":"https:\/\/www.luma.fi\/en\/#organization","name":"LUMA-keskus Suomi","url":"https:\/\/www.luma.fi\/en\/","logo":{"@type":"ImageObject","inLanguage":"en-US","@id":"https:\/\/www.luma.fi\/en\/#\/schema\/logo\/image\/","url":"https:\/\/www.luma.fi\/wp-content\/uploads\/2025\/08\/luma_flower-multicolored_small.png","contentUrl":"https:\/\/www.luma.fi\/wp-content\/uploads\/2025\/08\/luma_flower-multicolored_small.png","width":556,"height":557,"caption":"LUMA-keskus Suomi"},"image":{"@id":"https:\/\/www.luma.fi\/en\/#\/schema\/logo\/image\/"},"sameAs":["https:\/\/www.facebook.com\/LUMAkeskusSuomi\/","https:\/\/www.instagram.com\/lumasuomi\/","https:\/\/www.youtube.com\/user\/lumakeskus"]}]}},"_links":{"self":[{"href":"https:\/\/www.luma.fi\/en\/wp-json\/wp\/v2\/pages\/14972","targetHints":{"allow":["GET"]}}],"collection":[{"href":"https:\/\/www.luma.fi\/en\/wp-json\/wp\/v2\/pages"}],"about":[{"href":"https:\/\/www.luma.fi\/en\/wp-json\/wp\/v2\/types\/page"}],"author":[{"embeddable":true,"href":"https:\/\/www.luma.fi\/en\/wp-json\/wp\/v2\/users\/2"}],"replies":[{"embeddable":true,"href":"https:\/\/www.luma.fi\/en\/wp-json\/wp\/v2\/comments?post=14972"}],"version-history":[{"count":8,"href":"https:\/\/www.luma.fi\/en\/wp-json\/wp\/v2\/pages\/14972\/revisions"}],"predecessor-version":[{"id":15791,"href":"https:\/\/www.luma.fi\/en\/wp-json\/wp\/v2\/pages\/14972\/revisions\/15791"}],"up":[{"embeddable":true,"href":"https:\/\/www.luma.fi\/en\/wp-json\/wp\/v2\/pages\/515"}],"wp:attachment":[{"href":"https:\/\/www.luma.fi\/en\/wp-json\/wp\/v2\/media?parent=14972"}],"curies":[{"name":"wp","href":"https:\/\/api.w.org\/{rel}","templated":true}]}}