{"id":14995,"date":"2025-09-08T15:14:12","date_gmt":"2025-09-08T13:14:12","guid":{"rendered":"https:\/\/www.myscience.fi\/?page_id=14995"},"modified":"2026-01-23T16:20:39","modified_gmt":"2026-01-23T14:20:39","slug":"teaching-materials","status":"publish","type":"page","link":"https:\/\/www.luma.fi\/en\/for-teachers\/teaching-materials\/","title":{"rendered":"Teaching materials"},"content":{"rendered":"\n<p>Over the years, we have produced a wide range of free, useful learning materials and resources to support STEM teaching. <\/p>\n\n\n\n<p><a href=\"https:\/\/start.luma.fi\/en\/materials\/\" target=\"_blank\" rel=\"noreferrer noopener\">StarT materials for collaborative project-based learning<\/a><\/p>\n\n\n\n<p>See also <a href=\"https:\/\/aoe.fi\/#\/etusivu\" target=\"_blank\" rel=\"noreferrer noopener\">Finnish Library of Open Educational Resources<\/a>. <\/p>\n\n\n\n<h2 class=\"wp-block-heading\">Early Childhood Education and Pre-primary Education<\/h2>\n\n\n\n<p><a href=\"https:\/\/linkki.cs.helsinki.fi\/cgi-bin\/debbie-action-materiaalit?syn=&amp;kielivalinta=englanti\" target=\"_blank\" rel=\"noreferrer noopener\">Scratch instructions for children<\/a><\/p>\n\n\n\n<p>Easy instructions for children to get familiar with Scratch programming.<\/p>\n\n\n\n<hr class=\"wp-block-separator has-text-color has-alpha-channel-opacity has-background\" style=\"background-color:#00a2c0;color:#00a2c0\"\/>\n\n\n\n<h2 class=\"wp-block-heading\">Comprehensive School Education<\/h2>\n\n\n\n<p><a href=\"https:\/\/blogs.helsinki.fi\/summamutikka\/x-ray-tomography-puzzle\/\" target=\"_blank\" rel=\"noreferrer noopener\">X-ray Tomography puzzles<\/a><\/p>\n\n\n\n<p>Find out what our target is! The file contains two targets, the measurement results, and a space to colour in the targets. The answers are at the end of the file. In addition, the file has empty templates for creating your own measurements from your own targets.<\/p>\n\n\n\n<hr class=\"wp-block-separator has-text-color has-alpha-channel-opacity has-background\" style=\"background-color:#00a2c0;color:#00a2c0\"\/>\n\n\n\n<h2 class=\"wp-block-heading\">Upper Secondary Education<\/h2>\n\n\n\n<p><a href=\"https:\/\/lab.aalto.fi\/\" target=\"_blank\" rel=\"noreferrer noopener\">AALTOLAB Virtual Laboratories<\/a><\/p>\n\n\n\n<p>At Aalto University\u2019s virtual laboratory, you can find a wide range of virtual courses, analyses, and experimental work. In English, you can find laboratory safety training courses and biolaboratory training courses.<\/p>\n\n\n\n<p><a href=\"https:\/\/360.aalto.fi\/wind\/\" target=\"_blank\" rel=\"noreferrer noopener\">Piipparinm\u00e4ki Wind Farm Virtual Visit<\/a><\/p>\n\n\n\n<p>A virtual tour of a wind farm, offering an introduction to the turbines and the power plant. The material is produced by Aalto University.<\/p>\n\n\n\n<p><a href=\"https:\/\/blogs.helsinki.fi\/summamutikka\/x-ray-tomography-puzzle\/\" target=\"_blank\" rel=\"noreferrer noopener\">X-ray Tomography puzzles<\/a><\/p>\n\n\n\n<p>Find out what our target is! The file contains two targets, the measurement results, and a space to colour in the targets. The answers are at the end of the file. In addition, the file has empty templates for creating your own measurements from your own targets.<\/p>\n","protected":false},"excerpt":{"rendered":"<p>Over the years, we have produced a wide range of free, useful learning materials and resources to support STEM teaching. StarT materials for collaborative project-based learning See also Finnish Library of Open Educational Resources. Early Childhood Education and Pre-primary Education Scratch instructions for children Easy instructions for children to get familiar with Scratch programming. Comprehensive &#8230; <a title=\"Teaching materials\" class=\"read-more\" href=\"https:\/\/www.luma.fi\/en\/for-teachers\/teaching-materials\/\" aria-label=\"Read more about Teaching materials\">Read more<\/a><\/p>\n","protected":false},"author":2,"featured_media":675,"parent":510,"menu_order":0,"comment_status":"closed","ping_status":"closed","template":"","meta":{"footnotes":""},"class_list":["post-14995","page","type-page","status-publish","has-post-thumbnail"],"yoast_head":"<!-- This site is optimized with the Yoast SEO plugin v27.6 - https:\/\/yoast.com\/product\/yoast-seo-wordpress\/ -->\n<title>Teaching materials - LUMA-keskus Suomi<\/title>\n<meta name=\"robots\" content=\"index, follow, max-snippet:-1, max-image-preview:large, max-video-preview:-1\" \/>\n<link rel=\"canonical\" href=\"https:\/\/www.luma.fi\/en\/for-teachers\/teaching-materials\/\" \/>\n<meta property=\"og:locale\" content=\"en_US\" \/>\n<meta property=\"og:type\" content=\"article\" \/>\n<meta property=\"og:title\" content=\"Teaching materials - LUMA-keskus Suomi\" \/>\n<meta property=\"og:description\" content=\"Over the years, we have produced a wide range of free, useful learning materials and resources to support STEM teaching. StarT materials for collaborative project-based learning See also Finnish Library of Open Educational Resources. Early Childhood Education and Pre-primary Education Scratch instructions for children Easy instructions for children to get familiar with Scratch programming. Comprehensive ... Read more\" \/>\n<meta property=\"og:url\" content=\"https:\/\/www.luma.fi\/en\/for-teachers\/teaching-materials\/\" \/>\n<meta property=\"og:site_name\" content=\"LUMA-keskus Suomi\" \/>\n<meta property=\"article:publisher\" content=\"https:\/\/www.facebook.com\/LUMAkeskusSuomi\/\" \/>\n<meta property=\"article:modified_time\" content=\"2026-01-23T14:20:39+00:00\" \/>\n<meta property=\"og:image\" content=\"http:\/\/www.luma.fi\/wp-content\/uploads\/2025\/09\/oppimateriaalit.jpg\" \/>\n\t<meta property=\"og:image:width\" content=\"1877\" \/>\n\t<meta property=\"og:image:height\" content=\"940\" \/>\n\t<meta property=\"og:image:type\" content=\"image\/jpeg\" \/>\n<meta name=\"twitter:card\" content=\"summary_large_image\" \/>\n<meta name=\"twitter:label1\" content=\"Est. reading time\" \/>\n\t<meta name=\"twitter:data1\" content=\"2 minutes\" \/>\n<script type=\"application\/ld+json\" class=\"yoast-schema-graph\">{\"@context\":\"https:\\\/\\\/schema.org\",\"@graph\":[{\"@type\":\"WebPage\",\"@id\":\"https:\\\/\\\/www.luma.fi\\\/en\\\/for-teachers\\\/teaching-materials\\\/\",\"url\":\"https:\\\/\\\/www.luma.fi\\\/en\\\/for-teachers\\\/teaching-materials\\\/\",\"name\":\"Teaching materials - LUMA-keskus Suomi\",\"isPartOf\":{\"@id\":\"https:\\\/\\\/www.luma.fi\\\/en\\\/#website\"},\"primaryImageOfPage\":{\"@id\":\"https:\\\/\\\/www.luma.fi\\\/en\\\/for-teachers\\\/teaching-materials\\\/#primaryimage\"},\"image\":{\"@id\":\"https:\\\/\\\/www.luma.fi\\\/en\\\/for-teachers\\\/teaching-materials\\\/#primaryimage\"},\"thumbnailUrl\":\"https:\\\/\\\/www.luma.fi\\\/wp-content\\\/uploads\\\/2025\\\/09\\\/oppimateriaalit.jpg\",\"datePublished\":\"2025-09-08T13:14:12+00:00\",\"dateModified\":\"2026-01-23T14:20:39+00:00\",\"breadcrumb\":{\"@id\":\"https:\\\/\\\/www.luma.fi\\\/en\\\/for-teachers\\\/teaching-materials\\\/#breadcrumb\"},\"inLanguage\":\"en-US\",\"potentialAction\":[{\"@type\":\"ReadAction\",\"target\":[\"https:\\\/\\\/www.luma.fi\\\/en\\\/for-teachers\\\/teaching-materials\\\/\"]}]},{\"@type\":\"ImageObject\",\"inLanguage\":\"en-US\",\"@id\":\"https:\\\/\\\/www.luma.fi\\\/en\\\/for-teachers\\\/teaching-materials\\\/#primaryimage\",\"url\":\"https:\\\/\\\/www.luma.fi\\\/wp-content\\\/uploads\\\/2025\\\/09\\\/oppimateriaalit.jpg\",\"contentUrl\":\"https:\\\/\\\/www.luma.fi\\\/wp-content\\\/uploads\\\/2025\\\/09\\\/oppimateriaalit.jpg\",\"width\":1877,\"height\":940,\"caption\":\"Kuvassa matematiikan opetuksessa k\u00e4ytett\u00e4vi\u00e4 v\u00e4risauvoja. Monet LUMA-keskukset lainaavat v\u00e4risauvoja kouluille.\"},{\"@type\":\"BreadcrumbList\",\"@id\":\"https:\\\/\\\/www.luma.fi\\\/en\\\/for-teachers\\\/teaching-materials\\\/#breadcrumb\",\"itemListElement\":[{\"@type\":\"ListItem\",\"position\":1,\"name\":\"Etusivu\",\"item\":\"https:\\\/\\\/www.luma.fi\\\/en\\\/\"},{\"@type\":\"ListItem\",\"position\":2,\"name\":\"For teachers\",\"item\":\"https:\\\/\\\/www.luma.fi\\\/en\\\/for-teachers\\\/\"},{\"@type\":\"ListItem\",\"position\":3,\"name\":\"Teaching materials\"}]},{\"@type\":\"WebSite\",\"@id\":\"https:\\\/\\\/www.luma.fi\\\/en\\\/#website\",\"url\":\"https:\\\/\\\/www.luma.fi\\\/en\\\/\",\"name\":\"LUMA-keskus Suomi\",\"description\":\"LUMA-keskus Suomi on 11 yliopiston tiedekasvatukseen ja teknologiakasvatukseen keskittyv&auml; verkosto. \",\"publisher\":{\"@id\":\"https:\\\/\\\/www.luma.fi\\\/en\\\/#organization\"},\"potentialAction\":[{\"@type\":\"SearchAction\",\"target\":{\"@type\":\"EntryPoint\",\"urlTemplate\":\"https:\\\/\\\/www.luma.fi\\\/en\\\/?s={search_term_string}\"},\"query-input\":{\"@type\":\"PropertyValueSpecification\",\"valueRequired\":true,\"valueName\":\"search_term_string\"}}],\"inLanguage\":\"en-US\"},{\"@type\":\"Organization\",\"@id\":\"https:\\\/\\\/www.luma.fi\\\/en\\\/#organization\",\"name\":\"LUMA-keskus Suomi\",\"url\":\"https:\\\/\\\/www.luma.fi\\\/en\\\/\",\"logo\":{\"@type\":\"ImageObject\",\"inLanguage\":\"en-US\",\"@id\":\"https:\\\/\\\/www.luma.fi\\\/en\\\/#\\\/schema\\\/logo\\\/image\\\/\",\"url\":\"https:\\\/\\\/www.luma.fi\\\/wp-content\\\/uploads\\\/2025\\\/08\\\/luma_flower-multicolored_small.png\",\"contentUrl\":\"https:\\\/\\\/www.luma.fi\\\/wp-content\\\/uploads\\\/2025\\\/08\\\/luma_flower-multicolored_small.png\",\"width\":556,\"height\":557,\"caption\":\"LUMA-keskus Suomi\"},\"image\":{\"@id\":\"https:\\\/\\\/www.luma.fi\\\/en\\\/#\\\/schema\\\/logo\\\/image\\\/\"},\"sameAs\":[\"https:\\\/\\\/www.facebook.com\\\/LUMAkeskusSuomi\\\/\",\"https:\\\/\\\/www.instagram.com\\\/lumasuomi\\\/\",\"https:\\\/\\\/www.youtube.com\\\/user\\\/lumakeskus\"]}]}<\/script>\n<!-- \/ Yoast SEO plugin. -->","yoast_head_json":{"title":"Teaching materials - LUMA-keskus Suomi","robots":{"index":"index","follow":"follow","max-snippet":"max-snippet:-1","max-image-preview":"max-image-preview:large","max-video-preview":"max-video-preview:-1"},"canonical":"https:\/\/www.luma.fi\/en\/for-teachers\/teaching-materials\/","og_locale":"en_US","og_type":"article","og_title":"Teaching materials - LUMA-keskus Suomi","og_description":"Over the years, we have produced a wide range of free, useful learning materials and resources to support STEM teaching. StarT materials for collaborative project-based learning See also Finnish Library of Open Educational Resources. Early Childhood Education and Pre-primary Education Scratch instructions for children Easy instructions for children to get familiar with Scratch programming. Comprehensive ... Read more","og_url":"https:\/\/www.luma.fi\/en\/for-teachers\/teaching-materials\/","og_site_name":"LUMA-keskus Suomi","article_publisher":"https:\/\/www.facebook.com\/LUMAkeskusSuomi\/","article_modified_time":"2026-01-23T14:20:39+00:00","og_image":[{"width":1877,"height":940,"url":"http:\/\/www.luma.fi\/wp-content\/uploads\/2025\/09\/oppimateriaalit.jpg","type":"image\/jpeg"}],"twitter_card":"summary_large_image","twitter_misc":{"Est. reading time":"2 minutes"},"schema":{"@context":"https:\/\/schema.org","@graph":[{"@type":"WebPage","@id":"https:\/\/www.luma.fi\/en\/for-teachers\/teaching-materials\/","url":"https:\/\/www.luma.fi\/en\/for-teachers\/teaching-materials\/","name":"Teaching materials - LUMA-keskus Suomi","isPartOf":{"@id":"https:\/\/www.luma.fi\/en\/#website"},"primaryImageOfPage":{"@id":"https:\/\/www.luma.fi\/en\/for-teachers\/teaching-materials\/#primaryimage"},"image":{"@id":"https:\/\/www.luma.fi\/en\/for-teachers\/teaching-materials\/#primaryimage"},"thumbnailUrl":"https:\/\/www.luma.fi\/wp-content\/uploads\/2025\/09\/oppimateriaalit.jpg","datePublished":"2025-09-08T13:14:12+00:00","dateModified":"2026-01-23T14:20:39+00:00","breadcrumb":{"@id":"https:\/\/www.luma.fi\/en\/for-teachers\/teaching-materials\/#breadcrumb"},"inLanguage":"en-US","potentialAction":[{"@type":"ReadAction","target":["https:\/\/www.luma.fi\/en\/for-teachers\/teaching-materials\/"]}]},{"@type":"ImageObject","inLanguage":"en-US","@id":"https:\/\/www.luma.fi\/en\/for-teachers\/teaching-materials\/#primaryimage","url":"https:\/\/www.luma.fi\/wp-content\/uploads\/2025\/09\/oppimateriaalit.jpg","contentUrl":"https:\/\/www.luma.fi\/wp-content\/uploads\/2025\/09\/oppimateriaalit.jpg","width":1877,"height":940,"caption":"Kuvassa matematiikan opetuksessa k\u00e4ytett\u00e4vi\u00e4 v\u00e4risauvoja. Monet LUMA-keskukset lainaavat v\u00e4risauvoja kouluille."},{"@type":"BreadcrumbList","@id":"https:\/\/www.luma.fi\/en\/for-teachers\/teaching-materials\/#breadcrumb","itemListElement":[{"@type":"ListItem","position":1,"name":"Etusivu","item":"https:\/\/www.luma.fi\/en\/"},{"@type":"ListItem","position":2,"name":"For teachers","item":"https:\/\/www.luma.fi\/en\/for-teachers\/"},{"@type":"ListItem","position":3,"name":"Teaching materials"}]},{"@type":"WebSite","@id":"https:\/\/www.luma.fi\/en\/#website","url":"https:\/\/www.luma.fi\/en\/","name":"LUMA-keskus Suomi","description":"LUMA-keskus Suomi on 11 yliopiston tiedekasvatukseen ja teknologiakasvatukseen keskittyv&auml; verkosto. ","publisher":{"@id":"https:\/\/www.luma.fi\/en\/#organization"},"potentialAction":[{"@type":"SearchAction","target":{"@type":"EntryPoint","urlTemplate":"https:\/\/www.luma.fi\/en\/?s={search_term_string}"},"query-input":{"@type":"PropertyValueSpecification","valueRequired":true,"valueName":"search_term_string"}}],"inLanguage":"en-US"},{"@type":"Organization","@id":"https:\/\/www.luma.fi\/en\/#organization","name":"LUMA-keskus Suomi","url":"https:\/\/www.luma.fi\/en\/","logo":{"@type":"ImageObject","inLanguage":"en-US","@id":"https:\/\/www.luma.fi\/en\/#\/schema\/logo\/image\/","url":"https:\/\/www.luma.fi\/wp-content\/uploads\/2025\/08\/luma_flower-multicolored_small.png","contentUrl":"https:\/\/www.luma.fi\/wp-content\/uploads\/2025\/08\/luma_flower-multicolored_small.png","width":556,"height":557,"caption":"LUMA-keskus Suomi"},"image":{"@id":"https:\/\/www.luma.fi\/en\/#\/schema\/logo\/image\/"},"sameAs":["https:\/\/www.facebook.com\/LUMAkeskusSuomi\/","https:\/\/www.instagram.com\/lumasuomi\/","https:\/\/www.youtube.com\/user\/lumakeskus"]}]}},"_links":{"self":[{"href":"https:\/\/www.luma.fi\/en\/wp-json\/wp\/v2\/pages\/14995","targetHints":{"allow":["GET"]}}],"collection":[{"href":"https:\/\/www.luma.fi\/en\/wp-json\/wp\/v2\/pages"}],"about":[{"href":"https:\/\/www.luma.fi\/en\/wp-json\/wp\/v2\/types\/page"}],"author":[{"embeddable":true,"href":"https:\/\/www.luma.fi\/en\/wp-json\/wp\/v2\/users\/2"}],"replies":[{"embeddable":true,"href":"https:\/\/www.luma.fi\/en\/wp-json\/wp\/v2\/comments?post=14995"}],"version-history":[{"count":5,"href":"https:\/\/www.luma.fi\/en\/wp-json\/wp\/v2\/pages\/14995\/revisions"}],"predecessor-version":[{"id":15732,"href":"https:\/\/www.luma.fi\/en\/wp-json\/wp\/v2\/pages\/14995\/revisions\/15732"}],"up":[{"embeddable":true,"href":"https:\/\/www.luma.fi\/en\/wp-json\/wp\/v2\/pages\/510"}],"wp:featuredmedia":[{"embeddable":true,"href":"https:\/\/www.luma.fi\/en\/wp-json\/wp\/v2\/media\/675"}],"wp:attachment":[{"href":"https:\/\/www.luma.fi\/en\/wp-json\/wp\/v2\/media?parent=14995"}],"curies":[{"name":"wp","href":"https:\/\/api.w.org\/{rel}","templated":true}]}}