{"id":192,"date":"2025-08-29T13:00:29","date_gmt":"2025-08-29T11:00:29","guid":{"rendered":"https:\/\/www.myscience.fi\/?page_id=192"},"modified":"2026-04-14T09:16:15","modified_gmt":"2026-04-14T07:16:15","slug":"lumat-events","status":"publish","type":"page","link":"https:\/\/www.luma.fi\/en\/lumat-events\/","title":{"rendered":"LUMAT Science Research Forum Events"},"content":{"rendered":"\n<p>The LUMAT Science Research Forum organizes three types of events annually: research seminars, research symposia, and a summer school, focusing primarily on research in mathematics, science, and technology education. Our events are open to scholars worldwide. Read more about these activities below.<\/p>\n\n\n\n<h2 class=\"wp-block-heading\">LUMAT Research Seminars\u00a0<\/h2>\n\n\n\n<p>In LUMAT Research Seminars, researchers and students present their latest research in mathematics, science, and technology education, and receive peer feedback. With Research Seminars, we aim to foster connections between science education researchers in different universities, regardless of your field of study. Other research-related topics, such as research methods, can be discussed according to participants\u2019 needs and interests.<\/p>\n\n\n\n<p><strong>The next LUMAT Research Seminar will be held in October 2026.<\/strong><\/p>\n\n\n\n<hr class=\"wp-block-separator has-text-color has-alpha-channel-opacity has-background\" style=\"background-color:#00a2c0;color:#00a2c0\"\/>\n\n\n\n<h2 class=\"wp-block-heading\">LUMAT Research Symposium<\/h2>\n\n\n\n<p><strong>The next LUMAT Research Symposium will be held on the 1st of December 2026. Registration and programme will be published closer to the event. <\/strong><\/p>\n\n\n\n<p>The 15<sup>th<\/sup>\u00a0Annual LUMAT Research Symposium 2025 was held online on Friday, May 23rd, from 1:00 pm to 4:30 pm (EEST, UTC+03:00). The event was free of charge, and the symposium was held in English. The symposium program featured presentations on the latest research in mathematics, science, and technology education. The theme of the 2025 symposium was Promoting STE(A)M learning through non-formal education.<\/p>\n\n\n\n<p>Every year, the symposium is open to scholars worldwide. The primary target groups are STE(A)M teachers at various levels, researchers, teacher educators, and teacher students. Warm welcome!<\/p>\n\n\n\n<p><a href=\"https:\/\/journals.helsinki.fi\/lumatb\/issue\/view\/202\">Abstracts and virtual posters on the LUMAT journal<\/a><\/p>\n\n\n\n<p><a href=\"https:\/\/www.luma.fi\/en\/news\/2025\/05\/21\/highlights-from-the-15th-lumat-research-symposium-promoting-steam-learning-through-non-formal-education\/\">Read more about the highlights of the Symposium.<\/a><\/p>\n\n\n\n<hr class=\"wp-block-separator has-text-color has-alpha-channel-opacity has-background\" style=\"background-color:#00a2c0;color:#00a2c0\"\/>\n\n\n\n<h2 class=\"wp-block-heading\">Previous research seminars<\/h2>\n\n\n\n<h3 class=\"wp-block-heading\">Year 2025&nbsp;<\/h3>\n\n\n\n<p><strong>10.10.2025<\/strong><\/p>\n\n\n\n<p>The seminar focused on the articles published in the <a href=\"https:\/\/doi.org\/10.31129\/LUMAT.12.4\">LUMAT special issue<\/a><span style=\"box-sizing: border-box; margin: 0px; padding: 0px;\"><a href=\"https:\/\/doi.org\/10.31129\/LUMAT.12.4\" target=\"_blank\">, &#8220;Cultivating a Future-Ready Workforce: Re-imagining STEM Education<\/a>.&#8221;<\/span><\/p>\n\n\n\n<p><strong>21.3.2025<\/strong>&nbsp;<\/p>\n\n\n\n<p>The seminar focused on the new special issue calls. During the spring of 2025, two LUMAT calls were open: 1) Contemporary quantum science in STEM and education, and 2) Immersive Technologies in Science, Technology, and Mathematics Education.&nbsp;<\/p>\n\n\n\n<h3 class=\"wp-block-heading\">Year 2024&nbsp;<\/h3>\n\n\n\n<p><strong>29.11.2024<\/strong>&nbsp;<\/p>\n\n\n\n<p>The theme of the seminar was &#8220;Current Research Trends.&#8221; The chair of the seminar is Prof. Maija Aksela of the University of Helsinki. Dr. Johannes Pernaa, Editor-in-Chief of LUMAT at the University of Helsinki, delivered the keynote. A panel discussion followed the keynote. The panelists were LUMAT editors and authors.&nbsp;<\/p>\n\n\n\n<p><strong>6.3.2024<\/strong>&nbsp;<\/p>\n\n\n\n<p>Docent, University Lecturer Johannes Pernaa, University of Helsinki: Generative chatbots and information seeking&nbsp;<\/p>\n\n\n\n<p>B.Sc. Maikki Roiha, University of Helsinki: Immersive technologies in education: 360\u00b0 live stream video in a virtual chemistry field trip&nbsp;<\/p>\n\n\n\n<p>M.Sc. Aleksi Takala, University of Helsinki: Chemistry professionals\u2019 views on cheminformatics potential: A qualitative study in chemistry education&nbsp;<\/p>\n\n\n\n<h3 class=\"wp-block-heading\">Year 2023&nbsp;<\/h3>\n\n\n\n<p><strong>15.11.2023<\/strong>&nbsp;<\/p>\n\n\n\n<p>Perttu Ervelius, University of Helsinki. Learning of creative, critical and computational thinking through robotics and coding in primary classrooms in Helsinki and Johannesburg&nbsp;<\/p>\n\n\n\n<p>Henri H\u00e4m\u00e4l\u00e4inen, University of Helsinki. Coherence in science teacher education: integration between theory and practice&nbsp;<\/p>\n\n\n\n<p><strong>14.9.2023<\/strong>&nbsp;<\/p>\n\n\n\n<p>Russell Tytler, Alfred Deakin Professor of Science Education at Deakin University &amp; Peta J. White, associate professor in science and environmental education at Deakin University&nbsp;<\/p>\n\n\n\n<p>Supporting multimodal learning in science: a semiotic perspective&nbsp;&nbsp;<\/p>\n\n\n\n<p>Agency in the Anthropocene&nbsp;<\/p>\n\n\n\n<p><strong>16.3.2023<\/strong>&nbsp;<\/p>\n\n\n\n<p>Sanni Suominen (UEF) <a href=\"https:\/\/tojdel.net\/journals\/tojdel\/articles\/v10i04\/v10i04-06.pdf\" target=\"_blank\" rel=\"noreferrer noopener\">Ammatillisen koulutuksen aloittavien opiskelijoiden n\u00e4kemyksi\u00e4 ja odotuksia matematiikan opetukseen liittyen<\/a>&nbsp;<\/p>\n\n\n\n<p><a href=\"https:\/\/uefconnect.uef.fi\/henkilo\/juho.tiainen\/#information\" target=\"_blank\" rel=\"noreferrer noopener\">Juho Tiainen<\/a> (UEF) Yl\u00e4koululaisten okemuksia matematiikan opiskelusta ja ammatteihin sek\u00e4 ty\u00f6teht\u00e4viin linkitetyist\u00e4 matematiikan teht\u00e4vist\u00e4&nbsp;<\/p>\n\n\n\n<p><a href=\"https:\/\/www.lut.fi\/fi\/profiilit\/mikko-nykyri\" target=\"_blank\" rel=\"noreferrer noopener\">Mikko Nykyri<\/a> (LUT) Hy\u00f6typelien ja pelillist\u00e4misen k\u00e4ytt\u00f6 s\u00e4hk\u00f6tekniikan opetuksessa&nbsp;<\/p>\n\n\n\n<p><strong>30.1.2023<\/strong>&nbsp;<\/p>\n\n\n\n<p>Prof. <a href=\"https:\/\/www.researchgate.net\/profile\/Jorge-Rodriguez-107\" target=\"_blank\" rel=\"noreferrer noopener\">Jorge Rodr\u00edguez-Becerra<\/a>, Universidad Metropolitana de Ciencias de la Educaci\u00f3n, Santiago, Chile: Computational Science in Chemistry Teachers Education: Opportunities and Lessons Learned&nbsp;<\/p>\n\n\n\n<p>Prof. <a href=\"https:\/\/www.researchgate.net\/profile\/Lizethly-Caceres-Jensen\" target=\"_blank\" rel=\"noreferrer noopener\">Lizethly C\u00e1ceres-Jensen<\/a>, Universidad Metropolitana de Ciencias de la Educaci\u00f3n, Santiago, Chile: Towards Climate Change Education Through Authentic Problems in the Framework of EDS to Chemistry Teacher Education&nbsp;<\/p>\n\n\n\n<p><\/p>\n","protected":false},"excerpt":{"rendered":"<p>The LUMAT Science Research Forum organizes three types of events annually: research seminars, research symposia, and a summer school, focusing primarily on research in mathematics, science, and technology education. Our events are open to scholars worldwide. Read more about these activities below. LUMAT Research Seminars\u00a0 In LUMAT Research Seminars, researchers and students present their latest &#8230; <a title=\"LUMAT Science Research Forum Events\" class=\"read-more\" href=\"https:\/\/www.luma.fi\/en\/lumat-events\/\" aria-label=\"Read more about LUMAT Science Research Forum Events\">Read more<\/a><\/p>\n","protected":false},"author":2,"featured_media":0,"parent":0,"menu_order":0,"comment_status":"closed","ping_status":"closed","template":"","meta":{"footnotes":""},"class_list":["post-192","page","type-page","status-publish"],"yoast_head":"<!-- This site is optimized with the Yoast SEO plugin v27.4 - https:\/\/yoast.com\/product\/yoast-seo-wordpress\/ -->\n<title>LUMAT Science Research Forum Events - LUMA-keskus Suomi<\/title>\n<meta name=\"robots\" content=\"index, follow, max-snippet:-1, max-image-preview:large, max-video-preview:-1\" \/>\n<link rel=\"canonical\" href=\"https:\/\/www.luma.fi\/en\/lumat-events\/\" \/>\n<meta property=\"og:locale\" content=\"en_US\" \/>\n<meta property=\"og:type\" content=\"article\" \/>\n<meta property=\"og:title\" content=\"LUMAT Science Research Forum Events - LUMA-keskus Suomi\" \/>\n<meta property=\"og:description\" content=\"The LUMAT Science Research Forum organizes three types of events annually: research seminars, research symposia, and a summer school, focusing primarily on research in mathematics, science, and technology education. Our events are open to scholars worldwide. Read more about these activities below. LUMAT Research Seminars\u00a0 In LUMAT Research Seminars, researchers and students present their latest ... Read more\" \/>\n<meta property=\"og:url\" content=\"https:\/\/www.luma.fi\/en\/lumat-events\/\" \/>\n<meta property=\"og:site_name\" content=\"LUMA-keskus Suomi\" \/>\n<meta property=\"article:publisher\" content=\"https:\/\/www.facebook.com\/LUMAkeskusSuomi\/\" \/>\n<meta property=\"article:modified_time\" content=\"2026-04-14T07:16:15+00:00\" \/>\n<meta name=\"twitter:card\" content=\"summary_large_image\" \/>\n<meta name=\"twitter:label1\" content=\"Est. reading time\" \/>\n\t<meta name=\"twitter:data1\" content=\"4 minutes\" \/>\n<script type=\"application\/ld+json\" class=\"yoast-schema-graph\">{\"@context\":\"https:\\\/\\\/schema.org\",\"@graph\":[{\"@type\":\"WebPage\",\"@id\":\"https:\\\/\\\/www.luma.fi\\\/en\\\/lumat-events\\\/\",\"url\":\"https:\\\/\\\/www.luma.fi\\\/en\\\/lumat-events\\\/\",\"name\":\"LUMAT Science Research Forum Events - LUMA-keskus Suomi\",\"isPartOf\":{\"@id\":\"https:\\\/\\\/www.luma.fi\\\/en\\\/#website\"},\"datePublished\":\"2025-08-29T11:00:29+00:00\",\"dateModified\":\"2026-04-14T07:16:15+00:00\",\"breadcrumb\":{\"@id\":\"https:\\\/\\\/www.luma.fi\\\/en\\\/lumat-events\\\/#breadcrumb\"},\"inLanguage\":\"en-US\",\"potentialAction\":[{\"@type\":\"ReadAction\",\"target\":[\"https:\\\/\\\/www.luma.fi\\\/en\\\/lumat-events\\\/\"]}]},{\"@type\":\"BreadcrumbList\",\"@id\":\"https:\\\/\\\/www.luma.fi\\\/en\\\/lumat-events\\\/#breadcrumb\",\"itemListElement\":[{\"@type\":\"ListItem\",\"position\":1,\"name\":\"Etusivu\",\"item\":\"https:\\\/\\\/www.luma.fi\\\/en\\\/\"},{\"@type\":\"ListItem\",\"position\":2,\"name\":\"LUMAT Science Research Forum Events\"}]},{\"@type\":\"WebSite\",\"@id\":\"https:\\\/\\\/www.luma.fi\\\/en\\\/#website\",\"url\":\"https:\\\/\\\/www.luma.fi\\\/en\\\/\",\"name\":\"LUMA-keskus Suomi\",\"description\":\"LUMA-keskus Suomi on 11 yliopiston tiedekasvatukseen ja teknologiakasvatukseen keskittyv&auml; verkosto. \",\"publisher\":{\"@id\":\"https:\\\/\\\/www.luma.fi\\\/en\\\/#organization\"},\"potentialAction\":[{\"@type\":\"SearchAction\",\"target\":{\"@type\":\"EntryPoint\",\"urlTemplate\":\"https:\\\/\\\/www.luma.fi\\\/en\\\/?s={search_term_string}\"},\"query-input\":{\"@type\":\"PropertyValueSpecification\",\"valueRequired\":true,\"valueName\":\"search_term_string\"}}],\"inLanguage\":\"en-US\"},{\"@type\":\"Organization\",\"@id\":\"https:\\\/\\\/www.luma.fi\\\/en\\\/#organization\",\"name\":\"LUMA-keskus Suomi\",\"url\":\"https:\\\/\\\/www.luma.fi\\\/en\\\/\",\"logo\":{\"@type\":\"ImageObject\",\"inLanguage\":\"en-US\",\"@id\":\"https:\\\/\\\/www.luma.fi\\\/en\\\/#\\\/schema\\\/logo\\\/image\\\/\",\"url\":\"https:\\\/\\\/www.luma.fi\\\/wp-content\\\/uploads\\\/2025\\\/08\\\/luma_flower-multicolored_small.png\",\"contentUrl\":\"https:\\\/\\\/www.luma.fi\\\/wp-content\\\/uploads\\\/2025\\\/08\\\/luma_flower-multicolored_small.png\",\"width\":556,\"height\":557,\"caption\":\"LUMA-keskus Suomi\"},\"image\":{\"@id\":\"https:\\\/\\\/www.luma.fi\\\/en\\\/#\\\/schema\\\/logo\\\/image\\\/\"},\"sameAs\":[\"https:\\\/\\\/www.facebook.com\\\/LUMAkeskusSuomi\\\/\",\"https:\\\/\\\/www.instagram.com\\\/lumasuomi\\\/\",\"https:\\\/\\\/www.youtube.com\\\/user\\\/lumakeskus\"]}]}<\/script>\n<!-- \/ Yoast SEO plugin. -->","yoast_head_json":{"title":"LUMAT Science Research Forum Events - LUMA-keskus Suomi","robots":{"index":"index","follow":"follow","max-snippet":"max-snippet:-1","max-image-preview":"max-image-preview:large","max-video-preview":"max-video-preview:-1"},"canonical":"https:\/\/www.luma.fi\/en\/lumat-events\/","og_locale":"en_US","og_type":"article","og_title":"LUMAT Science Research Forum Events - LUMA-keskus Suomi","og_description":"The LUMAT Science Research Forum organizes three types of events annually: research seminars, research symposia, and a summer school, focusing primarily on research in mathematics, science, and technology education. Our events are open to scholars worldwide. Read more about these activities below. LUMAT Research Seminars\u00a0 In LUMAT Research Seminars, researchers and students present their latest ... Read more","og_url":"https:\/\/www.luma.fi\/en\/lumat-events\/","og_site_name":"LUMA-keskus Suomi","article_publisher":"https:\/\/www.facebook.com\/LUMAkeskusSuomi\/","article_modified_time":"2026-04-14T07:16:15+00:00","twitter_card":"summary_large_image","twitter_misc":{"Est. reading time":"4 minutes"},"schema":{"@context":"https:\/\/schema.org","@graph":[{"@type":"WebPage","@id":"https:\/\/www.luma.fi\/en\/lumat-events\/","url":"https:\/\/www.luma.fi\/en\/lumat-events\/","name":"LUMAT Science Research Forum Events - LUMA-keskus Suomi","isPartOf":{"@id":"https:\/\/www.luma.fi\/en\/#website"},"datePublished":"2025-08-29T11:00:29+00:00","dateModified":"2026-04-14T07:16:15+00:00","breadcrumb":{"@id":"https:\/\/www.luma.fi\/en\/lumat-events\/#breadcrumb"},"inLanguage":"en-US","potentialAction":[{"@type":"ReadAction","target":["https:\/\/www.luma.fi\/en\/lumat-events\/"]}]},{"@type":"BreadcrumbList","@id":"https:\/\/www.luma.fi\/en\/lumat-events\/#breadcrumb","itemListElement":[{"@type":"ListItem","position":1,"name":"Etusivu","item":"https:\/\/www.luma.fi\/en\/"},{"@type":"ListItem","position":2,"name":"LUMAT Science Research Forum Events"}]},{"@type":"WebSite","@id":"https:\/\/www.luma.fi\/en\/#website","url":"https:\/\/www.luma.fi\/en\/","name":"LUMA-keskus Suomi","description":"LUMA-keskus Suomi on 11 yliopiston tiedekasvatukseen ja teknologiakasvatukseen keskittyv&auml; verkosto. ","publisher":{"@id":"https:\/\/www.luma.fi\/en\/#organization"},"potentialAction":[{"@type":"SearchAction","target":{"@type":"EntryPoint","urlTemplate":"https:\/\/www.luma.fi\/en\/?s={search_term_string}"},"query-input":{"@type":"PropertyValueSpecification","valueRequired":true,"valueName":"search_term_string"}}],"inLanguage":"en-US"},{"@type":"Organization","@id":"https:\/\/www.luma.fi\/en\/#organization","name":"LUMA-keskus Suomi","url":"https:\/\/www.luma.fi\/en\/","logo":{"@type":"ImageObject","inLanguage":"en-US","@id":"https:\/\/www.luma.fi\/en\/#\/schema\/logo\/image\/","url":"https:\/\/www.luma.fi\/wp-content\/uploads\/2025\/08\/luma_flower-multicolored_small.png","contentUrl":"https:\/\/www.luma.fi\/wp-content\/uploads\/2025\/08\/luma_flower-multicolored_small.png","width":556,"height":557,"caption":"LUMA-keskus Suomi"},"image":{"@id":"https:\/\/www.luma.fi\/en\/#\/schema\/logo\/image\/"},"sameAs":["https:\/\/www.facebook.com\/LUMAkeskusSuomi\/","https:\/\/www.instagram.com\/lumasuomi\/","https:\/\/www.youtube.com\/user\/lumakeskus"]}]}},"_links":{"self":[{"href":"https:\/\/www.luma.fi\/en\/wp-json\/wp\/v2\/pages\/192","targetHints":{"allow":["GET"]}}],"collection":[{"href":"https:\/\/www.luma.fi\/en\/wp-json\/wp\/v2\/pages"}],"about":[{"href":"https:\/\/www.luma.fi\/en\/wp-json\/wp\/v2\/types\/page"}],"author":[{"embeddable":true,"href":"https:\/\/www.luma.fi\/en\/wp-json\/wp\/v2\/users\/2"}],"replies":[{"embeddable":true,"href":"https:\/\/www.luma.fi\/en\/wp-json\/wp\/v2\/comments?post=192"}],"version-history":[{"count":3,"href":"https:\/\/www.luma.fi\/en\/wp-json\/wp\/v2\/pages\/192\/revisions"}],"predecessor-version":[{"id":16076,"href":"https:\/\/www.luma.fi\/en\/wp-json\/wp\/v2\/pages\/192\/revisions\/16076"}],"wp:attachment":[{"href":"https:\/\/www.luma.fi\/en\/wp-json\/wp\/v2\/media?parent=192"}],"curies":[{"name":"wp","href":"https:\/\/api.w.org\/{rel}","templated":true}]}}