{"id":510,"date":"2025-09-08T15:18:00","date_gmt":"2025-09-08T13:18:00","guid":{"rendered":"https:\/\/www.myscience.fi\/?page_id=510"},"modified":"2025-11-28T15:53:57","modified_gmt":"2025-11-28T13:53:57","slug":"for-teachers","status":"publish","type":"page","link":"https:\/\/www.luma.fi\/en\/for-teachers\/","title":{"rendered":"For teachers"},"content":{"rendered":"\n<div class=\"wp-block-columns is-layout-flex wp-container-core-columns-is-layout-9d6595d7 wp-block-columns-is-layout-flex\">\n<div class=\"wp-block-column is-layout-flow wp-block-column-is-layout-flow\">\n<figure class=\"wp-block-image size-large\"><img loading=\"lazy\" decoding=\"async\" width=\"1024\" height=\"514\" src=\"https:\/\/www.luma.fi\/wp-content\/uploads\/2025\/09\/54629367662_2557867ba5_k-1024x514.jpg\" alt=\"Kuvassa eri-ik\u00e4iset opettajat tekev\u00e4t tutkimusta kemian v\u00e4lineill\u00e4 yhdess\u00e4 ja hymyss\u00e4 suin. Kuvaaja: Konsta L\u00e4hde \/ Kuval\u00e4hde Oy\" class=\"wp-image-671\" srcset=\"https:\/\/www.luma.fi\/wp-content\/uploads\/2025\/09\/54629367662_2557867ba5_k-1024x514.jpg 1024w, https:\/\/www.luma.fi\/wp-content\/uploads\/2025\/09\/54629367662_2557867ba5_k-300x151.jpg 300w, https:\/\/www.luma.fi\/wp-content\/uploads\/2025\/09\/54629367662_2557867ba5_k-768x386.jpg 768w, https:\/\/www.luma.fi\/wp-content\/uploads\/2025\/09\/54629367662_2557867ba5_k-1536x771.jpg 1536w, https:\/\/www.luma.fi\/wp-content\/uploads\/2025\/09\/54629367662_2557867ba5_k.jpg 2048w\" sizes=\"auto, (max-width: 1024px) 100vw, 1024px\" \/><\/figure>\n\n\n\n<h2 class=\"wp-block-heading\">Teacher training courses<\/h2>\n\n\n\n<p>We offer continuing professional development (CPD) and courses for teaching and educational staff at different levels of education to support their professional development. <\/p>\n\n\n\n<div class=\"wp-block-buttons is-layout-flex wp-block-buttons-is-layout-flex\">\n<div class=\"wp-block-button\"><a class=\"wp-block-button__link has-background wp-element-button\" href=\"https:\/\/www.luma.fi\/en\/for-teachers\/teacher-training\/\" style=\"background-color:#00a2c0\"><strong>Find out more<\/strong><\/a><\/div>\n<\/div>\n<\/div>\n\n\n\n<div class=\"wp-block-column is-layout-flow wp-block-column-is-layout-flow\">\n<figure class=\"wp-block-image size-large\"><img loading=\"lazy\" decoding=\"async\" width=\"1024\" height=\"514\" src=\"https:\/\/www.luma.fi\/wp-content\/uploads\/2025\/09\/Opintokaynti2024-1024x514.jpg\" alt=\"Kuvassa lukiolaisia opintok\u00e4ynnill\u00e4 yliopiston kemian laboratoriossa.\" class=\"wp-image-370\" srcset=\"https:\/\/www.luma.fi\/wp-content\/uploads\/2025\/09\/Opintokaynti2024-1024x514.jpg 1024w, https:\/\/www.luma.fi\/wp-content\/uploads\/2025\/09\/Opintokaynti2024-300x150.jpg 300w, https:\/\/www.luma.fi\/wp-content\/uploads\/2025\/09\/Opintokaynti2024-768x385.jpg 768w, https:\/\/www.luma.fi\/wp-content\/uploads\/2025\/09\/Opintokaynti2024-1536x770.jpg 1536w, https:\/\/www.luma.fi\/wp-content\/uploads\/2025\/09\/Opintokaynti2024.jpg 2048w\" sizes=\"auto, (max-width: 1024px) 100vw, 1024px\" \/><\/figure>\n\n\n\n<h2 class=\"wp-block-heading\">Study visits for schools<\/h2>\n\n\n\n<p>LUMA Science Labs make it possible! In the Science Labs, students and pupils from different educational levels can learn about higher education through hands-on study visits.<\/p>\n\n\n\n<div class=\"wp-block-buttons is-layout-flex wp-block-buttons-is-layout-flex\">\n<div class=\"wp-block-button\"><a class=\"wp-block-button__link has-background wp-element-button\" href=\"https:\/\/www.luma.fi\/en\/for-teachers\/study-visits\/\" style=\"background-color:#00a2c0\"><strong><strong>Find out more<\/strong><\/strong><\/a><\/div>\n<\/div>\n<\/div>\n\n\n\n<div class=\"wp-block-column is-layout-flow wp-block-column-is-layout-flow\">\n<figure class=\"wp-block-image size-large\"><img loading=\"lazy\" decoding=\"async\" width=\"1024\" height=\"513\" src=\"https:\/\/www.luma.fi\/wp-content\/uploads\/2025\/09\/oppimateriaalit-1024x513.jpg\" alt=\"Kuvassa matematiikan opetuksessa k\u00e4ytett\u00e4vi\u00e4 v\u00e4risauvoja. Monet LUMA-keskukset lainaavat v\u00e4risauvoja kouluille. Kuvaaja: Konsta L\u00e4hde \/ Kuval\u00e4hde Oy\" class=\"wp-image-674\" srcset=\"https:\/\/www.luma.fi\/wp-content\/uploads\/2025\/09\/oppimateriaalit-1024x513.jpg 1024w, https:\/\/www.luma.fi\/wp-content\/uploads\/2025\/09\/oppimateriaalit-300x150.jpg 300w, https:\/\/www.luma.fi\/wp-content\/uploads\/2025\/09\/oppimateriaalit-768x385.jpg 768w, https:\/\/www.luma.fi\/wp-content\/uploads\/2025\/09\/oppimateriaalit-1536x769.jpg 1536w, https:\/\/www.luma.fi\/wp-content\/uploads\/2025\/09\/oppimateriaalit.jpg 1877w\" sizes=\"auto, (max-width: 1024px) 100vw, 1024px\" \/><\/figure>\n\n\n\n<h2 class=\"wp-block-heading\">Teaching materials<\/h2>\n\n\n\n<p>Over the years, we have produced free, useful learning materials and resources to support STEM teaching.<\/p>\n\n\n\n<div class=\"wp-block-buttons is-layout-flex wp-block-buttons-is-layout-flex\">\n<div class=\"wp-block-button\"><a class=\"wp-block-button__link has-background wp-element-button\" href=\"https:\/\/www.luma.fi\/en\/for-teachers\/teaching-materials\/\" style=\"background-color:#00a2c0\"><strong><strong>Find out more<\/strong><\/strong><\/a><\/div>\n<\/div>\n<\/div>\n<\/div>\n\n\n\n<div class=\"wp-block-columns is-layout-flex wp-container-core-columns-is-layout-9d6595d7 wp-block-columns-is-layout-flex\">\n<div class=\"wp-block-column is-layout-flow wp-block-column-is-layout-flow\">\n<figure class=\"wp-block-image size-large\"><img loading=\"lazy\" decoding=\"async\" width=\"1024\" height=\"515\" src=\"https:\/\/www.luma.fi\/wp-content\/uploads\/2025\/09\/lainatarvikkeet-1024x515.jpg\" alt=\"Kuvassa lukiolaiset tutkivat Arduino-v\u00e4lineit\u00e4 opettajan johdolla.\" class=\"wp-image-377\" srcset=\"https:\/\/www.luma.fi\/wp-content\/uploads\/2025\/09\/lainatarvikkeet-1024x515.jpg 1024w, https:\/\/www.luma.fi\/wp-content\/uploads\/2025\/09\/lainatarvikkeet-300x151.jpg 300w, https:\/\/www.luma.fi\/wp-content\/uploads\/2025\/09\/lainatarvikkeet-768x386.jpg 768w, https:\/\/www.luma.fi\/wp-content\/uploads\/2025\/09\/lainatarvikkeet-1536x772.jpg 1536w, https:\/\/www.luma.fi\/wp-content\/uploads\/2025\/09\/lainatarvikkeet.jpg 2048w\" sizes=\"auto, (max-width: 1024px) 100vw, 1024px\" \/><\/figure>\n\n\n\n<h2 class=\"wp-block-heading\">Borrowable equipment<\/h2>\n\n\n\n<p>Local LUMA Centres offer a range of equipment, work instructions, and games for loan to support teaching and learning. Detailed instructions and guidance for using the equipment are often available (in Finnish).<\/p>\n\n\n\n<div class=\"wp-block-buttons is-layout-flex wp-block-buttons-is-layout-flex\">\n<div class=\"wp-block-button\"><a class=\"wp-block-button__link has-background wp-element-button\" href=\"https:\/\/www.luma.fi\/en\/for-teachers\/borrowable-equipment\/\" style=\"background-color:#00a2c0\"><strong><strong>Find out more<\/strong><\/strong><\/a><\/div>\n<\/div>\n<\/div>\n\n\n\n<div class=\"wp-block-column is-layout-flow wp-block-column-is-layout-flow\">\n<figure class=\"wp-block-image size-full\"><img loading=\"lazy\" decoding=\"async\" width=\"1200\" height=\"599\" src=\"https:\/\/www.luma.fi\/wp-content\/uploads\/2025\/10\/LUMASTEAM-sertifikaatti-6-2.png\" alt=\"Valokuvassa teini-ik\u00e4inen poika pelaa shakkia. Kuvan p\u00e4\u00e4ll\u00e4 on LUMA\/STEAM-sertifikaatin logo.\" class=\"wp-image-863\" srcset=\"https:\/\/www.luma.fi\/wp-content\/uploads\/2025\/10\/LUMASTEAM-sertifikaatti-6-2.png 1200w, https:\/\/www.luma.fi\/wp-content\/uploads\/2025\/10\/LUMASTEAM-sertifikaatti-6-2-300x150.png 300w, https:\/\/www.luma.fi\/wp-content\/uploads\/2025\/10\/LUMASTEAM-sertifikaatti-6-2-1024x511.png 1024w, https:\/\/www.luma.fi\/wp-content\/uploads\/2025\/10\/LUMASTEAM-sertifikaatti-6-2-768x383.png 768w\" sizes=\"auto, (max-width: 1200px) 100vw, 1200px\" \/><\/figure>\n\n\n\n<h2 class=\"wp-block-heading\">LUMA\/STEAM Certificate for Finnish schools<\/h2>\n\n\n\n<p>The certificate provides schools with an opportunity to systematically review their operational culture and develop it to the desired level.<\/p>\n\n\n\n<div class=\"wp-block-buttons is-layout-flex wp-block-buttons-is-layout-flex\">\n<div class=\"wp-block-button\"><a class=\"wp-block-button__link has-background wp-element-button\" href=\"https:\/\/www.luma.fi\/en\/for-teachers\/luma-steam-certificate\/\" style=\"background-color:#00a2c0\"><strong><strong>Find out more<\/strong><\/strong><\/a><\/div>\n<\/div>\n<\/div>\n\n\n\n<div class=\"wp-block-column is-layout-flow wp-block-column-is-layout-flow\">\n<figure class=\"wp-block-image size-large\"><img loading=\"lazy\" decoding=\"async\" width=\"1024\" height=\"512\" src=\"https:\/\/www.luma.fi\/wp-content\/uploads\/2025\/09\/Scinece-on-Stage-2026-banneri-SonS-1024x512.png\" alt=\"Science on Stage -festivaalien graafinen tunniste.\" class=\"wp-image-668\" srcset=\"https:\/\/www.luma.fi\/wp-content\/uploads\/2025\/09\/Scinece-on-Stage-2026-banneri-SonS-1024x512.png 1024w, https:\/\/www.luma.fi\/wp-content\/uploads\/2025\/09\/Scinece-on-Stage-2026-banneri-SonS-300x150.png 300w, https:\/\/www.luma.fi\/wp-content\/uploads\/2025\/09\/Scinece-on-Stage-2026-banneri-SonS-768x384.png 768w, https:\/\/www.luma.fi\/wp-content\/uploads\/2025\/09\/Scinece-on-Stage-2026-banneri-SonS.png 1211w\" sizes=\"auto, (max-width: 1024px) 100vw, 1024px\" \/><\/figure>\n\n\n\n<h2 class=\"wp-block-heading\">Science on Stage Finland<\/h2>\n\n\n\n<p>Science on Stage Finland disseminates and promotes the best-practice examples of Science on Stage in Finland. <\/p>\n\n\n\n<div class=\"wp-block-buttons is-layout-flex wp-block-buttons-is-layout-flex\">\n<div class=\"wp-block-button\"><a class=\"wp-block-button__link has-background wp-element-button\" href=\"https:\/\/www.luma.fi\/en\/for-teachers\/science-on-stage-finland\/\" style=\"background-color:#00a2c0\"><strong><strong>Find out more<\/strong><\/strong><\/a><\/div>\n<\/div>\n<\/div>\n<\/div>\n","protected":false},"excerpt":{"rendered":"<p>Teacher training courses We offer continuing professional development (CPD) and courses for teaching and educational staff at different levels of education to support their professional development. Study visits for schools LUMA Science Labs make it possible! In the Science Labs, students and pupils from different educational levels can learn about higher education through hands-on study &#8230; <a title=\"For teachers\" class=\"read-more\" href=\"https:\/\/www.luma.fi\/en\/for-teachers\/\" aria-label=\"Read more about For teachers\">Read more<\/a><\/p>\n","protected":false},"author":2,"featured_media":0,"parent":0,"menu_order":0,"comment_status":"closed","ping_status":"closed","template":"","meta":{"footnotes":""},"class_list":["post-510","page","type-page","status-publish"],"yoast_head":"<!-- This site is optimized with the Yoast SEO plugin v27.4 - https:\/\/yoast.com\/product\/yoast-seo-wordpress\/ -->\n<title>For teachers - LUMA-keskus Suomi<\/title>\n<meta name=\"robots\" content=\"index, follow, max-snippet:-1, max-image-preview:large, max-video-preview:-1\" \/>\n<link rel=\"canonical\" href=\"https:\/\/www.luma.fi\/en\/for-teachers\/\" \/>\n<meta property=\"og:locale\" content=\"en_US\" \/>\n<meta property=\"og:type\" content=\"article\" \/>\n<meta property=\"og:title\" content=\"For teachers - LUMA-keskus Suomi\" \/>\n<meta property=\"og:description\" content=\"Teacher training courses We offer continuing professional development (CPD) and courses for teaching and educational staff at different levels of education to support their professional development. Study visits for schools LUMA Science Labs make it possible! In the Science Labs, students and pupils from different educational levels can learn about higher education through hands-on study ... Read more\" \/>\n<meta property=\"og:url\" content=\"https:\/\/www.luma.fi\/en\/for-teachers\/\" \/>\n<meta property=\"og:site_name\" content=\"LUMA-keskus Suomi\" \/>\n<meta property=\"article:publisher\" content=\"https:\/\/www.facebook.com\/LUMAkeskusSuomi\/\" \/>\n<meta property=\"article:modified_time\" content=\"2025-11-28T13:53:57+00:00\" \/>\n<meta property=\"og:image\" content=\"https:\/\/www.luma.fi\/wp-content\/uploads\/2025\/09\/54629367662_2557867ba5_k.jpg\" \/>\n\t<meta property=\"og:image:width\" content=\"2048\" \/>\n\t<meta property=\"og:image:height\" content=\"1028\" \/>\n\t<meta property=\"og:image:type\" content=\"image\/jpeg\" \/>\n<meta name=\"twitter:card\" content=\"summary_large_image\" \/>\n<meta name=\"twitter:label1\" content=\"Est. reading time\" \/>\n\t<meta name=\"twitter:data1\" content=\"3 minutes\" \/>\n<script type=\"application\/ld+json\" class=\"yoast-schema-graph\">{\"@context\":\"https:\\\/\\\/schema.org\",\"@graph\":[{\"@type\":\"WebPage\",\"@id\":\"https:\\\/\\\/www.luma.fi\\\/en\\\/for-teachers\\\/\",\"url\":\"https:\\\/\\\/www.luma.fi\\\/en\\\/for-teachers\\\/\",\"name\":\"For teachers - LUMA-keskus Suomi\",\"isPartOf\":{\"@id\":\"https:\\\/\\\/www.luma.fi\\\/en\\\/#website\"},\"primaryImageOfPage\":{\"@id\":\"https:\\\/\\\/www.luma.fi\\\/en\\\/for-teachers\\\/#primaryimage\"},\"image\":{\"@id\":\"https:\\\/\\\/www.luma.fi\\\/en\\\/for-teachers\\\/#primaryimage\"},\"thumbnailUrl\":\"https:\\\/\\\/www.luma.fi\\\/wp-content\\\/uploads\\\/2025\\\/09\\\/54629367662_2557867ba5_k-1024x514.jpg\",\"datePublished\":\"2025-09-08T13:18:00+00:00\",\"dateModified\":\"2025-11-28T13:53:57+00:00\",\"breadcrumb\":{\"@id\":\"https:\\\/\\\/www.luma.fi\\\/en\\\/for-teachers\\\/#breadcrumb\"},\"inLanguage\":\"en-US\",\"potentialAction\":[{\"@type\":\"ReadAction\",\"target\":[\"https:\\\/\\\/www.luma.fi\\\/en\\\/for-teachers\\\/\"]}]},{\"@type\":\"ImageObject\",\"inLanguage\":\"en-US\",\"@id\":\"https:\\\/\\\/www.luma.fi\\\/en\\\/for-teachers\\\/#primaryimage\",\"url\":\"https:\\\/\\\/www.luma.fi\\\/wp-content\\\/uploads\\\/2025\\\/09\\\/54629367662_2557867ba5_k-1024x514.jpg\",\"contentUrl\":\"https:\\\/\\\/www.luma.fi\\\/wp-content\\\/uploads\\\/2025\\\/09\\\/54629367662_2557867ba5_k-1024x514.jpg\"},{\"@type\":\"BreadcrumbList\",\"@id\":\"https:\\\/\\\/www.luma.fi\\\/en\\\/for-teachers\\\/#breadcrumb\",\"itemListElement\":[{\"@type\":\"ListItem\",\"position\":1,\"name\":\"Etusivu\",\"item\":\"https:\\\/\\\/www.luma.fi\\\/en\\\/\"},{\"@type\":\"ListItem\",\"position\":2,\"name\":\"For teachers\"}]},{\"@type\":\"WebSite\",\"@id\":\"https:\\\/\\\/www.luma.fi\\\/en\\\/#website\",\"url\":\"https:\\\/\\\/www.luma.fi\\\/en\\\/\",\"name\":\"LUMA-keskus Suomi\",\"description\":\"LUMA-keskus Suomi on 11 yliopiston tiedekasvatukseen ja teknologiakasvatukseen keskittyv&auml; verkosto. \",\"publisher\":{\"@id\":\"https:\\\/\\\/www.luma.fi\\\/en\\\/#organization\"},\"potentialAction\":[{\"@type\":\"SearchAction\",\"target\":{\"@type\":\"EntryPoint\",\"urlTemplate\":\"https:\\\/\\\/www.luma.fi\\\/en\\\/?s={search_term_string}\"},\"query-input\":{\"@type\":\"PropertyValueSpecification\",\"valueRequired\":true,\"valueName\":\"search_term_string\"}}],\"inLanguage\":\"en-US\"},{\"@type\":\"Organization\",\"@id\":\"https:\\\/\\\/www.luma.fi\\\/en\\\/#organization\",\"name\":\"LUMA-keskus Suomi\",\"url\":\"https:\\\/\\\/www.luma.fi\\\/en\\\/\",\"logo\":{\"@type\":\"ImageObject\",\"inLanguage\":\"en-US\",\"@id\":\"https:\\\/\\\/www.luma.fi\\\/en\\\/#\\\/schema\\\/logo\\\/image\\\/\",\"url\":\"https:\\\/\\\/www.luma.fi\\\/wp-content\\\/uploads\\\/2025\\\/08\\\/luma_flower-multicolored_small.png\",\"contentUrl\":\"https:\\\/\\\/www.luma.fi\\\/wp-content\\\/uploads\\\/2025\\\/08\\\/luma_flower-multicolored_small.png\",\"width\":556,\"height\":557,\"caption\":\"LUMA-keskus Suomi\"},\"image\":{\"@id\":\"https:\\\/\\\/www.luma.fi\\\/en\\\/#\\\/schema\\\/logo\\\/image\\\/\"},\"sameAs\":[\"https:\\\/\\\/www.facebook.com\\\/LUMAkeskusSuomi\\\/\",\"https:\\\/\\\/www.instagram.com\\\/lumasuomi\\\/\",\"https:\\\/\\\/www.youtube.com\\\/user\\\/lumakeskus\"]}]}<\/script>\n<!-- \/ Yoast SEO plugin. -->","yoast_head_json":{"title":"For teachers - LUMA-keskus Suomi","robots":{"index":"index","follow":"follow","max-snippet":"max-snippet:-1","max-image-preview":"max-image-preview:large","max-video-preview":"max-video-preview:-1"},"canonical":"https:\/\/www.luma.fi\/en\/for-teachers\/","og_locale":"en_US","og_type":"article","og_title":"For teachers - LUMA-keskus Suomi","og_description":"Teacher training courses We offer continuing professional development (CPD) and courses for teaching and educational staff at different levels of education to support their professional development. Study visits for schools LUMA Science Labs make it possible! In the Science Labs, students and pupils from different educational levels can learn about higher education through hands-on study ... Read more","og_url":"https:\/\/www.luma.fi\/en\/for-teachers\/","og_site_name":"LUMA-keskus Suomi","article_publisher":"https:\/\/www.facebook.com\/LUMAkeskusSuomi\/","article_modified_time":"2025-11-28T13:53:57+00:00","og_image":[{"width":2048,"height":1028,"url":"https:\/\/www.luma.fi\/wp-content\/uploads\/2025\/09\/54629367662_2557867ba5_k.jpg","type":"image\/jpeg"}],"twitter_card":"summary_large_image","twitter_misc":{"Est. reading time":"3 minutes"},"schema":{"@context":"https:\/\/schema.org","@graph":[{"@type":"WebPage","@id":"https:\/\/www.luma.fi\/en\/for-teachers\/","url":"https:\/\/www.luma.fi\/en\/for-teachers\/","name":"For teachers - LUMA-keskus Suomi","isPartOf":{"@id":"https:\/\/www.luma.fi\/en\/#website"},"primaryImageOfPage":{"@id":"https:\/\/www.luma.fi\/en\/for-teachers\/#primaryimage"},"image":{"@id":"https:\/\/www.luma.fi\/en\/for-teachers\/#primaryimage"},"thumbnailUrl":"https:\/\/www.luma.fi\/wp-content\/uploads\/2025\/09\/54629367662_2557867ba5_k-1024x514.jpg","datePublished":"2025-09-08T13:18:00+00:00","dateModified":"2025-11-28T13:53:57+00:00","breadcrumb":{"@id":"https:\/\/www.luma.fi\/en\/for-teachers\/#breadcrumb"},"inLanguage":"en-US","potentialAction":[{"@type":"ReadAction","target":["https:\/\/www.luma.fi\/en\/for-teachers\/"]}]},{"@type":"ImageObject","inLanguage":"en-US","@id":"https:\/\/www.luma.fi\/en\/for-teachers\/#primaryimage","url":"https:\/\/www.luma.fi\/wp-content\/uploads\/2025\/09\/54629367662_2557867ba5_k-1024x514.jpg","contentUrl":"https:\/\/www.luma.fi\/wp-content\/uploads\/2025\/09\/54629367662_2557867ba5_k-1024x514.jpg"},{"@type":"BreadcrumbList","@id":"https:\/\/www.luma.fi\/en\/for-teachers\/#breadcrumb","itemListElement":[{"@type":"ListItem","position":1,"name":"Etusivu","item":"https:\/\/www.luma.fi\/en\/"},{"@type":"ListItem","position":2,"name":"For teachers"}]},{"@type":"WebSite","@id":"https:\/\/www.luma.fi\/en\/#website","url":"https:\/\/www.luma.fi\/en\/","name":"LUMA-keskus Suomi","description":"LUMA-keskus Suomi on 11 yliopiston tiedekasvatukseen ja teknologiakasvatukseen keskittyv&auml; verkosto. ","publisher":{"@id":"https:\/\/www.luma.fi\/en\/#organization"},"potentialAction":[{"@type":"SearchAction","target":{"@type":"EntryPoint","urlTemplate":"https:\/\/www.luma.fi\/en\/?s={search_term_string}"},"query-input":{"@type":"PropertyValueSpecification","valueRequired":true,"valueName":"search_term_string"}}],"inLanguage":"en-US"},{"@type":"Organization","@id":"https:\/\/www.luma.fi\/en\/#organization","name":"LUMA-keskus Suomi","url":"https:\/\/www.luma.fi\/en\/","logo":{"@type":"ImageObject","inLanguage":"en-US","@id":"https:\/\/www.luma.fi\/en\/#\/schema\/logo\/image\/","url":"https:\/\/www.luma.fi\/wp-content\/uploads\/2025\/08\/luma_flower-multicolored_small.png","contentUrl":"https:\/\/www.luma.fi\/wp-content\/uploads\/2025\/08\/luma_flower-multicolored_small.png","width":556,"height":557,"caption":"LUMA-keskus Suomi"},"image":{"@id":"https:\/\/www.luma.fi\/en\/#\/schema\/logo\/image\/"},"sameAs":["https:\/\/www.facebook.com\/LUMAkeskusSuomi\/","https:\/\/www.instagram.com\/lumasuomi\/","https:\/\/www.youtube.com\/user\/lumakeskus"]}]}},"_links":{"self":[{"href":"https:\/\/www.luma.fi\/en\/wp-json\/wp\/v2\/pages\/510","targetHints":{"allow":["GET"]}}],"collection":[{"href":"https:\/\/www.luma.fi\/en\/wp-json\/wp\/v2\/pages"}],"about":[{"href":"https:\/\/www.luma.fi\/en\/wp-json\/wp\/v2\/types\/page"}],"author":[{"embeddable":true,"href":"https:\/\/www.luma.fi\/en\/wp-json\/wp\/v2\/users\/2"}],"replies":[{"embeddable":true,"href":"https:\/\/www.luma.fi\/en\/wp-json\/wp\/v2\/comments?post=510"}],"version-history":[{"count":18,"href":"https:\/\/www.luma.fi\/en\/wp-json\/wp\/v2\/pages\/510\/revisions"}],"predecessor-version":[{"id":15009,"href":"https:\/\/www.luma.fi\/en\/wp-json\/wp\/v2\/pages\/510\/revisions\/15009"}],"wp:attachment":[{"href":"https:\/\/www.luma.fi\/en\/wp-json\/wp\/v2\/media?parent=510"}],"curies":[{"name":"wp","href":"https:\/\/api.w.org\/{rel}","templated":true}]}}