{"id":1050,"date":"2025-08-29T14:32:53","date_gmt":"2025-08-29T12:32:53","guid":{"rendered":"https:\/\/www.myscience.fi\/?page_id=1050"},"modified":"2026-04-14T11:15:19","modified_gmt":"2026-04-14T09:15:19","slug":"klubbar","status":"publish","type":"page","link":"https:\/\/www.luma.fi\/sv\/for-barn-och-unga\/klubbar\/","title":{"rendered":"Vetenskaps- och teknologiklubbar"},"content":{"rendered":"\n<p>I vetenskapsklubbarna \u00e4r det roligt att l\u00e4ra sig! Vi ordnar vetenskapsklubbar f\u00f6r barn och unga i olika \u00e5ldrar och med olika intressen. M\u00e5let med klubbverksamheten \u00e4r att ge deltagarna upplevelsen av de kan lyckas och att inspirera dem att stifta n\u00e4rmare bekantskap med de matematisk-naturvetenskapliga \u00e4mnena. Det \u00e4r v\u00e5rt m\u00e5l att h\u00e5lla deltagaravgiften s\u00e5 l\u00e5g som m\u00f6jligt, s\u00e5 att s\u00e5 m\u00e5nga som m\u00f6jligt kan delta i v\u00e5ra klubbar.<\/p>\n\n\n\n<h2 class=\"wp-block-heading\">Barnens akademi: vetenskapsverkst\u00e4der f\u00f6r barn<\/h2>\n\n\n\n<p>Verkst\u00e4derna i \u00c5bo och p\u00e5 \u00c5land ordnas under v\u00e5ren 2026, och anm\u00e4lan till dem \u00f6ppnar i november-december. Verkst\u00e4derna i Vasa \u00e4r fullbokade, men i Helsingfors finns \u00e4nnu enskilda platser kvar. De tv\u00e4rvetenskapliga verkst\u00e4derna ordnas i h\u00f6gskolornas lokaler f\u00f6r nyfikna och kunskapst\u00f6rstiga elever i \u00e5rskurserna 1\u20133 och 4\u20136.<\/p>\n\n\n\n<p><a href=\"https:\/\/www.abo.fi\/centret-for-livslangt-larande\/skolresurs\/skolresurs-verksamhet-for-skola-och-fritid\/for-barn-och-ungdomar\/\" target=\"_blank\" rel=\"noreferrer noopener\">L\u00e4s mer om Barnens akademi<\/a><\/p>\n\n\n\n<h2 class=\"wp-block-heading\">Vetenskapsklubbar p\u00e5 egen hand<\/h2>\n\n\n\n<p>Materialet f\u00f6r vetenskapsklubbarna m\u00f6jligg\u00f6r ett l\u00e5ngvarigt engagemang kring matematik och naturvetenskaper ocks\u00e5 f\u00f6r dem som inte har m\u00f6jlighet att delta i de vanliga klubbarna. I klubbarna p\u00e5 egen hand \u00e4r det m\u00f6jligt att delta hemma eller till exempel med skolans eftermiddagsklubb.<\/p>\n\n\n\n<h3 class=\"wp-block-heading\">Unders\u00f6k sj\u00e4lv! \u2013 eftermiddagsklubbar p\u00e5 distans f\u00f6r f\u00f6rsta- och andraklassare<\/h3>\n\n\n\n<p>Med dessa materialunderlag \u00e4r det m\u00f6jligt att unders\u00f6ka och bli inspirerad tillsammans! Klubbtr\u00e4ffarna best\u00e5r av inspelningar och tillh\u00f6rande arbetsinstruktioner och redskapslistor. Klubben g\u00e5r ut p\u00e5 att barnen, efter att de har titta p\u00e5 videon, pysslar eller utf\u00f6r en liten vetenskapsaktivitet i enlighet med instruktionerna. Arbetsinstruktionerna \u00e4r ocks\u00e5 l\u00e4tta att anv\u00e4nda i f\u00f6rskole- eller nyb\u00f6rjarundervisningen.<\/p>\n\n\n\n<p><a href=\"https:\/\/www.luma.fi\/sv\/tapahtuma\/eftermiddagsklubb-for-forsta-och-andraklassare-pa-distans-2024\/\">I klubbmaterialet h\u00f6sten 2024<\/a> ing\u00e5r instruktionsvideorna och undervisningsmaterialet f\u00f6r f\u00f6ljande experimentella arbeten: N\u00e4rliggande natur och Naturens hemliga konstverk.<br><br><a href=\"https:\/\/www.luma.fi\/sv\/tapahtuma\/eftermiddagsklubb2025\/\">I klubbmaterialet h\u00f6sten 2025<\/a> ing\u00e5r instruktionsvideorna och undervisningsmaterialet f\u00f6r f\u00f6ljande experimentella arbeten: F\u00e5gelsk\u00e5dning, Luft och vatten, Tangram och Rymden.<\/p>\n","protected":false},"excerpt":{"rendered":"<p>I vetenskapsklubbarna \u00e4r det roligt att l\u00e4ra sig! Vi ordnar vetenskapsklubbar f\u00f6r barn och unga i olika \u00e5ldrar och med olika intressen. M\u00e5let med klubbverksamheten \u00e4r att ge deltagarna upplevelsen av de kan lyckas och att inspirera dem att stifta n\u00e4rmare bekantskap med de matematisk-naturvetenskapliga \u00e4mnena. Det \u00e4r v\u00e5rt m\u00e5l att h\u00e5lla deltagaravgiften s\u00e5 l\u00e5g &#8230; <a title=\"Vetenskaps- och teknologiklubbar\" class=\"read-more\" href=\"https:\/\/www.luma.fi\/sv\/for-barn-och-unga\/klubbar\/\" aria-label=\"L\u00e4s mer om Vetenskaps- och teknologiklubbar\">L\u00e4s mer<\/a><\/p>\n","protected":false},"author":2,"featured_media":628,"parent":824,"menu_order":0,"comment_status":"closed","ping_status":"closed","template":"","meta":{"footnotes":""},"class_list":["post-1050","page","type-page","status-publish","has-post-thumbnail"],"yoast_head":"<!-- This site is optimized with the Yoast SEO plugin v27.4 - https:\/\/yoast.com\/product\/yoast-seo-wordpress\/ -->\n<title>Vetenskaps- och teknologiklubbar - LUMA-keskus Suomi<\/title>\n<meta name=\"robots\" content=\"index, follow, max-snippet:-1, max-image-preview:large, max-video-preview:-1\" \/>\n<link rel=\"canonical\" href=\"https:\/\/www.luma.fi\/sv\/for-barn-och-unga\/klubbar\/\" \/>\n<meta property=\"og:locale\" content=\"sv_SE\" \/>\n<meta property=\"og:type\" content=\"article\" \/>\n<meta property=\"og:title\" content=\"Vetenskaps- och teknologiklubbar - LUMA-keskus Suomi\" \/>\n<meta property=\"og:description\" content=\"I vetenskapsklubbarna \u00e4r det roligt att l\u00e4ra sig! Vi ordnar vetenskapsklubbar f\u00f6r barn och unga i olika \u00e5ldrar och med olika intressen. M\u00e5let med klubbverksamheten \u00e4r att ge deltagarna upplevelsen av de kan lyckas och att inspirera dem att stifta n\u00e4rmare bekantskap med de matematisk-naturvetenskapliga \u00e4mnena. Det \u00e4r v\u00e5rt m\u00e5l att h\u00e5lla deltagaravgiften s\u00e5 l\u00e5g ... L\u00e4s mer\" \/>\n<meta property=\"og:url\" content=\"https:\/\/www.luma.fi\/sv\/for-barn-och-unga\/klubbar\/\" \/>\n<meta property=\"og:site_name\" content=\"LUMA-keskus Suomi\" \/>\n<meta property=\"article:publisher\" content=\"https:\/\/www.facebook.com\/LUMAkeskusSuomi\/\" \/>\n<meta property=\"article:modified_time\" content=\"2026-04-14T09:15:19+00:00\" \/>\n<meta property=\"og:image\" content=\"http:\/\/www.luma.fi\/wp-content\/uploads\/2025\/09\/Tiedekerhot.jpg\" \/>\n\t<meta property=\"og:image:width\" content=\"1920\" \/>\n\t<meta property=\"og:image:height\" content=\"961\" \/>\n\t<meta property=\"og:image:type\" content=\"image\/jpeg\" \/>\n<meta name=\"twitter:card\" content=\"summary_large_image\" \/>\n<meta name=\"twitter:label1\" content=\"Ber\u00e4knad l\u00e4stid\" \/>\n\t<meta name=\"twitter:data1\" content=\"2 minuter\" \/>\n<script type=\"application\/ld+json\" class=\"yoast-schema-graph\">{\"@context\":\"https:\\\/\\\/schema.org\",\"@graph\":[{\"@type\":\"WebPage\",\"@id\":\"https:\\\/\\\/www.luma.fi\\\/sv\\\/for-barn-och-unga\\\/klubbar\\\/\",\"url\":\"https:\\\/\\\/www.luma.fi\\\/sv\\\/for-barn-och-unga\\\/klubbar\\\/\",\"name\":\"Vetenskaps- och teknologiklubbar - LUMA-keskus Suomi\",\"isPartOf\":{\"@id\":\"https:\\\/\\\/www.luma.fi\\\/sv\\\/#website\"},\"primaryImageOfPage\":{\"@id\":\"https:\\\/\\\/www.luma.fi\\\/sv\\\/for-barn-och-unga\\\/klubbar\\\/#primaryimage\"},\"image\":{\"@id\":\"https:\\\/\\\/www.luma.fi\\\/sv\\\/for-barn-och-unga\\\/klubbar\\\/#primaryimage\"},\"thumbnailUrl\":\"https:\\\/\\\/www.luma.fi\\\/wp-content\\\/uploads\\\/2025\\\/09\\\/Tiedekerhot.jpg\",\"datePublished\":\"2025-08-29T12:32:53+00:00\",\"dateModified\":\"2026-04-14T09:15:19+00:00\",\"breadcrumb\":{\"@id\":\"https:\\\/\\\/www.luma.fi\\\/sv\\\/for-barn-och-unga\\\/klubbar\\\/#breadcrumb\"},\"inLanguage\":\"sv-SE\",\"potentialAction\":[{\"@type\":\"ReadAction\",\"target\":[\"https:\\\/\\\/www.luma.fi\\\/sv\\\/for-barn-och-unga\\\/klubbar\\\/\"]}]},{\"@type\":\"ImageObject\",\"inLanguage\":\"sv-SE\",\"@id\":\"https:\\\/\\\/www.luma.fi\\\/sv\\\/for-barn-och-unga\\\/klubbar\\\/#primaryimage\",\"url\":\"https:\\\/\\\/www.luma.fi\\\/wp-content\\\/uploads\\\/2025\\\/09\\\/Tiedekerhot.jpg\",\"contentUrl\":\"https:\\\/\\\/www.luma.fi\\\/wp-content\\\/uploads\\\/2025\\\/09\\\/Tiedekerhot.jpg\",\"width\":1920,\"height\":961,\"caption\":\"Kuvituskuvassa valokuva kahdesta 8-vuotiaasta tyt\u00f6st\u00e4 ulkovaatteissa syksyisell\u00e4 rannalla. Toinen on tehnyt\"},{\"@type\":\"BreadcrumbList\",\"@id\":\"https:\\\/\\\/www.luma.fi\\\/sv\\\/for-barn-och-unga\\\/klubbar\\\/#breadcrumb\",\"itemListElement\":[{\"@type\":\"ListItem\",\"position\":1,\"name\":\"Etusivu\",\"item\":\"https:\\\/\\\/www.luma.fi\\\/sv\\\/\"},{\"@type\":\"ListItem\",\"position\":2,\"name\":\"F\u00f6r barn, unga och familjer\",\"item\":\"https:\\\/\\\/www.luma.fi\\\/sv\\\/for-barn-och-unga\\\/\"},{\"@type\":\"ListItem\",\"position\":3,\"name\":\"Vetenskaps- och teknologiklubbar\"}]},{\"@type\":\"WebSite\",\"@id\":\"https:\\\/\\\/www.luma.fi\\\/sv\\\/#website\",\"url\":\"https:\\\/\\\/www.luma.fi\\\/sv\\\/\",\"name\":\"LUMA-keskus Suomi\",\"description\":\"LUMA-keskus Suomi on 11 yliopiston tiedekasvatukseen ja teknologiakasvatukseen keskittyv&auml; verkosto. \",\"publisher\":{\"@id\":\"https:\\\/\\\/www.luma.fi\\\/sv\\\/#organization\"},\"potentialAction\":[{\"@type\":\"SearchAction\",\"target\":{\"@type\":\"EntryPoint\",\"urlTemplate\":\"https:\\\/\\\/www.luma.fi\\\/sv\\\/?s={search_term_string}\"},\"query-input\":{\"@type\":\"PropertyValueSpecification\",\"valueRequired\":true,\"valueName\":\"search_term_string\"}}],\"inLanguage\":\"sv-SE\"},{\"@type\":\"Organization\",\"@id\":\"https:\\\/\\\/www.luma.fi\\\/sv\\\/#organization\",\"name\":\"LUMA-keskus Suomi\",\"url\":\"https:\\\/\\\/www.luma.fi\\\/sv\\\/\",\"logo\":{\"@type\":\"ImageObject\",\"inLanguage\":\"sv-SE\",\"@id\":\"https:\\\/\\\/www.luma.fi\\\/sv\\\/#\\\/schema\\\/logo\\\/image\\\/\",\"url\":\"https:\\\/\\\/www.luma.fi\\\/wp-content\\\/uploads\\\/2025\\\/08\\\/luma_flower-multicolored_small.png\",\"contentUrl\":\"https:\\\/\\\/www.luma.fi\\\/wp-content\\\/uploads\\\/2025\\\/08\\\/luma_flower-multicolored_small.png\",\"width\":556,\"height\":557,\"caption\":\"LUMA-keskus Suomi\"},\"image\":{\"@id\":\"https:\\\/\\\/www.luma.fi\\\/sv\\\/#\\\/schema\\\/logo\\\/image\\\/\"},\"sameAs\":[\"https:\\\/\\\/www.facebook.com\\\/LUMAkeskusSuomi\\\/\",\"https:\\\/\\\/www.instagram.com\\\/lumasuomi\\\/\",\"https:\\\/\\\/www.youtube.com\\\/user\\\/lumakeskus\"]}]}<\/script>\n<!-- \/ Yoast SEO plugin. -->","yoast_head_json":{"title":"Vetenskaps- och teknologiklubbar - LUMA-keskus Suomi","robots":{"index":"index","follow":"follow","max-snippet":"max-snippet:-1","max-image-preview":"max-image-preview:large","max-video-preview":"max-video-preview:-1"},"canonical":"https:\/\/www.luma.fi\/sv\/for-barn-och-unga\/klubbar\/","og_locale":"sv_SE","og_type":"article","og_title":"Vetenskaps- och teknologiklubbar - LUMA-keskus Suomi","og_description":"I vetenskapsklubbarna \u00e4r det roligt att l\u00e4ra sig! Vi ordnar vetenskapsklubbar f\u00f6r barn och unga i olika \u00e5ldrar och med olika intressen. M\u00e5let med klubbverksamheten \u00e4r att ge deltagarna upplevelsen av de kan lyckas och att inspirera dem att stifta n\u00e4rmare bekantskap med de matematisk-naturvetenskapliga \u00e4mnena. Det \u00e4r v\u00e5rt m\u00e5l att h\u00e5lla deltagaravgiften s\u00e5 l\u00e5g ... L\u00e4s mer","og_url":"https:\/\/www.luma.fi\/sv\/for-barn-och-unga\/klubbar\/","og_site_name":"LUMA-keskus Suomi","article_publisher":"https:\/\/www.facebook.com\/LUMAkeskusSuomi\/","article_modified_time":"2026-04-14T09:15:19+00:00","og_image":[{"width":1920,"height":961,"url":"http:\/\/www.luma.fi\/wp-content\/uploads\/2025\/09\/Tiedekerhot.jpg","type":"image\/jpeg"}],"twitter_card":"summary_large_image","twitter_misc":{"Ber\u00e4knad l\u00e4stid":"2 minuter"},"schema":{"@context":"https:\/\/schema.org","@graph":[{"@type":"WebPage","@id":"https:\/\/www.luma.fi\/sv\/for-barn-och-unga\/klubbar\/","url":"https:\/\/www.luma.fi\/sv\/for-barn-och-unga\/klubbar\/","name":"Vetenskaps- och teknologiklubbar - LUMA-keskus Suomi","isPartOf":{"@id":"https:\/\/www.luma.fi\/sv\/#website"},"primaryImageOfPage":{"@id":"https:\/\/www.luma.fi\/sv\/for-barn-och-unga\/klubbar\/#primaryimage"},"image":{"@id":"https:\/\/www.luma.fi\/sv\/for-barn-och-unga\/klubbar\/#primaryimage"},"thumbnailUrl":"https:\/\/www.luma.fi\/wp-content\/uploads\/2025\/09\/Tiedekerhot.jpg","datePublished":"2025-08-29T12:32:53+00:00","dateModified":"2026-04-14T09:15:19+00:00","breadcrumb":{"@id":"https:\/\/www.luma.fi\/sv\/for-barn-och-unga\/klubbar\/#breadcrumb"},"inLanguage":"sv-SE","potentialAction":[{"@type":"ReadAction","target":["https:\/\/www.luma.fi\/sv\/for-barn-och-unga\/klubbar\/"]}]},{"@type":"ImageObject","inLanguage":"sv-SE","@id":"https:\/\/www.luma.fi\/sv\/for-barn-och-unga\/klubbar\/#primaryimage","url":"https:\/\/www.luma.fi\/wp-content\/uploads\/2025\/09\/Tiedekerhot.jpg","contentUrl":"https:\/\/www.luma.fi\/wp-content\/uploads\/2025\/09\/Tiedekerhot.jpg","width":1920,"height":961,"caption":"Kuvituskuvassa valokuva kahdesta 8-vuotiaasta tyt\u00f6st\u00e4 ulkovaatteissa syksyisell\u00e4 rannalla. Toinen on tehnyt"},{"@type":"BreadcrumbList","@id":"https:\/\/www.luma.fi\/sv\/for-barn-och-unga\/klubbar\/#breadcrumb","itemListElement":[{"@type":"ListItem","position":1,"name":"Etusivu","item":"https:\/\/www.luma.fi\/sv\/"},{"@type":"ListItem","position":2,"name":"F\u00f6r barn, unga och familjer","item":"https:\/\/www.luma.fi\/sv\/for-barn-och-unga\/"},{"@type":"ListItem","position":3,"name":"Vetenskaps- och teknologiklubbar"}]},{"@type":"WebSite","@id":"https:\/\/www.luma.fi\/sv\/#website","url":"https:\/\/www.luma.fi\/sv\/","name":"LUMA-keskus Suomi","description":"LUMA-keskus Suomi on 11 yliopiston tiedekasvatukseen ja teknologiakasvatukseen keskittyv&auml; verkosto. ","publisher":{"@id":"https:\/\/www.luma.fi\/sv\/#organization"},"potentialAction":[{"@type":"SearchAction","target":{"@type":"EntryPoint","urlTemplate":"https:\/\/www.luma.fi\/sv\/?s={search_term_string}"},"query-input":{"@type":"PropertyValueSpecification","valueRequired":true,"valueName":"search_term_string"}}],"inLanguage":"sv-SE"},{"@type":"Organization","@id":"https:\/\/www.luma.fi\/sv\/#organization","name":"LUMA-keskus Suomi","url":"https:\/\/www.luma.fi\/sv\/","logo":{"@type":"ImageObject","inLanguage":"sv-SE","@id":"https:\/\/www.luma.fi\/sv\/#\/schema\/logo\/image\/","url":"https:\/\/www.luma.fi\/wp-content\/uploads\/2025\/08\/luma_flower-multicolored_small.png","contentUrl":"https:\/\/www.luma.fi\/wp-content\/uploads\/2025\/08\/luma_flower-multicolored_small.png","width":556,"height":557,"caption":"LUMA-keskus Suomi"},"image":{"@id":"https:\/\/www.luma.fi\/sv\/#\/schema\/logo\/image\/"},"sameAs":["https:\/\/www.facebook.com\/LUMAkeskusSuomi\/","https:\/\/www.instagram.com\/lumasuomi\/","https:\/\/www.youtube.com\/user\/lumakeskus"]}]}},"_links":{"self":[{"href":"https:\/\/www.luma.fi\/sv\/wp-json\/wp\/v2\/pages\/1050","targetHints":{"allow":["GET"]}}],"collection":[{"href":"https:\/\/www.luma.fi\/sv\/wp-json\/wp\/v2\/pages"}],"about":[{"href":"https:\/\/www.luma.fi\/sv\/wp-json\/wp\/v2\/types\/page"}],"author":[{"embeddable":true,"href":"https:\/\/www.luma.fi\/sv\/wp-json\/wp\/v2\/users\/2"}],"replies":[{"embeddable":true,"href":"https:\/\/www.luma.fi\/sv\/wp-json\/wp\/v2\/comments?post=1050"}],"version-history":[{"count":6,"href":"https:\/\/www.luma.fi\/sv\/wp-json\/wp\/v2\/pages\/1050\/revisions"}],"predecessor-version":[{"id":16079,"href":"https:\/\/www.luma.fi\/sv\/wp-json\/wp\/v2\/pages\/1050\/revisions\/16079"}],"up":[{"embeddable":true,"href":"https:\/\/www.luma.fi\/sv\/wp-json\/wp\/v2\/pages\/824"}],"wp:featuredmedia":[{"embeddable":true,"href":"https:\/\/www.luma.fi\/sv\/wp-json\/wp\/v2\/media\/628"}],"wp:attachment":[{"href":"https:\/\/www.luma.fi\/sv\/wp-json\/wp\/v2\/media?parent=1050"}],"curies":[{"name":"wp","href":"https:\/\/api.w.org\/{rel}","templated":true}]}}