{"id":1057,"date":"2025-09-09T10:34:51","date_gmt":"2025-09-09T08:34:51","guid":{"rendered":"https:\/\/www.myscience.fi\/?page_id=1057"},"modified":"2026-01-08T14:20:43","modified_gmt":"2026-01-08T12:20:43","slug":"prova-hemma","status":"publish","type":"page","link":"https:\/\/www.luma.fi\/sv\/for-barn-och-unga\/prova-hemma\/","title":{"rendered":"Vetenskap f\u00f6r hela familjen"},"content":{"rendered":"\n<p>P\u00e5 den h\u00e4r sidan har vi samlat aktiviteter och material f\u00f6r hela familjen. Bekanta dig ocks\u00e5 med v\u00e5r evenemangskalender, d\u00e4r vi samlat aktuella evenemang i Finland riktade till hela familjen.<em> <\/em><\/p>\n\n\n\n<hr class=\"wp-block-separator has-text-color has-alpha-channel-opacity has-background\" style=\"background-color:#00a2c0;color:#00a2c0\"\/>\n\n\n\n<h2 class=\"wp-block-heading\">Pr\u00f6va hemma<\/h2>\n\n\n\n<p>Aalto-universitetet Juniors pr\u00f6va hemma-instruktioner. H\u00e4r hit\u00adtar du inspirerande veten\u00adskaps- och kon\u00adstar\u00adbeten, som du l\u00e4tt kan pr\u00f6\u00adva p\u00e5 hem\u00adma! Materialet f\u00e5r fritt anv\u00e4ndas i undervisning eller hemma. Du hittar <a href=\"https:\/\/www.aalto.fi\/sv\/aalto-yliopisto-junior\/prova-hemma-0\" target=\"_blank\" rel=\"noreferrer noopener\">Pr\u00f6va hemma h\u00e4r.<\/a><\/p>\n\n\n\n<hr class=\"wp-block-separator has-text-color has-alpha-channel-opacity has-background\" style=\"background-color:#00a2c0;color:#00a2c0\"\/>\n\n\n\n<h2 class=\"wp-block-heading\" id=\"tiede-ja-teknologiajuhlat\">Vetenskapsfester<\/h2>\n\n\n\n<p>Vid vissa LUMA-center ordnas vetenskapskalas eller -fest mot en liten avgift. S\u00e4rskilt popul\u00e4ra \u00e4r barnkalas med vetenskaps- och teknologitema, men vi ordnar \u00e4ven g\u00e4rna workshoppar f\u00f6r f\u00f6retag t.ex. under rekreationsdagar. <\/p>\n\n\n\n<ul class=\"wp-block-list\">\n<li><a href=\"https:\/\/www.helsinki.fi\/sv\/vetenskapsfostran\/barn-unga-och-familjer\/vetenskapsfester\" target=\"_blank\" rel=\"noreferrer noopener\">Vetenskapsfest vid Helsingfors universitet<\/a><\/li>\n<\/ul>\n\n\n\n<hr class=\"wp-block-separator has-text-color has-alpha-channel-opacity has-background\" style=\"background-color:#00a2c0;color:#00a2c0\"\/>\n\n\n\n<h2 class=\"wp-block-heading\" id=\"tyopajat-ja-teemapaivat\">Vetenskapsstig i Helsingfors<\/h2>\n\n\n\n<p>I Helsingfors, i omgivningen kring forskningsg\u00e5rden i Vik, har det \u00f6ppnats en vetenskapsstig som \u00e4r riktad till barn och unga s\u00e4rskilt i grundskole\u00e5ldern. L\u00e4ngs stigen (som \u00e4r drygt en kilometer l\u00e5ng) bekantar man sig med var maten kommer ifr\u00e5n och hur den kan produceras p\u00e5 ett h\u00e5llbart s\u00e4tt. <a href=\"https:\/\/www.helsinki.fi\/sv\/forskningsstationer\/vetenskapsleder\/platser\/vetenskaps-och-naturstigarna-i-vik\/vetenskapsstigen-pa-viks-forskningsgard\" target=\"_blank\" rel=\"noreferrer noopener\">Mer information om vetenskapsstigen p\u00e5 Helsingfors universitets hemsida<\/a>.<\/p>\n\n\n\n<p><\/p>\n\n\n\n<p><\/p>\n","protected":false},"excerpt":{"rendered":"<p>P\u00e5 den h\u00e4r sidan har vi samlat aktiviteter och material f\u00f6r hela familjen. Bekanta dig ocks\u00e5 med v\u00e5r evenemangskalender, d\u00e4r vi samlat aktuella evenemang i Finland riktade till hela familjen. Pr\u00f6va hemma Aalto-universitetet Juniors pr\u00f6va hemma-instruktioner. H\u00e4r hit\u00adtar du inspirerande veten\u00adskaps- och kon\u00adstar\u00adbeten, som du l\u00e4tt kan pr\u00f6\u00adva p\u00e5 hem\u00adma! Materialet f\u00e5r fritt anv\u00e4ndas i &#8230; <a title=\"Vetenskap f\u00f6r hela familjen\" class=\"read-more\" href=\"https:\/\/www.luma.fi\/sv\/for-barn-och-unga\/prova-hemma\/\" aria-label=\"L\u00e4s mer om Vetenskap f\u00f6r hela familjen\">L\u00e4s mer<\/a><\/p>\n","protected":false},"author":2,"featured_media":393,"parent":824,"menu_order":0,"comment_status":"closed","ping_status":"closed","template":"","meta":{"footnotes":""},"class_list":["post-1057","page","type-page","status-publish","has-post-thumbnail"],"yoast_head":"<!-- This site is optimized with the Yoast SEO plugin v27.4 - https:\/\/yoast.com\/product\/yoast-seo-wordpress\/ -->\n<title>Vetenskap f\u00f6r hela familjen - LUMA-keskus Suomi<\/title>\n<meta name=\"robots\" content=\"index, follow, max-snippet:-1, max-image-preview:large, max-video-preview:-1\" \/>\n<link rel=\"canonical\" href=\"https:\/\/www.luma.fi\/sv\/for-barn-och-unga\/prova-hemma\/\" \/>\n<meta property=\"og:locale\" content=\"sv_SE\" \/>\n<meta property=\"og:type\" content=\"article\" \/>\n<meta property=\"og:title\" content=\"Vetenskap f\u00f6r hela familjen - LUMA-keskus Suomi\" \/>\n<meta property=\"og:description\" content=\"P\u00e5 den h\u00e4r sidan har vi samlat aktiviteter och material f\u00f6r hela familjen. Bekanta dig ocks\u00e5 med v\u00e5r evenemangskalender, d\u00e4r vi samlat aktuella evenemang i Finland riktade till hela familjen. Pr\u00f6va hemma Aalto-universitetet Juniors pr\u00f6va hemma-instruktioner. H\u00e4r hit\u00adtar du inspirerande veten\u00adskaps- och kon\u00adstar\u00adbeten, som du l\u00e4tt kan pr\u00f6\u00adva p\u00e5 hem\u00adma! Materialet f\u00e5r fritt anv\u00e4ndas i ... L\u00e4s mer\" \/>\n<meta property=\"og:url\" content=\"https:\/\/www.luma.fi\/sv\/for-barn-och-unga\/prova-hemma\/\" \/>\n<meta property=\"og:site_name\" content=\"LUMA-keskus Suomi\" \/>\n<meta property=\"article:publisher\" content=\"https:\/\/www.facebook.com\/LUMAkeskusSuomi\/\" \/>\n<meta property=\"article:modified_time\" content=\"2026-01-08T12:20:43+00:00\" \/>\n<meta property=\"og:image\" content=\"http:\/\/www.luma.fi\/wp-content\/uploads\/2025\/09\/perhetapahtuma.jpg\" \/>\n\t<meta property=\"og:image:width\" content=\"2048\" \/>\n\t<meta property=\"og:image:height\" content=\"1029\" \/>\n\t<meta property=\"og:image:type\" content=\"image\/jpeg\" \/>\n<meta name=\"twitter:card\" content=\"summary_large_image\" \/>\n<meta name=\"twitter:label1\" content=\"Ber\u00e4knad l\u00e4stid\" \/>\n\t<meta name=\"twitter:data1\" content=\"1 minut\" \/>\n<script type=\"application\/ld+json\" class=\"yoast-schema-graph\">{\"@context\":\"https:\\\/\\\/schema.org\",\"@graph\":[{\"@type\":\"WebPage\",\"@id\":\"https:\\\/\\\/www.luma.fi\\\/sv\\\/for-barn-och-unga\\\/prova-hemma\\\/\",\"url\":\"https:\\\/\\\/www.luma.fi\\\/sv\\\/for-barn-och-unga\\\/prova-hemma\\\/\",\"name\":\"Vetenskap f\u00f6r hela familjen - LUMA-keskus Suomi\",\"isPartOf\":{\"@id\":\"https:\\\/\\\/www.luma.fi\\\/sv\\\/#website\"},\"primaryImageOfPage\":{\"@id\":\"https:\\\/\\\/www.luma.fi\\\/sv\\\/for-barn-och-unga\\\/prova-hemma\\\/#primaryimage\"},\"image\":{\"@id\":\"https:\\\/\\\/www.luma.fi\\\/sv\\\/for-barn-och-unga\\\/prova-hemma\\\/#primaryimage\"},\"thumbnailUrl\":\"https:\\\/\\\/www.luma.fi\\\/wp-content\\\/uploads\\\/2025\\\/09\\\/perhetapahtuma.jpg\",\"datePublished\":\"2025-09-09T08:34:51+00:00\",\"dateModified\":\"2026-01-08T12:20:43+00:00\",\"breadcrumb\":{\"@id\":\"https:\\\/\\\/www.luma.fi\\\/sv\\\/for-barn-och-unga\\\/prova-hemma\\\/#breadcrumb\"},\"inLanguage\":\"sv-SE\",\"potentialAction\":[{\"@type\":\"ReadAction\",\"target\":[\"https:\\\/\\\/www.luma.fi\\\/sv\\\/for-barn-och-unga\\\/prova-hemma\\\/\"]}]},{\"@type\":\"ImageObject\",\"inLanguage\":\"sv-SE\",\"@id\":\"https:\\\/\\\/www.luma.fi\\\/sv\\\/for-barn-och-unga\\\/prova-hemma\\\/#primaryimage\",\"url\":\"https:\\\/\\\/www.luma.fi\\\/wp-content\\\/uploads\\\/2025\\\/09\\\/perhetapahtuma.jpg\",\"contentUrl\":\"https:\\\/\\\/www.luma.fi\\\/wp-content\\\/uploads\\\/2025\\\/09\\\/perhetapahtuma.jpg\",\"width\":2048,\"height\":1029,\"caption\":\"Tapahtumia koko perheelle ja opettajille\"},{\"@type\":\"BreadcrumbList\",\"@id\":\"https:\\\/\\\/www.luma.fi\\\/sv\\\/for-barn-och-unga\\\/prova-hemma\\\/#breadcrumb\",\"itemListElement\":[{\"@type\":\"ListItem\",\"position\":1,\"name\":\"Etusivu\",\"item\":\"https:\\\/\\\/www.luma.fi\\\/sv\\\/\"},{\"@type\":\"ListItem\",\"position\":2,\"name\":\"F\u00f6r barn, unga och familjer\",\"item\":\"https:\\\/\\\/www.luma.fi\\\/sv\\\/for-barn-och-unga\\\/\"},{\"@type\":\"ListItem\",\"position\":3,\"name\":\"Vetenskap f\u00f6r hela familjen\"}]},{\"@type\":\"WebSite\",\"@id\":\"https:\\\/\\\/www.luma.fi\\\/sv\\\/#website\",\"url\":\"https:\\\/\\\/www.luma.fi\\\/sv\\\/\",\"name\":\"LUMA-keskus Suomi\",\"description\":\"LUMA-keskus Suomi on 11 yliopiston tiedekasvatukseen ja teknologiakasvatukseen keskittyv&auml; verkosto. \",\"publisher\":{\"@id\":\"https:\\\/\\\/www.luma.fi\\\/sv\\\/#organization\"},\"potentialAction\":[{\"@type\":\"SearchAction\",\"target\":{\"@type\":\"EntryPoint\",\"urlTemplate\":\"https:\\\/\\\/www.luma.fi\\\/sv\\\/?s={search_term_string}\"},\"query-input\":{\"@type\":\"PropertyValueSpecification\",\"valueRequired\":true,\"valueName\":\"search_term_string\"}}],\"inLanguage\":\"sv-SE\"},{\"@type\":\"Organization\",\"@id\":\"https:\\\/\\\/www.luma.fi\\\/sv\\\/#organization\",\"name\":\"LUMA-keskus Suomi\",\"url\":\"https:\\\/\\\/www.luma.fi\\\/sv\\\/\",\"logo\":{\"@type\":\"ImageObject\",\"inLanguage\":\"sv-SE\",\"@id\":\"https:\\\/\\\/www.luma.fi\\\/sv\\\/#\\\/schema\\\/logo\\\/image\\\/\",\"url\":\"https:\\\/\\\/www.luma.fi\\\/wp-content\\\/uploads\\\/2025\\\/08\\\/luma_flower-multicolored_small.png\",\"contentUrl\":\"https:\\\/\\\/www.luma.fi\\\/wp-content\\\/uploads\\\/2025\\\/08\\\/luma_flower-multicolored_small.png\",\"width\":556,\"height\":557,\"caption\":\"LUMA-keskus Suomi\"},\"image\":{\"@id\":\"https:\\\/\\\/www.luma.fi\\\/sv\\\/#\\\/schema\\\/logo\\\/image\\\/\"},\"sameAs\":[\"https:\\\/\\\/www.facebook.com\\\/LUMAkeskusSuomi\\\/\",\"https:\\\/\\\/www.instagram.com\\\/lumasuomi\\\/\",\"https:\\\/\\\/www.youtube.com\\\/user\\\/lumakeskus\"]}]}<\/script>\n<!-- \/ Yoast SEO plugin. -->","yoast_head_json":{"title":"Vetenskap f\u00f6r hela familjen - LUMA-keskus Suomi","robots":{"index":"index","follow":"follow","max-snippet":"max-snippet:-1","max-image-preview":"max-image-preview:large","max-video-preview":"max-video-preview:-1"},"canonical":"https:\/\/www.luma.fi\/sv\/for-barn-och-unga\/prova-hemma\/","og_locale":"sv_SE","og_type":"article","og_title":"Vetenskap f\u00f6r hela familjen - LUMA-keskus Suomi","og_description":"P\u00e5 den h\u00e4r sidan har vi samlat aktiviteter och material f\u00f6r hela familjen. Bekanta dig ocks\u00e5 med v\u00e5r evenemangskalender, d\u00e4r vi samlat aktuella evenemang i Finland riktade till hela familjen. Pr\u00f6va hemma Aalto-universitetet Juniors pr\u00f6va hemma-instruktioner. H\u00e4r hit\u00adtar du inspirerande veten\u00adskaps- och kon\u00adstar\u00adbeten, som du l\u00e4tt kan pr\u00f6\u00adva p\u00e5 hem\u00adma! Materialet f\u00e5r fritt anv\u00e4ndas i ... L\u00e4s mer","og_url":"https:\/\/www.luma.fi\/sv\/for-barn-och-unga\/prova-hemma\/","og_site_name":"LUMA-keskus Suomi","article_publisher":"https:\/\/www.facebook.com\/LUMAkeskusSuomi\/","article_modified_time":"2026-01-08T12:20:43+00:00","og_image":[{"width":2048,"height":1029,"url":"http:\/\/www.luma.fi\/wp-content\/uploads\/2025\/09\/perhetapahtuma.jpg","type":"image\/jpeg"}],"twitter_card":"summary_large_image","twitter_misc":{"Ber\u00e4knad l\u00e4stid":"1 minut"},"schema":{"@context":"https:\/\/schema.org","@graph":[{"@type":"WebPage","@id":"https:\/\/www.luma.fi\/sv\/for-barn-och-unga\/prova-hemma\/","url":"https:\/\/www.luma.fi\/sv\/for-barn-och-unga\/prova-hemma\/","name":"Vetenskap f\u00f6r hela familjen - LUMA-keskus Suomi","isPartOf":{"@id":"https:\/\/www.luma.fi\/sv\/#website"},"primaryImageOfPage":{"@id":"https:\/\/www.luma.fi\/sv\/for-barn-och-unga\/prova-hemma\/#primaryimage"},"image":{"@id":"https:\/\/www.luma.fi\/sv\/for-barn-och-unga\/prova-hemma\/#primaryimage"},"thumbnailUrl":"https:\/\/www.luma.fi\/wp-content\/uploads\/2025\/09\/perhetapahtuma.jpg","datePublished":"2025-09-09T08:34:51+00:00","dateModified":"2026-01-08T12:20:43+00:00","breadcrumb":{"@id":"https:\/\/www.luma.fi\/sv\/for-barn-och-unga\/prova-hemma\/#breadcrumb"},"inLanguage":"sv-SE","potentialAction":[{"@type":"ReadAction","target":["https:\/\/www.luma.fi\/sv\/for-barn-och-unga\/prova-hemma\/"]}]},{"@type":"ImageObject","inLanguage":"sv-SE","@id":"https:\/\/www.luma.fi\/sv\/for-barn-och-unga\/prova-hemma\/#primaryimage","url":"https:\/\/www.luma.fi\/wp-content\/uploads\/2025\/09\/perhetapahtuma.jpg","contentUrl":"https:\/\/www.luma.fi\/wp-content\/uploads\/2025\/09\/perhetapahtuma.jpg","width":2048,"height":1029,"caption":"Tapahtumia koko perheelle ja opettajille"},{"@type":"BreadcrumbList","@id":"https:\/\/www.luma.fi\/sv\/for-barn-och-unga\/prova-hemma\/#breadcrumb","itemListElement":[{"@type":"ListItem","position":1,"name":"Etusivu","item":"https:\/\/www.luma.fi\/sv\/"},{"@type":"ListItem","position":2,"name":"F\u00f6r barn, unga och familjer","item":"https:\/\/www.luma.fi\/sv\/for-barn-och-unga\/"},{"@type":"ListItem","position":3,"name":"Vetenskap f\u00f6r hela familjen"}]},{"@type":"WebSite","@id":"https:\/\/www.luma.fi\/sv\/#website","url":"https:\/\/www.luma.fi\/sv\/","name":"LUMA-keskus Suomi","description":"LUMA-keskus Suomi on 11 yliopiston tiedekasvatukseen ja teknologiakasvatukseen keskittyv&auml; verkosto. ","publisher":{"@id":"https:\/\/www.luma.fi\/sv\/#organization"},"potentialAction":[{"@type":"SearchAction","target":{"@type":"EntryPoint","urlTemplate":"https:\/\/www.luma.fi\/sv\/?s={search_term_string}"},"query-input":{"@type":"PropertyValueSpecification","valueRequired":true,"valueName":"search_term_string"}}],"inLanguage":"sv-SE"},{"@type":"Organization","@id":"https:\/\/www.luma.fi\/sv\/#organization","name":"LUMA-keskus Suomi","url":"https:\/\/www.luma.fi\/sv\/","logo":{"@type":"ImageObject","inLanguage":"sv-SE","@id":"https:\/\/www.luma.fi\/sv\/#\/schema\/logo\/image\/","url":"https:\/\/www.luma.fi\/wp-content\/uploads\/2025\/08\/luma_flower-multicolored_small.png","contentUrl":"https:\/\/www.luma.fi\/wp-content\/uploads\/2025\/08\/luma_flower-multicolored_small.png","width":556,"height":557,"caption":"LUMA-keskus Suomi"},"image":{"@id":"https:\/\/www.luma.fi\/sv\/#\/schema\/logo\/image\/"},"sameAs":["https:\/\/www.facebook.com\/LUMAkeskusSuomi\/","https:\/\/www.instagram.com\/lumasuomi\/","https:\/\/www.youtube.com\/user\/lumakeskus"]}]}},"_links":{"self":[{"href":"https:\/\/www.luma.fi\/sv\/wp-json\/wp\/v2\/pages\/1057","targetHints":{"allow":["GET"]}}],"collection":[{"href":"https:\/\/www.luma.fi\/sv\/wp-json\/wp\/v2\/pages"}],"about":[{"href":"https:\/\/www.luma.fi\/sv\/wp-json\/wp\/v2\/types\/page"}],"author":[{"embeddable":true,"href":"https:\/\/www.luma.fi\/sv\/wp-json\/wp\/v2\/users\/2"}],"replies":[{"embeddable":true,"href":"https:\/\/www.luma.fi\/sv\/wp-json\/wp\/v2\/comments?post=1057"}],"version-history":[{"count":4,"href":"https:\/\/www.luma.fi\/sv\/wp-json\/wp\/v2\/pages\/1057\/revisions"}],"predecessor-version":[{"id":15586,"href":"https:\/\/www.luma.fi\/sv\/wp-json\/wp\/v2\/pages\/1057\/revisions\/15586"}],"up":[{"embeddable":true,"href":"https:\/\/www.luma.fi\/sv\/wp-json\/wp\/v2\/pages\/824"}],"wp:featuredmedia":[{"embeddable":true,"href":"https:\/\/www.luma.fi\/sv\/wp-json\/wp\/v2\/media\/393"}],"wp:attachment":[{"href":"https:\/\/www.luma.fi\/sv\/wp-json\/wp\/v2\/media?parent=1057"}],"curies":[{"name":"wp","href":"https:\/\/api.w.org\/{rel}","templated":true}]}}