{"id":1071,"date":"2025-08-29T13:00:29","date_gmt":"2025-08-29T11:00:29","guid":{"rendered":"https:\/\/www.myscience.fi\/?page_id=1071"},"modified":"2025-11-20T19:22:19","modified_gmt":"2025-11-20T17:22:19","slug":"lumat-forskningsseminarium","status":"publish","type":"page","link":"https:\/\/www.luma.fi\/sv\/lumat-forskningsseminarium\/","title":{"rendered":"LUMAT-forskningsseminarium"},"content":{"rendered":"\n<p>LUMA-center Finland-n\u00e4tverket ger ut den vetenskapliga tidskriften LUMAT, som varje \u00e5r ocks\u00e5 ordna olika typer av evenemang kring forskning. Evenemangen, till exempel seminarier, ordnas i huvudsak \u00f6ver n\u00e4tet, och en del av dem \u00e4r p\u00e5 engelska. Evenemangen fokuserar fr\u00e4mst p\u00e5 forskningen kring undervisningen i matematik, naturvetenskaper och teknologi.<\/p>\n\n\n\n<h2 class=\"wp-block-heading\">Kommande seminarier<\/h2>\n\n\n\n<p>P\u00e5 LUMAT-forskningsseminarier f\u00e5r forskare och studerande presentera sina senaste unders\u00f6kningar. M\u00e5let \u00e4r att fr\u00e4mja diskussionen kring forskning och vetenskap. \u00c4ven andra teman kring forskning, s\u00e5som forskningsmetoder och publikationer, kan tas upp p\u00e5 seminarierna.<\/p>\n\n\n\n<p>N\u00e4sta seminarium ordnas \u00e5r 2026. Vi ger mer information om seminariet p\u00e5 den h\u00e4r sidan n\u00e4r det n\u00e4rmar sig.<\/p>\n\n\n\n<hr class=\"wp-block-separator has-text-color has-alpha-channel-opacity has-background\" style=\"background-color:#00a2c0;color:#00a2c0\"\/>\n\n\n\n<h2 class=\"wp-block-heading\">LUMAT-forskningssymposium\u00a0<\/h2>\n\n\n\n<p>V\u00e5rt \u00e5rliga symposium f\u00f6r samman forskare och doktorander fr\u00e5n olika h\u00e5ll i v\u00e4rlden f\u00f6r att presentera och diskutera aktuell forskning. Evenemanget ordnas \u00f6ver n\u00e4tet, och spr\u00e5ket i presentationerna och diskussionen \u00e4r engelska, om inget annat uppges. Senast gick LUMAT-forskningsseminariet av stapeln 23.5.2025. <a href=\"https:\/\/journals.helsinki.fi\/lumatb\/issue\/view\/202\" target=\"_blank\" rel=\"noreferrer noopener\">L\u00e4s n\u00e4rmare om programmet, ta en titt p\u00e5 postrar och titta p\u00e5 inspelade presentationer via den h\u00e4r l\u00e4nken.<\/a>\u00a0<\/p>\n\n\n\n<hr class=\"wp-block-separator has-text-color has-alpha-channel-opacity has-background\" style=\"background-color:#00a2c0;color:#00a2c0\"\/>\n\n\n\n<h2 class=\"wp-block-heading\">Tidigare seminarier<\/h2>\n\n\n\n<h3 class=\"wp-block-heading\">\u00c5r 2025<\/h3>\n\n\n\n<p><strong>10.10.2025<\/strong><\/p>\n\n\n\n<p><em>Cultivating a Future-Ready Workforce: Re-imagining STEM Education<\/em>. <a href=\"https:\/\/doi.org\/10.31129\/LUMAT.12.4\" target=\"_blank\" rel=\"noreferrer noopener\">L\u00e4s specialnumret via den h\u00e4r l\u00e4nken.<\/a>\u00a0<\/p>\n\n\n\n<p><strong>21.3.2025<\/strong>&nbsp;<\/p>\n\n\n\n<p>The seminar focused on the new special issue calls. During the spring of 2025, two LUMAT calls were open: 1) Contemporary quantum science in STEM and education, and 2) Immersive Technologies in Science, Technology and Mathematics Education.&nbsp;<\/p>\n\n\n\n<h3 class=\"wp-block-heading\">\u00c5r 2024&nbsp;<\/h3>\n\n\n\n<p><strong>29.11.2024<\/strong>&nbsp;<\/p>\n\n\n\n<p>The theme of the seminar was Current research trends. The chair of the seminar is Prof. Maija Aksela, University of Helsinki. The keynote will be given by Dr. Johannes Pernaa, Editor-in-Chief of LUMAT, University of Helsinki. A panel discussion will be hosted after the keynote. The panelists are LUMAT editors and authors.&nbsp;<\/p>\n\n\n\n<p><strong>6.3.2024<\/strong>&nbsp;<\/p>\n\n\n\n<p>Docent, University Lecturer Johannes Pernaa, University of Helsinki: Generative chatbots and information seeking&nbsp;<\/p>\n\n\n\n<p>B.Sc. Maikki Roiha, University of Helsinki: Immersive technologies in education: 360\u00b0 live stream video in a virtual chemistry field trip&nbsp;<\/p>\n\n\n\n<p>M.Sc. Aleksi Takala, University of Helsinki: Chemistry professionals\u2019 views on cheminformatics potential: A qualitative study in chemistry education&nbsp;<\/p>\n\n\n\n<h3 class=\"wp-block-heading\">\u00c5r 2023&nbsp;<\/h3>\n\n\n\n<p><strong>15.11.2023<\/strong>&nbsp;<\/p>\n\n\n\n<p>Perttu Ervelius, University of Helsinki. Learning of creative, critical and computational thinking through robotics and coding in primary classrooms in Helsinki and Johannesburg&nbsp;<\/p>\n\n\n\n<p>Henri H\u00e4m\u00e4l\u00e4inen, University of Helsinki. Coherence in science teacher education: integration between theory and practice&nbsp;<\/p>\n\n\n\n<p><strong>14.9.2023<\/strong>&nbsp;<\/p>\n\n\n\n<p>Russell Tytler, Alfred Deakin Professor of Science Education at Deakin University &amp; Peta J. White, associate professor in science and environmental education at Deakin University&nbsp;<\/p>\n\n\n\n<p>Supporting multimodal learning in science: a semiotic perspective&nbsp;&nbsp;<\/p>\n\n\n\n<p>Agency in the Anthropocene&nbsp;<\/p>\n\n\n\n<p><strong>16.3.2023<\/strong>&nbsp;<\/p>\n\n\n\n<p>Sanni Suominen (UEF) <a href=\"https:\/\/tojdel.net\/journals\/tojdel\/articles\/v10i04\/v10i04-06.pdf\" target=\"_blank\" rel=\"noreferrer noopener\">Ammatillisen koulutuksen aloittavien opiskelijoiden n\u00e4kemyksi\u00e4 ja odotuksia matematiikan opetukseen liittyen<\/a>&nbsp;<\/p>\n\n\n\n<p><a href=\"https:\/\/uefconnect.uef.fi\/henkilo\/juho.tiainen\/#information\" target=\"_blank\" rel=\"noreferrer noopener\">Juho Tiainen<\/a> (UEF) Yl\u00e4koululaisten okemuksia matematiikan opiskelusta ja ammatteihin sek\u00e4 ty\u00f6teht\u00e4viin linkitetyist\u00e4 matematiikan teht\u00e4vist\u00e4&nbsp;<\/p>\n\n\n\n<p><a href=\"https:\/\/www.lut.fi\/fi\/profiilit\/mikko-nykyri\" target=\"_blank\" rel=\"noreferrer noopener\">Mikko Nykyri<\/a> (LUT) Hy\u00f6typelien ja pelillist\u00e4misen k\u00e4ytt\u00f6 s\u00e4hk\u00f6tekniikan opetuksessa&nbsp;<\/p>\n\n\n\n<p><strong>30.1.2023<\/strong>&nbsp;<\/p>\n\n\n\n<p>Prof. <a href=\"https:\/\/www.researchgate.net\/profile\/Jorge-Rodriguez-107\" target=\"_blank\" rel=\"noreferrer noopener\">Jorge Rodr\u00edguez-Becerra<\/a>, Universidad Metropolitana de Ciencias de la Educaci\u00f3n, Santiago, Chile: Computational Science in Chemistry Teachers Education: Opportunities and Lessons Learned&nbsp;<\/p>\n\n\n\n<p>Prof. <a href=\"https:\/\/www.researchgate.net\/profile\/Lizethly-Caceres-Jensen\" target=\"_blank\" rel=\"noreferrer noopener\">Lizethly C\u00e1ceres-Jensen<\/a>, Universidad Metropolitana de Ciencias de la Educaci\u00f3n, Santiago, Chile: Towards Climate Change Education Through Authentic Problems in the Framework of EDS to Chemistry Teacher Education&nbsp;<\/p>\n\n\n\n<p><\/p>\n","protected":false},"excerpt":{"rendered":"<p>LUMA-center Finland-n\u00e4tverket ger ut den vetenskapliga tidskriften LUMAT, som varje \u00e5r ocks\u00e5 ordna olika typer av evenemang kring forskning. Evenemangen, till exempel seminarier, ordnas i huvudsak \u00f6ver n\u00e4tet, och en del av dem \u00e4r p\u00e5 engelska. Evenemangen fokuserar fr\u00e4mst p\u00e5 forskningen kring undervisningen i matematik, naturvetenskaper och teknologi. Kommande seminarier P\u00e5 LUMAT-forskningsseminarier f\u00e5r forskare och &#8230; <a title=\"LUMAT-forskningsseminarium\" class=\"read-more\" href=\"https:\/\/www.luma.fi\/sv\/lumat-forskningsseminarium\/\" aria-label=\"L\u00e4s mer om LUMAT-forskningsseminarium\">L\u00e4s mer<\/a><\/p>\n","protected":false},"author":2,"featured_media":0,"parent":0,"menu_order":0,"comment_status":"closed","ping_status":"closed","template":"","meta":{"footnotes":""},"class_list":["post-1071","page","type-page","status-publish"],"yoast_head":"<!-- This site is optimized with the Yoast SEO plugin v27.4 - https:\/\/yoast.com\/product\/yoast-seo-wordpress\/ -->\n<title>LUMAT-forskningsseminarium - LUMA-keskus Suomi<\/title>\n<meta name=\"robots\" content=\"index, follow, max-snippet:-1, max-image-preview:large, max-video-preview:-1\" \/>\n<link rel=\"canonical\" href=\"https:\/\/www.luma.fi\/sv\/lumat-forskningsseminarium\/\" \/>\n<meta property=\"og:locale\" content=\"sv_SE\" \/>\n<meta property=\"og:type\" content=\"article\" \/>\n<meta property=\"og:title\" content=\"LUMAT-forskningsseminarium - LUMA-keskus Suomi\" \/>\n<meta property=\"og:description\" content=\"LUMA-center Finland-n\u00e4tverket ger ut den vetenskapliga tidskriften LUMAT, som varje \u00e5r ocks\u00e5 ordna olika typer av evenemang kring forskning. Evenemangen, till exempel seminarier, ordnas i huvudsak \u00f6ver n\u00e4tet, och en del av dem \u00e4r p\u00e5 engelska. Evenemangen fokuserar fr\u00e4mst p\u00e5 forskningen kring undervisningen i matematik, naturvetenskaper och teknologi. Kommande seminarier P\u00e5 LUMAT-forskningsseminarier f\u00e5r forskare och ... L\u00e4s mer\" \/>\n<meta property=\"og:url\" content=\"https:\/\/www.luma.fi\/sv\/lumat-forskningsseminarium\/\" \/>\n<meta property=\"og:site_name\" content=\"LUMA-keskus Suomi\" \/>\n<meta property=\"article:publisher\" content=\"https:\/\/www.facebook.com\/LUMAkeskusSuomi\/\" \/>\n<meta property=\"article:modified_time\" content=\"2025-11-20T17:22:19+00:00\" \/>\n<meta name=\"twitter:card\" content=\"summary_large_image\" \/>\n<meta name=\"twitter:label1\" content=\"Ber\u00e4knad l\u00e4stid\" \/>\n\t<meta name=\"twitter:data1\" content=\"4 minuter\" \/>\n<script type=\"application\/ld+json\" class=\"yoast-schema-graph\">{\"@context\":\"https:\\\/\\\/schema.org\",\"@graph\":[{\"@type\":\"WebPage\",\"@id\":\"https:\\\/\\\/www.luma.fi\\\/sv\\\/lumat-forskningsseminarium\\\/\",\"url\":\"https:\\\/\\\/www.luma.fi\\\/sv\\\/lumat-forskningsseminarium\\\/\",\"name\":\"LUMAT-forskningsseminarium - LUMA-keskus Suomi\",\"isPartOf\":{\"@id\":\"https:\\\/\\\/www.luma.fi\\\/sv\\\/#website\"},\"datePublished\":\"2025-08-29T11:00:29+00:00\",\"dateModified\":\"2025-11-20T17:22:19+00:00\",\"breadcrumb\":{\"@id\":\"https:\\\/\\\/www.luma.fi\\\/sv\\\/lumat-forskningsseminarium\\\/#breadcrumb\"},\"inLanguage\":\"sv-SE\",\"potentialAction\":[{\"@type\":\"ReadAction\",\"target\":[\"https:\\\/\\\/www.luma.fi\\\/sv\\\/lumat-forskningsseminarium\\\/\"]}]},{\"@type\":\"BreadcrumbList\",\"@id\":\"https:\\\/\\\/www.luma.fi\\\/sv\\\/lumat-forskningsseminarium\\\/#breadcrumb\",\"itemListElement\":[{\"@type\":\"ListItem\",\"position\":1,\"name\":\"Etusivu\",\"item\":\"https:\\\/\\\/www.luma.fi\\\/sv\\\/\"},{\"@type\":\"ListItem\",\"position\":2,\"name\":\"LUMAT-forskningsseminarium\"}]},{\"@type\":\"WebSite\",\"@id\":\"https:\\\/\\\/www.luma.fi\\\/sv\\\/#website\",\"url\":\"https:\\\/\\\/www.luma.fi\\\/sv\\\/\",\"name\":\"LUMA-keskus Suomi\",\"description\":\"LUMA-keskus Suomi on 11 yliopiston tiedekasvatukseen ja teknologiakasvatukseen keskittyv&auml; verkosto. \",\"publisher\":{\"@id\":\"https:\\\/\\\/www.luma.fi\\\/sv\\\/#organization\"},\"potentialAction\":[{\"@type\":\"SearchAction\",\"target\":{\"@type\":\"EntryPoint\",\"urlTemplate\":\"https:\\\/\\\/www.luma.fi\\\/sv\\\/?s={search_term_string}\"},\"query-input\":{\"@type\":\"PropertyValueSpecification\",\"valueRequired\":true,\"valueName\":\"search_term_string\"}}],\"inLanguage\":\"sv-SE\"},{\"@type\":\"Organization\",\"@id\":\"https:\\\/\\\/www.luma.fi\\\/sv\\\/#organization\",\"name\":\"LUMA-keskus Suomi\",\"url\":\"https:\\\/\\\/www.luma.fi\\\/sv\\\/\",\"logo\":{\"@type\":\"ImageObject\",\"inLanguage\":\"sv-SE\",\"@id\":\"https:\\\/\\\/www.luma.fi\\\/sv\\\/#\\\/schema\\\/logo\\\/image\\\/\",\"url\":\"https:\\\/\\\/www.luma.fi\\\/wp-content\\\/uploads\\\/2025\\\/08\\\/luma_flower-multicolored_small.png\",\"contentUrl\":\"https:\\\/\\\/www.luma.fi\\\/wp-content\\\/uploads\\\/2025\\\/08\\\/luma_flower-multicolored_small.png\",\"width\":556,\"height\":557,\"caption\":\"LUMA-keskus Suomi\"},\"image\":{\"@id\":\"https:\\\/\\\/www.luma.fi\\\/sv\\\/#\\\/schema\\\/logo\\\/image\\\/\"},\"sameAs\":[\"https:\\\/\\\/www.facebook.com\\\/LUMAkeskusSuomi\\\/\",\"https:\\\/\\\/www.instagram.com\\\/lumasuomi\\\/\",\"https:\\\/\\\/www.youtube.com\\\/user\\\/lumakeskus\"]}]}<\/script>\n<!-- \/ Yoast SEO plugin. -->","yoast_head_json":{"title":"LUMAT-forskningsseminarium - LUMA-keskus Suomi","robots":{"index":"index","follow":"follow","max-snippet":"max-snippet:-1","max-image-preview":"max-image-preview:large","max-video-preview":"max-video-preview:-1"},"canonical":"https:\/\/www.luma.fi\/sv\/lumat-forskningsseminarium\/","og_locale":"sv_SE","og_type":"article","og_title":"LUMAT-forskningsseminarium - LUMA-keskus Suomi","og_description":"LUMA-center Finland-n\u00e4tverket ger ut den vetenskapliga tidskriften LUMAT, som varje \u00e5r ocks\u00e5 ordna olika typer av evenemang kring forskning. Evenemangen, till exempel seminarier, ordnas i huvudsak \u00f6ver n\u00e4tet, och en del av dem \u00e4r p\u00e5 engelska. Evenemangen fokuserar fr\u00e4mst p\u00e5 forskningen kring undervisningen i matematik, naturvetenskaper och teknologi. Kommande seminarier P\u00e5 LUMAT-forskningsseminarier f\u00e5r forskare och ... L\u00e4s mer","og_url":"https:\/\/www.luma.fi\/sv\/lumat-forskningsseminarium\/","og_site_name":"LUMA-keskus Suomi","article_publisher":"https:\/\/www.facebook.com\/LUMAkeskusSuomi\/","article_modified_time":"2025-11-20T17:22:19+00:00","twitter_card":"summary_large_image","twitter_misc":{"Ber\u00e4knad l\u00e4stid":"4 minuter"},"schema":{"@context":"https:\/\/schema.org","@graph":[{"@type":"WebPage","@id":"https:\/\/www.luma.fi\/sv\/lumat-forskningsseminarium\/","url":"https:\/\/www.luma.fi\/sv\/lumat-forskningsseminarium\/","name":"LUMAT-forskningsseminarium - LUMA-keskus Suomi","isPartOf":{"@id":"https:\/\/www.luma.fi\/sv\/#website"},"datePublished":"2025-08-29T11:00:29+00:00","dateModified":"2025-11-20T17:22:19+00:00","breadcrumb":{"@id":"https:\/\/www.luma.fi\/sv\/lumat-forskningsseminarium\/#breadcrumb"},"inLanguage":"sv-SE","potentialAction":[{"@type":"ReadAction","target":["https:\/\/www.luma.fi\/sv\/lumat-forskningsseminarium\/"]}]},{"@type":"BreadcrumbList","@id":"https:\/\/www.luma.fi\/sv\/lumat-forskningsseminarium\/#breadcrumb","itemListElement":[{"@type":"ListItem","position":1,"name":"Etusivu","item":"https:\/\/www.luma.fi\/sv\/"},{"@type":"ListItem","position":2,"name":"LUMAT-forskningsseminarium"}]},{"@type":"WebSite","@id":"https:\/\/www.luma.fi\/sv\/#website","url":"https:\/\/www.luma.fi\/sv\/","name":"LUMA-keskus Suomi","description":"LUMA-keskus Suomi on 11 yliopiston tiedekasvatukseen ja teknologiakasvatukseen keskittyv&auml; verkosto. ","publisher":{"@id":"https:\/\/www.luma.fi\/sv\/#organization"},"potentialAction":[{"@type":"SearchAction","target":{"@type":"EntryPoint","urlTemplate":"https:\/\/www.luma.fi\/sv\/?s={search_term_string}"},"query-input":{"@type":"PropertyValueSpecification","valueRequired":true,"valueName":"search_term_string"}}],"inLanguage":"sv-SE"},{"@type":"Organization","@id":"https:\/\/www.luma.fi\/sv\/#organization","name":"LUMA-keskus Suomi","url":"https:\/\/www.luma.fi\/sv\/","logo":{"@type":"ImageObject","inLanguage":"sv-SE","@id":"https:\/\/www.luma.fi\/sv\/#\/schema\/logo\/image\/","url":"https:\/\/www.luma.fi\/wp-content\/uploads\/2025\/08\/luma_flower-multicolored_small.png","contentUrl":"https:\/\/www.luma.fi\/wp-content\/uploads\/2025\/08\/luma_flower-multicolored_small.png","width":556,"height":557,"caption":"LUMA-keskus Suomi"},"image":{"@id":"https:\/\/www.luma.fi\/sv\/#\/schema\/logo\/image\/"},"sameAs":["https:\/\/www.facebook.com\/LUMAkeskusSuomi\/","https:\/\/www.instagram.com\/lumasuomi\/","https:\/\/www.youtube.com\/user\/lumakeskus"]}]}},"_links":{"self":[{"href":"https:\/\/www.luma.fi\/sv\/wp-json\/wp\/v2\/pages\/1071","targetHints":{"allow":["GET"]}}],"collection":[{"href":"https:\/\/www.luma.fi\/sv\/wp-json\/wp\/v2\/pages"}],"about":[{"href":"https:\/\/www.luma.fi\/sv\/wp-json\/wp\/v2\/types\/page"}],"author":[{"embeddable":true,"href":"https:\/\/www.luma.fi\/sv\/wp-json\/wp\/v2\/users\/2"}],"replies":[{"embeddable":true,"href":"https:\/\/www.luma.fi\/sv\/wp-json\/wp\/v2\/comments?post=1071"}],"version-history":[{"count":2,"href":"https:\/\/www.luma.fi\/sv\/wp-json\/wp\/v2\/pages\/1071\/revisions"}],"predecessor-version":[{"id":1308,"href":"https:\/\/www.luma.fi\/sv\/wp-json\/wp\/v2\/pages\/1071\/revisions\/1308"}],"wp:attachment":[{"href":"https:\/\/www.luma.fi\/sv\/wp-json\/wp\/v2\/media?parent=1071"}],"curies":[{"name":"wp","href":"https:\/\/api.w.org\/{rel}","templated":true}]}}