{"id":1074,"date":"2025-09-08T10:06:18","date_gmt":"2025-09-08T08:06:18","guid":{"rendered":"https:\/\/www.myscience.fi\/?page_id=1074"},"modified":"2025-12-03T15:04:20","modified_gmt":"2025-12-03T13:04:20","slug":"om-oss","status":"publish","type":"page","link":"https:\/\/www.luma.fi\/sv\/om-oss\/","title":{"rendered":"Om oss"},"content":{"rendered":"\n<div class=\"wp-block-columns is-layout-flex wp-container-core-columns-is-layout-9d6595d7 wp-block-columns-is-layout-flex\">\n<div class=\"wp-block-column is-layout-flow wp-block-column-is-layout-flow\">\n<h2 class=\"wp-block-heading\">Vad \u00e4r LUMA-center Finland?<\/h2>\n\n\n\n<p>Bekanta dig med LUMA-center Finland verksamheten, de lokala LUMA-centren och verksamhetens historia.<\/p>\n\n\n\n<div class=\"wp-block-buttons is-layout-flex wp-block-buttons-is-layout-flex\">\n<div class=\"wp-block-button\"><a class=\"wp-block-button__link has-background wp-element-button\" href=\"https:\/\/www.luma.fi\/sv\/om-oss\/natverk\/\" style=\"background-color:#00a2c0\"><strong>L<\/strong>\u00e4s mer<\/a><\/div>\n<\/div>\n<\/div>\n\n\n\n<div class=\"wp-block-column is-layout-flow wp-block-column-is-layout-flow\">\n<h2 class=\"wp-block-heading\">Kontaktuppgifter<\/h2>\n\n\n\n<p>P\u00e5 den h\u00e4r sidan hittar du kontaktuppgifter till n\u00e4tverkets centralkoordination, de enskilda LUMA-centren och styrgruppen.<\/p>\n\n\n\n<div class=\"wp-block-buttons is-layout-flex wp-block-buttons-is-layout-flex\">\n<div class=\"wp-block-button\"><a class=\"wp-block-button__link has-background wp-element-button\" href=\"https:\/\/www.luma.fi\/sv\/om-oss\/kontaktuppgifter\/\" style=\"background-color:#00a2c0\"><strong><strong>L<\/strong>\u00e4s mer<\/strong><\/a><\/div>\n<\/div>\n<\/div>\n\n\n\n<div class=\"wp-block-column is-layout-flow wp-block-column-is-layout-flow\">\n<h2 class=\"wp-block-heading\">I samarbete<\/h2>\n\n\n\n<p>Vi sammarbetar brett med olika akt\u00f6rer kring vetenskapsfostran. L\u00e4s \u00e4ven mer om sammans\u00e4ttningen f\u00f6r LUMA-delegationen h\u00e4r.<\/p>\n\n\n\n<div class=\"wp-block-buttons is-layout-flex wp-block-buttons-is-layout-flex\">\n<div class=\"wp-block-button\"><a class=\"wp-block-button__link has-background wp-element-button\" href=\"https:\/\/www.luma.fi\/sv\/om-oss\/i-samarbete\/\" style=\"background-color:#00a2c0\"><strong><strong><strong>L<\/strong>\u00e4s mer<\/strong><\/strong><\/a><\/div>\n<\/div>\n<\/div>\n<\/div>\n","protected":false},"excerpt":{"rendered":"<p>Vad \u00e4r LUMA-center Finland? Bekanta dig med LUMA-center Finland verksamheten, de lokala LUMA-centren och verksamhetens historia. Kontaktuppgifter P\u00e5 den h\u00e4r sidan hittar du kontaktuppgifter till n\u00e4tverkets centralkoordination, de enskilda LUMA-centren och styrgruppen. I samarbete Vi sammarbetar brett med olika akt\u00f6rer kring vetenskapsfostran. L\u00e4s \u00e4ven mer om sammans\u00e4ttningen f\u00f6r LUMA-delegationen h\u00e4r.<\/p>\n","protected":false},"author":2,"featured_media":0,"parent":0,"menu_order":0,"comment_status":"closed","ping_status":"closed","template":"","meta":{"footnotes":""},"class_list":["post-1074","page","type-page","status-publish"],"yoast_head":"<!-- This site is optimized with the Yoast SEO plugin v27.4 - https:\/\/yoast.com\/product\/yoast-seo-wordpress\/ -->\n<title>Om oss - LUMA-keskus Suomi<\/title>\n<meta name=\"robots\" content=\"index, follow, max-snippet:-1, max-image-preview:large, max-video-preview:-1\" \/>\n<link rel=\"canonical\" href=\"https:\/\/www.luma.fi\/sv\/om-oss\/\" \/>\n<meta property=\"og:locale\" content=\"sv_SE\" \/>\n<meta property=\"og:type\" content=\"article\" \/>\n<meta property=\"og:title\" content=\"Om oss - LUMA-keskus Suomi\" \/>\n<meta property=\"og:description\" content=\"Vad \u00e4r LUMA-center Finland? Bekanta dig med LUMA-center Finland verksamheten, de lokala LUMA-centren och verksamhetens historia. Kontaktuppgifter P\u00e5 den h\u00e4r sidan hittar du kontaktuppgifter till n\u00e4tverkets centralkoordination, de enskilda LUMA-centren och styrgruppen. I samarbete Vi sammarbetar brett med olika akt\u00f6rer kring vetenskapsfostran. L\u00e4s \u00e4ven mer om sammans\u00e4ttningen f\u00f6r LUMA-delegationen h\u00e4r.\" \/>\n<meta property=\"og:url\" content=\"https:\/\/www.luma.fi\/sv\/om-oss\/\" \/>\n<meta property=\"og:site_name\" content=\"LUMA-keskus Suomi\" \/>\n<meta property=\"article:publisher\" content=\"https:\/\/www.facebook.com\/LUMAkeskusSuomi\/\" \/>\n<meta property=\"article:modified_time\" content=\"2025-12-03T13:04:20+00:00\" \/>\n<meta name=\"twitter:card\" content=\"summary_large_image\" \/>\n<meta name=\"twitter:label1\" content=\"Ber\u00e4knad l\u00e4stid\" \/>\n\t<meta name=\"twitter:data1\" content=\"1 minut\" \/>\n<script type=\"application\/ld+json\" class=\"yoast-schema-graph\">{\"@context\":\"https:\\\/\\\/schema.org\",\"@graph\":[{\"@type\":\"WebPage\",\"@id\":\"https:\\\/\\\/www.luma.fi\\\/sv\\\/om-oss\\\/\",\"url\":\"https:\\\/\\\/www.luma.fi\\\/sv\\\/om-oss\\\/\",\"name\":\"Om oss - LUMA-keskus Suomi\",\"isPartOf\":{\"@id\":\"https:\\\/\\\/www.luma.fi\\\/sv\\\/#website\"},\"datePublished\":\"2025-09-08T08:06:18+00:00\",\"dateModified\":\"2025-12-03T13:04:20+00:00\",\"breadcrumb\":{\"@id\":\"https:\\\/\\\/www.luma.fi\\\/sv\\\/om-oss\\\/#breadcrumb\"},\"inLanguage\":\"sv-SE\",\"potentialAction\":[{\"@type\":\"ReadAction\",\"target\":[\"https:\\\/\\\/www.luma.fi\\\/sv\\\/om-oss\\\/\"]}]},{\"@type\":\"BreadcrumbList\",\"@id\":\"https:\\\/\\\/www.luma.fi\\\/sv\\\/om-oss\\\/#breadcrumb\",\"itemListElement\":[{\"@type\":\"ListItem\",\"position\":1,\"name\":\"Etusivu\",\"item\":\"https:\\\/\\\/www.luma.fi\\\/sv\\\/\"},{\"@type\":\"ListItem\",\"position\":2,\"name\":\"Om oss\"}]},{\"@type\":\"WebSite\",\"@id\":\"https:\\\/\\\/www.luma.fi\\\/sv\\\/#website\",\"url\":\"https:\\\/\\\/www.luma.fi\\\/sv\\\/\",\"name\":\"LUMA-keskus Suomi\",\"description\":\"LUMA-keskus Suomi on 11 yliopiston tiedekasvatukseen ja teknologiakasvatukseen keskittyv&auml; verkosto. \",\"publisher\":{\"@id\":\"https:\\\/\\\/www.luma.fi\\\/sv\\\/#organization\"},\"potentialAction\":[{\"@type\":\"SearchAction\",\"target\":{\"@type\":\"EntryPoint\",\"urlTemplate\":\"https:\\\/\\\/www.luma.fi\\\/sv\\\/?s={search_term_string}\"},\"query-input\":{\"@type\":\"PropertyValueSpecification\",\"valueRequired\":true,\"valueName\":\"search_term_string\"}}],\"inLanguage\":\"sv-SE\"},{\"@type\":\"Organization\",\"@id\":\"https:\\\/\\\/www.luma.fi\\\/sv\\\/#organization\",\"name\":\"LUMA-keskus Suomi\",\"url\":\"https:\\\/\\\/www.luma.fi\\\/sv\\\/\",\"logo\":{\"@type\":\"ImageObject\",\"inLanguage\":\"sv-SE\",\"@id\":\"https:\\\/\\\/www.luma.fi\\\/sv\\\/#\\\/schema\\\/logo\\\/image\\\/\",\"url\":\"https:\\\/\\\/www.luma.fi\\\/wp-content\\\/uploads\\\/2025\\\/08\\\/luma_flower-multicolored_small.png\",\"contentUrl\":\"https:\\\/\\\/www.luma.fi\\\/wp-content\\\/uploads\\\/2025\\\/08\\\/luma_flower-multicolored_small.png\",\"width\":556,\"height\":557,\"caption\":\"LUMA-keskus Suomi\"},\"image\":{\"@id\":\"https:\\\/\\\/www.luma.fi\\\/sv\\\/#\\\/schema\\\/logo\\\/image\\\/\"},\"sameAs\":[\"https:\\\/\\\/www.facebook.com\\\/LUMAkeskusSuomi\\\/\",\"https:\\\/\\\/www.instagram.com\\\/lumasuomi\\\/\",\"https:\\\/\\\/www.youtube.com\\\/user\\\/lumakeskus\"]}]}<\/script>\n<!-- \/ Yoast SEO plugin. -->","yoast_head_json":{"title":"Om oss - LUMA-keskus Suomi","robots":{"index":"index","follow":"follow","max-snippet":"max-snippet:-1","max-image-preview":"max-image-preview:large","max-video-preview":"max-video-preview:-1"},"canonical":"https:\/\/www.luma.fi\/sv\/om-oss\/","og_locale":"sv_SE","og_type":"article","og_title":"Om oss - LUMA-keskus Suomi","og_description":"Vad \u00e4r LUMA-center Finland? Bekanta dig med LUMA-center Finland verksamheten, de lokala LUMA-centren och verksamhetens historia. Kontaktuppgifter P\u00e5 den h\u00e4r sidan hittar du kontaktuppgifter till n\u00e4tverkets centralkoordination, de enskilda LUMA-centren och styrgruppen. I samarbete Vi sammarbetar brett med olika akt\u00f6rer kring vetenskapsfostran. L\u00e4s \u00e4ven mer om sammans\u00e4ttningen f\u00f6r LUMA-delegationen h\u00e4r.","og_url":"https:\/\/www.luma.fi\/sv\/om-oss\/","og_site_name":"LUMA-keskus Suomi","article_publisher":"https:\/\/www.facebook.com\/LUMAkeskusSuomi\/","article_modified_time":"2025-12-03T13:04:20+00:00","twitter_card":"summary_large_image","twitter_misc":{"Ber\u00e4knad l\u00e4stid":"1 minut"},"schema":{"@context":"https:\/\/schema.org","@graph":[{"@type":"WebPage","@id":"https:\/\/www.luma.fi\/sv\/om-oss\/","url":"https:\/\/www.luma.fi\/sv\/om-oss\/","name":"Om oss - LUMA-keskus Suomi","isPartOf":{"@id":"https:\/\/www.luma.fi\/sv\/#website"},"datePublished":"2025-09-08T08:06:18+00:00","dateModified":"2025-12-03T13:04:20+00:00","breadcrumb":{"@id":"https:\/\/www.luma.fi\/sv\/om-oss\/#breadcrumb"},"inLanguage":"sv-SE","potentialAction":[{"@type":"ReadAction","target":["https:\/\/www.luma.fi\/sv\/om-oss\/"]}]},{"@type":"BreadcrumbList","@id":"https:\/\/www.luma.fi\/sv\/om-oss\/#breadcrumb","itemListElement":[{"@type":"ListItem","position":1,"name":"Etusivu","item":"https:\/\/www.luma.fi\/sv\/"},{"@type":"ListItem","position":2,"name":"Om oss"}]},{"@type":"WebSite","@id":"https:\/\/www.luma.fi\/sv\/#website","url":"https:\/\/www.luma.fi\/sv\/","name":"LUMA-keskus Suomi","description":"LUMA-keskus Suomi on 11 yliopiston tiedekasvatukseen ja teknologiakasvatukseen keskittyv&auml; verkosto. ","publisher":{"@id":"https:\/\/www.luma.fi\/sv\/#organization"},"potentialAction":[{"@type":"SearchAction","target":{"@type":"EntryPoint","urlTemplate":"https:\/\/www.luma.fi\/sv\/?s={search_term_string}"},"query-input":{"@type":"PropertyValueSpecification","valueRequired":true,"valueName":"search_term_string"}}],"inLanguage":"sv-SE"},{"@type":"Organization","@id":"https:\/\/www.luma.fi\/sv\/#organization","name":"LUMA-keskus Suomi","url":"https:\/\/www.luma.fi\/sv\/","logo":{"@type":"ImageObject","inLanguage":"sv-SE","@id":"https:\/\/www.luma.fi\/sv\/#\/schema\/logo\/image\/","url":"https:\/\/www.luma.fi\/wp-content\/uploads\/2025\/08\/luma_flower-multicolored_small.png","contentUrl":"https:\/\/www.luma.fi\/wp-content\/uploads\/2025\/08\/luma_flower-multicolored_small.png","width":556,"height":557,"caption":"LUMA-keskus Suomi"},"image":{"@id":"https:\/\/www.luma.fi\/sv\/#\/schema\/logo\/image\/"},"sameAs":["https:\/\/www.facebook.com\/LUMAkeskusSuomi\/","https:\/\/www.instagram.com\/lumasuomi\/","https:\/\/www.youtube.com\/user\/lumakeskus"]}]}},"_links":{"self":[{"href":"https:\/\/www.luma.fi\/sv\/wp-json\/wp\/v2\/pages\/1074","targetHints":{"allow":["GET"]}}],"collection":[{"href":"https:\/\/www.luma.fi\/sv\/wp-json\/wp\/v2\/pages"}],"about":[{"href":"https:\/\/www.luma.fi\/sv\/wp-json\/wp\/v2\/types\/page"}],"author":[{"embeddable":true,"href":"https:\/\/www.luma.fi\/sv\/wp-json\/wp\/v2\/users\/2"}],"replies":[{"embeddable":true,"href":"https:\/\/www.luma.fi\/sv\/wp-json\/wp\/v2\/comments?post=1074"}],"version-history":[{"count":3,"href":"https:\/\/www.luma.fi\/sv\/wp-json\/wp\/v2\/pages\/1074\/revisions"}],"predecessor-version":[{"id":15336,"href":"https:\/\/www.luma.fi\/sv\/wp-json\/wp\/v2\/pages\/1074\/revisions\/15336"}],"wp:attachment":[{"href":"https:\/\/www.luma.fi\/sv\/wp-json\/wp\/v2\/media?parent=1074"}],"curies":[{"name":"wp","href":"https:\/\/api.w.org\/{rel}","templated":true}]}}