{"id":1080,"date":"2025-09-08T15:18:00","date_gmt":"2025-09-08T13:18:00","guid":{"rendered":"https:\/\/www.myscience.fi\/?page_id=1080"},"modified":"2025-12-03T14:41:46","modified_gmt":"2025-12-03T12:41:46","slug":"for-larare","status":"publish","type":"page","link":"https:\/\/www.luma.fi\/sv\/for-larare\/","title":{"rendered":"F\u00f6r l\u00e4rare"},"content":{"rendered":"\n<div class=\"wp-block-columns is-layout-flex wp-container-core-columns-is-layout-9d6595d7 wp-block-columns-is-layout-flex\">\n<div class=\"wp-block-column is-layout-flow wp-block-column-is-layout-flow\">\n<figure class=\"wp-block-image size-large\"><img loading=\"lazy\" decoding=\"async\" width=\"1024\" height=\"514\" src=\"https:\/\/www.luma.fi\/wp-content\/uploads\/2025\/09\/54629367662_2557867ba5_k-1024x514.jpg\" alt=\"Kuvassa eri-ik\u00e4iset opettajat tekev\u00e4t tutkimusta kemian v\u00e4lineill\u00e4 yhdess\u00e4 ja hymyss\u00e4 suin. Kuvaaja: Konsta L\u00e4hde \/ Kuval\u00e4hde Oy\" class=\"wp-image-671\" srcset=\"https:\/\/www.luma.fi\/wp-content\/uploads\/2025\/09\/54629367662_2557867ba5_k-1024x514.jpg 1024w, https:\/\/www.luma.fi\/wp-content\/uploads\/2025\/09\/54629367662_2557867ba5_k-300x151.jpg 300w, https:\/\/www.luma.fi\/wp-content\/uploads\/2025\/09\/54629367662_2557867ba5_k-768x386.jpg 768w, https:\/\/www.luma.fi\/wp-content\/uploads\/2025\/09\/54629367662_2557867ba5_k-1536x771.jpg 1536w, https:\/\/www.luma.fi\/wp-content\/uploads\/2025\/09\/54629367662_2557867ba5_k.jpg 2048w\" sizes=\"auto, (max-width: 1024px) 100vw, 1024px\" \/><\/figure>\n\n\n\n<h2 class=\"wp-block-heading\">Fortbildning och kurser<\/h2>\n\n\n\n<p>Vi erbjuder fortbildning och kurser som st\u00e4rker det egna kunnandet f\u00f6r l\u00e4rare och pedagoger p\u00e5 olika utbildningsstadier. Fortbildningarna och kurserna \u00e4r avgiftsfria f\u00f6r deltagaren. <\/p>\n\n\n\n<div class=\"wp-block-buttons is-layout-flex wp-block-buttons-is-layout-flex\">\n<div class=\"wp-block-button\"><a class=\"wp-block-button__link has-background wp-element-button\" href=\"https:\/\/www.luma.fi\/sv\/for-larare\/fortbildningar\/\" style=\"background-color:#00a2c0\"><strong>L<\/strong>\u00e4s mer<\/a><\/div>\n<\/div>\n<\/div>\n\n\n\n<div class=\"wp-block-column is-layout-flow wp-block-column-is-layout-flow\">\n<figure class=\"wp-block-image size-large\"><img loading=\"lazy\" decoding=\"async\" width=\"1024\" height=\"514\" src=\"https:\/\/www.luma.fi\/wp-content\/uploads\/2025\/09\/Opintokaynti2024-1024x514.jpg\" alt=\"Kuvassa lukiolaisia opintok\u00e4ynnill\u00e4 yliopiston kemian laboratoriossa.\" class=\"wp-image-370\" srcset=\"https:\/\/www.luma.fi\/wp-content\/uploads\/2025\/09\/Opintokaynti2024-1024x514.jpg 1024w, https:\/\/www.luma.fi\/wp-content\/uploads\/2025\/09\/Opintokaynti2024-300x150.jpg 300w, https:\/\/www.luma.fi\/wp-content\/uploads\/2025\/09\/Opintokaynti2024-768x385.jpg 768w, https:\/\/www.luma.fi\/wp-content\/uploads\/2025\/09\/Opintokaynti2024-1536x770.jpg 1536w, https:\/\/www.luma.fi\/wp-content\/uploads\/2025\/09\/Opintokaynti2024.jpg 2048w\" sizes=\"auto, (max-width: 1024px) 100vw, 1024px\" \/><\/figure>\n\n\n\n<h2 class=\"wp-block-heading\">Studiebes\u00f6k \u2013 ocks\u00e5 p\u00e5 distans!<\/h2>\n\n\n\n<p>Vill du komma och bekanta dig med studier och forskning vid ett universitet med din grupp? Det lyckas enkelt via en LUMA-vetenskapsklass!<\/p>\n\n\n\n<div class=\"wp-block-buttons is-layout-flex wp-block-buttons-is-layout-flex\">\n<div class=\"wp-block-button\"><a class=\"wp-block-button__link has-background wp-element-button\" href=\"https:\/\/www.luma.fi\/sv\/for-larare\/studiebesok\/\" style=\"background-color:#00a2c0\"><strong><strong>L<\/strong>\u00e4s mer<\/strong><\/a><\/div>\n<\/div>\n<\/div>\n\n\n\n<div class=\"wp-block-column is-layout-flow wp-block-column-is-layout-flow\">\n<figure class=\"wp-block-image size-large\"><img loading=\"lazy\" decoding=\"async\" width=\"1024\" height=\"513\" src=\"https:\/\/www.luma.fi\/wp-content\/uploads\/2025\/09\/oppimateriaalit-1024x513.jpg\" alt=\"Kuvassa matematiikan opetuksessa k\u00e4ytett\u00e4vi\u00e4 v\u00e4risauvoja. Monet LUMA-keskukset lainaavat v\u00e4risauvoja kouluille. Kuvaaja: Konsta L\u00e4hde \/ Kuval\u00e4hde Oy\" class=\"wp-image-674\" srcset=\"https:\/\/www.luma.fi\/wp-content\/uploads\/2025\/09\/oppimateriaalit-1024x513.jpg 1024w, https:\/\/www.luma.fi\/wp-content\/uploads\/2025\/09\/oppimateriaalit-300x150.jpg 300w, https:\/\/www.luma.fi\/wp-content\/uploads\/2025\/09\/oppimateriaalit-768x385.jpg 768w, https:\/\/www.luma.fi\/wp-content\/uploads\/2025\/09\/oppimateriaalit-1536x769.jpg 1536w, https:\/\/www.luma.fi\/wp-content\/uploads\/2025\/09\/oppimateriaalit.jpg 1877w\" sizes=\"auto, (max-width: 1024px) 100vw, 1024px\" \/><\/figure>\n\n\n\n<h2 class=\"wp-block-heading\">Kostnadsfria undervisningsmaterial<\/h2>\n\n\n\n<p>Under \u00e5rens lopp har vi producerat mycket bra undervisningsmaterial som st\u00f6der undervisningen i de naturvetenskapliga \u00e4mnena.<\/p>\n\n\n\n<div class=\"wp-block-buttons is-layout-flex wp-block-buttons-is-layout-flex\">\n<div class=\"wp-block-button\"><a class=\"wp-block-button__link has-background wp-element-button\" href=\"https:\/\/www.luma.fi\/sv\/for-larare\/laromaterial\/\" style=\"background-color:#00a2c0\"><strong><strong><strong>L<\/strong>\u00e4s mer<\/strong><\/strong><\/a><\/div>\n<\/div>\n<\/div>\n<\/div>\n\n\n\n<div class=\"wp-block-columns is-layout-flex wp-container-core-columns-is-layout-9d6595d7 wp-block-columns-is-layout-flex\">\n<div class=\"wp-block-column is-layout-flow wp-block-column-is-layout-flow\">\n<figure class=\"wp-block-image size-large\"><img loading=\"lazy\" decoding=\"async\" width=\"1024\" height=\"515\" src=\"https:\/\/www.luma.fi\/wp-content\/uploads\/2025\/09\/lainatarvikkeet-1024x515.jpg\" alt=\"Kuvassa lukiolaiset tutkivat Arduino-v\u00e4lineit\u00e4 opettajan johdolla.\" class=\"wp-image-377\" srcset=\"https:\/\/www.luma.fi\/wp-content\/uploads\/2025\/09\/lainatarvikkeet-1024x515.jpg 1024w, https:\/\/www.luma.fi\/wp-content\/uploads\/2025\/09\/lainatarvikkeet-300x151.jpg 300w, https:\/\/www.luma.fi\/wp-content\/uploads\/2025\/09\/lainatarvikkeet-768x386.jpg 768w, https:\/\/www.luma.fi\/wp-content\/uploads\/2025\/09\/lainatarvikkeet-1536x772.jpg 1536w, https:\/\/www.luma.fi\/wp-content\/uploads\/2025\/09\/lainatarvikkeet.jpg 2048w\" sizes=\"auto, (max-width: 1024px) 100vw, 1024px\" \/><\/figure>\n\n\n\n<h2 class=\"wp-block-heading\">Utl\u00e5ningsmaterial<\/h2>\n\n\n\n<p>LUMA-centren l\u00e5nar ut olika typer av utrustning, material och spel som st\u00f6d till undervisningen. Tillsammans med utrustningen f\u00e5r man f\u00f6r det mesta detaljerade arbetsblad och tips p\u00e5 hur utrustningen kan utnyttjas. <\/p>\n\n\n\n<div class=\"wp-block-buttons is-layout-flex wp-block-buttons-is-layout-flex\">\n<div class=\"wp-block-button\"><a class=\"wp-block-button__link has-background wp-element-button\" href=\"https:\/\/www.luma.fi\/sv\/for-larare\/utlaningsmaterial\/\" style=\"background-color:#00a2c0\"><strong><strong>L<\/strong>\u00e4s mer<\/strong><\/a><\/div>\n<\/div>\n<\/div>\n\n\n\n<div class=\"wp-block-column is-layout-flow wp-block-column-is-layout-flow\">\n<figure class=\"wp-block-image size-full\"><img loading=\"lazy\" decoding=\"async\" width=\"1200\" height=\"599\" src=\"https:\/\/www.luma.fi\/wp-content\/uploads\/2025\/10\/LUMASTEAM-sertifikaatti-6-2.png\" alt=\"Valokuvassa teini-ik\u00e4inen poika pelaa shakkia. Kuvan p\u00e4\u00e4ll\u00e4 on LUMA\/STEAM-sertifikaatin logo.\" class=\"wp-image-863\" srcset=\"https:\/\/www.luma.fi\/wp-content\/uploads\/2025\/10\/LUMASTEAM-sertifikaatti-6-2.png 1200w, https:\/\/www.luma.fi\/wp-content\/uploads\/2025\/10\/LUMASTEAM-sertifikaatti-6-2-300x150.png 300w, https:\/\/www.luma.fi\/wp-content\/uploads\/2025\/10\/LUMASTEAM-sertifikaatti-6-2-1024x511.png 1024w, https:\/\/www.luma.fi\/wp-content\/uploads\/2025\/10\/LUMASTEAM-sertifikaatti-6-2-768x383.png 768w\" sizes=\"auto, (max-width: 1200px) 100vw, 1200px\" \/><\/figure>\n\n\n\n<h2 class=\"wp-block-heading\">LUMA\/STEAM-certifikat<\/h2>\n\n\n\n<p>Certifikatet ger skolan m\u00f6jligheten att systematiskt unders\u00f6ka sin verksamhetskultur och utveckla den till \u00f6nskad niv\u00e5.<\/p>\n\n\n\n<div class=\"wp-block-buttons is-layout-flex wp-block-buttons-is-layout-flex\">\n<div class=\"wp-block-button\"><a class=\"wp-block-button__link has-background wp-element-button\" href=\"https:\/\/www.luma.fi\/sv\/for-larare\/certifikat\/\" style=\"background-color:#00a2c0\"><strong><strong><strong>L<\/strong>\u00e4s mer<\/strong><\/strong><\/a><\/div>\n<\/div>\n<\/div>\n\n\n\n<div class=\"wp-block-column is-layout-flow wp-block-column-is-layout-flow\">\n<figure class=\"wp-block-image size-large\"><img loading=\"lazy\" decoding=\"async\" width=\"1024\" height=\"512\" src=\"https:\/\/www.luma.fi\/wp-content\/uploads\/2025\/09\/Scinece-on-Stage-2026-banneri-SonS-1024x512.png\" alt=\"Science on Stage -festivaalien graafinen tunniste.\" class=\"wp-image-668\" srcset=\"https:\/\/www.luma.fi\/wp-content\/uploads\/2025\/09\/Scinece-on-Stage-2026-banneri-SonS-1024x512.png 1024w, https:\/\/www.luma.fi\/wp-content\/uploads\/2025\/09\/Scinece-on-Stage-2026-banneri-SonS-300x150.png 300w, https:\/\/www.luma.fi\/wp-content\/uploads\/2025\/09\/Scinece-on-Stage-2026-banneri-SonS-768x384.png 768w, https:\/\/www.luma.fi\/wp-content\/uploads\/2025\/09\/Scinece-on-Stage-2026-banneri-SonS.png 1211w\" sizes=\"auto, (max-width: 1024px) 100vw, 1024px\" \/><\/figure>\n\n\n\n<h2 class=\"wp-block-heading\">Science on stage-verksamheten<\/h2>\n\n\n\n<p>Science on stage-festivalen \u00e4r det st\u00f6rsta evenemanget f\u00f6r undervisning i de matematiska och naturvetenskapliga \u00e4mnena samt teknik i Europa. <\/p>\n\n\n\n<div class=\"wp-block-buttons is-layout-flex wp-block-buttons-is-layout-flex\">\n<div class=\"wp-block-button\"><a class=\"wp-block-button__link has-background wp-element-button\" href=\"https:\/\/www.luma.fi\/sv\/science-on-stage\/\" style=\"background-color:#00a2c0\"><strong><strong><strong><strong>L<\/strong>\u00e4s mer<\/strong><\/strong><\/strong><\/a><\/div>\n<\/div>\n<\/div>\n<\/div>\n","protected":false},"excerpt":{"rendered":"<p>Fortbildning och kurser Vi erbjuder fortbildning och kurser som st\u00e4rker det egna kunnandet f\u00f6r l\u00e4rare och pedagoger p\u00e5 olika utbildningsstadier. Fortbildningarna och kurserna \u00e4r avgiftsfria f\u00f6r deltagaren. Studiebes\u00f6k \u2013 ocks\u00e5 p\u00e5 distans! Vill du komma och bekanta dig med studier och forskning vid ett universitet med din grupp? Det lyckas enkelt via en LUMA-vetenskapsklass! Kostnadsfria &#8230; <a title=\"F\u00f6r l\u00e4rare\" class=\"read-more\" href=\"https:\/\/www.luma.fi\/sv\/for-larare\/\" aria-label=\"L\u00e4s mer om F\u00f6r l\u00e4rare\">L\u00e4s mer<\/a><\/p>\n","protected":false},"author":2,"featured_media":0,"parent":0,"menu_order":0,"comment_status":"closed","ping_status":"closed","template":"","meta":{"footnotes":""},"class_list":["post-1080","page","type-page","status-publish"],"yoast_head":"<!-- This site is optimized with the Yoast SEO plugin v27.4 - https:\/\/yoast.com\/product\/yoast-seo-wordpress\/ -->\n<title>F\u00f6r l\u00e4rare - LUMA-keskus Suomi<\/title>\n<meta name=\"robots\" content=\"index, follow, max-snippet:-1, max-image-preview:large, max-video-preview:-1\" \/>\n<link rel=\"canonical\" href=\"https:\/\/www.luma.fi\/sv\/for-larare\/\" \/>\n<meta property=\"og:locale\" content=\"sv_SE\" \/>\n<meta property=\"og:type\" content=\"article\" \/>\n<meta property=\"og:title\" content=\"F\u00f6r l\u00e4rare - LUMA-keskus Suomi\" \/>\n<meta property=\"og:description\" content=\"Fortbildning och kurser Vi erbjuder fortbildning och kurser som st\u00e4rker det egna kunnandet f\u00f6r l\u00e4rare och pedagoger p\u00e5 olika utbildningsstadier. Fortbildningarna och kurserna \u00e4r avgiftsfria f\u00f6r deltagaren. Studiebes\u00f6k \u2013 ocks\u00e5 p\u00e5 distans! Vill du komma och bekanta dig med studier och forskning vid ett universitet med din grupp? Det lyckas enkelt via en LUMA-vetenskapsklass! Kostnadsfria ... L\u00e4s mer\" \/>\n<meta property=\"og:url\" content=\"https:\/\/www.luma.fi\/sv\/for-larare\/\" \/>\n<meta property=\"og:site_name\" content=\"LUMA-keskus Suomi\" \/>\n<meta property=\"article:publisher\" content=\"https:\/\/www.facebook.com\/LUMAkeskusSuomi\/\" \/>\n<meta property=\"article:modified_time\" content=\"2025-12-03T12:41:46+00:00\" \/>\n<meta property=\"og:image\" content=\"https:\/\/www.luma.fi\/wp-content\/uploads\/2025\/09\/54629367662_2557867ba5_k.jpg\" \/>\n\t<meta property=\"og:image:width\" content=\"2048\" \/>\n\t<meta property=\"og:image:height\" content=\"1028\" \/>\n\t<meta property=\"og:image:type\" content=\"image\/jpeg\" \/>\n<meta name=\"twitter:card\" content=\"summary_large_image\" \/>\n<meta name=\"twitter:label1\" content=\"Ber\u00e4knad l\u00e4stid\" \/>\n\t<meta name=\"twitter:data1\" content=\"2 minuter\" \/>\n<script type=\"application\/ld+json\" class=\"yoast-schema-graph\">{\"@context\":\"https:\\\/\\\/schema.org\",\"@graph\":[{\"@type\":\"WebPage\",\"@id\":\"https:\\\/\\\/www.luma.fi\\\/sv\\\/for-larare\\\/\",\"url\":\"https:\\\/\\\/www.luma.fi\\\/sv\\\/for-larare\\\/\",\"name\":\"F\u00f6r l\u00e4rare - LUMA-keskus Suomi\",\"isPartOf\":{\"@id\":\"https:\\\/\\\/www.luma.fi\\\/sv\\\/#website\"},\"primaryImageOfPage\":{\"@id\":\"https:\\\/\\\/www.luma.fi\\\/sv\\\/for-larare\\\/#primaryimage\"},\"image\":{\"@id\":\"https:\\\/\\\/www.luma.fi\\\/sv\\\/for-larare\\\/#primaryimage\"},\"thumbnailUrl\":\"https:\\\/\\\/www.luma.fi\\\/wp-content\\\/uploads\\\/2025\\\/09\\\/54629367662_2557867ba5_k-1024x514.jpg\",\"datePublished\":\"2025-09-08T13:18:00+00:00\",\"dateModified\":\"2025-12-03T12:41:46+00:00\",\"breadcrumb\":{\"@id\":\"https:\\\/\\\/www.luma.fi\\\/sv\\\/for-larare\\\/#breadcrumb\"},\"inLanguage\":\"sv-SE\",\"potentialAction\":[{\"@type\":\"ReadAction\",\"target\":[\"https:\\\/\\\/www.luma.fi\\\/sv\\\/for-larare\\\/\"]}]},{\"@type\":\"ImageObject\",\"inLanguage\":\"sv-SE\",\"@id\":\"https:\\\/\\\/www.luma.fi\\\/sv\\\/for-larare\\\/#primaryimage\",\"url\":\"https:\\\/\\\/www.luma.fi\\\/wp-content\\\/uploads\\\/2025\\\/09\\\/54629367662_2557867ba5_k-1024x514.jpg\",\"contentUrl\":\"https:\\\/\\\/www.luma.fi\\\/wp-content\\\/uploads\\\/2025\\\/09\\\/54629367662_2557867ba5_k-1024x514.jpg\"},{\"@type\":\"BreadcrumbList\",\"@id\":\"https:\\\/\\\/www.luma.fi\\\/sv\\\/for-larare\\\/#breadcrumb\",\"itemListElement\":[{\"@type\":\"ListItem\",\"position\":1,\"name\":\"Etusivu\",\"item\":\"https:\\\/\\\/www.luma.fi\\\/sv\\\/\"},{\"@type\":\"ListItem\",\"position\":2,\"name\":\"F\u00f6r l\u00e4rare\"}]},{\"@type\":\"WebSite\",\"@id\":\"https:\\\/\\\/www.luma.fi\\\/sv\\\/#website\",\"url\":\"https:\\\/\\\/www.luma.fi\\\/sv\\\/\",\"name\":\"LUMA-keskus Suomi\",\"description\":\"LUMA-keskus Suomi on 11 yliopiston tiedekasvatukseen ja teknologiakasvatukseen keskittyv&auml; verkosto. \",\"publisher\":{\"@id\":\"https:\\\/\\\/www.luma.fi\\\/sv\\\/#organization\"},\"potentialAction\":[{\"@type\":\"SearchAction\",\"target\":{\"@type\":\"EntryPoint\",\"urlTemplate\":\"https:\\\/\\\/www.luma.fi\\\/sv\\\/?s={search_term_string}\"},\"query-input\":{\"@type\":\"PropertyValueSpecification\",\"valueRequired\":true,\"valueName\":\"search_term_string\"}}],\"inLanguage\":\"sv-SE\"},{\"@type\":\"Organization\",\"@id\":\"https:\\\/\\\/www.luma.fi\\\/sv\\\/#organization\",\"name\":\"LUMA-keskus Suomi\",\"url\":\"https:\\\/\\\/www.luma.fi\\\/sv\\\/\",\"logo\":{\"@type\":\"ImageObject\",\"inLanguage\":\"sv-SE\",\"@id\":\"https:\\\/\\\/www.luma.fi\\\/sv\\\/#\\\/schema\\\/logo\\\/image\\\/\",\"url\":\"https:\\\/\\\/www.luma.fi\\\/wp-content\\\/uploads\\\/2025\\\/08\\\/luma_flower-multicolored_small.png\",\"contentUrl\":\"https:\\\/\\\/www.luma.fi\\\/wp-content\\\/uploads\\\/2025\\\/08\\\/luma_flower-multicolored_small.png\",\"width\":556,\"height\":557,\"caption\":\"LUMA-keskus Suomi\"},\"image\":{\"@id\":\"https:\\\/\\\/www.luma.fi\\\/sv\\\/#\\\/schema\\\/logo\\\/image\\\/\"},\"sameAs\":[\"https:\\\/\\\/www.facebook.com\\\/LUMAkeskusSuomi\\\/\",\"https:\\\/\\\/www.instagram.com\\\/lumasuomi\\\/\",\"https:\\\/\\\/www.youtube.com\\\/user\\\/lumakeskus\"]}]}<\/script>\n<!-- \/ Yoast SEO plugin. -->","yoast_head_json":{"title":"F\u00f6r l\u00e4rare - LUMA-keskus Suomi","robots":{"index":"index","follow":"follow","max-snippet":"max-snippet:-1","max-image-preview":"max-image-preview:large","max-video-preview":"max-video-preview:-1"},"canonical":"https:\/\/www.luma.fi\/sv\/for-larare\/","og_locale":"sv_SE","og_type":"article","og_title":"F\u00f6r l\u00e4rare - LUMA-keskus Suomi","og_description":"Fortbildning och kurser Vi erbjuder fortbildning och kurser som st\u00e4rker det egna kunnandet f\u00f6r l\u00e4rare och pedagoger p\u00e5 olika utbildningsstadier. Fortbildningarna och kurserna \u00e4r avgiftsfria f\u00f6r deltagaren. Studiebes\u00f6k \u2013 ocks\u00e5 p\u00e5 distans! Vill du komma och bekanta dig med studier och forskning vid ett universitet med din grupp? Det lyckas enkelt via en LUMA-vetenskapsklass! Kostnadsfria ... L\u00e4s mer","og_url":"https:\/\/www.luma.fi\/sv\/for-larare\/","og_site_name":"LUMA-keskus Suomi","article_publisher":"https:\/\/www.facebook.com\/LUMAkeskusSuomi\/","article_modified_time":"2025-12-03T12:41:46+00:00","og_image":[{"width":2048,"height":1028,"url":"https:\/\/www.luma.fi\/wp-content\/uploads\/2025\/09\/54629367662_2557867ba5_k.jpg","type":"image\/jpeg"}],"twitter_card":"summary_large_image","twitter_misc":{"Ber\u00e4knad l\u00e4stid":"2 minuter"},"schema":{"@context":"https:\/\/schema.org","@graph":[{"@type":"WebPage","@id":"https:\/\/www.luma.fi\/sv\/for-larare\/","url":"https:\/\/www.luma.fi\/sv\/for-larare\/","name":"F\u00f6r l\u00e4rare - LUMA-keskus Suomi","isPartOf":{"@id":"https:\/\/www.luma.fi\/sv\/#website"},"primaryImageOfPage":{"@id":"https:\/\/www.luma.fi\/sv\/for-larare\/#primaryimage"},"image":{"@id":"https:\/\/www.luma.fi\/sv\/for-larare\/#primaryimage"},"thumbnailUrl":"https:\/\/www.luma.fi\/wp-content\/uploads\/2025\/09\/54629367662_2557867ba5_k-1024x514.jpg","datePublished":"2025-09-08T13:18:00+00:00","dateModified":"2025-12-03T12:41:46+00:00","breadcrumb":{"@id":"https:\/\/www.luma.fi\/sv\/for-larare\/#breadcrumb"},"inLanguage":"sv-SE","potentialAction":[{"@type":"ReadAction","target":["https:\/\/www.luma.fi\/sv\/for-larare\/"]}]},{"@type":"ImageObject","inLanguage":"sv-SE","@id":"https:\/\/www.luma.fi\/sv\/for-larare\/#primaryimage","url":"https:\/\/www.luma.fi\/wp-content\/uploads\/2025\/09\/54629367662_2557867ba5_k-1024x514.jpg","contentUrl":"https:\/\/www.luma.fi\/wp-content\/uploads\/2025\/09\/54629367662_2557867ba5_k-1024x514.jpg"},{"@type":"BreadcrumbList","@id":"https:\/\/www.luma.fi\/sv\/for-larare\/#breadcrumb","itemListElement":[{"@type":"ListItem","position":1,"name":"Etusivu","item":"https:\/\/www.luma.fi\/sv\/"},{"@type":"ListItem","position":2,"name":"F\u00f6r l\u00e4rare"}]},{"@type":"WebSite","@id":"https:\/\/www.luma.fi\/sv\/#website","url":"https:\/\/www.luma.fi\/sv\/","name":"LUMA-keskus Suomi","description":"LUMA-keskus Suomi on 11 yliopiston tiedekasvatukseen ja teknologiakasvatukseen keskittyv&auml; verkosto. ","publisher":{"@id":"https:\/\/www.luma.fi\/sv\/#organization"},"potentialAction":[{"@type":"SearchAction","target":{"@type":"EntryPoint","urlTemplate":"https:\/\/www.luma.fi\/sv\/?s={search_term_string}"},"query-input":{"@type":"PropertyValueSpecification","valueRequired":true,"valueName":"search_term_string"}}],"inLanguage":"sv-SE"},{"@type":"Organization","@id":"https:\/\/www.luma.fi\/sv\/#organization","name":"LUMA-keskus Suomi","url":"https:\/\/www.luma.fi\/sv\/","logo":{"@type":"ImageObject","inLanguage":"sv-SE","@id":"https:\/\/www.luma.fi\/sv\/#\/schema\/logo\/image\/","url":"https:\/\/www.luma.fi\/wp-content\/uploads\/2025\/08\/luma_flower-multicolored_small.png","contentUrl":"https:\/\/www.luma.fi\/wp-content\/uploads\/2025\/08\/luma_flower-multicolored_small.png","width":556,"height":557,"caption":"LUMA-keskus Suomi"},"image":{"@id":"https:\/\/www.luma.fi\/sv\/#\/schema\/logo\/image\/"},"sameAs":["https:\/\/www.facebook.com\/LUMAkeskusSuomi\/","https:\/\/www.instagram.com\/lumasuomi\/","https:\/\/www.youtube.com\/user\/lumakeskus"]}]}},"_links":{"self":[{"href":"https:\/\/www.luma.fi\/sv\/wp-json\/wp\/v2\/pages\/1080","targetHints":{"allow":["GET"]}}],"collection":[{"href":"https:\/\/www.luma.fi\/sv\/wp-json\/wp\/v2\/pages"}],"about":[{"href":"https:\/\/www.luma.fi\/sv\/wp-json\/wp\/v2\/types\/page"}],"author":[{"embeddable":true,"href":"https:\/\/www.luma.fi\/sv\/wp-json\/wp\/v2\/users\/2"}],"replies":[{"embeddable":true,"href":"https:\/\/www.luma.fi\/sv\/wp-json\/wp\/v2\/comments?post=1080"}],"version-history":[{"count":4,"href":"https:\/\/www.luma.fi\/sv\/wp-json\/wp\/v2\/pages\/1080\/revisions"}],"predecessor-version":[{"id":15331,"href":"https:\/\/www.luma.fi\/sv\/wp-json\/wp\/v2\/pages\/1080\/revisions\/15331"}],"wp:attachment":[{"href":"https:\/\/www.luma.fi\/sv\/wp-json\/wp\/v2\/media?parent=1080"}],"curies":[{"name":"wp","href":"https:\/\/api.w.org\/{rel}","templated":true}]}}