{"id":1084,"date":"2025-09-08T09:49:48","date_gmt":"2025-09-08T07:49:48","guid":{"rendered":"https:\/\/www.myscience.fi\/?page_id=1084"},"modified":"2025-12-03T13:40:56","modified_gmt":"2025-12-03T11:40:56","slug":"nyhetsbrev","status":"publish","type":"page","link":"https:\/\/www.luma.fi\/sv\/nyhetsbrev\/","title":{"rendered":"Nyhetsbrev"},"content":{"rendered":"\n<p>Genom att prenumerera p\u00e5 LUMA-nyhetsbrevet f\u00e5r du bland de f\u00f6rsta veta om nyheterna om undervisningen i matematik, naturvetenskaper och teknologi, evenemang f\u00f6r barn och unga och olika former av st\u00f6d f\u00f6r l\u00e4rare och andra pedagoger p\u00e5 olika utbildningsstadier. Med hj\u00e4lp av nyhetsbrevet h\u00e5ller du dig uppdaterad om verksamheten kring vetenskapsfostran, som ordnas av de 13 LUMA-centren i v\u00e5rt n\u00e4tverk och av v\u00e5ra n\u00e4rmaste samarbetspartner. Nyhetsbrevet utkommer ungef\u00e4r varannan m\u00e5nad. Prenumeranterna f\u00f6rbinder sig inte till n\u00e5gonting, och prenumerationen kan avslutas n\u00e4r som helst via l\u00e4nken i nyhetsbrevet.<br><br>Du kan utifr\u00e5n fina egna intressen v\u00e4lja kring vilka teman du vill f\u00e5 nyhetsbrev. Ut\u00f6ver LUMA-nyhetsbrevet, som har fokus p\u00e5 den mest aktuella verksamheten, ger vi ocks\u00e5, n\u00e5got mer s\u00e4llan, ut ett nyhetsbrev kring finl\u00e4ndsk Science on stage-verksamhet. Du kan prenumerera p\u00e5 alla nyhetsbrev du intresserar dig f\u00f6r enkelt med samma blankett.<\/p>\n\n\n\n<div class=\"wp-block-buttons is-layout-flex wp-block-buttons-is-layout-flex\">\n<div class=\"wp-block-button is-style-fill\"><a class=\"wp-block-button__link has-background wp-element-button\" href=\"https:\/\/us14.list-manage.com\/subscribe?u=60e76d7e9b13e94f733f00903&amp;id=c24be4e1a3\" style=\"background-color:#00a2c0\" target=\"_blank\" rel=\"noreferrer noopener\">Best\u00e4ll LUMA-nyhetsbrevet h\u00e4r<\/a><\/div>\n\n\n\n<div class=\"wp-block-button is-style-fill\"><a class=\"wp-block-button__link has-background wp-element-button\" href=\"https:\/\/mailchi.mp\/luma.fi\/ilmoittaudu-etatiedekerhoon\" style=\"background-color:#00a2c0\" target=\"_blank\" rel=\"noreferrer noopener\">L\u00e4s senaste LUMA-nyhetsbrevet h\u00e4r<\/a><\/div>\n<\/div>\n\n\n\n<p><\/p>\n\n\n\n<p><a href=\"https:\/\/us14.campaign-archive.com\/home\/?u=60e76d7e9b13e94f733f00903&amp;id=c24be4e1a3\" target=\"_blank\" rel=\"noreferrer noopener\">Tidigare nyhetsbrev kan du l\u00e4sa i arkivet.<\/a> Om du har \u00f6nskem\u00e5l eller id\u00e9er f\u00f6r inneh\u00e5llet i nyhetsbrevet kan du ta kontakt med oss p\u00e5 adressen luma-keskus((at))helsinki.fi<\/p>\n\n\n\n<h2 class=\"wp-block-heading\">Skolresurs nyhetsbrev<\/h2>\n\n\n\n<p>Skolresurs nyhetsbrev ut\u00adkom\u00admer tv\u00e5 g\u00e5nger per termin och riktar sig till alla i Svenskfinland som kommer i kontakt med undervisning inom naturvetenskapliga \u00e4mnen (fr\u00e5n sm\u00e5barnspedagogiken till andra stadiet). I nyhetsbrevet hittas aktuellt inom det naturvetenskapliga undervisningsomr\u00e5det, fortbildningar, evenemang och tips p\u00e5 prak\u00adtis\u00adka \u00f6vningar att plocka in i undervisningen.<\/p>\n\n\n\n<div class=\"wp-block-buttons is-layout-flex wp-block-buttons-is-layout-flex\">\n<div class=\"wp-block-button is-style-fill\"><a class=\"wp-block-button__link has-background wp-element-button\" href=\"https:\/\/www.abo.fi\/centret-for-livslangt-larande\/skolresurs\/skolresurs-nyhetsbrev\/\" style=\"background-color:#00a2c0\" target=\"_blank\" rel=\"noreferrer noopener\">Prenumerera p\u00e5 och l\u00e4s&nbsp;de tidigare Skolresurs nyhetsbreven<\/a><\/div>\n<\/div>\n\n\n\n<p><\/p>\n\n\n\n<p><a href=\"https:\/\/www.luma.fi\/wp-content\/uploads\/2025\/10\/uutiskirjeen-rekisteriseloste.pdf\" target=\"_blank\" rel=\"noreferrer noopener\">Registerbeskrivningen f\u00f6r LUMA-center Finlands nyhetsbrev<\/a> (p\u00e5 finska)<\/p>\n","protected":false},"excerpt":{"rendered":"<p>Genom att prenumerera p\u00e5 LUMA-nyhetsbrevet f\u00e5r du bland de f\u00f6rsta veta om nyheterna om undervisningen i matematik, naturvetenskaper och teknologi, evenemang f\u00f6r barn och unga och olika former av st\u00f6d f\u00f6r l\u00e4rare och andra pedagoger p\u00e5 olika utbildningsstadier. Med hj\u00e4lp av nyhetsbrevet h\u00e5ller du dig uppdaterad om verksamheten kring vetenskapsfostran, som ordnas av de 13 &#8230; <a title=\"Nyhetsbrev\" class=\"read-more\" href=\"https:\/\/www.luma.fi\/sv\/nyhetsbrev\/\" aria-label=\"L\u00e4s mer om Nyhetsbrev\">L\u00e4s mer<\/a><\/p>\n","protected":false},"author":2,"featured_media":386,"parent":0,"menu_order":0,"comment_status":"closed","ping_status":"closed","template":"","meta":{"footnotes":""},"class_list":["post-1084","page","type-page","status-publish","has-post-thumbnail"],"yoast_head":"<!-- This site is optimized with the Yoast SEO plugin v27.4 - https:\/\/yoast.com\/product\/yoast-seo-wordpress\/ -->\n<title>Nyhetsbrev - LUMA-keskus Suomi<\/title>\n<meta name=\"robots\" content=\"index, follow, max-snippet:-1, max-image-preview:large, max-video-preview:-1\" \/>\n<link rel=\"canonical\" href=\"https:\/\/www.luma.fi\/sv\/nyhetsbrev\/\" \/>\n<meta property=\"og:locale\" content=\"sv_SE\" \/>\n<meta property=\"og:type\" content=\"article\" \/>\n<meta property=\"og:title\" content=\"Nyhetsbrev - LUMA-keskus Suomi\" \/>\n<meta property=\"og:description\" content=\"Genom att prenumerera p\u00e5 LUMA-nyhetsbrevet f\u00e5r du bland de f\u00f6rsta veta om nyheterna om undervisningen i matematik, naturvetenskaper och teknologi, evenemang f\u00f6r barn och unga och olika former av st\u00f6d f\u00f6r l\u00e4rare och andra pedagoger p\u00e5 olika utbildningsstadier. Med hj\u00e4lp av nyhetsbrevet h\u00e5ller du dig uppdaterad om verksamheten kring vetenskapsfostran, som ordnas av de 13 ... L\u00e4s mer\" \/>\n<meta property=\"og:url\" content=\"https:\/\/www.luma.fi\/sv\/nyhetsbrev\/\" \/>\n<meta property=\"og:site_name\" content=\"LUMA-keskus Suomi\" \/>\n<meta property=\"article:publisher\" content=\"https:\/\/www.facebook.com\/LUMAkeskusSuomi\/\" \/>\n<meta property=\"article:modified_time\" content=\"2025-12-03T11:40:56+00:00\" \/>\n<meta property=\"og:image\" content=\"http:\/\/www.luma.fi\/wp-content\/uploads\/2025\/09\/uutiskirje.jpg\" \/>\n\t<meta property=\"og:image:width\" content=\"1920\" \/>\n\t<meta property=\"og:image:height\" content=\"957\" \/>\n\t<meta property=\"og:image:type\" content=\"image\/jpeg\" \/>\n<meta name=\"twitter:card\" content=\"summary_large_image\" \/>\n<meta name=\"twitter:label1\" content=\"Ber\u00e4knad l\u00e4stid\" \/>\n\t<meta name=\"twitter:data1\" content=\"2 minuter\" \/>\n<script type=\"application\/ld+json\" class=\"yoast-schema-graph\">{\"@context\":\"https:\\\/\\\/schema.org\",\"@graph\":[{\"@type\":\"WebPage\",\"@id\":\"https:\\\/\\\/www.luma.fi\\\/sv\\\/nyhetsbrev\\\/\",\"url\":\"https:\\\/\\\/www.luma.fi\\\/sv\\\/nyhetsbrev\\\/\",\"name\":\"Nyhetsbrev - LUMA-keskus Suomi\",\"isPartOf\":{\"@id\":\"https:\\\/\\\/www.luma.fi\\\/sv\\\/#website\"},\"primaryImageOfPage\":{\"@id\":\"https:\\\/\\\/www.luma.fi\\\/sv\\\/nyhetsbrev\\\/#primaryimage\"},\"image\":{\"@id\":\"https:\\\/\\\/www.luma.fi\\\/sv\\\/nyhetsbrev\\\/#primaryimage\"},\"thumbnailUrl\":\"https:\\\/\\\/www.luma.fi\\\/wp-content\\\/uploads\\\/2025\\\/09\\\/uutiskirje.jpg\",\"datePublished\":\"2025-09-08T07:49:48+00:00\",\"dateModified\":\"2025-12-03T11:40:56+00:00\",\"breadcrumb\":{\"@id\":\"https:\\\/\\\/www.luma.fi\\\/sv\\\/nyhetsbrev\\\/#breadcrumb\"},\"inLanguage\":\"sv-SE\",\"potentialAction\":[{\"@type\":\"ReadAction\",\"target\":[\"https:\\\/\\\/www.luma.fi\\\/sv\\\/nyhetsbrev\\\/\"]}]},{\"@type\":\"ImageObject\",\"inLanguage\":\"sv-SE\",\"@id\":\"https:\\\/\\\/www.luma.fi\\\/sv\\\/nyhetsbrev\\\/#primaryimage\",\"url\":\"https:\\\/\\\/www.luma.fi\\\/wp-content\\\/uploads\\\/2025\\\/09\\\/uutiskirje.jpg\",\"contentUrl\":\"https:\\\/\\\/www.luma.fi\\\/wp-content\\\/uploads\\\/2025\\\/09\\\/uutiskirje.jpg\",\"width\":1920,\"height\":957,\"caption\":\"Kuvassa\"},{\"@type\":\"BreadcrumbList\",\"@id\":\"https:\\\/\\\/www.luma.fi\\\/sv\\\/nyhetsbrev\\\/#breadcrumb\",\"itemListElement\":[{\"@type\":\"ListItem\",\"position\":1,\"name\":\"Etusivu\",\"item\":\"https:\\\/\\\/www.luma.fi\\\/sv\\\/\"},{\"@type\":\"ListItem\",\"position\":2,\"name\":\"Nyhetsbrev\"}]},{\"@type\":\"WebSite\",\"@id\":\"https:\\\/\\\/www.luma.fi\\\/sv\\\/#website\",\"url\":\"https:\\\/\\\/www.luma.fi\\\/sv\\\/\",\"name\":\"LUMA-keskus Suomi\",\"description\":\"LUMA-keskus Suomi on 11 yliopiston tiedekasvatukseen ja teknologiakasvatukseen keskittyv&auml; verkosto. \",\"publisher\":{\"@id\":\"https:\\\/\\\/www.luma.fi\\\/sv\\\/#organization\"},\"potentialAction\":[{\"@type\":\"SearchAction\",\"target\":{\"@type\":\"EntryPoint\",\"urlTemplate\":\"https:\\\/\\\/www.luma.fi\\\/sv\\\/?s={search_term_string}\"},\"query-input\":{\"@type\":\"PropertyValueSpecification\",\"valueRequired\":true,\"valueName\":\"search_term_string\"}}],\"inLanguage\":\"sv-SE\"},{\"@type\":\"Organization\",\"@id\":\"https:\\\/\\\/www.luma.fi\\\/sv\\\/#organization\",\"name\":\"LUMA-keskus Suomi\",\"url\":\"https:\\\/\\\/www.luma.fi\\\/sv\\\/\",\"logo\":{\"@type\":\"ImageObject\",\"inLanguage\":\"sv-SE\",\"@id\":\"https:\\\/\\\/www.luma.fi\\\/sv\\\/#\\\/schema\\\/logo\\\/image\\\/\",\"url\":\"https:\\\/\\\/www.luma.fi\\\/wp-content\\\/uploads\\\/2025\\\/08\\\/luma_flower-multicolored_small.png\",\"contentUrl\":\"https:\\\/\\\/www.luma.fi\\\/wp-content\\\/uploads\\\/2025\\\/08\\\/luma_flower-multicolored_small.png\",\"width\":556,\"height\":557,\"caption\":\"LUMA-keskus Suomi\"},\"image\":{\"@id\":\"https:\\\/\\\/www.luma.fi\\\/sv\\\/#\\\/schema\\\/logo\\\/image\\\/\"},\"sameAs\":[\"https:\\\/\\\/www.facebook.com\\\/LUMAkeskusSuomi\\\/\",\"https:\\\/\\\/www.instagram.com\\\/lumasuomi\\\/\",\"https:\\\/\\\/www.youtube.com\\\/user\\\/lumakeskus\"]}]}<\/script>\n<!-- \/ Yoast SEO plugin. -->","yoast_head_json":{"title":"Nyhetsbrev - LUMA-keskus Suomi","robots":{"index":"index","follow":"follow","max-snippet":"max-snippet:-1","max-image-preview":"max-image-preview:large","max-video-preview":"max-video-preview:-1"},"canonical":"https:\/\/www.luma.fi\/sv\/nyhetsbrev\/","og_locale":"sv_SE","og_type":"article","og_title":"Nyhetsbrev - LUMA-keskus Suomi","og_description":"Genom att prenumerera p\u00e5 LUMA-nyhetsbrevet f\u00e5r du bland de f\u00f6rsta veta om nyheterna om undervisningen i matematik, naturvetenskaper och teknologi, evenemang f\u00f6r barn och unga och olika former av st\u00f6d f\u00f6r l\u00e4rare och andra pedagoger p\u00e5 olika utbildningsstadier. Med hj\u00e4lp av nyhetsbrevet h\u00e5ller du dig uppdaterad om verksamheten kring vetenskapsfostran, som ordnas av de 13 ... L\u00e4s mer","og_url":"https:\/\/www.luma.fi\/sv\/nyhetsbrev\/","og_site_name":"LUMA-keskus Suomi","article_publisher":"https:\/\/www.facebook.com\/LUMAkeskusSuomi\/","article_modified_time":"2025-12-03T11:40:56+00:00","og_image":[{"width":1920,"height":957,"url":"http:\/\/www.luma.fi\/wp-content\/uploads\/2025\/09\/uutiskirje.jpg","type":"image\/jpeg"}],"twitter_card":"summary_large_image","twitter_misc":{"Ber\u00e4knad l\u00e4stid":"2 minuter"},"schema":{"@context":"https:\/\/schema.org","@graph":[{"@type":"WebPage","@id":"https:\/\/www.luma.fi\/sv\/nyhetsbrev\/","url":"https:\/\/www.luma.fi\/sv\/nyhetsbrev\/","name":"Nyhetsbrev - LUMA-keskus Suomi","isPartOf":{"@id":"https:\/\/www.luma.fi\/sv\/#website"},"primaryImageOfPage":{"@id":"https:\/\/www.luma.fi\/sv\/nyhetsbrev\/#primaryimage"},"image":{"@id":"https:\/\/www.luma.fi\/sv\/nyhetsbrev\/#primaryimage"},"thumbnailUrl":"https:\/\/www.luma.fi\/wp-content\/uploads\/2025\/09\/uutiskirje.jpg","datePublished":"2025-09-08T07:49:48+00:00","dateModified":"2025-12-03T11:40:56+00:00","breadcrumb":{"@id":"https:\/\/www.luma.fi\/sv\/nyhetsbrev\/#breadcrumb"},"inLanguage":"sv-SE","potentialAction":[{"@type":"ReadAction","target":["https:\/\/www.luma.fi\/sv\/nyhetsbrev\/"]}]},{"@type":"ImageObject","inLanguage":"sv-SE","@id":"https:\/\/www.luma.fi\/sv\/nyhetsbrev\/#primaryimage","url":"https:\/\/www.luma.fi\/wp-content\/uploads\/2025\/09\/uutiskirje.jpg","contentUrl":"https:\/\/www.luma.fi\/wp-content\/uploads\/2025\/09\/uutiskirje.jpg","width":1920,"height":957,"caption":"Kuvassa"},{"@type":"BreadcrumbList","@id":"https:\/\/www.luma.fi\/sv\/nyhetsbrev\/#breadcrumb","itemListElement":[{"@type":"ListItem","position":1,"name":"Etusivu","item":"https:\/\/www.luma.fi\/sv\/"},{"@type":"ListItem","position":2,"name":"Nyhetsbrev"}]},{"@type":"WebSite","@id":"https:\/\/www.luma.fi\/sv\/#website","url":"https:\/\/www.luma.fi\/sv\/","name":"LUMA-keskus Suomi","description":"LUMA-keskus Suomi on 11 yliopiston tiedekasvatukseen ja teknologiakasvatukseen keskittyv&auml; verkosto. ","publisher":{"@id":"https:\/\/www.luma.fi\/sv\/#organization"},"potentialAction":[{"@type":"SearchAction","target":{"@type":"EntryPoint","urlTemplate":"https:\/\/www.luma.fi\/sv\/?s={search_term_string}"},"query-input":{"@type":"PropertyValueSpecification","valueRequired":true,"valueName":"search_term_string"}}],"inLanguage":"sv-SE"},{"@type":"Organization","@id":"https:\/\/www.luma.fi\/sv\/#organization","name":"LUMA-keskus Suomi","url":"https:\/\/www.luma.fi\/sv\/","logo":{"@type":"ImageObject","inLanguage":"sv-SE","@id":"https:\/\/www.luma.fi\/sv\/#\/schema\/logo\/image\/","url":"https:\/\/www.luma.fi\/wp-content\/uploads\/2025\/08\/luma_flower-multicolored_small.png","contentUrl":"https:\/\/www.luma.fi\/wp-content\/uploads\/2025\/08\/luma_flower-multicolored_small.png","width":556,"height":557,"caption":"LUMA-keskus Suomi"},"image":{"@id":"https:\/\/www.luma.fi\/sv\/#\/schema\/logo\/image\/"},"sameAs":["https:\/\/www.facebook.com\/LUMAkeskusSuomi\/","https:\/\/www.instagram.com\/lumasuomi\/","https:\/\/www.youtube.com\/user\/lumakeskus"]}]}},"_links":{"self":[{"href":"https:\/\/www.luma.fi\/sv\/wp-json\/wp\/v2\/pages\/1084","targetHints":{"allow":["GET"]}}],"collection":[{"href":"https:\/\/www.luma.fi\/sv\/wp-json\/wp\/v2\/pages"}],"about":[{"href":"https:\/\/www.luma.fi\/sv\/wp-json\/wp\/v2\/types\/page"}],"author":[{"embeddable":true,"href":"https:\/\/www.luma.fi\/sv\/wp-json\/wp\/v2\/users\/2"}],"replies":[{"embeddable":true,"href":"https:\/\/www.luma.fi\/sv\/wp-json\/wp\/v2\/comments?post=1084"}],"version-history":[{"count":3,"href":"https:\/\/www.luma.fi\/sv\/wp-json\/wp\/v2\/pages\/1084\/revisions"}],"predecessor-version":[{"id":15327,"href":"https:\/\/www.luma.fi\/sv\/wp-json\/wp\/v2\/pages\/1084\/revisions\/15327"}],"wp:featuredmedia":[{"embeddable":true,"href":"https:\/\/www.luma.fi\/sv\/wp-json\/wp\/v2\/media\/386"}],"wp:attachment":[{"href":"https:\/\/www.luma.fi\/sv\/wp-json\/wp\/v2\/media?parent=1084"}],"curies":[{"name":"wp","href":"https:\/\/api.w.org\/{rel}","templated":true}]}}