{"id":1090,"date":"2025-09-08T15:26:17","date_gmt":"2025-09-08T13:26:17","guid":{"rendered":"https:\/\/www.myscience.fi\/?page_id=1090"},"modified":"2025-12-10T13:47:20","modified_gmt":"2025-12-10T11:47:20","slug":"certifikat","status":"publish","type":"page","link":"https:\/\/www.luma.fi\/sv\/for-larare\/certifikat\/","title":{"rendered":"Ans\u00f6k om ett LUMA\/STEAM-certifikat f\u00f6r din skola"},"content":{"rendered":"<div class=\"wp-block-image\">\n<figure class=\"alignright size-full is-resized\"><img loading=\"lazy\" decoding=\"async\" width=\"644\" height=\"464\" src=\"https:\/\/www.luma.fi\/wp-content\/uploads\/2025\/10\/kolmetasoa_sv.png\" alt=\"Certifikatet har tre niv\u00e5er: 1. Medveten och utvecklingsinriktad verksamhet, 2. Planm\u00e4ssig och m\u00e5linriktad verksamhet och h\u00f6gsta niv\u00e5 3. Engagerad, specialiserad och systematisk verksamhet.\" class=\"wp-image-1091\" style=\"width:514px;height:auto\" srcset=\"https:\/\/www.luma.fi\/wp-content\/uploads\/2025\/10\/kolmetasoa_sv.png 644w, https:\/\/www.luma.fi\/wp-content\/uploads\/2025\/10\/kolmetasoa_sv-300x216.png 300w\" sizes=\"auto, (max-width: 644px) 100vw, 644px\" \/><figcaption class=\"wp-element-caption\"><em>Certifikatet har tre niv\u00e5er: 1. Medveten och utvecklingsinriktad verksamhet, 2. Planm\u00e4ssig och m\u00e5linriktad verksamhet och h\u00f6gsta niv\u00e5n 3. Engagerad, specialiserad och systematisk verksamhet.<\/em><\/figcaption><\/figure><\/div>\n\n\n<p>LUMA\/STEAM-certifikatet \u00e4r ett certifikat som utarbetats i samarbete mellan Teknologiindustrin rf, st\u00e4derna Tammerfors, Ule\u00e5borg och \u00c5bo samt Ule\u00e5borgs universitet, f\u00f6r sj\u00e4lvutv\u00e4rdering och utveckling av den matematisk-naturvetenskapliga och tekniska undervisningen i finl\u00e4ndska grundskolor. LUMA-center Finland ansvarar f\u00f6r certifieringen av skolor.<\/p>\n\n\n\n<p>Certifikatet ger skolan m\u00f6jlighet att systematiskt se \u00f6ver sin verksamhetskultur och utveckla den till \u00f6nskad niv\u00e5. De delomr\u00e5den som utv\u00e4rderas i certifikatet (pedagogik, kompetens, l\u00e4rmilj\u00f6er, n\u00e4tverk och ledning) baserar sig p\u00e5 grunderna f\u00f6r l\u00e4roplanen f\u00f6r den grundl\u00e4ggande utbildningen (2014).<\/p>\n\n\n\n<h2 class=\"wp-block-heading\">Det \u00e4r enkelt att komma med<\/h2>\n\n\n\n<p>F\u00f6r att n\u00e5 en \u00f6nskad niv\u00e5 (1\u20133) m\u00e5ste skolan uppn\u00e5 90 % av de m\u00e5l som st\u00e4llts upp f\u00f6r niv\u00e5n. Pdf-bilagan kan skrivas ut som st\u00f6d f\u00f6r skolans planerings- och utv\u00e4rderingsarbete. I bilagorna finns ocks\u00e5 en f\u00e4rdig Powerpoint-presentation, som hj\u00e4lper till att presentera och behandla certifikatet t.ex. vid ett personalm\u00f6te.<\/p>\n\n\n\n<p>Den egentliga sj\u00e4lvutv\u00e4rderingen skickas via l\u00e4nken p\u00e5 den h\u00e4r sidan. Certifikatet beviljas utifr\u00e5n skolans sj\u00e4lvutv\u00e4rdering. Skolan kan om den man \u00f6nskar beskriva sina arbetss\u00e4tt f\u00f6r varje punkt som utv\u00e4rderas. Vi rekommenderar ett s\u00e5dant tillv\u00e4gag\u00e5ngss\u00e4tt, eftersom det g\u00f6r det framtida utvecklingsarbetet enklare.<\/p>\n\n\n\n<p>N\u00e4r skolan skickat in sin sj\u00e4lvutv\u00e4rdering granskas certifikaten tv\u00e5 g\u00e5nger om \u00e5ret i samarbete med det lokala LUMA-centret. LUMA-centret beviljar skolan ett certifikat, som kan skrivas ut och s\u00e4ttas upp p\u00e5 skolans v\u00e4gg, samt en logotyp som skolan kan anv\u00e4nda i sina meddelanden och p\u00e5 sin webbplats. Certifikaten utf\u00e4rdas tv\u00e5 g\u00e5nger per \u00e5r. N\u00e4sta ans\u00f6kningsomg\u00e5ng kommer att \u00e4ga rum i maj 2026, med sista ans\u00f6kningsdag den 30 april 2026. Resultaten kommer att tillk\u00e4nnages f\u00f6re sommarlovet. I till\u00e4ggsmaterialet finns ocks\u00e5 en mall f\u00f6r skolan, som kan anv\u00e4ndas f\u00f6r att informera till exempel lokala medier om certifikatet skolan f\u00e5tt. Alla skolor som har f\u00e5tt ett certifikat tillk\u00e4nnages p\u00e5 webbplatsen.<\/p>\n\n\n\n<div class=\"wp-block-buttons is-layout-flex wp-block-buttons-is-layout-flex\">\n<div class=\"wp-block-button\"><a class=\"wp-block-button__link has-background wp-element-button\" href=\"https:\/\/link.webropolsurveys.com\/S\/A88D02F90812C52E\" style=\"background-color:#8e5993\" target=\"_blank\" rel=\"noreferrer noopener\">H\u00e4r kan du ans\u00f6ka om LUMA\/STEAM-certifiering<\/a><\/div>\n<\/div>\n\n\n\n<p><\/p>\n\n\n\n<h2 class=\"wp-block-heading\">St\u00f6d f\u00f6r kommunikation och planering<\/h2>\n\n\n\n<p>Pdf-bilagan inneh\u00e5ller n\u00e4rmare information om det som utv\u00e4rderas f\u00f6r certifikatet.<\/p>\n\n\n\n<div class=\"wp-block-buttons is-layout-flex wp-block-buttons-is-layout-flex\">\n<div class=\"wp-block-button\"><a class=\"wp-block-button__link has-background wp-element-button\" href=\"https:\/\/www.luma.fi\/wp-content\/uploads\/2025\/10\/LUMASTEAM-sertifikaatti_kyselypohja_SV.pdf\" style=\"background-color:#8e5993\" target=\"_blank\" rel=\"noreferrer noopener\">Ladda ner<\/a><\/div>\n<\/div>\n\n\n\n<p><\/p>\n\n\n\n<p>Powerpoint-presentationen som hj\u00e4lper till att presentera och behandla certifikatet t.ex. vid ett personalm\u00f6te.<\/p>\n\n\n\n<div class=\"wp-block-buttons is-layout-flex wp-block-buttons-is-layout-flex\">\n<div class=\"wp-block-button\"><a class=\"wp-block-button__link has-background wp-element-button\" href=\"https:\/\/www.luma.fi\/wp-content\/uploads\/2025\/10\/STEAM-certifikat_PowerPoint.pptx\" style=\"background-color:#8e5993\">Ladda ner<\/a><\/div>\n<\/div>\n\n\n\n<p><\/p>\n\n\n\n<h2 class=\"wp-block-heading\">Skolor som uppn\u00e5tt LUMA\/STEAM-certifiering<\/h2>\n\n\n\n<h3 class=\"wp-block-heading\">Niv\u00e5&nbsp;3<\/h3>\n\n\n\n<p>Hintan koulu, Ule\u00e5borg (12\/2025)<br>Lauttasaaren yhteiskoulu, Helsingfors (5\/2024)<br>Munkkiniemen yhteiskoulu, Helsingfors (12\/2024)<br>Puolalan koulu, \u00c5bo (12\/2024)<br>Rajakyl\u00e4n yhten\u00e4iskoulu, Ule\u00e5borg (5\/2025)<br>Sammonlahden koulu, Villmanstrand (12\/2025)<br>Ylikiimingin koulu, Ule\u00e5borg (5\/2024)<\/p>\n\n\n\n<h3 class=\"wp-block-heading\">Niv\u00e5&nbsp;2<\/h3>\n\n\n\n<p>Espoon yhteislyseo, Esbo (12\/2023)<br>Etel\u00e4-Nummelan koulu, Vichtis (5\/2025)<br>Harjuniityn koulu, Nokia (12\/2024)<br>Hepolan koulu, Kemi (12\/2025)<br>Huttukyl\u00e4n koulu, Ule\u00e5borg (5\/2024)<br>It\u00e4-Suomen koulu, Villmanstrand (12\/2024)<br>J\u00e4k\u00e4rl\u00e4n koulu, \u00c5bo (5\/2024)<br>J\u00e4rnefeltin yhten\u00e4iskoulu, Lojo (5\/2025)<br>J\u00e4rvikyl\u00e4n koulu, Nivala (12\/2023)<br>Karakallion koulu, Esbo (12\/2025)<br>Kirja-Matti, Sein\u00e4joki (12\/2024)<br>Koivupuhdon koulu, Merij\u00e4rvi (12\/2025)<br>Koulumestarin koulu, Esbo (5\/2024)<br>Luostarivuoren koulu, \u00c5bo (12\/2024)<br>Luvian yhten\u00e4iskoulu, Eura\u00e5minne (12\/2024)<br>L\u00e4nsiharjun peruskoulu, Lahtis (5\/2025)<br>Madekosken koulu, Ule\u00e5borg (12\/2025)<br>Nepenm\u00e4en koulu, Joensuu (12\/2023)<br>Ounasrinteen peruskoulu, Rovaniemi (12\/2023)<br>Pielisjoen koulu, Joensuu (5\/2024)<br>Pikkolan koulu, Kangasala (12\/2025)<br>Pitk\u00e4kankaan koulu, Ule\u00e5borg (12\/2024)<br>Pontuksen koulu, Villmanstrand (12\/2025)<br>Pornaisten Yhten\u00e4iskoulu, Borgn\u00e4s (12\/2025)<br>Salpaussel\u00e4n peruskoulu, Lahtis (12\/2025)<br>Seitsem\u00e4n veljeksen koulu, Nurmij\u00e4rvi (5\/2025)<br>Siltatien yhten\u00e4iskoulu, Yl\u00f6j\u00e4rvi (5\/2025)<br>Suomalainen koulu, Tallinn (12\/2023)<br>Tiernan koulu, Ule\u00e5borg (12\/2024)<br>Tupoksen koulu, Limingo (5\/2024)<br>Vanttilan koulu, Esbo (5\/2024)<br>Vehkataipaleen koulu, Taipalsaari (12\/2025)<br>Yl\u00e4maan koulu, Villmanstrand (12\/2025)<\/p>\n\n\n\n<h3 class=\"wp-block-heading\">Niv\u00e5 1<\/h3>\n\n\n\n<p>Aarnivalkean koulu, Esbo (12\/2023)<br>Armfeltin koulu, Salo (5\/2025)<br>H\u00e4meenlinnan Yhteiskoulu, Tavastehus (12\/2024)<br>Joutsenon koulu, Villmanstrand (12\/2025)<br>Kajaanin lyseo, Kajana (5\/2024)<br>Karhulan koulu, Kotka (12\/2024)<br>Karhusuon koulu, Esbo (5\/2025)<br>Kauhavan yhten\u00e4iskoulu, Kauhava (12\/2023)<br>Lehtikuusen koulu, Vanda (5\/2025)<br>Maikkulan koulu, Ule\u00e5borg (12\/2024)<br>Meritorin koulu, Esbo (5\/2024)<br>Mertalan koulu, Nyslott (12\/2025)<br>Myllyl\u00e4n koulu, Orimattila (12\/2023)<br>Niemist\u00f6n koulu, Sein\u00e4joki (12\/2024)<br>Oulun kansainv\u00e4linen koulu, Ule\u00e5borg (12\/2024)<br>Pohjoispuiston koulu, Hyvinge (5\/2025)<br>Pomarkun yhteiskoulu ja lukio, P\u00e5mark (12\/2023)<br>Reilan koulu, Pyh\u00e4ranta (12\/2025)<br>Renkom\u00e4en koulu, Lahtis (5\/2025)<br>Roihuvuoren ala-aste, Helsingfors (12\/2023)<br>Salpakankaan koulu, Hollola (12\/2025)<br>Sauvosaaren koulu, Kemi (5\/2024)<br>Sorrilan yhten\u00e4iskoulu, Valkeakoski (5\/2024)<br>Vaalan yhten\u00e4iskoulu, Vaala (12\/2025)<br>Viherlaakson koulu, Esbo (12\/2024)<br>Ylikyl\u00e4n koulu, Kempele (12\/2025)<\/p>\n","protected":false},"excerpt":{"rendered":"<p>LUMA\/STEAM-certifikatet \u00e4r ett certifikat som utarbetats i samarbete mellan Teknologiindustrin rf, st\u00e4derna Tammerfors, Ule\u00e5borg och \u00c5bo samt Ule\u00e5borgs universitet, f\u00f6r sj\u00e4lvutv\u00e4rdering och utveckling av den matematisk-naturvetenskapliga och tekniska undervisningen i finl\u00e4ndska grundskolor. LUMA-center Finland ansvarar f\u00f6r certifieringen av skolor. Certifikatet ger skolan m\u00f6jlighet att systematiskt se \u00f6ver sin verksamhetskultur och utveckla den till \u00f6nskad niv\u00e5. &#8230; <a title=\"Ans\u00f6k om ett LUMA\/STEAM-certifikat f\u00f6r din skola\" class=\"read-more\" href=\"https:\/\/www.luma.fi\/sv\/for-larare\/certifikat\/\" aria-label=\"L\u00e4s mer om Ans\u00f6k om ett LUMA\/STEAM-certifikat f\u00f6r din skola\">L\u00e4s mer<\/a><\/p>\n","protected":false},"author":2,"featured_media":865,"parent":1080,"menu_order":0,"comment_status":"closed","ping_status":"closed","template":"","meta":{"footnotes":""},"class_list":["post-1090","page","type-page","status-publish","has-post-thumbnail"],"yoast_head":"<!-- This site is optimized with the Yoast SEO plugin v27.4 - https:\/\/yoast.com\/product\/yoast-seo-wordpress\/ -->\n<title>Ans\u00f6k om ett LUMA\/STEAM-certifikat f\u00f6r din skola - LUMA-keskus Suomi<\/title>\n<meta name=\"robots\" content=\"index, follow, max-snippet:-1, max-image-preview:large, max-video-preview:-1\" \/>\n<link rel=\"canonical\" href=\"https:\/\/www.luma.fi\/sv\/for-larare\/certifikat\/\" \/>\n<meta property=\"og:locale\" content=\"sv_SE\" \/>\n<meta property=\"og:type\" content=\"article\" \/>\n<meta property=\"og:title\" content=\"Ans\u00f6k om ett LUMA\/STEAM-certifikat f\u00f6r din skola - LUMA-keskus Suomi\" \/>\n<meta property=\"og:description\" content=\"LUMA\/STEAM-certifikatet \u00e4r ett certifikat som utarbetats i samarbete mellan Teknologiindustrin rf, st\u00e4derna Tammerfors, Ule\u00e5borg och \u00c5bo samt Ule\u00e5borgs universitet, f\u00f6r sj\u00e4lvutv\u00e4rdering och utveckling av den matematisk-naturvetenskapliga och tekniska undervisningen i finl\u00e4ndska grundskolor. LUMA-center Finland ansvarar f\u00f6r certifieringen av skolor. Certifikatet ger skolan m\u00f6jlighet att systematiskt se \u00f6ver sin verksamhetskultur och utveckla den till \u00f6nskad niv\u00e5. ... L\u00e4s mer\" \/>\n<meta property=\"og:url\" content=\"https:\/\/www.luma.fi\/sv\/for-larare\/certifikat\/\" \/>\n<meta property=\"og:site_name\" content=\"LUMA-keskus Suomi\" \/>\n<meta property=\"article:publisher\" content=\"https:\/\/www.facebook.com\/LUMAkeskusSuomi\/\" \/>\n<meta property=\"article:modified_time\" content=\"2025-12-10T11:47:20+00:00\" \/>\n<meta property=\"og:image\" content=\"http:\/\/www.luma.fi\/wp-content\/uploads\/2025\/10\/LUMASTEAM-sertifikaatti-6-2.png\" \/>\n\t<meta property=\"og:image:width\" content=\"1200\" \/>\n\t<meta property=\"og:image:height\" content=\"599\" \/>\n\t<meta property=\"og:image:type\" content=\"image\/png\" \/>\n<meta name=\"twitter:card\" content=\"summary_large_image\" \/>\n<meta name=\"twitter:label1\" content=\"Ber\u00e4knad l\u00e4stid\" \/>\n\t<meta name=\"twitter:data1\" content=\"5 minuter\" \/>\n<script type=\"application\/ld+json\" class=\"yoast-schema-graph\">{\"@context\":\"https:\\\/\\\/schema.org\",\"@graph\":[{\"@type\":\"WebPage\",\"@id\":\"https:\\\/\\\/www.luma.fi\\\/sv\\\/for-larare\\\/certifikat\\\/\",\"url\":\"https:\\\/\\\/www.luma.fi\\\/sv\\\/for-larare\\\/certifikat\\\/\",\"name\":\"Ans\u00f6k om ett LUMA\\\/STEAM-certifikat f\u00f6r din skola - LUMA-keskus Suomi\",\"isPartOf\":{\"@id\":\"https:\\\/\\\/www.luma.fi\\\/sv\\\/#website\"},\"primaryImageOfPage\":{\"@id\":\"https:\\\/\\\/www.luma.fi\\\/sv\\\/for-larare\\\/certifikat\\\/#primaryimage\"},\"image\":{\"@id\":\"https:\\\/\\\/www.luma.fi\\\/sv\\\/for-larare\\\/certifikat\\\/#primaryimage\"},\"thumbnailUrl\":\"https:\\\/\\\/www.luma.fi\\\/wp-content\\\/uploads\\\/2025\\\/10\\\/LUMASTEAM-sertifikaatti-6-2.png\",\"datePublished\":\"2025-09-08T13:26:17+00:00\",\"dateModified\":\"2025-12-10T11:47:20+00:00\",\"breadcrumb\":{\"@id\":\"https:\\\/\\\/www.luma.fi\\\/sv\\\/for-larare\\\/certifikat\\\/#breadcrumb\"},\"inLanguage\":\"sv-SE\",\"potentialAction\":[{\"@type\":\"ReadAction\",\"target\":[\"https:\\\/\\\/www.luma.fi\\\/sv\\\/for-larare\\\/certifikat\\\/\"]}]},{\"@type\":\"ImageObject\",\"inLanguage\":\"sv-SE\",\"@id\":\"https:\\\/\\\/www.luma.fi\\\/sv\\\/for-larare\\\/certifikat\\\/#primaryimage\",\"url\":\"https:\\\/\\\/www.luma.fi\\\/wp-content\\\/uploads\\\/2025\\\/10\\\/LUMASTEAM-sertifikaatti-6-2.png\",\"contentUrl\":\"https:\\\/\\\/www.luma.fi\\\/wp-content\\\/uploads\\\/2025\\\/10\\\/LUMASTEAM-sertifikaatti-6-2.png\",\"width\":1200,\"height\":599,\"caption\":\"Valokuvassa teini-ik\u00e4inen poika pelaa shakkia. Kuvan p\u00e4\u00e4ll\u00e4 on LUMA\\\/STEAM-sertifikaatin logo.\"},{\"@type\":\"BreadcrumbList\",\"@id\":\"https:\\\/\\\/www.luma.fi\\\/sv\\\/for-larare\\\/certifikat\\\/#breadcrumb\",\"itemListElement\":[{\"@type\":\"ListItem\",\"position\":1,\"name\":\"Etusivu\",\"item\":\"https:\\\/\\\/www.luma.fi\\\/sv\\\/\"},{\"@type\":\"ListItem\",\"position\":2,\"name\":\"F\u00f6r l\u00e4rare\",\"item\":\"https:\\\/\\\/www.luma.fi\\\/sv\\\/for-larare\\\/\"},{\"@type\":\"ListItem\",\"position\":3,\"name\":\"Ans\u00f6k om ett LUMA\\\/STEAM-certifikat f\u00f6r din skola\"}]},{\"@type\":\"WebSite\",\"@id\":\"https:\\\/\\\/www.luma.fi\\\/sv\\\/#website\",\"url\":\"https:\\\/\\\/www.luma.fi\\\/sv\\\/\",\"name\":\"LUMA-keskus Suomi\",\"description\":\"LUMA-keskus Suomi on 11 yliopiston tiedekasvatukseen ja teknologiakasvatukseen keskittyv&auml; verkosto. \",\"publisher\":{\"@id\":\"https:\\\/\\\/www.luma.fi\\\/sv\\\/#organization\"},\"potentialAction\":[{\"@type\":\"SearchAction\",\"target\":{\"@type\":\"EntryPoint\",\"urlTemplate\":\"https:\\\/\\\/www.luma.fi\\\/sv\\\/?s={search_term_string}\"},\"query-input\":{\"@type\":\"PropertyValueSpecification\",\"valueRequired\":true,\"valueName\":\"search_term_string\"}}],\"inLanguage\":\"sv-SE\"},{\"@type\":\"Organization\",\"@id\":\"https:\\\/\\\/www.luma.fi\\\/sv\\\/#organization\",\"name\":\"LUMA-keskus Suomi\",\"url\":\"https:\\\/\\\/www.luma.fi\\\/sv\\\/\",\"logo\":{\"@type\":\"ImageObject\",\"inLanguage\":\"sv-SE\",\"@id\":\"https:\\\/\\\/www.luma.fi\\\/sv\\\/#\\\/schema\\\/logo\\\/image\\\/\",\"url\":\"https:\\\/\\\/www.luma.fi\\\/wp-content\\\/uploads\\\/2025\\\/08\\\/luma_flower-multicolored_small.png\",\"contentUrl\":\"https:\\\/\\\/www.luma.fi\\\/wp-content\\\/uploads\\\/2025\\\/08\\\/luma_flower-multicolored_small.png\",\"width\":556,\"height\":557,\"caption\":\"LUMA-keskus Suomi\"},\"image\":{\"@id\":\"https:\\\/\\\/www.luma.fi\\\/sv\\\/#\\\/schema\\\/logo\\\/image\\\/\"},\"sameAs\":[\"https:\\\/\\\/www.facebook.com\\\/LUMAkeskusSuomi\\\/\",\"https:\\\/\\\/www.instagram.com\\\/lumasuomi\\\/\",\"https:\\\/\\\/www.youtube.com\\\/user\\\/lumakeskus\"]}]}<\/script>\n<!-- \/ Yoast SEO plugin. -->","yoast_head_json":{"title":"Ans\u00f6k om ett LUMA\/STEAM-certifikat f\u00f6r din skola - LUMA-keskus Suomi","robots":{"index":"index","follow":"follow","max-snippet":"max-snippet:-1","max-image-preview":"max-image-preview:large","max-video-preview":"max-video-preview:-1"},"canonical":"https:\/\/www.luma.fi\/sv\/for-larare\/certifikat\/","og_locale":"sv_SE","og_type":"article","og_title":"Ans\u00f6k om ett LUMA\/STEAM-certifikat f\u00f6r din skola - LUMA-keskus Suomi","og_description":"LUMA\/STEAM-certifikatet \u00e4r ett certifikat som utarbetats i samarbete mellan Teknologiindustrin rf, st\u00e4derna Tammerfors, Ule\u00e5borg och \u00c5bo samt Ule\u00e5borgs universitet, f\u00f6r sj\u00e4lvutv\u00e4rdering och utveckling av den matematisk-naturvetenskapliga och tekniska undervisningen i finl\u00e4ndska grundskolor. LUMA-center Finland ansvarar f\u00f6r certifieringen av skolor. Certifikatet ger skolan m\u00f6jlighet att systematiskt se \u00f6ver sin verksamhetskultur och utveckla den till \u00f6nskad niv\u00e5. ... L\u00e4s mer","og_url":"https:\/\/www.luma.fi\/sv\/for-larare\/certifikat\/","og_site_name":"LUMA-keskus Suomi","article_publisher":"https:\/\/www.facebook.com\/LUMAkeskusSuomi\/","article_modified_time":"2025-12-10T11:47:20+00:00","og_image":[{"width":1200,"height":599,"url":"http:\/\/www.luma.fi\/wp-content\/uploads\/2025\/10\/LUMASTEAM-sertifikaatti-6-2.png","type":"image\/png"}],"twitter_card":"summary_large_image","twitter_misc":{"Ber\u00e4knad l\u00e4stid":"5 minuter"},"schema":{"@context":"https:\/\/schema.org","@graph":[{"@type":"WebPage","@id":"https:\/\/www.luma.fi\/sv\/for-larare\/certifikat\/","url":"https:\/\/www.luma.fi\/sv\/for-larare\/certifikat\/","name":"Ans\u00f6k om ett LUMA\/STEAM-certifikat f\u00f6r din skola - LUMA-keskus Suomi","isPartOf":{"@id":"https:\/\/www.luma.fi\/sv\/#website"},"primaryImageOfPage":{"@id":"https:\/\/www.luma.fi\/sv\/for-larare\/certifikat\/#primaryimage"},"image":{"@id":"https:\/\/www.luma.fi\/sv\/for-larare\/certifikat\/#primaryimage"},"thumbnailUrl":"https:\/\/www.luma.fi\/wp-content\/uploads\/2025\/10\/LUMASTEAM-sertifikaatti-6-2.png","datePublished":"2025-09-08T13:26:17+00:00","dateModified":"2025-12-10T11:47:20+00:00","breadcrumb":{"@id":"https:\/\/www.luma.fi\/sv\/for-larare\/certifikat\/#breadcrumb"},"inLanguage":"sv-SE","potentialAction":[{"@type":"ReadAction","target":["https:\/\/www.luma.fi\/sv\/for-larare\/certifikat\/"]}]},{"@type":"ImageObject","inLanguage":"sv-SE","@id":"https:\/\/www.luma.fi\/sv\/for-larare\/certifikat\/#primaryimage","url":"https:\/\/www.luma.fi\/wp-content\/uploads\/2025\/10\/LUMASTEAM-sertifikaatti-6-2.png","contentUrl":"https:\/\/www.luma.fi\/wp-content\/uploads\/2025\/10\/LUMASTEAM-sertifikaatti-6-2.png","width":1200,"height":599,"caption":"Valokuvassa teini-ik\u00e4inen poika pelaa shakkia. Kuvan p\u00e4\u00e4ll\u00e4 on LUMA\/STEAM-sertifikaatin logo."},{"@type":"BreadcrumbList","@id":"https:\/\/www.luma.fi\/sv\/for-larare\/certifikat\/#breadcrumb","itemListElement":[{"@type":"ListItem","position":1,"name":"Etusivu","item":"https:\/\/www.luma.fi\/sv\/"},{"@type":"ListItem","position":2,"name":"F\u00f6r l\u00e4rare","item":"https:\/\/www.luma.fi\/sv\/for-larare\/"},{"@type":"ListItem","position":3,"name":"Ans\u00f6k om ett LUMA\/STEAM-certifikat f\u00f6r din skola"}]},{"@type":"WebSite","@id":"https:\/\/www.luma.fi\/sv\/#website","url":"https:\/\/www.luma.fi\/sv\/","name":"LUMA-keskus Suomi","description":"LUMA-keskus Suomi on 11 yliopiston tiedekasvatukseen ja teknologiakasvatukseen keskittyv&auml; verkosto. ","publisher":{"@id":"https:\/\/www.luma.fi\/sv\/#organization"},"potentialAction":[{"@type":"SearchAction","target":{"@type":"EntryPoint","urlTemplate":"https:\/\/www.luma.fi\/sv\/?s={search_term_string}"},"query-input":{"@type":"PropertyValueSpecification","valueRequired":true,"valueName":"search_term_string"}}],"inLanguage":"sv-SE"},{"@type":"Organization","@id":"https:\/\/www.luma.fi\/sv\/#organization","name":"LUMA-keskus Suomi","url":"https:\/\/www.luma.fi\/sv\/","logo":{"@type":"ImageObject","inLanguage":"sv-SE","@id":"https:\/\/www.luma.fi\/sv\/#\/schema\/logo\/image\/","url":"https:\/\/www.luma.fi\/wp-content\/uploads\/2025\/08\/luma_flower-multicolored_small.png","contentUrl":"https:\/\/www.luma.fi\/wp-content\/uploads\/2025\/08\/luma_flower-multicolored_small.png","width":556,"height":557,"caption":"LUMA-keskus Suomi"},"image":{"@id":"https:\/\/www.luma.fi\/sv\/#\/schema\/logo\/image\/"},"sameAs":["https:\/\/www.facebook.com\/LUMAkeskusSuomi\/","https:\/\/www.instagram.com\/lumasuomi\/","https:\/\/www.youtube.com\/user\/lumakeskus"]}]}},"_links":{"self":[{"href":"https:\/\/www.luma.fi\/sv\/wp-json\/wp\/v2\/pages\/1090","targetHints":{"allow":["GET"]}}],"collection":[{"href":"https:\/\/www.luma.fi\/sv\/wp-json\/wp\/v2\/pages"}],"about":[{"href":"https:\/\/www.luma.fi\/sv\/wp-json\/wp\/v2\/types\/page"}],"author":[{"embeddable":true,"href":"https:\/\/www.luma.fi\/sv\/wp-json\/wp\/v2\/users\/2"}],"replies":[{"embeddable":true,"href":"https:\/\/www.luma.fi\/sv\/wp-json\/wp\/v2\/comments?post=1090"}],"version-history":[{"count":7,"href":"https:\/\/www.luma.fi\/sv\/wp-json\/wp\/v2\/pages\/1090\/revisions"}],"predecessor-version":[{"id":15427,"href":"https:\/\/www.luma.fi\/sv\/wp-json\/wp\/v2\/pages\/1090\/revisions\/15427"}],"up":[{"embeddable":true,"href":"https:\/\/www.luma.fi\/sv\/wp-json\/wp\/v2\/pages\/1080"}],"wp:featuredmedia":[{"embeddable":true,"href":"https:\/\/www.luma.fi\/sv\/wp-json\/wp\/v2\/media\/865"}],"wp:attachment":[{"href":"https:\/\/www.luma.fi\/sv\/wp-json\/wp\/v2\/media?parent=1090"}],"curies":[{"name":"wp","href":"https:\/\/api.w.org\/{rel}","templated":true}]}}