{"id":1149,"date":"2025-09-08T11:16:17","date_gmt":"2025-09-08T09:16:17","guid":{"rendered":"https:\/\/www.myscience.fi\/?page_id=1149"},"modified":"2026-01-15T12:44:09","modified_gmt":"2026-01-15T10:44:09","slug":"studiebesok","status":"publish","type":"page","link":"https:\/\/www.luma.fi\/sv\/for-larare\/studiebesok\/","title":{"rendered":"Studiebes\u00f6k \u2013 ocks\u00e5 p\u00e5 distans!"},"content":{"rendered":"\n<p>Vill ni med gruppen komma och p\u00e5 ett enkelt s\u00e4tt bekanta er med studier och forskning vid ett universitet? I LUMA-vetenskapsklassrummen \u00e4r det m\u00f6jligt! I ett vetenskapsklassrum f\u00e5r studerande och elever p\u00e5 olika utbildningsstadier bekanta sig med h\u00f6gskolorna i samband med aktiverande studiebes\u00f6k. M\u00e5nga vetenskapsklassrum ordnar bes\u00f6k ocks\u00e5 p\u00e5 distans \u00f6ver n\u00e4tet, vilket g\u00f6r det m\u00f6jligt med bes\u00f6k ocks\u00e5 f\u00f6r dem som bor l\u00e4ngre borta fr\u00e5n h\u00f6gskolan utan beh\u00f6va l\u00e4gga ner tid p\u00e5 l\u00e5nga resor. Ta allts\u00e5 modigt en titt p\u00e5 vad olika vetenskaps- och teknologiklassrummen har att bjuda p\u00e5!<br><br>Temana f\u00f6r och metoderna i anslutning till studiebes\u00f6ken planeras s\u00e5 att de st\u00f6der en undervisning som baserar sig p\u00e5 l\u00e4roplansgrunderna. De tj\u00e4nster klassrummen erbjuder \u00e4r i huvudsak avgiftsfria f\u00f6r l\u00e4rare och undervisningsgrupper. Under bes\u00f6ken f\u00e5r l\u00e4rare ocks\u00e5 id\u00e9er och tips f\u00f6r sin undervisning. Studiebes\u00f6ken st\u00f6der med andra ord l\u00e4rarnas professionella utveckling.<\/p>\n\n\n\n<h2 class=\"wp-block-heading\">Boka ett studie- eller forskarbes\u00f6k f\u00f6r din grupp<\/h2>\n\n\n\n<h3 class=\"wp-block-heading\">Aalto-universitetet Junior<\/h3>\n\n\n\n<details class=\"wp-block-details is-layout-flow wp-block-details-is-layout-flow\"><summary>Aktiverande studiebes\u00f6k p\u00e5 distans<\/summary>\n<p>Vi ordnar avgiftsfria aktiverande studiebes\u00f6k p\u00e5 distans f\u00f6r alla skolgrupper fr\u00e5n den grundl\u00e4ggande utbildningen till andra stadiet. Ta en titt p\u00e5 v\u00e5rt utbud av distansworkshoppar f\u00f6r olika utbildningsstadier p\u00e5 den h\u00e4r sidan och boka en distansworkshop f\u00f6r din grupp direkt i v\u00e5r bokningskalender.<\/p>\n\n\n\n<p><a href=\"https:\/\/www.aalto.fi\/fi\/aalto-yliopisto-junior\/etaopintokaynnit-koululaisryhmille\" target=\"_blank\" rel=\"noreferrer noopener\">L\u00e4s mer om studiebes\u00f6k p\u00e5 distans<\/a><\/p>\n\n\n\n<p>Under s\u00e4rskilda temaveckor ordnar vi avgiftsfria distansworkshoppar f\u00f6r \u00e5rskurserna 1\u20136 i den grundl\u00e4ggande utbildningen. Workshopparna h\u00e5lls via Microsoft Teams, och flera klasser kan delta i dem samtidigt. Det g\u00e5r att delta fr\u00e5n hela landet. V\u00e4lj en tid som passar f\u00f6r din klass och kom med!<\/p>\n\n\n\n<p><a href=\"https:\/\/www.aalto.fi\/fi\/aalto-yliopisto-junior\/teemaviikot-vuosiluokille-1-6\" target=\"_blank\" rel=\"noreferrer noopener\">L\u00e4s mer om temaveckorna<\/a><\/p>\n<\/details>\n\n\n\n<details class=\"wp-block-details is-layout-flow wp-block-details-is-layout-flow\"><summary>Studiebes\u00f6k p\u00e5 campuset i Otn\u00e4s<\/summary>\n<p>Vi ordnar avgiftsfria aktiverande studiebes\u00f6k f\u00f6r alla skolgrupper fr\u00e5n elever i den grundl\u00e4ggande utbildningen till studerande p\u00e5 andra stadiet. P\u00e5 den h\u00e4r sidan hittar du v\u00e5ra workshoppar f\u00f6r olika utbildningsstadier, och du kan boka ett studiebes\u00f6k f\u00f6r din grupp direkt i v\u00e5r bokningskalender.<\/p>\n\n\n\n<p><a href=\"https:\/\/www.aalto.fi\/sv\/aalto-yliopisto-junior\/studiebesok-vid-aalto-universitetet-junior\" target=\"_blank\" rel=\"noreferrer noopener\">L\u00e4s mer om aktiverande studiebes\u00f6k p\u00e5 Aalto-universitetet Junior<\/a><\/p>\n<\/details>\n\n\n\n<details class=\"wp-block-details is-layout-flow wp-block-details-is-layout-flow\"><summary>Studiebes\u00f6k i eget klassrum<\/summary>\n<p>Vattenstunderna p\u00e5 Aalto-universitetet Junior \u00e4r tv\u00e4rvetenskapliga och aktiverande studiebes\u00f6k, som kommer till skolorna. Via l\u00e4nken hittar du n\u00e4rmare information om vad vattenstunderna \u00e4r, hur de i praktiken g\u00e5r till och hur de kan bokas. Vattenstunderna riktar sig till \u00e5rskurserna 1\u20136 i den grundl\u00e4ggande utbildningen och \u00e4r avgiftsfria.<\/p>\n\n\n\n<p><a href=\"https:\/\/www.aalto.fi\/fi\/aalto-yliopisto-junior\/vesituokiot\" target=\"_blank\" rel=\"noreferrer noopener\">L\u00e4s mer om vattenstunderna<\/a><\/p>\n\n\n\n<p>Investera i din framtid-workshopparna p\u00e5 Aalto-universitetet Junior \u00e4r inspirerande och aktiverande studiebes\u00f6k, som kommer till skolorna under l\u00e4s\u00e5ret 2025\u20132026. Via l\u00e4nken hittar du n\u00e4rmare information om vad workshopparna \u00e4r, hur de i praktiken g\u00e5r till och hur de kan bokas. Investera i din framtid-workshopparna riktar sig till \u00e5rskurserna 7\u20139 i den grundl\u00e4ggande utbildningen och till andra stadiet. Workshopparna \u00e4r helt avgiftsfria.<\/p>\n\n\n\n<p><a href=\"https:\/\/www.aalto.fi\/fi\/aalto-yliopisto-junior\/sijoita-tulevaisuuteesi-tyopajat\" target=\"_blank\" rel=\"noreferrer noopener\">L\u00e4s mer om Investera i din framtid-workshopparna<\/a><\/p>\n<\/details>\n\n\n\n<details class=\"wp-block-details is-layout-flow wp-block-details-is-layout-flow\"><summary>Aalto-universitetets forskare bes\u00f6k skolor \u2013 ocks\u00e5 p\u00e5 distans!<\/summary>\n<p>Best\u00e4ll en forskare fr\u00e5n Aalto-universitetet p\u00e5 bes\u00f6k till er skola f\u00f6r att presentera sin egen forskning p\u00e5 ett inspirerande s\u00e4tt. Forskaren kan ordna en kort vetenskapsstund i ert klassrum: hen presenterar sitt forskningsomr\u00e5de, ber\u00e4ttar om sitt forskararbete och svarar p\u00e5 elevernas fr\u00e5gor. Bes\u00f6ken kan, om s\u00e5 \u00f6nskas, ordnas ocks\u00e5 \u00f6ver n\u00e4tet.<\/p>\n\n\n\n<p><a href=\"https:\/\/www.aalto.fi\/sv\/aalto-yliopisto-junior\/forskarbesok-pa-lektioner\" target=\"_blank\" rel=\"noreferrer noopener\">L\u00e4s mer om forskarbes\u00f6ken<\/a><\/p>\n<\/details>\n\n\n\n<p><\/p>\n\n\n\n<h3 class=\"wp-block-heading\">LUMA-centret i Mellersta \u00d6sterbotten<\/h3>\n\n\n\n<details class=\"wp-block-details is-layout-flow wp-block-details-is-layout-flow\"><summary>Studiebes\u00f6k i Karleby<\/summary>\n<p>Elevgrupper \u00e4r med sina l\u00e4rare v\u00e4lkomna att bes\u00f6ka vetenskapsklassrummet KOKKO och genomf\u00f6ra arbetshelheter som avtalats p\u00e5 f\u00f6rhand. I laboratoriet i anslutning till vetenskapsklassrummet Centria \u00e4r det m\u00f6jligt att anv\u00e4nda sig av m\u00e5nga olika typer av apparatur, som skolorna inte har.<\/p>\n\n\n\n<p><a href=\"https:\/\/luma.cinetcampus.fi\/tyopajat\/\" target=\"_blank\" rel=\"noreferrer noopener\">L\u00e4s mer om vetenskapsklassrummet KOKKO<\/a><\/p>\n\n\n\n<p><\/p>\n<\/details>\n\n\n\n<h3 class=\"wp-block-heading\">Skolresurs<\/h3>\n\n\n\n<details class=\"wp-block-details is-layout-flow wp-block-details-is-layout-flow\"><summary>Workshoppar i \u00c5bo Akademis lokaler i \u00c5bo<\/summary>\n<p>Skolresurs erbjuder klasser i \u00e5rskurserna 1\u20139 m\u00f6jligheten att komma till \u00c5bo Akademis lokaler i \u00c5bo och delta i workshoppar med naturvetenskapliga och matematiska teman. V\u00e4lkommen p\u00e5 bes\u00f6k med din klass!<\/p>\n\n\n\n<p><a href=\"https:\/\/www.abo.fi\/centret-for-livslangt-larande\/skolresurs\/skolresurs-verksamhet-for-skola-och-fritid\/labba-loss\/\">L\u00e4s mera om Labba loss!<\/a><\/p>\n\n\n\n<p><\/p>\n<\/details>\n\n\n\n<h3 class=\"wp-block-heading\">Vetenskapsfostran vid Helsingfors universitet<\/h3>\n\n\n\n<details class=\"wp-block-details is-layout-flow wp-block-details-is-layout-flow\"><summary>Aktiverande studiebes\u00f6k p\u00e5 distans<\/summary>\n<p>Helsingfors universitet har fem LUMA-vetenskapsklassrum: \u00f6ppna undervisningslaboratoriet f\u00f6r fysik Fotoni, vetenskapsklassrummet f\u00f6r geografi och geovetenskaper Geopiste, kemiklassrummet Gadolin, vetenskapsklassrummet f\u00f6r matematik och statistik Summamutikka och vetenskapsklassrummet f\u00f6r datavetenskap Linkki.<\/p>\n\n\n\n<p><a href=\"https:\/\/www.helsinki.fi\/sv\/vetenskapsfostran\/larare\/besok-till-vetenskapsklasser\" target=\"_blank\" rel=\"noreferrer noopener\">Boka distansstudiebes\u00f6k i LUMA-vetenskapsklassrummen<\/a><\/p>\n<\/details>\n\n\n\n<details class=\"wp-block-details is-layout-flow wp-block-details-is-layout-flow\"><summary>Studiebes\u00f6k p\u00e5 campus Gumt\u00e4kt<\/summary>\n<p>Helsingfors universitet har fem LUMA-vetenskapsklassrum: \u00f6ppna undervisningslaboratoriet f\u00f6r fysik Fotoni, vetenskapsklassrummet f\u00f6r geografi och geovetenskaper Geopiste, kemiklassrummet Gadolin, vetenskapsklassrummet f\u00f6r matematik och statistik Summamutikka och vetenskapsklassrummet f\u00f6r datavetenskap Linkki.<\/p>\n\n\n\n<p><a href=\"https:\/\/www.helsinki.fi\/sv\/vetenskapsfostran\/larare\/besok-till-vetenskapsklasser\" target=\"_blank\" rel=\"noreferrer noopener\">Boka studiebes\u00f6k i ett LUMA-vetenskapsklassrum<\/a><\/p>\n<\/details>\n\n\n\n<details class=\"wp-block-details is-layout-flow wp-block-details-is-layout-flow\"><summary>Helsingfors universitets studentambassad\u00f6rer \u2013 ocks\u00e5 p\u00e5 distans!<\/summary>\n<p>Helsingfors universitets studentambassad\u00f6rer ber\u00e4ttar f\u00f6r gymnasiestuderande om sina studier och m\u00f6jligheterna vid Helsingfors universitet. Tr\u00e4ffen kan ordnas p\u00e5 lektion p\u00e5 skolan, p\u00e5 universitetscampus eller \u00f6ver n\u00e4tet. Tr\u00e4ffarna ordnas b\u00e5de p\u00e5 svenska och p\u00e5 finska.<\/p>\n\n\n\n<p><a href=\"https:\/\/www.helsinki.fi\/sv\/utbildning-och-undervisning\/studier-och-studieliv\/studiehandledare-och-amneslarare\" target=\"_blank\" rel=\"noreferrer noopener\">L\u00e4s mer om studentambassad\u00f6rerna<\/a><\/p>\n<\/details>\n\n\n\n<hr class=\"wp-block-separator has-text-color has-alpha-channel-opacity has-background\" style=\"background-color:#00a2c0;color:#00a2c0\"\/>\n\n\n\n<h2 class=\"wp-block-heading\">Andra bes\u00f6ksplatser kring matematisk-naturvetenskapliga teman<\/h2>\n\n\n\n<ul class=\"wp-block-list\">\n<li><a href=\"https:\/\/www.helsinki.fi\/fi\/helsingin-observatorio\" target=\"_blank\" rel=\"noreferrer noopener\">Helsingfors observatorium<\/a>&nbsp;(Helsingfors)<\/li>\n\n\n\n<li><a href=\"https:\/\/www.heureka.fi\/sv\/blogs\/vinkit\/skolor\" target=\"_blank\" rel=\"noreferrer noopener\">Vetenskapscentret Heurekas skolprogram<\/a>&nbsp;(Vanda)<\/li>\n\n\n\n<li><a href=\"https:\/\/www.jyu.fi\/fi\/tiedemuseo\/luontomuseo\" target=\"_blank\" rel=\"noreferrer noopener\">Naturmuseet vid Jyv\u00e4skyl\u00e4 universitet<\/a> (Jyv\u00e4skyl\u00e4)<\/li>\n\n\n\n<li><a href=\"http:\/\/www.luomus.fi\/\" target=\"_blank\" rel=\"noreferrer noopener\">Luomus<\/a>&nbsp;(Helsingfors)<\/li>\n\n\n\n<li><a href=\"https:\/\/www.tekniikanmuseo.fi\/sv\/\" target=\"_blank\" rel=\"noreferrer noopener\">Tekniska museet<\/a>&nbsp;(Helsingfors)<\/li>\n\n\n\n<li><a href=\"https:\/\/www.ouka.fi\/oulu\/luuppi\/tiedekeskus-tietomaa\" target=\"_blank\" rel=\"noreferrer noopener\">Vetenskapscentret Tietomaa<\/a>&nbsp;(Ule\u00e5borg)<\/li>\n<\/ul>\n\n\n\n<h3 class=\"wp-block-heading\">Tr\u00e4ffa en forskare<\/h3>\n\n\n\n<p>Syftet med tj\u00e4nsten <a href=\"https:\/\/nuortentiedeakatemia.fi\/sv\/traffa-en-forskare\/\">Tr\u00e4ffa en forskare<\/a> vid Unga vetenskapsakademien \u00e4r att m\u00f6jligg\u00f6ra l\u00e4tta och l\u00e4ttillg\u00e4ngliga forskarbes\u00f6k p\u00e5 skolor och andra l\u00e4roinr\u00e4ttningar oberoende av geografiskt l\u00e4ge eller resurser.<\/p>\n\n\n\n<h3 class=\"wp-block-heading\">Fr\u00e5ga en expert<\/h3>\n\n\n\n<p>Undrar du \u00f6ver n\u00e5gonting kan du skicka in fr\u00e5gor bland annat p\u00e5 f\u00f6ljande webbtj\u00e4nster:&nbsp;<\/p>\n\n\n\n<ul class=\"wp-block-list\">\n<li><a href=\"https:\/\/www.biblioteken.fi\/fraga\" target=\"_blank\" rel=\"noreferrer noopener\">Biblioteken.fi: Fr\u00e5ga bibliotekarien<\/a>\u00a0<\/li>\n\n\n\n<li><a href=\"http:\/\/lehti.luontoportti.fi\/fi\/kysyluonnosta\/\" target=\"_blank\" rel=\"noreferrer noopener\">LuontoPortti: Fr\u00e5ga om naturen<\/a>\u00a0<\/li>\n\n\n\n<li><a href=\"http:\/\/www.suomenluonto.fi\/kysy-luonnosta\/\" target=\"_blank\" rel=\"noreferrer noopener\">Suomen Luonto: Fr\u00e5ga om naturen<\/a>&nbsp;<\/li>\n\n\n\n<li><a href=\"http:\/\/www.tiede.fi\/alue\/kysy\" target=\"_blank\" rel=\"noreferrer noopener\">Tiede.fi: Fr\u00e5ga en expert<\/a>&nbsp;<\/li>\n\n\n\n<li><a href=\"https:\/\/www.facebook.com\/groups\/jyrki.makela\/\" target=\"_blank\" rel=\"noreferrer noopener\">Kysy luonnosta (&#8217;Fr\u00e5ga om naturen&#8217;)<\/a>&nbsp;(Facebook-grupp)&nbsp;<\/li>\n<\/ul>\n\n\n\n<p><\/p>\n","protected":false},"excerpt":{"rendered":"<p>Vill ni med gruppen komma och p\u00e5 ett enkelt s\u00e4tt bekanta er med studier och forskning vid ett universitet? I LUMA-vetenskapsklassrummen \u00e4r det m\u00f6jligt! I ett vetenskapsklassrum f\u00e5r studerande och elever p\u00e5 olika utbildningsstadier bekanta sig med h\u00f6gskolorna i samband med aktiverande studiebes\u00f6k. M\u00e5nga vetenskapsklassrum ordnar bes\u00f6k ocks\u00e5 p\u00e5 distans \u00f6ver n\u00e4tet, vilket g\u00f6r det &#8230; <a title=\"Studiebes\u00f6k \u2013 ocks\u00e5 p\u00e5 distans!\" class=\"read-more\" href=\"https:\/\/www.luma.fi\/sv\/for-larare\/studiebesok\/\" aria-label=\"L\u00e4s mer om Studiebes\u00f6k \u2013 ocks\u00e5 p\u00e5 distans!\">L\u00e4s mer<\/a><\/p>\n","protected":false},"author":2,"featured_media":372,"parent":1080,"menu_order":0,"comment_status":"closed","ping_status":"closed","template":"","meta":{"footnotes":""},"class_list":["post-1149","page","type-page","status-publish","has-post-thumbnail"],"yoast_head":"<!-- This site is optimized with the Yoast SEO plugin v27.4 - https:\/\/yoast.com\/product\/yoast-seo-wordpress\/ -->\n<title>Studiebes\u00f6k \u2013 ocks\u00e5 p\u00e5 distans! - LUMA-keskus Suomi<\/title>\n<meta name=\"robots\" content=\"index, follow, max-snippet:-1, max-image-preview:large, max-video-preview:-1\" \/>\n<link rel=\"canonical\" href=\"https:\/\/www.luma.fi\/sv\/for-larare\/studiebesok\/\" \/>\n<meta property=\"og:locale\" content=\"sv_SE\" \/>\n<meta property=\"og:type\" content=\"article\" \/>\n<meta property=\"og:title\" content=\"Studiebes\u00f6k \u2013 ocks\u00e5 p\u00e5 distans! - LUMA-keskus Suomi\" \/>\n<meta property=\"og:description\" content=\"Vill ni med gruppen komma och p\u00e5 ett enkelt s\u00e4tt bekanta er med studier och forskning vid ett universitet? I LUMA-vetenskapsklassrummen \u00e4r det m\u00f6jligt! I ett vetenskapsklassrum f\u00e5r studerande och elever p\u00e5 olika utbildningsstadier bekanta sig med h\u00f6gskolorna i samband med aktiverande studiebes\u00f6k. M\u00e5nga vetenskapsklassrum ordnar bes\u00f6k ocks\u00e5 p\u00e5 distans \u00f6ver n\u00e4tet, vilket g\u00f6r det ... L\u00e4s mer\" \/>\n<meta property=\"og:url\" content=\"https:\/\/www.luma.fi\/sv\/for-larare\/studiebesok\/\" \/>\n<meta property=\"og:site_name\" content=\"LUMA-keskus Suomi\" \/>\n<meta property=\"article:publisher\" content=\"https:\/\/www.facebook.com\/LUMAkeskusSuomi\/\" \/>\n<meta property=\"article:modified_time\" content=\"2026-01-15T10:44:09+00:00\" \/>\n<meta property=\"og:image\" content=\"http:\/\/www.luma.fi\/wp-content\/uploads\/2025\/09\/Opintokaynti2024.jpg\" \/>\n\t<meta property=\"og:image:width\" content=\"2048\" \/>\n\t<meta property=\"og:image:height\" content=\"1027\" \/>\n\t<meta property=\"og:image:type\" content=\"image\/jpeg\" \/>\n<meta name=\"twitter:card\" content=\"summary_large_image\" \/>\n<meta name=\"twitter:label1\" content=\"Ber\u00e4knad l\u00e4stid\" \/>\n\t<meta name=\"twitter:data1\" content=\"6 minuter\" \/>\n<script type=\"application\/ld+json\" class=\"yoast-schema-graph\">{\"@context\":\"https:\\\/\\\/schema.org\",\"@graph\":[{\"@type\":\"WebPage\",\"@id\":\"https:\\\/\\\/www.luma.fi\\\/sv\\\/for-larare\\\/studiebesok\\\/\",\"url\":\"https:\\\/\\\/www.luma.fi\\\/sv\\\/for-larare\\\/studiebesok\\\/\",\"name\":\"Studiebes\u00f6k \u2013 ocks\u00e5 p\u00e5 distans! - LUMA-keskus Suomi\",\"isPartOf\":{\"@id\":\"https:\\\/\\\/www.luma.fi\\\/sv\\\/#website\"},\"primaryImageOfPage\":{\"@id\":\"https:\\\/\\\/www.luma.fi\\\/sv\\\/for-larare\\\/studiebesok\\\/#primaryimage\"},\"image\":{\"@id\":\"https:\\\/\\\/www.luma.fi\\\/sv\\\/for-larare\\\/studiebesok\\\/#primaryimage\"},\"thumbnailUrl\":\"https:\\\/\\\/www.luma.fi\\\/wp-content\\\/uploads\\\/2025\\\/09\\\/Opintokaynti2024.jpg\",\"datePublished\":\"2025-09-08T09:16:17+00:00\",\"dateModified\":\"2026-01-15T10:44:09+00:00\",\"breadcrumb\":{\"@id\":\"https:\\\/\\\/www.luma.fi\\\/sv\\\/for-larare\\\/studiebesok\\\/#breadcrumb\"},\"inLanguage\":\"sv-SE\",\"potentialAction\":[{\"@type\":\"ReadAction\",\"target\":[\"https:\\\/\\\/www.luma.fi\\\/sv\\\/for-larare\\\/studiebesok\\\/\"]}]},{\"@type\":\"ImageObject\",\"inLanguage\":\"sv-SE\",\"@id\":\"https:\\\/\\\/www.luma.fi\\\/sv\\\/for-larare\\\/studiebesok\\\/#primaryimage\",\"url\":\"https:\\\/\\\/www.luma.fi\\\/wp-content\\\/uploads\\\/2025\\\/09\\\/Opintokaynti2024.jpg\",\"contentUrl\":\"https:\\\/\\\/www.luma.fi\\\/wp-content\\\/uploads\\\/2025\\\/09\\\/Opintokaynti2024.jpg\",\"width\":2048,\"height\":1027,\"caption\":\"Opintok\u00e4yntej\u00e4\"},{\"@type\":\"BreadcrumbList\",\"@id\":\"https:\\\/\\\/www.luma.fi\\\/sv\\\/for-larare\\\/studiebesok\\\/#breadcrumb\",\"itemListElement\":[{\"@type\":\"ListItem\",\"position\":1,\"name\":\"Etusivu\",\"item\":\"https:\\\/\\\/www.luma.fi\\\/sv\\\/\"},{\"@type\":\"ListItem\",\"position\":2,\"name\":\"F\u00f6r l\u00e4rare\",\"item\":\"https:\\\/\\\/www.luma.fi\\\/sv\\\/for-larare\\\/\"},{\"@type\":\"ListItem\",\"position\":3,\"name\":\"Studiebes\u00f6k \u2013 ocks\u00e5 p\u00e5 distans!\"}]},{\"@type\":\"WebSite\",\"@id\":\"https:\\\/\\\/www.luma.fi\\\/sv\\\/#website\",\"url\":\"https:\\\/\\\/www.luma.fi\\\/sv\\\/\",\"name\":\"LUMA-keskus Suomi\",\"description\":\"LUMA-keskus Suomi on 11 yliopiston tiedekasvatukseen ja teknologiakasvatukseen keskittyv&auml; verkosto. \",\"publisher\":{\"@id\":\"https:\\\/\\\/www.luma.fi\\\/sv\\\/#organization\"},\"potentialAction\":[{\"@type\":\"SearchAction\",\"target\":{\"@type\":\"EntryPoint\",\"urlTemplate\":\"https:\\\/\\\/www.luma.fi\\\/sv\\\/?s={search_term_string}\"},\"query-input\":{\"@type\":\"PropertyValueSpecification\",\"valueRequired\":true,\"valueName\":\"search_term_string\"}}],\"inLanguage\":\"sv-SE\"},{\"@type\":\"Organization\",\"@id\":\"https:\\\/\\\/www.luma.fi\\\/sv\\\/#organization\",\"name\":\"LUMA-keskus Suomi\",\"url\":\"https:\\\/\\\/www.luma.fi\\\/sv\\\/\",\"logo\":{\"@type\":\"ImageObject\",\"inLanguage\":\"sv-SE\",\"@id\":\"https:\\\/\\\/www.luma.fi\\\/sv\\\/#\\\/schema\\\/logo\\\/image\\\/\",\"url\":\"https:\\\/\\\/www.luma.fi\\\/wp-content\\\/uploads\\\/2025\\\/08\\\/luma_flower-multicolored_small.png\",\"contentUrl\":\"https:\\\/\\\/www.luma.fi\\\/wp-content\\\/uploads\\\/2025\\\/08\\\/luma_flower-multicolored_small.png\",\"width\":556,\"height\":557,\"caption\":\"LUMA-keskus Suomi\"},\"image\":{\"@id\":\"https:\\\/\\\/www.luma.fi\\\/sv\\\/#\\\/schema\\\/logo\\\/image\\\/\"},\"sameAs\":[\"https:\\\/\\\/www.facebook.com\\\/LUMAkeskusSuomi\\\/\",\"https:\\\/\\\/www.instagram.com\\\/lumasuomi\\\/\",\"https:\\\/\\\/www.youtube.com\\\/user\\\/lumakeskus\"]}]}<\/script>\n<!-- \/ Yoast SEO plugin. -->","yoast_head_json":{"title":"Studiebes\u00f6k \u2013 ocks\u00e5 p\u00e5 distans! - LUMA-keskus Suomi","robots":{"index":"index","follow":"follow","max-snippet":"max-snippet:-1","max-image-preview":"max-image-preview:large","max-video-preview":"max-video-preview:-1"},"canonical":"https:\/\/www.luma.fi\/sv\/for-larare\/studiebesok\/","og_locale":"sv_SE","og_type":"article","og_title":"Studiebes\u00f6k \u2013 ocks\u00e5 p\u00e5 distans! - LUMA-keskus Suomi","og_description":"Vill ni med gruppen komma och p\u00e5 ett enkelt s\u00e4tt bekanta er med studier och forskning vid ett universitet? I LUMA-vetenskapsklassrummen \u00e4r det m\u00f6jligt! I ett vetenskapsklassrum f\u00e5r studerande och elever p\u00e5 olika utbildningsstadier bekanta sig med h\u00f6gskolorna i samband med aktiverande studiebes\u00f6k. M\u00e5nga vetenskapsklassrum ordnar bes\u00f6k ocks\u00e5 p\u00e5 distans \u00f6ver n\u00e4tet, vilket g\u00f6r det ... L\u00e4s mer","og_url":"https:\/\/www.luma.fi\/sv\/for-larare\/studiebesok\/","og_site_name":"LUMA-keskus Suomi","article_publisher":"https:\/\/www.facebook.com\/LUMAkeskusSuomi\/","article_modified_time":"2026-01-15T10:44:09+00:00","og_image":[{"width":2048,"height":1027,"url":"http:\/\/www.luma.fi\/wp-content\/uploads\/2025\/09\/Opintokaynti2024.jpg","type":"image\/jpeg"}],"twitter_card":"summary_large_image","twitter_misc":{"Ber\u00e4knad l\u00e4stid":"6 minuter"},"schema":{"@context":"https:\/\/schema.org","@graph":[{"@type":"WebPage","@id":"https:\/\/www.luma.fi\/sv\/for-larare\/studiebesok\/","url":"https:\/\/www.luma.fi\/sv\/for-larare\/studiebesok\/","name":"Studiebes\u00f6k \u2013 ocks\u00e5 p\u00e5 distans! - LUMA-keskus Suomi","isPartOf":{"@id":"https:\/\/www.luma.fi\/sv\/#website"},"primaryImageOfPage":{"@id":"https:\/\/www.luma.fi\/sv\/for-larare\/studiebesok\/#primaryimage"},"image":{"@id":"https:\/\/www.luma.fi\/sv\/for-larare\/studiebesok\/#primaryimage"},"thumbnailUrl":"https:\/\/www.luma.fi\/wp-content\/uploads\/2025\/09\/Opintokaynti2024.jpg","datePublished":"2025-09-08T09:16:17+00:00","dateModified":"2026-01-15T10:44:09+00:00","breadcrumb":{"@id":"https:\/\/www.luma.fi\/sv\/for-larare\/studiebesok\/#breadcrumb"},"inLanguage":"sv-SE","potentialAction":[{"@type":"ReadAction","target":["https:\/\/www.luma.fi\/sv\/for-larare\/studiebesok\/"]}]},{"@type":"ImageObject","inLanguage":"sv-SE","@id":"https:\/\/www.luma.fi\/sv\/for-larare\/studiebesok\/#primaryimage","url":"https:\/\/www.luma.fi\/wp-content\/uploads\/2025\/09\/Opintokaynti2024.jpg","contentUrl":"https:\/\/www.luma.fi\/wp-content\/uploads\/2025\/09\/Opintokaynti2024.jpg","width":2048,"height":1027,"caption":"Opintok\u00e4yntej\u00e4"},{"@type":"BreadcrumbList","@id":"https:\/\/www.luma.fi\/sv\/for-larare\/studiebesok\/#breadcrumb","itemListElement":[{"@type":"ListItem","position":1,"name":"Etusivu","item":"https:\/\/www.luma.fi\/sv\/"},{"@type":"ListItem","position":2,"name":"F\u00f6r l\u00e4rare","item":"https:\/\/www.luma.fi\/sv\/for-larare\/"},{"@type":"ListItem","position":3,"name":"Studiebes\u00f6k \u2013 ocks\u00e5 p\u00e5 distans!"}]},{"@type":"WebSite","@id":"https:\/\/www.luma.fi\/sv\/#website","url":"https:\/\/www.luma.fi\/sv\/","name":"LUMA-keskus Suomi","description":"LUMA-keskus Suomi on 11 yliopiston tiedekasvatukseen ja teknologiakasvatukseen keskittyv&auml; verkosto. ","publisher":{"@id":"https:\/\/www.luma.fi\/sv\/#organization"},"potentialAction":[{"@type":"SearchAction","target":{"@type":"EntryPoint","urlTemplate":"https:\/\/www.luma.fi\/sv\/?s={search_term_string}"},"query-input":{"@type":"PropertyValueSpecification","valueRequired":true,"valueName":"search_term_string"}}],"inLanguage":"sv-SE"},{"@type":"Organization","@id":"https:\/\/www.luma.fi\/sv\/#organization","name":"LUMA-keskus Suomi","url":"https:\/\/www.luma.fi\/sv\/","logo":{"@type":"ImageObject","inLanguage":"sv-SE","@id":"https:\/\/www.luma.fi\/sv\/#\/schema\/logo\/image\/","url":"https:\/\/www.luma.fi\/wp-content\/uploads\/2025\/08\/luma_flower-multicolored_small.png","contentUrl":"https:\/\/www.luma.fi\/wp-content\/uploads\/2025\/08\/luma_flower-multicolored_small.png","width":556,"height":557,"caption":"LUMA-keskus Suomi"},"image":{"@id":"https:\/\/www.luma.fi\/sv\/#\/schema\/logo\/image\/"},"sameAs":["https:\/\/www.facebook.com\/LUMAkeskusSuomi\/","https:\/\/www.instagram.com\/lumasuomi\/","https:\/\/www.youtube.com\/user\/lumakeskus"]}]}},"_links":{"self":[{"href":"https:\/\/www.luma.fi\/sv\/wp-json\/wp\/v2\/pages\/1149","targetHints":{"allow":["GET"]}}],"collection":[{"href":"https:\/\/www.luma.fi\/sv\/wp-json\/wp\/v2\/pages"}],"about":[{"href":"https:\/\/www.luma.fi\/sv\/wp-json\/wp\/v2\/types\/page"}],"author":[{"embeddable":true,"href":"https:\/\/www.luma.fi\/sv\/wp-json\/wp\/v2\/users\/2"}],"replies":[{"embeddable":true,"href":"https:\/\/www.luma.fi\/sv\/wp-json\/wp\/v2\/comments?post=1149"}],"version-history":[{"count":19,"href":"https:\/\/www.luma.fi\/sv\/wp-json\/wp\/v2\/pages\/1149\/revisions"}],"predecessor-version":[{"id":15344,"href":"https:\/\/www.luma.fi\/sv\/wp-json\/wp\/v2\/pages\/1149\/revisions\/15344"}],"up":[{"embeddable":true,"href":"https:\/\/www.luma.fi\/sv\/wp-json\/wp\/v2\/pages\/1080"}],"wp:featuredmedia":[{"embeddable":true,"href":"https:\/\/www.luma.fi\/sv\/wp-json\/wp\/v2\/media\/372"}],"wp:attachment":[{"href":"https:\/\/www.luma.fi\/sv\/wp-json\/wp\/v2\/media?parent=1149"}],"curies":[{"name":"wp","href":"https:\/\/api.w.org\/{rel}","templated":true}]}}