{"id":1159,"date":"2025-09-09T09:23:36","date_gmt":"2025-09-09T07:23:36","guid":{"rendered":"https:\/\/www.myscience.fi\/?page_id=1159"},"modified":"2025-12-09T17:56:08","modified_gmt":"2025-12-09T15:56:08","slug":"science-on-stage","status":"publish","type":"page","link":"https:\/\/www.luma.fi\/sv\/for-larare\/science-on-stage\/","title":{"rendered":"Science on stage-verksamheten i Finland"},"content":{"rendered":"\n<p>Science on stage-festivalen \u00e4r Europas st\u00f6rsta utbildningsevenemang f\u00f6r alla som undervisar i matematik, omgivningsl\u00e4ra, naturvetenskaper och teknologi. Syftet med det internationella m\u00e4ssevenemanget \u00e4r att utbyta id\u00e9er, l\u00e4ra sig nya saker och l\u00e4ra k\u00e4nna internationella kollegor. Evenemanget gick senast av stapeln i \u00c5bo i Finland i augusti 2024. Du kan se bilder fr\u00e5n evenemanget\u00a0<a href=\"https:\/\/www.science-on-stage.eu\/news\/sons2024-pictures\">via den h\u00e4r l\u00e4nken<\/a> och bekanta dig med projekt som presenterades p\u00e5 evenemanget <a href=\"https:\/\/www.sons2024.eu\/festival-projects\/\">via den h\u00e4r l\u00e4nken<\/a>.<\/p>\n\n\n\n<p>N\u00e4sta g\u00e5ng ordnas Science on stage-festivalen 28\u201331.5.2026 i Klaip\u0117da i Litauen. Klaip\u0117da \u00e4r tredje st\u00f6rsta staden i Litauen och samtidigt den st\u00f6rsta kuststaden i landet. Temat f\u00f6r evenemanget \u00e5r 2026 \u00e4r\u00a0<em>STEAM Education: Innovation meets creativity and responsibility<\/em>. LUMA-center Finland \u00e4r med i Science on stage Finland-verksamheten, och d\u00e4rf\u00f6r var det vi som tog emot ans\u00f6kningar f\u00f6r att v\u00e4lja ut de finl\u00e4ndska l\u00e4rare som f\u00e5r delta i evenemanget. Ans\u00f6kningstiden p\u00e5gick mellan 1.3 och 31.10.2025. Orten f\u00f6r evenemanget \u00e5r 2028 har inte \u00e4nnu utsetts. Vi informerar senare p\u00e5 den h\u00e4r sidan om n\u00e4r ans\u00f6kan till festivalen n\u00e4sta g\u00e5ng \u00f6ppnas f\u00f6r finl\u00e4ndska l\u00e4rare.<\/p>\n\n\n\n<h2 class=\"wp-block-heading\">Sex finl\u00e4ndska projekt till festivalen i Litauen<\/h2>\n\n\n\n<p>Fr\u00e5n Finland valdes ut sex projekt, som l\u00e4rare sj\u00e4lva planerat och genomf\u00f6rt, till festivalen Science on stage 2026. Projektet kunde till exempel best\u00e5 av undervisningsmaterial, som l\u00e4raren sj\u00e4lv skapat, ett projektarbete som l\u00e4raren genomf\u00f6rt tillsammans med sina elever eller ett exempel p\u00e5 god undervisningspraxis, som till exempel olika samarbetsformer med kommunen. Syftet med evenemanget \u00e4r att de deltagande l\u00e4rarna ska bes\u00f6ka varandras montrar p\u00e5 m\u00e4ssan och f\u00e5 id\u00e9er f\u00f6r sin egen undervisning. Varje deltagare har en egen monter p\u00e5 m\u00e4ssan, d\u00e4r det egna projektet presenteras. Alla projektarbeten som skickades in med ans\u00f6kningsblanketten utv\u00e4rderades noga. Utv\u00e4rderingen gjordes av Science on stage Finland med representanter f\u00f6r LUMA-center Finland och Utbildningsstyrelsen samt l\u00e4rare fr\u00e5n olika utbildningsstadier.<\/p>\n\n\n\n<h1 class=\"wp-block-heading\">Delta i LUMA-dagarna i maj 2026<\/h1>\n\n\n\n<p>Eftersom konceptet p\u00e5 Science on stage-festivalen \u00e4r briljant vill vi erbjuda finl\u00e4ndska l\u00e4rare m\u00f6jligheten att utbyta goda undervisningsid\u00e9er och -material p\u00e5 sitt eget modersm\u00e5l. I samband med LUMA-dagarna 8.5.2026 ordnar vi ett m\u00e4ssevenemang i stil med Science on stage-festivalen, som riktar sig till finl\u00e4ndska l\u00e4rare. Under evenemanget f\u00e5r du g\u00e5 runt p\u00e5 m\u00e4ssomr\u00e5det och ta del av finl\u00e4ndska l\u00e4rares egna projekt.<\/p>\n\n\n\n<h2 class=\"wp-block-heading\">Science on stage-festivalen i \u00c5bo 2024<\/h2>\n\n\n\n<p>\u00c5r 2024 ordnades Science on stage-festivalen i \u00c5bo i samband med de nationella LUMA-dagarna. Temat f\u00f6r festivalen 2024&nbsp;var&nbsp;<em>sustainability in STEM education<\/em>. Ta en n\u00e4rmare titt p\u00e5 evenemanget med hj\u00e4lp av videoklippen, bilderna och projektinl\u00e4ggen nedan.<\/p>\n\n\n\n<h3 class=\"wp-block-heading\">Videoklipp fr\u00e5n evenemanget<\/h3>\n\n\n\n<ul class=\"wp-block-list\">\n<li><a href=\"https:\/\/www.youtube.com\/live\/y3FS-Lrey08?si=WXSu7hnsPfLSizOf\">Invigning av Science on stage-festivalen 12.8<\/a><\/li>\n\n\n\n<li><a href=\"https:\/\/www.youtube.com\/live\/EjHNTuFVKS8?si=brKIQyTcgCVznHqL\">Keynote-f\u00f6rel\u00e4sning 13.8<\/a><\/li>\n\n\n\n<li><a href=\"https:\/\/www.youtube.com\/live\/0dxAT8-lGYA?si=KTFCIK9sZJzQY2bT\">Keynote-f\u00f6rel\u00e4sning 14.8<\/a><\/li>\n\n\n\n<li><a href=\"https:\/\/www.youtube.com\/watch?v=eyjA9m9svUE\">Keynote-f\u00f6rel\u00e4sning 15.8<\/a><\/li>\n\n\n\n<li><a href=\"https:\/\/www.youtube.com\/live\/nLaB3FYXdbE?si=_yHB5QyaKObWn4Uw\">Prisutdelning p\u00e5 Science on stage-festivalen 15.8<\/a><\/li>\n\n\n\n<li><a href=\"https:\/\/www.science-on-stage.eu\/news\/sons2024-pictures\">Bilder fr\u00e5n evenemanget<\/a><\/li>\n<\/ul>\n\n\n\n<h3 class=\"wp-block-heading\">Deltagare<\/h3>\n\n\n\n<p>Sammanlagt ungef\u00e4r&nbsp;750 deltagare var med p\u00e5 festivalen p\u00e5 ort och st\u00e4lle.&nbsp;<\/p>\n\n\n\n<h3 class=\"wp-block-heading\">Medier<\/h3>\n\n\n\n<ul class=\"wp-block-list\">\n<li><a href=\"https:\/\/abounderrattelser.fi\/over-700-larare-pa-internationell-festival-i-abo-den-har-veckan-matte-teknik-och-naturvetenskaper-i-fokus\/\">\u00c5bo Underr\u00e4ttelser 12.08.2024 \u2013 \u00d6ver 700 l\u00e4rare samlas p\u00e5 internationellt evenemang i \u00c5bo den h\u00e4r veckan<\/a><\/li>\n\n\n\n<li><a href=\"https:\/\/www.instagram.com\/p\/C_BQUfxNRTX\/?utm_source=ig_web_copy_link&amp;igsh=MzRlODBiNWFlZA==\">L\u00e4nsi Saimaan Sanomien artikkeli \u2013 Taipalsaarelaisopettajat palkittiin elokuussa Turussa (Kirsi Rehusen instagram -julkaisu)<\/a><\/li>\n\n\n\n<li><a href=\"https:\/\/www.kemiamedia.fi\/science-on-stage-luma-paivat-tuo-suomeen-opettajien-kansainvalisen-suurtapahtuman\/\">Science on Stage \u2013 Luma-p\u00e4iv\u00e4t tuo Suomeen opettajien kansainv\u00e4lisen suurtapahtuman (Kemiamedia)<\/a><\/li>\n\n\n\n<li><a href=\"https:\/\/youtu.be\/M9HGjqp2lOY\">Kort dokument\u00e4rfilm p\u00e5 italienska om festivalen i \u00c5bo<\/a><\/li>\n\n\n\n<li>Ut\u00f6ver finl\u00e4ndska artiklar uppm\u00e4rksammades festivalen i internationella medier i sammanlagt 144 inl\u00e4gg p\u00e5 olika spr\u00e5k. Ett sammandrag av dessa kan best\u00e4llas per e-post p\u00e5 adressen luma-keskus(a))helsinki.fi.<\/li>\n<\/ul>\n\n\n\n<h3 class=\"wp-block-heading\">Projektteman 2024<\/h3>\n\n\n\n<p>H\u00e4r har vi sammanst\u00e4llt en lista \u00f6ver projektplanscher fr\u00e5n evenemanget. Alla projekt tog fasta p\u00e5 en unders\u00f6kande undervisning i naturvetenskaper, matematik, teknologi och omgivningsl\u00e4ra.<\/p>\n\n\n\n<ul class=\"wp-block-list\">\n<li><strong><a href=\"https:\/\/www.sons2024.eu\/stem-for-the-youngest\/\">\u00c5k. 1\u20136 och sm\u00e5barnspedagogik<\/a><\/strong> Projekten fr\u00e4mjar undervisningen i naturvetenskaper och matematik i \u00e5rskurserna 1\u20136 och i sm\u00e5barnspedagogiken, med 5\u201312-\u00e5ringar som s\u00e4rskild m\u00e5lgrupp.<\/li>\n\n\n\n<li><strong><a href=\"https:\/\/www.sons2024.eu\/stem-education-for-sustainable-development\/\">H\u00e5llbar utveckling<\/a><\/strong> Syftet med projekten \u00e4r att fr\u00e4mja arbetet f\u00f6r att uppn\u00e5 h\u00e5llbarhetsm\u00e5len.<\/li>\n\n\n\n<li><strong><a href=\"https:\/\/www.sons2024.eu\/digital-technologies-in-stem-education\/\">Digitalisering<\/a><\/strong> Projekten anknyter till exempel till programmering, digital undervisning, IT, artificiell intelligens, virtuell verklighet och hantering av stora datam\u00e4ngder.<\/li>\n\n\n\n<li><strong><a href=\"https:\/\/www.sons2024.eu\/diversity-in-stem-teaching\/\">M\u00e5ngfald<\/a><\/strong> Projekten \u00e5terspeglar m\u00e5ngfalden i v\u00e5rt samh\u00e4lle. Till exempel undervisningsmetoder som f\u00f6r ihop elever med olika bakgrund eller \u00e5lder.<\/li>\n\n\n\n<li><strong><a href=\"https:\/\/www.sons2024.eu\/steam-in-education\/\">Helhetsskapande undervisning<\/a><\/strong> Projekten kombinerar naturvetenskaper och matematik med andra \u00e4mnen, s\u00e5som konst, musik, gymnastik eller historia.<\/li>\n\n\n\n<li><strong><a href=\"https:\/\/www.sons2024.eu\/low-cost-experiments-in-stem-education\/\">LUMA-undervisning med en mindre budget<\/a><\/strong> Projekt som kan genomf\u00f6ras utan h\u00f6ga kostnader.<\/li>\n\n\n\n<li><strong><a href=\"https:\/\/www.sons2024.eu\/joint-projects\/\">Science on stage-samarbetsprojekt<\/a><\/strong> Projekten har genomf\u00f6rts i form av l\u00e4rarsamarbete som en del av Science on stage joint projects-projektet.<\/li>\n<\/ul>\n\n\n\n<p>Undrar du \u00f6ver n\u00e5got? Kontakta oss via e-post p\u00e5 adressen luma-keskus((at))helsinki.fi.<\/p>\n","protected":false},"excerpt":{"rendered":"<p>Science on stage-festivalen \u00e4r Europas st\u00f6rsta utbildningsevenemang f\u00f6r alla som undervisar i matematik, omgivningsl\u00e4ra, naturvetenskaper och teknologi. Syftet med det internationella m\u00e4ssevenemanget \u00e4r att utbyta id\u00e9er, l\u00e4ra sig nya saker och l\u00e4ra k\u00e4nna internationella kollegor. Evenemanget gick senast av stapeln i \u00c5bo i Finland i augusti 2024. Du kan se bilder fr\u00e5n evenemanget\u00a0via den h\u00e4r &#8230; <a title=\"Science on stage-verksamheten i Finland\" class=\"read-more\" href=\"https:\/\/www.luma.fi\/sv\/for-larare\/science-on-stage\/\" aria-label=\"L\u00e4s mer om Science on stage-verksamheten i Finland\">L\u00e4s mer<\/a><\/p>\n","protected":false},"author":2,"featured_media":670,"parent":1080,"menu_order":0,"comment_status":"closed","ping_status":"closed","template":"","meta":{"footnotes":""},"class_list":["post-1159","page","type-page","status-publish","has-post-thumbnail"],"yoast_head":"<!-- This site is optimized with the Yoast SEO plugin v27.4 - https:\/\/yoast.com\/product\/yoast-seo-wordpress\/ -->\n<title>Science on stage-verksamheten i Finland - LUMA-keskus Suomi<\/title>\n<meta name=\"robots\" content=\"index, follow, max-snippet:-1, max-image-preview:large, max-video-preview:-1\" \/>\n<link rel=\"canonical\" href=\"https:\/\/www.luma.fi\/sv\/for-larare\/science-on-stage\/\" \/>\n<meta property=\"og:locale\" content=\"sv_SE\" \/>\n<meta property=\"og:type\" content=\"article\" \/>\n<meta property=\"og:title\" content=\"Science on stage-verksamheten i Finland - LUMA-keskus Suomi\" \/>\n<meta property=\"og:description\" content=\"Science on stage-festivalen \u00e4r Europas st\u00f6rsta utbildningsevenemang f\u00f6r alla som undervisar i matematik, omgivningsl\u00e4ra, naturvetenskaper och teknologi. Syftet med det internationella m\u00e4ssevenemanget \u00e4r att utbyta id\u00e9er, l\u00e4ra sig nya saker och l\u00e4ra k\u00e4nna internationella kollegor. Evenemanget gick senast av stapeln i \u00c5bo i Finland i augusti 2024. Du kan se bilder fr\u00e5n evenemanget\u00a0via den h\u00e4r ... L\u00e4s mer\" \/>\n<meta property=\"og:url\" content=\"https:\/\/www.luma.fi\/sv\/for-larare\/science-on-stage\/\" \/>\n<meta property=\"og:site_name\" content=\"LUMA-keskus Suomi\" \/>\n<meta property=\"article:publisher\" content=\"https:\/\/www.facebook.com\/LUMAkeskusSuomi\/\" \/>\n<meta property=\"article:modified_time\" content=\"2025-12-09T15:56:08+00:00\" \/>\n<meta property=\"og:image\" content=\"http:\/\/www.luma.fi\/wp-content\/uploads\/2025\/09\/Scinece-on-Stage-2026-banneri-SonS.png\" \/>\n\t<meta property=\"og:image:width\" content=\"1211\" \/>\n\t<meta property=\"og:image:height\" content=\"606\" \/>\n\t<meta property=\"og:image:type\" content=\"image\/png\" \/>\n<meta name=\"twitter:card\" content=\"summary_large_image\" \/>\n<meta name=\"twitter:label1\" content=\"Ber\u00e4knad l\u00e4stid\" \/>\n\t<meta name=\"twitter:data1\" content=\"5 minuter\" \/>\n<script type=\"application\/ld+json\" class=\"yoast-schema-graph\">{\"@context\":\"https:\\\/\\\/schema.org\",\"@graph\":[{\"@type\":\"WebPage\",\"@id\":\"https:\\\/\\\/www.luma.fi\\\/sv\\\/for-larare\\\/science-on-stage\\\/\",\"url\":\"https:\\\/\\\/www.luma.fi\\\/sv\\\/for-larare\\\/science-on-stage\\\/\",\"name\":\"Science on stage-verksamheten i Finland - LUMA-keskus Suomi\",\"isPartOf\":{\"@id\":\"https:\\\/\\\/www.luma.fi\\\/sv\\\/#website\"},\"primaryImageOfPage\":{\"@id\":\"https:\\\/\\\/www.luma.fi\\\/sv\\\/for-larare\\\/science-on-stage\\\/#primaryimage\"},\"image\":{\"@id\":\"https:\\\/\\\/www.luma.fi\\\/sv\\\/for-larare\\\/science-on-stage\\\/#primaryimage\"},\"thumbnailUrl\":\"https:\\\/\\\/www.luma.fi\\\/wp-content\\\/uploads\\\/2025\\\/09\\\/Scinece-on-Stage-2026-banneri-SonS.png\",\"datePublished\":\"2025-09-09T07:23:36+00:00\",\"dateModified\":\"2025-12-09T15:56:08+00:00\",\"breadcrumb\":{\"@id\":\"https:\\\/\\\/www.luma.fi\\\/sv\\\/for-larare\\\/science-on-stage\\\/#breadcrumb\"},\"inLanguage\":\"sv-SE\",\"potentialAction\":[{\"@type\":\"ReadAction\",\"target\":[\"https:\\\/\\\/www.luma.fi\\\/sv\\\/for-larare\\\/science-on-stage\\\/\"]}]},{\"@type\":\"ImageObject\",\"inLanguage\":\"sv-SE\",\"@id\":\"https:\\\/\\\/www.luma.fi\\\/sv\\\/for-larare\\\/science-on-stage\\\/#primaryimage\",\"url\":\"https:\\\/\\\/www.luma.fi\\\/wp-content\\\/uploads\\\/2025\\\/09\\\/Scinece-on-Stage-2026-banneri-SonS.png\",\"contentUrl\":\"https:\\\/\\\/www.luma.fi\\\/wp-content\\\/uploads\\\/2025\\\/09\\\/Scinece-on-Stage-2026-banneri-SonS.png\",\"width\":1211,\"height\":606,\"caption\":\"Science on Stage -festivaalien graafinen tunniste.\"},{\"@type\":\"BreadcrumbList\",\"@id\":\"https:\\\/\\\/www.luma.fi\\\/sv\\\/for-larare\\\/science-on-stage\\\/#breadcrumb\",\"itemListElement\":[{\"@type\":\"ListItem\",\"position\":1,\"name\":\"Etusivu\",\"item\":\"https:\\\/\\\/www.luma.fi\\\/sv\\\/\"},{\"@type\":\"ListItem\",\"position\":2,\"name\":\"F\u00f6r l\u00e4rare\",\"item\":\"https:\\\/\\\/www.luma.fi\\\/sv\\\/for-larare\\\/\"},{\"@type\":\"ListItem\",\"position\":3,\"name\":\"Science on stage-verksamheten i Finland\"}]},{\"@type\":\"WebSite\",\"@id\":\"https:\\\/\\\/www.luma.fi\\\/sv\\\/#website\",\"url\":\"https:\\\/\\\/www.luma.fi\\\/sv\\\/\",\"name\":\"LUMA-keskus Suomi\",\"description\":\"LUMA-keskus Suomi on 11 yliopiston tiedekasvatukseen ja teknologiakasvatukseen keskittyv&auml; verkosto. \",\"publisher\":{\"@id\":\"https:\\\/\\\/www.luma.fi\\\/sv\\\/#organization\"},\"potentialAction\":[{\"@type\":\"SearchAction\",\"target\":{\"@type\":\"EntryPoint\",\"urlTemplate\":\"https:\\\/\\\/www.luma.fi\\\/sv\\\/?s={search_term_string}\"},\"query-input\":{\"@type\":\"PropertyValueSpecification\",\"valueRequired\":true,\"valueName\":\"search_term_string\"}}],\"inLanguage\":\"sv-SE\"},{\"@type\":\"Organization\",\"@id\":\"https:\\\/\\\/www.luma.fi\\\/sv\\\/#organization\",\"name\":\"LUMA-keskus Suomi\",\"url\":\"https:\\\/\\\/www.luma.fi\\\/sv\\\/\",\"logo\":{\"@type\":\"ImageObject\",\"inLanguage\":\"sv-SE\",\"@id\":\"https:\\\/\\\/www.luma.fi\\\/sv\\\/#\\\/schema\\\/logo\\\/image\\\/\",\"url\":\"https:\\\/\\\/www.luma.fi\\\/wp-content\\\/uploads\\\/2025\\\/08\\\/luma_flower-multicolored_small.png\",\"contentUrl\":\"https:\\\/\\\/www.luma.fi\\\/wp-content\\\/uploads\\\/2025\\\/08\\\/luma_flower-multicolored_small.png\",\"width\":556,\"height\":557,\"caption\":\"LUMA-keskus Suomi\"},\"image\":{\"@id\":\"https:\\\/\\\/www.luma.fi\\\/sv\\\/#\\\/schema\\\/logo\\\/image\\\/\"},\"sameAs\":[\"https:\\\/\\\/www.facebook.com\\\/LUMAkeskusSuomi\\\/\",\"https:\\\/\\\/www.instagram.com\\\/lumasuomi\\\/\",\"https:\\\/\\\/www.youtube.com\\\/user\\\/lumakeskus\"]}]}<\/script>\n<!-- \/ Yoast SEO plugin. -->","yoast_head_json":{"title":"Science on stage-verksamheten i Finland - LUMA-keskus Suomi","robots":{"index":"index","follow":"follow","max-snippet":"max-snippet:-1","max-image-preview":"max-image-preview:large","max-video-preview":"max-video-preview:-1"},"canonical":"https:\/\/www.luma.fi\/sv\/for-larare\/science-on-stage\/","og_locale":"sv_SE","og_type":"article","og_title":"Science on stage-verksamheten i Finland - LUMA-keskus Suomi","og_description":"Science on stage-festivalen \u00e4r Europas st\u00f6rsta utbildningsevenemang f\u00f6r alla som undervisar i matematik, omgivningsl\u00e4ra, naturvetenskaper och teknologi. Syftet med det internationella m\u00e4ssevenemanget \u00e4r att utbyta id\u00e9er, l\u00e4ra sig nya saker och l\u00e4ra k\u00e4nna internationella kollegor. Evenemanget gick senast av stapeln i \u00c5bo i Finland i augusti 2024. Du kan se bilder fr\u00e5n evenemanget\u00a0via den h\u00e4r ... L\u00e4s mer","og_url":"https:\/\/www.luma.fi\/sv\/for-larare\/science-on-stage\/","og_site_name":"LUMA-keskus Suomi","article_publisher":"https:\/\/www.facebook.com\/LUMAkeskusSuomi\/","article_modified_time":"2025-12-09T15:56:08+00:00","og_image":[{"width":1211,"height":606,"url":"http:\/\/www.luma.fi\/wp-content\/uploads\/2025\/09\/Scinece-on-Stage-2026-banneri-SonS.png","type":"image\/png"}],"twitter_card":"summary_large_image","twitter_misc":{"Ber\u00e4knad l\u00e4stid":"5 minuter"},"schema":{"@context":"https:\/\/schema.org","@graph":[{"@type":"WebPage","@id":"https:\/\/www.luma.fi\/sv\/for-larare\/science-on-stage\/","url":"https:\/\/www.luma.fi\/sv\/for-larare\/science-on-stage\/","name":"Science on stage-verksamheten i Finland - LUMA-keskus Suomi","isPartOf":{"@id":"https:\/\/www.luma.fi\/sv\/#website"},"primaryImageOfPage":{"@id":"https:\/\/www.luma.fi\/sv\/for-larare\/science-on-stage\/#primaryimage"},"image":{"@id":"https:\/\/www.luma.fi\/sv\/for-larare\/science-on-stage\/#primaryimage"},"thumbnailUrl":"https:\/\/www.luma.fi\/wp-content\/uploads\/2025\/09\/Scinece-on-Stage-2026-banneri-SonS.png","datePublished":"2025-09-09T07:23:36+00:00","dateModified":"2025-12-09T15:56:08+00:00","breadcrumb":{"@id":"https:\/\/www.luma.fi\/sv\/for-larare\/science-on-stage\/#breadcrumb"},"inLanguage":"sv-SE","potentialAction":[{"@type":"ReadAction","target":["https:\/\/www.luma.fi\/sv\/for-larare\/science-on-stage\/"]}]},{"@type":"ImageObject","inLanguage":"sv-SE","@id":"https:\/\/www.luma.fi\/sv\/for-larare\/science-on-stage\/#primaryimage","url":"https:\/\/www.luma.fi\/wp-content\/uploads\/2025\/09\/Scinece-on-Stage-2026-banneri-SonS.png","contentUrl":"https:\/\/www.luma.fi\/wp-content\/uploads\/2025\/09\/Scinece-on-Stage-2026-banneri-SonS.png","width":1211,"height":606,"caption":"Science on Stage -festivaalien graafinen tunniste."},{"@type":"BreadcrumbList","@id":"https:\/\/www.luma.fi\/sv\/for-larare\/science-on-stage\/#breadcrumb","itemListElement":[{"@type":"ListItem","position":1,"name":"Etusivu","item":"https:\/\/www.luma.fi\/sv\/"},{"@type":"ListItem","position":2,"name":"F\u00f6r l\u00e4rare","item":"https:\/\/www.luma.fi\/sv\/for-larare\/"},{"@type":"ListItem","position":3,"name":"Science on stage-verksamheten i Finland"}]},{"@type":"WebSite","@id":"https:\/\/www.luma.fi\/sv\/#website","url":"https:\/\/www.luma.fi\/sv\/","name":"LUMA-keskus Suomi","description":"LUMA-keskus Suomi on 11 yliopiston tiedekasvatukseen ja teknologiakasvatukseen keskittyv&auml; verkosto. ","publisher":{"@id":"https:\/\/www.luma.fi\/sv\/#organization"},"potentialAction":[{"@type":"SearchAction","target":{"@type":"EntryPoint","urlTemplate":"https:\/\/www.luma.fi\/sv\/?s={search_term_string}"},"query-input":{"@type":"PropertyValueSpecification","valueRequired":true,"valueName":"search_term_string"}}],"inLanguage":"sv-SE"},{"@type":"Organization","@id":"https:\/\/www.luma.fi\/sv\/#organization","name":"LUMA-keskus Suomi","url":"https:\/\/www.luma.fi\/sv\/","logo":{"@type":"ImageObject","inLanguage":"sv-SE","@id":"https:\/\/www.luma.fi\/sv\/#\/schema\/logo\/image\/","url":"https:\/\/www.luma.fi\/wp-content\/uploads\/2025\/08\/luma_flower-multicolored_small.png","contentUrl":"https:\/\/www.luma.fi\/wp-content\/uploads\/2025\/08\/luma_flower-multicolored_small.png","width":556,"height":557,"caption":"LUMA-keskus Suomi"},"image":{"@id":"https:\/\/www.luma.fi\/sv\/#\/schema\/logo\/image\/"},"sameAs":["https:\/\/www.facebook.com\/LUMAkeskusSuomi\/","https:\/\/www.instagram.com\/lumasuomi\/","https:\/\/www.youtube.com\/user\/lumakeskus"]}]}},"_links":{"self":[{"href":"https:\/\/www.luma.fi\/sv\/wp-json\/wp\/v2\/pages\/1159","targetHints":{"allow":["GET"]}}],"collection":[{"href":"https:\/\/www.luma.fi\/sv\/wp-json\/wp\/v2\/pages"}],"about":[{"href":"https:\/\/www.luma.fi\/sv\/wp-json\/wp\/v2\/types\/page"}],"author":[{"embeddable":true,"href":"https:\/\/www.luma.fi\/sv\/wp-json\/wp\/v2\/users\/2"}],"replies":[{"embeddable":true,"href":"https:\/\/www.luma.fi\/sv\/wp-json\/wp\/v2\/comments?post=1159"}],"version-history":[{"count":6,"href":"https:\/\/www.luma.fi\/sv\/wp-json\/wp\/v2\/pages\/1159\/revisions"}],"predecessor-version":[{"id":15404,"href":"https:\/\/www.luma.fi\/sv\/wp-json\/wp\/v2\/pages\/1159\/revisions\/15404"}],"up":[{"embeddable":true,"href":"https:\/\/www.luma.fi\/sv\/wp-json\/wp\/v2\/pages\/1080"}],"wp:featuredmedia":[{"embeddable":true,"href":"https:\/\/www.luma.fi\/sv\/wp-json\/wp\/v2\/media\/670"}],"wp:attachment":[{"href":"https:\/\/www.luma.fi\/sv\/wp-json\/wp\/v2\/media?parent=1159"}],"curies":[{"name":"wp","href":"https:\/\/api.w.org\/{rel}","templated":true}]}}