{"id":1162,"date":"2025-08-19T14:13:50","date_gmt":"2025-08-19T12:13:50","guid":{"rendered":"https:\/\/www.myscience.fi\/?page_id=1162"},"modified":"2025-11-23T13:05:09","modified_gmt":"2025-11-23T11:05:09","slug":"dataskyddsbeskrivning","status":"publish","type":"page","link":"https:\/\/www.luma.fi\/sv\/dataskyddsbeskrivning\/","title":{"rendered":"Information om webbplatsen"},"content":{"rendered":"\n<p>Utgivaren av webbplatsen, som anges i\u00a0<em>lagen om yttrandefrihet i masskommunikation<\/em>, \u00e4r\u00a0<a href=\"https:\/\/www.helsinki.fi\/sv\/\">Helsingfors universitet<\/a>, och\u00a0ansvarig redakt\u00f6r \u00e4r professor\u00a0Jan Lundell.<\/p>\n\n\n\n<p>V\u00e5r webbplats anv\u00e4nder cookies s\u00e5 att vi kan ge dig den b\u00e4sta m\u00f6jliga anv\u00e4ndarupplevelsen. Cookieinformationen lagras i din webbl\u00e4sare och utf\u00f6r funktioner som att k\u00e4nna igen dig n\u00e4r du \u00e5terv\u00e4nder till v\u00e5r webbplats och att hj\u00e4lpa v\u00e5rt team att f\u00f6rst\u00e5 vilka delar av webbplatsen som du tycker \u00e4r mest intressanta och anv\u00e4ndbara. N\u00f6dv\u00e4ndiga cookies m\u00e5ste alltid vara aktiverade s\u00e5 att vi kan spara dina inst\u00e4llningar f\u00f6r cookie-inst\u00e4llningar. Om du inaktiverar dessa cookies kan vi inte spara dina inst\u00e4llningar. I s\u00e5 fall m\u00e5ste du aktivera eller inaktivera cookies igen varje g\u00e5ng du bes\u00f6ker webbplatsen. V\u00e5r webbplats anv\u00e4nder t.ex. Google Analytics f\u00f6r att samla anonym information, som antalet bes\u00f6kare p\u00e5 webbplatsen och de mest popul\u00e4ra sidorna. Att h\u00e5lla den h\u00e4r cookien aktiverad hj\u00e4lper oss att f\u00f6rb\u00e4ttra v\u00e5r webbplats.<\/p>\n\n\n\n<p>LUMA-sanomat-osion ISSN on 1799\u20133385.<\/p>\n\n\n\n<h2 class=\"wp-block-heading\">Huomasitko saavutettavuuspuutteen digipalvelussamme? Kerro se meille ja teemme parhaamme puutteen korjaamiseksi<\/h2>\n\n\n\n<h3 class=\"wp-block-heading\">S\u00e4hk\u00f6postilla<\/h3>\n\n\n\n<p>luma-keskus@helsinki.fi<\/p>\n\n\n\n<h2 class=\"wp-block-heading\">Valvontaviranomainen<\/h2>\n\n\n\n<p>Jos huomaat sivustolla saavutettavuusongelmia, anna ensin palautetta meille eli sivuston yll\u00e4pit\u00e4j\u00e4lle. Vastauksessa voi menn\u00e4 14 p\u00e4iv\u00e4\u00e4. Jos et ole tyytyv\u00e4inen saamaasi vastaukseen tai et saa vastausta lainkaan kahden viikon aikana,&nbsp;<a href=\"https:\/\/www.saavutettavuusvaatimukset.fi\/oikeutesi\/\" target=\"_blank\" rel=\"noreferrer noopener\">voit tehd\u00e4 ilmoituksen Etel\u00e4-Suomen aluehallintovirastoon&nbsp;Avautuu uuteen ikkunaan<\/a>. Etel\u00e4-Suomen aluehallintoviraston sivulla kerrotaan tarkasti, miten ilmoituksen voi tehd\u00e4 ja miten asia k\u00e4sitell\u00e4\u00e4n.<\/p>\n\n\n\n<h3 class=\"wp-block-heading\">Valvontaviranomaisen yhteystiedot<\/h3>\n\n\n\n<p>Etel\u00e4-Suomen aluehallintovirasto<br>Saavutettavuuden valvonnan yksikk\u00f6<br>www.saavutettavuusvaatimukset.fi<br>saavutettavuus(at)avi.fi<br>puhelinnumero vaihde 0295 016 000<\/p>\n","protected":false},"excerpt":{"rendered":"<p>Utgivaren av webbplatsen, som anges i\u00a0lagen om yttrandefrihet i masskommunikation, \u00e4r\u00a0Helsingfors universitet, och\u00a0ansvarig redakt\u00f6r \u00e4r professor\u00a0Jan Lundell. V\u00e5r webbplats anv\u00e4nder cookies s\u00e5 att vi kan ge dig den b\u00e4sta m\u00f6jliga anv\u00e4ndarupplevelsen. Cookieinformationen lagras i din webbl\u00e4sare och utf\u00f6r funktioner som att k\u00e4nna igen dig n\u00e4r du \u00e5terv\u00e4nder till v\u00e5r webbplats och att hj\u00e4lpa v\u00e5rt team &#8230; <a title=\"Information om webbplatsen\" class=\"read-more\" href=\"https:\/\/www.luma.fi\/sv\/dataskyddsbeskrivning\/\" aria-label=\"L\u00e4s mer om Information om webbplatsen\">L\u00e4s mer<\/a><\/p>\n","protected":false},"author":2,"featured_media":0,"parent":0,"menu_order":0,"comment_status":"closed","ping_status":"open","template":"","meta":{"footnotes":""},"class_list":["post-1162","page","type-page","status-publish"],"yoast_head":"<!-- This site is optimized with the Yoast SEO plugin v27.4 - https:\/\/yoast.com\/product\/yoast-seo-wordpress\/ -->\n<title>Information om webbplatsen - LUMA-keskus Suomi<\/title>\n<meta name=\"robots\" content=\"index, follow, max-snippet:-1, max-image-preview:large, max-video-preview:-1\" \/>\n<link rel=\"canonical\" href=\"https:\/\/www.luma.fi\/sv\/dataskyddsbeskrivning\/\" \/>\n<meta property=\"og:locale\" content=\"sv_SE\" \/>\n<meta property=\"og:type\" content=\"article\" \/>\n<meta property=\"og:title\" content=\"Information om webbplatsen - LUMA-keskus Suomi\" \/>\n<meta property=\"og:description\" content=\"Utgivaren av webbplatsen, som anges i\u00a0lagen om yttrandefrihet i masskommunikation, \u00e4r\u00a0Helsingfors universitet, och\u00a0ansvarig redakt\u00f6r \u00e4r professor\u00a0Jan Lundell. V\u00e5r webbplats anv\u00e4nder cookies s\u00e5 att vi kan ge dig den b\u00e4sta m\u00f6jliga anv\u00e4ndarupplevelsen. Cookieinformationen lagras i din webbl\u00e4sare och utf\u00f6r funktioner som att k\u00e4nna igen dig n\u00e4r du \u00e5terv\u00e4nder till v\u00e5r webbplats och att hj\u00e4lpa v\u00e5rt team ... L\u00e4s mer\" \/>\n<meta property=\"og:url\" content=\"https:\/\/www.luma.fi\/sv\/dataskyddsbeskrivning\/\" \/>\n<meta property=\"og:site_name\" content=\"LUMA-keskus Suomi\" \/>\n<meta property=\"article:publisher\" content=\"https:\/\/www.facebook.com\/LUMAkeskusSuomi\/\" \/>\n<meta property=\"article:modified_time\" content=\"2025-11-23T11:05:09+00:00\" \/>\n<meta name=\"twitter:card\" content=\"summary_large_image\" \/>\n<meta name=\"twitter:label1\" content=\"Ber\u00e4knad l\u00e4stid\" \/>\n\t<meta name=\"twitter:data1\" content=\"2 minuter\" \/>\n<script type=\"application\/ld+json\" class=\"yoast-schema-graph\">{\"@context\":\"https:\\\/\\\/schema.org\",\"@graph\":[{\"@type\":\"WebPage\",\"@id\":\"https:\\\/\\\/www.luma.fi\\\/sv\\\/dataskyddsbeskrivning\\\/\",\"url\":\"https:\\\/\\\/www.luma.fi\\\/sv\\\/dataskyddsbeskrivning\\\/\",\"name\":\"Information om webbplatsen - LUMA-keskus Suomi\",\"isPartOf\":{\"@id\":\"https:\\\/\\\/www.luma.fi\\\/sv\\\/#website\"},\"datePublished\":\"2025-08-19T12:13:50+00:00\",\"dateModified\":\"2025-11-23T11:05:09+00:00\",\"breadcrumb\":{\"@id\":\"https:\\\/\\\/www.luma.fi\\\/sv\\\/dataskyddsbeskrivning\\\/#breadcrumb\"},\"inLanguage\":\"sv-SE\",\"potentialAction\":[{\"@type\":\"ReadAction\",\"target\":[\"https:\\\/\\\/www.luma.fi\\\/sv\\\/dataskyddsbeskrivning\\\/\"]}]},{\"@type\":\"BreadcrumbList\",\"@id\":\"https:\\\/\\\/www.luma.fi\\\/sv\\\/dataskyddsbeskrivning\\\/#breadcrumb\",\"itemListElement\":[{\"@type\":\"ListItem\",\"position\":1,\"name\":\"Etusivu\",\"item\":\"https:\\\/\\\/www.luma.fi\\\/sv\\\/\"},{\"@type\":\"ListItem\",\"position\":2,\"name\":\"Information om webbplatsen\"}]},{\"@type\":\"WebSite\",\"@id\":\"https:\\\/\\\/www.luma.fi\\\/sv\\\/#website\",\"url\":\"https:\\\/\\\/www.luma.fi\\\/sv\\\/\",\"name\":\"LUMA-keskus Suomi\",\"description\":\"LUMA-keskus Suomi on 11 yliopiston tiedekasvatukseen ja teknologiakasvatukseen keskittyv&auml; verkosto. \",\"publisher\":{\"@id\":\"https:\\\/\\\/www.luma.fi\\\/sv\\\/#organization\"},\"potentialAction\":[{\"@type\":\"SearchAction\",\"target\":{\"@type\":\"EntryPoint\",\"urlTemplate\":\"https:\\\/\\\/www.luma.fi\\\/sv\\\/?s={search_term_string}\"},\"query-input\":{\"@type\":\"PropertyValueSpecification\",\"valueRequired\":true,\"valueName\":\"search_term_string\"}}],\"inLanguage\":\"sv-SE\"},{\"@type\":\"Organization\",\"@id\":\"https:\\\/\\\/www.luma.fi\\\/sv\\\/#organization\",\"name\":\"LUMA-keskus Suomi\",\"url\":\"https:\\\/\\\/www.luma.fi\\\/sv\\\/\",\"logo\":{\"@type\":\"ImageObject\",\"inLanguage\":\"sv-SE\",\"@id\":\"https:\\\/\\\/www.luma.fi\\\/sv\\\/#\\\/schema\\\/logo\\\/image\\\/\",\"url\":\"https:\\\/\\\/www.luma.fi\\\/wp-content\\\/uploads\\\/2025\\\/08\\\/luma_flower-multicolored_small.png\",\"contentUrl\":\"https:\\\/\\\/www.luma.fi\\\/wp-content\\\/uploads\\\/2025\\\/08\\\/luma_flower-multicolored_small.png\",\"width\":556,\"height\":557,\"caption\":\"LUMA-keskus Suomi\"},\"image\":{\"@id\":\"https:\\\/\\\/www.luma.fi\\\/sv\\\/#\\\/schema\\\/logo\\\/image\\\/\"},\"sameAs\":[\"https:\\\/\\\/www.facebook.com\\\/LUMAkeskusSuomi\\\/\",\"https:\\\/\\\/www.instagram.com\\\/lumasuomi\\\/\",\"https:\\\/\\\/www.youtube.com\\\/user\\\/lumakeskus\"]}]}<\/script>\n<!-- \/ Yoast SEO plugin. -->","yoast_head_json":{"title":"Information om webbplatsen - LUMA-keskus Suomi","robots":{"index":"index","follow":"follow","max-snippet":"max-snippet:-1","max-image-preview":"max-image-preview:large","max-video-preview":"max-video-preview:-1"},"canonical":"https:\/\/www.luma.fi\/sv\/dataskyddsbeskrivning\/","og_locale":"sv_SE","og_type":"article","og_title":"Information om webbplatsen - LUMA-keskus Suomi","og_description":"Utgivaren av webbplatsen, som anges i\u00a0lagen om yttrandefrihet i masskommunikation, \u00e4r\u00a0Helsingfors universitet, och\u00a0ansvarig redakt\u00f6r \u00e4r professor\u00a0Jan Lundell. V\u00e5r webbplats anv\u00e4nder cookies s\u00e5 att vi kan ge dig den b\u00e4sta m\u00f6jliga anv\u00e4ndarupplevelsen. Cookieinformationen lagras i din webbl\u00e4sare och utf\u00f6r funktioner som att k\u00e4nna igen dig n\u00e4r du \u00e5terv\u00e4nder till v\u00e5r webbplats och att hj\u00e4lpa v\u00e5rt team ... L\u00e4s mer","og_url":"https:\/\/www.luma.fi\/sv\/dataskyddsbeskrivning\/","og_site_name":"LUMA-keskus Suomi","article_publisher":"https:\/\/www.facebook.com\/LUMAkeskusSuomi\/","article_modified_time":"2025-11-23T11:05:09+00:00","twitter_card":"summary_large_image","twitter_misc":{"Ber\u00e4knad l\u00e4stid":"2 minuter"},"schema":{"@context":"https:\/\/schema.org","@graph":[{"@type":"WebPage","@id":"https:\/\/www.luma.fi\/sv\/dataskyddsbeskrivning\/","url":"https:\/\/www.luma.fi\/sv\/dataskyddsbeskrivning\/","name":"Information om webbplatsen - LUMA-keskus Suomi","isPartOf":{"@id":"https:\/\/www.luma.fi\/sv\/#website"},"datePublished":"2025-08-19T12:13:50+00:00","dateModified":"2025-11-23T11:05:09+00:00","breadcrumb":{"@id":"https:\/\/www.luma.fi\/sv\/dataskyddsbeskrivning\/#breadcrumb"},"inLanguage":"sv-SE","potentialAction":[{"@type":"ReadAction","target":["https:\/\/www.luma.fi\/sv\/dataskyddsbeskrivning\/"]}]},{"@type":"BreadcrumbList","@id":"https:\/\/www.luma.fi\/sv\/dataskyddsbeskrivning\/#breadcrumb","itemListElement":[{"@type":"ListItem","position":1,"name":"Etusivu","item":"https:\/\/www.luma.fi\/sv\/"},{"@type":"ListItem","position":2,"name":"Information om webbplatsen"}]},{"@type":"WebSite","@id":"https:\/\/www.luma.fi\/sv\/#website","url":"https:\/\/www.luma.fi\/sv\/","name":"LUMA-keskus Suomi","description":"LUMA-keskus Suomi on 11 yliopiston tiedekasvatukseen ja teknologiakasvatukseen keskittyv&auml; verkosto. ","publisher":{"@id":"https:\/\/www.luma.fi\/sv\/#organization"},"potentialAction":[{"@type":"SearchAction","target":{"@type":"EntryPoint","urlTemplate":"https:\/\/www.luma.fi\/sv\/?s={search_term_string}"},"query-input":{"@type":"PropertyValueSpecification","valueRequired":true,"valueName":"search_term_string"}}],"inLanguage":"sv-SE"},{"@type":"Organization","@id":"https:\/\/www.luma.fi\/sv\/#organization","name":"LUMA-keskus Suomi","url":"https:\/\/www.luma.fi\/sv\/","logo":{"@type":"ImageObject","inLanguage":"sv-SE","@id":"https:\/\/www.luma.fi\/sv\/#\/schema\/logo\/image\/","url":"https:\/\/www.luma.fi\/wp-content\/uploads\/2025\/08\/luma_flower-multicolored_small.png","contentUrl":"https:\/\/www.luma.fi\/wp-content\/uploads\/2025\/08\/luma_flower-multicolored_small.png","width":556,"height":557,"caption":"LUMA-keskus Suomi"},"image":{"@id":"https:\/\/www.luma.fi\/sv\/#\/schema\/logo\/image\/"},"sameAs":["https:\/\/www.facebook.com\/LUMAkeskusSuomi\/","https:\/\/www.instagram.com\/lumasuomi\/","https:\/\/www.youtube.com\/user\/lumakeskus"]}]}},"_links":{"self":[{"href":"https:\/\/www.luma.fi\/sv\/wp-json\/wp\/v2\/pages\/1162","targetHints":{"allow":["GET"]}}],"collection":[{"href":"https:\/\/www.luma.fi\/sv\/wp-json\/wp\/v2\/pages"}],"about":[{"href":"https:\/\/www.luma.fi\/sv\/wp-json\/wp\/v2\/types\/page"}],"author":[{"embeddable":true,"href":"https:\/\/www.luma.fi\/sv\/wp-json\/wp\/v2\/users\/2"}],"replies":[{"embeddable":true,"href":"https:\/\/www.luma.fi\/sv\/wp-json\/wp\/v2\/comments?post=1162"}],"version-history":[{"count":2,"href":"https:\/\/www.luma.fi\/sv\/wp-json\/wp\/v2\/pages\/1162\/revisions"}],"predecessor-version":[{"id":1382,"href":"https:\/\/www.luma.fi\/sv\/wp-json\/wp\/v2\/pages\/1162\/revisions\/1382"}],"wp:attachment":[{"href":"https:\/\/www.luma.fi\/sv\/wp-json\/wp\/v2\/media?parent=1162"}],"curies":[{"name":"wp","href":"https:\/\/api.w.org\/{rel}","templated":true}]}}