{"id":26,"date":"2025-08-20T14:30:05","date_gmt":"2025-08-20T12:30:05","guid":{"rendered":"https:\/\/www.myscience.fi\/index.php\/utlaningsmaterial\/"},"modified":"2025-12-09T17:38:23","modified_gmt":"2025-12-09T15:38:23","slug":"utlaningsmaterial","status":"publish","type":"page","link":"https:\/\/www.luma.fi\/sv\/for-larare\/utlaningsmaterial\/","title":{"rendered":"Utl\u00e5ningsmaterial"},"content":{"rendered":"\n<p>LUMA-centren l\u00e5nar ut olika typer av redskap, arbetsinstruktioner och spel, som kan anv\u00e4ndas som st\u00f6d i undervisningen. L\u00e5nematerialet kommer ofta med n\u00e4rmare arbetsinstruktioner och hj\u00e4lp f\u00f6r hur det kan anv\u00e4ndas. Ifall n\u00e5gonting du \u00e4r ute efter inte finns med p\u00e5 listan f\u00e5r du g\u00e4rna ta kontakt med LUMA-centret i din region till exempel per e-post. M\u00e5nga center kan eventuellt ocks\u00e5 l\u00e5na ut till exempel vanligt laboratorieredskap, \u00e4ven om enskilda verktyg inte specificerats p\u00e5 listan.<\/p>\n\n\n\n<h2 class=\"wp-block-heading\">Helsingfors<\/h2>\n\n\n\n<ul class=\"wp-block-list\">\n<li>Vi l\u00e5nar ut bland annat f\u00f6ljande redskap och material: koltr\u00e4d-portf\u00f6ljen, redskap f\u00f6r kemiska unders\u00f6kningar, redskap f\u00f6r studier i terr\u00e4ng och prover p\u00e5 kornstorlek.<\/li>\n\n\n\n<li>Avh\u00e4mtning och \u00e5terl\u00e4mning p\u00e5 Helsingfors universitets campus i Gumt\u00e4kt<\/li>\n\n\n\n<li><a href=\"https:\/\/www.helsinki.fi\/fi\/tiedekasvatus\/opettajille\/opintokaynnit#lainattavat-tarvikkeet\" target=\"_blank\" rel=\"noreferrer noopener\">L\u00e4s mer p\u00e5 v\u00e5r webbplats<\/a><\/li>\n<\/ul>\n\n\n\n<h2 class=\"wp-block-heading\">Joensuu&nbsp;<\/h2>\n\n\n\n<ul class=\"wp-block-list\">\n<li>Vi l\u00e5nar ut bland annat f\u00f6ljande redskap och material: Vernier-sensorer f\u00f6r fysik och kemi (vid behov med datorer), probleml\u00f6sningsspel, redskap f\u00f6r \u00e5sk\u00e5dligg\u00f6rande i matematik, skollaboratorieredskap f\u00f6r fysik (bl.a. f\u00f6r mekanik, ljud, termofysik), mikroskop (ljusmikroskop, USB-mikroskop), ett litet antal byggsatser (bl.a. polydron, geomag), Microbit-microkontroller f\u00f6r undervisning om programmering, Legon EV3-paket, LUMA-l\u00e5dor f\u00f6r sm\u00e5barnspedagogiken (ett brett sortiment av unders\u00f6kningshelheter kring olika naturvetenskapliga teman med tillh\u00f6rande instruktioner).<\/li>\n\n\n\n<li>D\u00e4rut\u00f6ver l\u00e5nar vi ut n\u00e4rmast allt redskap p\u00e5 LUMA-laboratoriet.<\/li>\n\n\n\n<li>Avh\u00e4mtning och \u00e5terl\u00e4mning p\u00e5 \u00d6stra Finlands universitet i Joensuu<\/li>\n\n\n\n<li><a href=\"https:\/\/luma.uef.fi\/kouluille-paivakodeille\/valineiston-lainaus\/\" target=\"_blank\" rel=\"noreferrer noopener\">L\u00e4s mer p\u00e5 v\u00e5r webbplats<\/a>&nbsp;<\/li>\n<\/ul>\n\n\n\n<h2 class=\"wp-block-heading\">Karleby&nbsp;<\/h2>\n\n\n\n<ul class=\"wp-block-list\">\n<li>Vi l\u00e5nar ut bland annat f\u00f6ljande redskap och material: Ipad-surfplattor, Matikkapakki-verktygsl\u00e5dor, Probot-robotbilar, Osmo-spelsystem, Lego-satser (SPIKE Prime, WeDo 2.0, Mindstorms EV3, till\u00e4ggssats om f\u00f6rnybar energi), ROBBO-robotar, Ryze Tello-minihelikoptrar, Sphero-portf\u00f6lj med robotbollar, Audio Moth-inspelningsapparater, teleskop, portf\u00f6lj f\u00f6r vattenunders\u00f6kningar, fladdermusdetektor, terr\u00e4ngmikroskop, lupper, v\u00e4derstation, viltkamera, apparatur f\u00f6r vattenodling, apparatur f\u00f6r vattentester.<\/li>\n\n\n\n<li>Avh\u00e4mtning och \u00e5terl\u00e4mning i huvudsak p\u00e5 universitetscentret i Karleby&nbsp;<\/li>\n\n\n\n<li><a href=\"https:\/\/luma.cinetcampus.fi\/valinelainaamo\/\" target=\"_blank\" rel=\"noreferrer noopener\">L\u00e4s mer p\u00e5 v\u00e5r webbplats<\/a>&nbsp;<\/li>\n<\/ul>\n\n\n\n<h2 class=\"wp-block-heading\">Lahtis<\/h2>\n\n\n\n<ul class=\"wp-block-list\">\n<li>Vi l\u00e5nar ut bland annat f\u00f6ljande redskap och material: Sandbox-AR-sandl\u00e5da, Easiscope-USB-mikroskop och b\u00e4rbar dator, Bee Bot- och Blue Bot-robotar med tillh\u00f6rande undervisningsmaterial.<\/li>\n\n\n\n<li>Avh\u00e4mtning och \u00e5terl\u00e4mning p\u00e5 campus Niemi i Lahtis<\/li>\n\n\n\n<li><a href=\"https:\/\/luma.lahdenyliopistokampus.fi\/materiaalit\/\" target=\"_blank\" rel=\"noreferrer noopener\">L\u00e4s mer p\u00e5 v\u00e5r webbplats<\/a><\/li>\n<\/ul>\n\n\n\n<h2 class=\"wp-block-heading\">Rovaniemi<\/h2>\n\n\n\n<ul class=\"wp-block-list\">\n<li>Vi l\u00e5nar ut bland annat f\u00f6ljande redskap och material: br\u00e4nslecell- och solcellssatser, br\u00e4nslecellsbilar, striling-apparater, \u00e5ngmaskin, Microbit-sats med till\u00e4ggsdelar, Raspberry Pi-satser, Arduino-kontrollerkort, olika Lego-byggsatser (bl.a. EV3-robot), Easiscope-USB-mikroskop, Bee Bot-robotar, olika typer av IS-Vet-satser f\u00f6r experimentellt arbete (batteri, kemisk reaktion, ljus och f\u00e4rg, l\u00f6sningar), Chemundo-spel, teleskop, infrar\u00f6da termometrar, v\u00e4rmekameror, vattenm\u00e4tningsapparatur, f\u00e4rgstavar, undervisningsklockor, rullm\u00e5tt, Mathlink-kuber, undervisningspengar, stickor, redskap f\u00f6r tiosystemet, punktkort, eurokort, VaNe-kvadrat, hundratavla.<\/li>\n\n\n\n<li>Avh\u00e4mtning och \u00e5terl\u00e4mning p\u00e5 Lapplands universitet. <strong>Du kan ocks\u00e5 fr\u00e5ga om m\u00f6jligheten att f\u00e5 redskap levererade eller postade.<\/strong><\/li>\n\n\n\n<li>En f\u00f6rteckning \u00f6ver l\u00e5neredskap hittar du via&nbsp;<a href=\"https:\/\/ulapland.fi\/wp-content\/uploads\/sites\/3\/2025\/08\/27.8.2025-lainavalinekatalogi.pdf\" target=\"_blank\" rel=\"noreferrer noopener\">den h\u00e4r l\u00e4nken<\/a>.&nbsp;<\/li>\n\n\n\n<li><a href=\"https:\/\/ulapland.fi\/ujunnu\/lainavalinepalvelu\/\" target=\"_blank\" rel=\"noreferrer noopener\">L\u00e4s mer p\u00e5 v\u00e5r webbplats<\/a>&nbsp;<\/li>\n<\/ul>\n\n\n\n<h2 class=\"wp-block-heading\">Tammerfors<\/h2>\n\n\n\n<ul class=\"wp-block-list\">\n<li>Vi l\u00e5nar ut bland annat f\u00f6ljande redskap och material: 3D-pennor, Blue Bot-klasspaket, Easiscope-USB-mikroskop, KUBO-robotar, Keeploop-mobilmikroskop, Lego-satser (Mindstorms EV3, Spike Prime, WeDo 2.0, PRIME Essential), Littlebits STEAM+ Coding-paket, MakeyMakey-byggsatser, Microbit-satser med till\u00e4ggsdelar, Mitattu min\u00e4-helheter, VR-glas\u00f6gon, Probot-robotbilar, STEK Voimala-inl\u00e4rningspaket, Sphero Bolt-portf\u00f6ljer, Sphero indi-robotar samt olika typer av unders\u00f6kningsportf\u00f6ljer (bl.a. kring temana ljus och vattenm\u00e4tning).<\/li>\n\n\n\n<li>Avh\u00e4mtning och \u00e5terl\u00e4mning p\u00e5 Tammerfors universitet<\/li>\n\n\n\n<li><a href=\"https:\/\/www.tuni.fi\/fi\/palvelut-ja-yhteistyo\/opettajille-ja-opinto-ohjaajille\/yliopiston-palvelut\/juniversityn-lainaamo\" target=\"_blank\" rel=\"noreferrer noopener\">L\u00e4s mer p\u00e5 v\u00e5r webbplats<\/a>&nbsp;<\/li>\n<\/ul>\n\n\n\n<h2 class=\"wp-block-heading\">Ule\u00e5borg<\/h2>\n\n\n\n<ul class=\"wp-block-list\">\n<li>Vi l\u00e5nar ut bland annat f\u00f6ljande redskap och material: aktiverande redskap f\u00f6r l\u00e4rande s\u00e4rskilt f\u00f6r sm\u00e5barnspedagogik och nyb\u00f6rjarundervisning och \u00e5rskurserna 1\u20136, Bee Bot-robotar med tillh\u00f6rande undervisningspaket, Easiscope-USB-mikroskop, 4DFrame-byggsatser, ekostadsspel, Circula-spel kring cirkul\u00e4r ekonomi och f\u00f6retagsamhet, tangram-bitar, pentomino-bitar, br\u00e4dspel, antalsbollar, f\u00e4rgstavar, redskap f\u00f6r tiosystemet och provr\u00f6r, eng\u00e5ngspipetter, dissektionssaxar och annat enkelt naturvetenskapligt redskap.<\/li>\n\n\n\n<li>Avh\u00e4mtning och \u00e5terl\u00e4mning p\u00e5 campus Linnanmaa vid Ule\u00e5borgs universitet<\/li>\n\n\n\n<li><a href=\"https:\/\/www.oulu.fi\/fi\/yliopisto\/oulun-yliopiston-luma-keskus\" target=\"_blank\" rel=\"noreferrer noopener\">L\u00e4s mer p\u00e5 v\u00e5r webbplats<\/a>&nbsp;<\/li>\n<\/ul>\n\n\n\n<h2 class=\"wp-block-heading\">Vasa&nbsp;<\/h2>\n\n\n\n<ul class=\"wp-block-list\">\n<li>Vi l\u00e5nar ut bland annat f\u00f6ljande redskap och material: Sphero BOLT-robotbollar och Micro:bit-klasspaket f\u00f6r undervisning om programmering och robotik, MakeyMakey-byggset f\u00f6r kreativt str\u00f6mkretsbyggande, Flir ONE-v\u00e4rmekameror och STEK Voimala-inl\u00e4rningspaket f\u00f6r undervisning kring energiteman och Easi-Scope-mikroskop f\u00f6r milj\u00f6unders\u00f6kningar i sm\u00e5barnspedagogiken och \u00e5rskurserna 1\u20136, laboratorieportf\u00f6ljer och Globala hj\u00e4ltar-br\u00e4dspel via Vasa och Sein\u00e4joki stadsbibliotek, som l\u00e4mpar sig s\u00e4rskilt f\u00f6r \u00e5rskurserna 1\u20136.<\/li>\n\n\n\n<li>Avh\u00e4mtning och \u00e5terl\u00e4mning p\u00e5 Vasa universitet.\u00a0<\/li>\n\n\n\n<li>En f\u00f6rteckning \u00f6ver l\u00e5neredskap hittar du&nbsp;<a href=\"https:\/\/drive.google.com\/file\/d\/1Vd2vR7gE_VXY4HoHKb3mTQeUCB2S6t8U\/view?usp=sharing\" target=\"_blank\" rel=\"noreferrer noopener\">via den h\u00e4r l\u00e4nken<\/a>.&nbsp;&nbsp;<\/li>\n\n\n\n<li><a href=\"https:\/\/www.uwasa.fi\/fi\/koulutus\/luma\/lainaksi\" target=\"_blank\" rel=\"noreferrer noopener\">L\u00e4s mer p\u00e5 v\u00e5r webbplats<\/a>&nbsp;<\/li>\n<\/ul>\n\n\n\n<h2 class=\"wp-block-heading\">\u00c5bo&nbsp;<\/h2>\n\n\n\n<ul class=\"wp-block-list\">\n<li>Vi l\u00e5nar ut bland annat f\u00f6ljande redskap och material: Mitattu min\u00e4-redskap f\u00f6r unders\u00f6kningar av m\u00e4nniskokroppen, apparatur f\u00f6r vattenm\u00e4tningar, \u00e4ggmikroskop, redskap f\u00f6r skogsunders\u00f6kningar, redskap f\u00f6r ett rymningsspel med Mars-tema, elektroforesapparatur f\u00f6r gymnasier samt LUMA-portf\u00f6lj f\u00f6r sm\u00e5barnspedagogik och nyb\u00f6rjarundervisning med tillh\u00f6rande instruktioner och material f\u00f6r n\u00e5gra sm\u00e5 unders\u00f6kningar.<\/li>\n\n\n\n<li>Instruktionerna f\u00f6r Mitattu min\u00e4, apparaturen f\u00f6r vattenm\u00e4tningar och \u00e4ggmikroskopen finns tillg\u00e4ngliga ocks\u00e5 <a href=\"https:\/\/sites.utu.fi\/luma\/sv\/undervisningshelheterna\/\" target=\"_blank\" rel=\"noreferrer noopener\">p\u00e5 svenska<\/a>.<\/li>\n\n\n\n<li><strong>Redskap kan skickas per post till hela landet.<\/strong> I \u00f6vrigt avh\u00e4mtning och \u00e5terl\u00e4mning p\u00e5 \u00c5bo universitet.&nbsp;<\/li>\n\n\n\n<li><a href=\"https:\/\/sites.utu.fi\/luma\/maksuttomat-materiaalit-lainavalineet\/\" target=\"_blank\" rel=\"noreferrer noopener\">L\u00e4s mer p\u00e5 v\u00e5r webbplats<\/a>&nbsp;<\/li>\n<\/ul>\n","protected":false},"excerpt":{"rendered":"<p>LUMA-centren l\u00e5nar ut olika typer av redskap, arbetsinstruktioner och spel, som kan anv\u00e4ndas som st\u00f6d i undervisningen. L\u00e5nematerialet kommer ofta med n\u00e4rmare arbetsinstruktioner och hj\u00e4lp f\u00f6r hur det kan anv\u00e4ndas. Ifall n\u00e5gonting du \u00e4r ute efter inte finns med p\u00e5 listan f\u00e5r du g\u00e4rna ta kontakt med LUMA-centret i din region till exempel per e-post. &#8230; <a title=\"Utl\u00e5ningsmaterial\" class=\"read-more\" href=\"https:\/\/www.luma.fi\/sv\/for-larare\/utlaningsmaterial\/\" aria-label=\"L\u00e4s mer om Utl\u00e5ningsmaterial\">L\u00e4s mer<\/a><\/p>\n","protected":false},"author":2,"featured_media":379,"parent":1080,"menu_order":0,"comment_status":"closed","ping_status":"closed","template":"","meta":{"footnotes":""},"class_list":["post-26","page","type-page","status-publish","has-post-thumbnail"],"yoast_head":"<!-- This site is optimized with the Yoast SEO plugin v27.4 - https:\/\/yoast.com\/product\/yoast-seo-wordpress\/ -->\n<title>Utl\u00e5ningsmaterial - LUMA-keskus Suomi<\/title>\n<meta name=\"description\" content=\"LUMA-keskukset tarjoavat lainattavaksi erilaisia tarvikkeita, ty\u00f6ohjeita ja pelej\u00e4 opetuksen tueksi.\" \/>\n<meta name=\"robots\" content=\"index, follow, max-snippet:-1, max-image-preview:large, max-video-preview:-1\" \/>\n<link rel=\"canonical\" href=\"https:\/\/www.luma.fi\/sv\/for-larare\/utlaningsmaterial\/\" \/>\n<meta property=\"og:locale\" content=\"sv_SE\" \/>\n<meta property=\"og:type\" content=\"article\" \/>\n<meta property=\"og:title\" content=\"Utl\u00e5ningsmaterial - LUMA-keskus Suomi\" \/>\n<meta property=\"og:description\" content=\"LUMA-keskukset tarjoavat lainattavaksi erilaisia tarvikkeita, ty\u00f6ohjeita ja pelej\u00e4 opetuksen tueksi.\" \/>\n<meta property=\"og:url\" content=\"https:\/\/www.luma.fi\/sv\/for-larare\/utlaningsmaterial\/\" \/>\n<meta property=\"og:site_name\" content=\"LUMA-keskus Suomi\" \/>\n<meta property=\"article:publisher\" content=\"https:\/\/www.facebook.com\/LUMAkeskusSuomi\/\" \/>\n<meta property=\"article:modified_time\" content=\"2025-12-09T15:38:23+00:00\" \/>\n<meta property=\"og:image\" content=\"http:\/\/www.luma.fi\/wp-content\/uploads\/2025\/09\/lainatarvikkeet.jpg\" \/>\n\t<meta property=\"og:image:width\" content=\"2048\" \/>\n\t<meta property=\"og:image:height\" content=\"1029\" \/>\n\t<meta property=\"og:image:type\" content=\"image\/jpeg\" \/>\n<meta name=\"twitter:card\" content=\"summary_large_image\" \/>\n<meta name=\"twitter:label1\" content=\"Ber\u00e4knad l\u00e4stid\" \/>\n\t<meta name=\"twitter:data1\" content=\"5 minuter\" \/>\n<script type=\"application\/ld+json\" class=\"yoast-schema-graph\">{\"@context\":\"https:\\\/\\\/schema.org\",\"@graph\":[{\"@type\":\"WebPage\",\"@id\":\"https:\\\/\\\/www.luma.fi\\\/sv\\\/for-larare\\\/utlaningsmaterial\\\/\",\"url\":\"https:\\\/\\\/www.luma.fi\\\/sv\\\/for-larare\\\/utlaningsmaterial\\\/\",\"name\":\"Utl\u00e5ningsmaterial - LUMA-keskus Suomi\",\"isPartOf\":{\"@id\":\"https:\\\/\\\/www.luma.fi\\\/sv\\\/#website\"},\"primaryImageOfPage\":{\"@id\":\"https:\\\/\\\/www.luma.fi\\\/sv\\\/for-larare\\\/utlaningsmaterial\\\/#primaryimage\"},\"image\":{\"@id\":\"https:\\\/\\\/www.luma.fi\\\/sv\\\/for-larare\\\/utlaningsmaterial\\\/#primaryimage\"},\"thumbnailUrl\":\"https:\\\/\\\/www.luma.fi\\\/wp-content\\\/uploads\\\/2025\\\/09\\\/lainatarvikkeet.jpg\",\"datePublished\":\"2025-08-20T12:30:05+00:00\",\"dateModified\":\"2025-12-09T15:38:23+00:00\",\"description\":\"LUMA-keskukset tarjoavat lainattavaksi erilaisia tarvikkeita, ty\u00f6ohjeita ja pelej\u00e4 opetuksen tueksi.\",\"breadcrumb\":{\"@id\":\"https:\\\/\\\/www.luma.fi\\\/sv\\\/for-larare\\\/utlaningsmaterial\\\/#breadcrumb\"},\"inLanguage\":\"sv-SE\",\"potentialAction\":[{\"@type\":\"ReadAction\",\"target\":[\"https:\\\/\\\/www.luma.fi\\\/sv\\\/for-larare\\\/utlaningsmaterial\\\/\"]}]},{\"@type\":\"ImageObject\",\"inLanguage\":\"sv-SE\",\"@id\":\"https:\\\/\\\/www.luma.fi\\\/sv\\\/for-larare\\\/utlaningsmaterial\\\/#primaryimage\",\"url\":\"https:\\\/\\\/www.luma.fi\\\/wp-content\\\/uploads\\\/2025\\\/09\\\/lainatarvikkeet.jpg\",\"contentUrl\":\"https:\\\/\\\/www.luma.fi\\\/wp-content\\\/uploads\\\/2025\\\/09\\\/lainatarvikkeet.jpg\",\"width\":2048,\"height\":1029,\"caption\":\"Kuvassa lukiolaiset tutkivat Arduino-v\u00e4lineit\u00e4 opettajan johdolla.\"},{\"@type\":\"BreadcrumbList\",\"@id\":\"https:\\\/\\\/www.luma.fi\\\/sv\\\/for-larare\\\/utlaningsmaterial\\\/#breadcrumb\",\"itemListElement\":[{\"@type\":\"ListItem\",\"position\":1,\"name\":\"Etusivu\",\"item\":\"https:\\\/\\\/www.luma.fi\\\/sv\\\/\"},{\"@type\":\"ListItem\",\"position\":2,\"name\":\"F\u00f6r l\u00e4rare\",\"item\":\"https:\\\/\\\/www.luma.fi\\\/sv\\\/for-larare\\\/\"},{\"@type\":\"ListItem\",\"position\":3,\"name\":\"Utl\u00e5ningsmaterial\"}]},{\"@type\":\"WebSite\",\"@id\":\"https:\\\/\\\/www.luma.fi\\\/sv\\\/#website\",\"url\":\"https:\\\/\\\/www.luma.fi\\\/sv\\\/\",\"name\":\"LUMA-keskus Suomi\",\"description\":\"LUMA-keskus Suomi on 11 yliopiston tiedekasvatukseen ja teknologiakasvatukseen keskittyv&auml; verkosto. \",\"publisher\":{\"@id\":\"https:\\\/\\\/www.luma.fi\\\/sv\\\/#organization\"},\"potentialAction\":[{\"@type\":\"SearchAction\",\"target\":{\"@type\":\"EntryPoint\",\"urlTemplate\":\"https:\\\/\\\/www.luma.fi\\\/sv\\\/?s={search_term_string}\"},\"query-input\":{\"@type\":\"PropertyValueSpecification\",\"valueRequired\":true,\"valueName\":\"search_term_string\"}}],\"inLanguage\":\"sv-SE\"},{\"@type\":\"Organization\",\"@id\":\"https:\\\/\\\/www.luma.fi\\\/sv\\\/#organization\",\"name\":\"LUMA-keskus Suomi\",\"url\":\"https:\\\/\\\/www.luma.fi\\\/sv\\\/\",\"logo\":{\"@type\":\"ImageObject\",\"inLanguage\":\"sv-SE\",\"@id\":\"https:\\\/\\\/www.luma.fi\\\/sv\\\/#\\\/schema\\\/logo\\\/image\\\/\",\"url\":\"https:\\\/\\\/www.luma.fi\\\/wp-content\\\/uploads\\\/2025\\\/08\\\/luma_flower-multicolored_small.png\",\"contentUrl\":\"https:\\\/\\\/www.luma.fi\\\/wp-content\\\/uploads\\\/2025\\\/08\\\/luma_flower-multicolored_small.png\",\"width\":556,\"height\":557,\"caption\":\"LUMA-keskus Suomi\"},\"image\":{\"@id\":\"https:\\\/\\\/www.luma.fi\\\/sv\\\/#\\\/schema\\\/logo\\\/image\\\/\"},\"sameAs\":[\"https:\\\/\\\/www.facebook.com\\\/LUMAkeskusSuomi\\\/\",\"https:\\\/\\\/www.instagram.com\\\/lumasuomi\\\/\",\"https:\\\/\\\/www.youtube.com\\\/user\\\/lumakeskus\"]}]}<\/script>\n<!-- \/ Yoast SEO plugin. -->","yoast_head_json":{"title":"Utl\u00e5ningsmaterial - LUMA-keskus Suomi","description":"LUMA-keskukset tarjoavat lainattavaksi erilaisia tarvikkeita, ty\u00f6ohjeita ja pelej\u00e4 opetuksen tueksi.","robots":{"index":"index","follow":"follow","max-snippet":"max-snippet:-1","max-image-preview":"max-image-preview:large","max-video-preview":"max-video-preview:-1"},"canonical":"https:\/\/www.luma.fi\/sv\/for-larare\/utlaningsmaterial\/","og_locale":"sv_SE","og_type":"article","og_title":"Utl\u00e5ningsmaterial - LUMA-keskus Suomi","og_description":"LUMA-keskukset tarjoavat lainattavaksi erilaisia tarvikkeita, ty\u00f6ohjeita ja pelej\u00e4 opetuksen tueksi.","og_url":"https:\/\/www.luma.fi\/sv\/for-larare\/utlaningsmaterial\/","og_site_name":"LUMA-keskus Suomi","article_publisher":"https:\/\/www.facebook.com\/LUMAkeskusSuomi\/","article_modified_time":"2025-12-09T15:38:23+00:00","og_image":[{"width":2048,"height":1029,"url":"http:\/\/www.luma.fi\/wp-content\/uploads\/2025\/09\/lainatarvikkeet.jpg","type":"image\/jpeg"}],"twitter_card":"summary_large_image","twitter_misc":{"Ber\u00e4knad l\u00e4stid":"5 minuter"},"schema":{"@context":"https:\/\/schema.org","@graph":[{"@type":"WebPage","@id":"https:\/\/www.luma.fi\/sv\/for-larare\/utlaningsmaterial\/","url":"https:\/\/www.luma.fi\/sv\/for-larare\/utlaningsmaterial\/","name":"Utl\u00e5ningsmaterial - LUMA-keskus Suomi","isPartOf":{"@id":"https:\/\/www.luma.fi\/sv\/#website"},"primaryImageOfPage":{"@id":"https:\/\/www.luma.fi\/sv\/for-larare\/utlaningsmaterial\/#primaryimage"},"image":{"@id":"https:\/\/www.luma.fi\/sv\/for-larare\/utlaningsmaterial\/#primaryimage"},"thumbnailUrl":"https:\/\/www.luma.fi\/wp-content\/uploads\/2025\/09\/lainatarvikkeet.jpg","datePublished":"2025-08-20T12:30:05+00:00","dateModified":"2025-12-09T15:38:23+00:00","description":"LUMA-keskukset tarjoavat lainattavaksi erilaisia tarvikkeita, ty\u00f6ohjeita ja pelej\u00e4 opetuksen tueksi.","breadcrumb":{"@id":"https:\/\/www.luma.fi\/sv\/for-larare\/utlaningsmaterial\/#breadcrumb"},"inLanguage":"sv-SE","potentialAction":[{"@type":"ReadAction","target":["https:\/\/www.luma.fi\/sv\/for-larare\/utlaningsmaterial\/"]}]},{"@type":"ImageObject","inLanguage":"sv-SE","@id":"https:\/\/www.luma.fi\/sv\/for-larare\/utlaningsmaterial\/#primaryimage","url":"https:\/\/www.luma.fi\/wp-content\/uploads\/2025\/09\/lainatarvikkeet.jpg","contentUrl":"https:\/\/www.luma.fi\/wp-content\/uploads\/2025\/09\/lainatarvikkeet.jpg","width":2048,"height":1029,"caption":"Kuvassa lukiolaiset tutkivat Arduino-v\u00e4lineit\u00e4 opettajan johdolla."},{"@type":"BreadcrumbList","@id":"https:\/\/www.luma.fi\/sv\/for-larare\/utlaningsmaterial\/#breadcrumb","itemListElement":[{"@type":"ListItem","position":1,"name":"Etusivu","item":"https:\/\/www.luma.fi\/sv\/"},{"@type":"ListItem","position":2,"name":"F\u00f6r l\u00e4rare","item":"https:\/\/www.luma.fi\/sv\/for-larare\/"},{"@type":"ListItem","position":3,"name":"Utl\u00e5ningsmaterial"}]},{"@type":"WebSite","@id":"https:\/\/www.luma.fi\/sv\/#website","url":"https:\/\/www.luma.fi\/sv\/","name":"LUMA-keskus Suomi","description":"LUMA-keskus Suomi on 11 yliopiston tiedekasvatukseen ja teknologiakasvatukseen keskittyv&auml; verkosto. ","publisher":{"@id":"https:\/\/www.luma.fi\/sv\/#organization"},"potentialAction":[{"@type":"SearchAction","target":{"@type":"EntryPoint","urlTemplate":"https:\/\/www.luma.fi\/sv\/?s={search_term_string}"},"query-input":{"@type":"PropertyValueSpecification","valueRequired":true,"valueName":"search_term_string"}}],"inLanguage":"sv-SE"},{"@type":"Organization","@id":"https:\/\/www.luma.fi\/sv\/#organization","name":"LUMA-keskus Suomi","url":"https:\/\/www.luma.fi\/sv\/","logo":{"@type":"ImageObject","inLanguage":"sv-SE","@id":"https:\/\/www.luma.fi\/sv\/#\/schema\/logo\/image\/","url":"https:\/\/www.luma.fi\/wp-content\/uploads\/2025\/08\/luma_flower-multicolored_small.png","contentUrl":"https:\/\/www.luma.fi\/wp-content\/uploads\/2025\/08\/luma_flower-multicolored_small.png","width":556,"height":557,"caption":"LUMA-keskus Suomi"},"image":{"@id":"https:\/\/www.luma.fi\/sv\/#\/schema\/logo\/image\/"},"sameAs":["https:\/\/www.facebook.com\/LUMAkeskusSuomi\/","https:\/\/www.instagram.com\/lumasuomi\/","https:\/\/www.youtube.com\/user\/lumakeskus"]}]}},"_links":{"self":[{"href":"https:\/\/www.luma.fi\/sv\/wp-json\/wp\/v2\/pages\/26","targetHints":{"allow":["GET"]}}],"collection":[{"href":"https:\/\/www.luma.fi\/sv\/wp-json\/wp\/v2\/pages"}],"about":[{"href":"https:\/\/www.luma.fi\/sv\/wp-json\/wp\/v2\/types\/page"}],"author":[{"embeddable":true,"href":"https:\/\/www.luma.fi\/sv\/wp-json\/wp\/v2\/users\/2"}],"replies":[{"embeddable":true,"href":"https:\/\/www.luma.fi\/sv\/wp-json\/wp\/v2\/comments?post=26"}],"version-history":[{"count":13,"href":"https:\/\/www.luma.fi\/sv\/wp-json\/wp\/v2\/pages\/26\/revisions"}],"predecessor-version":[{"id":15399,"href":"https:\/\/www.luma.fi\/sv\/wp-json\/wp\/v2\/pages\/26\/revisions\/15399"}],"up":[{"embeddable":true,"href":"https:\/\/www.luma.fi\/sv\/wp-json\/wp\/v2\/pages\/1080"}],"wp:featuredmedia":[{"embeddable":true,"href":"https:\/\/www.luma.fi\/sv\/wp-json\/wp\/v2\/media\/379"}],"wp:attachment":[{"href":"https:\/\/www.luma.fi\/sv\/wp-json\/wp\/v2\/media?parent=26"}],"curies":[{"name":"wp","href":"https:\/\/api.w.org\/{rel}","templated":true}]}}