{"id":38,"date":"2025-08-20T13:48:35","date_gmt":"2025-08-20T11:48:35","guid":{"rendered":"https:\/\/www.myscience.fi\/index.php\/startsida\/"},"modified":"2026-01-15T12:42:33","modified_gmt":"2026-01-15T10:42:33","slug":"etusivu","status":"publish","type":"page","link":"https:\/\/www.luma.fi\/sv\/","title":{"rendered":"LUMA-center Finland \u00e4r ett n\u00e4tverk f\u00f6r vetenskapsfostran med 11 universitet"},"content":{"rendered":"<div class=\"wp-block-image\">\n<figure class=\"alignright size-large is-resized\"><img loading=\"lazy\" decoding=\"async\" width=\"930\" height=\"1024\" src=\"http:\/\/www.luma.fi\/wp-content\/uploads\/2026\/01\/Startsida_Karta-930x1024.png\" alt=\"En karta \u00f6ver Finland med alla 13 regionala LUMA-center markerade. Bredvid kartan finns en illustration av en flicka som h\u00e5ller en tunn isbit i handen, vilket reflekterar ljuset fr\u00e5n den nedg\u00e5ende solen och skapar m\u00f6nster p\u00e5 ansiktet. I en annan illustration bygger en man ett torn av pinnar p\u00e5 stranden med tv\u00e5 barn.\" class=\"wp-image-15677\" style=\"width:594px;height:auto\" srcset=\"https:\/\/www.luma.fi\/wp-content\/uploads\/2026\/01\/Startsida_Karta-930x1024.png 930w, https:\/\/www.luma.fi\/wp-content\/uploads\/2026\/01\/Startsida_Karta-272x300.png 272w, https:\/\/www.luma.fi\/wp-content\/uploads\/2026\/01\/Startsida_Karta-768x846.png 768w, https:\/\/www.luma.fi\/wp-content\/uploads\/2026\/01\/Startsida_Karta.png 1302w\" sizes=\"auto, (max-width: 930px) 100vw, 930px\" \/><\/figure><\/div>\n\n\n<p>V\u00e5rt m\u00e5l \u00e4r att inspirera och uppmuntra barn och unga till att studera och ha hobbyer kring matematisk-naturvetenskapliga \u00e4mnen (fi. LUMA, dvs. matematik, omgivningsl\u00e4ra, naturvetenskaper och teknologi) med hj\u00e4lp av vetenskapsfostran till exempel genom att ordna studiebes\u00f6k p\u00e5 universitet, utarbeta instruktioner f\u00f6r experimentellt arbete p\u00e5 skolor och erbjuda vetenskapsklubbar och -l\u00e4ger.<\/p>\n\n\n\n<p>Vi fr\u00e4mjar ocks\u00e5 l\u00e4rarnas livsl\u00e5nga l\u00e4rande fr\u00e5n sm\u00e5barnspedagogiken till h\u00f6gskoleniv\u00e5n i hela landet och st\u00e4rker forskningsbaserat utvecklingsarbete kring undervisning. Undervisnings- och kulturministeriet har tilldelat LUMA-center Finland ett nationellt uppdrag, som g\u00e5r ut p\u00e5 att trygga en tillr\u00e4cklig tillg\u00e5ng till matematisk-naturvetenskapligt kunnande och att se till att kunnandet h\u00e5ller h\u00f6g niv\u00e5 i hela landet.<\/p>\n\n\n\n<p>Om du vill h\u00f6ra mer om aktuell LUMA-verksamhet kan du prenumerera p\u00e5 Skolresurs nyhetsbrev!<\/p>\n\n\n\n<div class=\"wp-block-buttons is-layout-flex wp-block-buttons-is-layout-flex\">\n<div class=\"wp-block-button\"><a class=\"wp-block-button__link has-contrast-color has-text-color has-background has-link-color wp-element-button\" href=\"https:\/\/www.emaileri.fi\/forms\/skolresurs\/\" style=\"background-color:#9fdce7\">Prenumerera p\u00e5 Skolresurs nyhetsbrev h\u00e4r<\/a><\/div>\n<\/div>\n\n\n\n<p><\/p>\n\n\n\n<div style=\"height:9px\" aria-hidden=\"true\" class=\"wp-block-spacer\"><\/div>\n\n\n\n<h2 class=\"wp-block-heading\">Aktuellt inom v\u00e5rt n\u00e4tverk<\/h2>\n\n\n<ul class=\"wp-block-latest-posts__list is-grid columns-2 has-dates wp-block-latest-posts\"><li><div class=\"wp-block-latest-posts__featured-image\"><a href=\"https:\/\/www.luma.fi\/sv\/nyheter\/2025\/03\/17\/professor-jan-lundell-ny-direktor-for-luma-center-finland\/\" aria-label=\"Professor Jan Lundell ny direkt\u00f6r f\u00f6r LUMA-center Finland\"><img loading=\"lazy\" decoding=\"async\" width=\"1024\" height=\"576\" src=\"https:\/\/www.luma.fi\/wp-content\/uploads\/2025\/12\/jan-lundell-169-1536x864-1-1024x576.jpg\" class=\"attachment-large size-large wp-post-image\" alt=\"Valokuvassa Jan Lundell\" style=\"max-width:512px;max-height:512px;\" srcset=\"https:\/\/www.luma.fi\/wp-content\/uploads\/2025\/12\/jan-lundell-169-1536x864-1-1024x576.jpg 1024w, https:\/\/www.luma.fi\/wp-content\/uploads\/2025\/12\/jan-lundell-169-1536x864-1-300x169.jpg 300w, https:\/\/www.luma.fi\/wp-content\/uploads\/2025\/12\/jan-lundell-169-1536x864-1-768x432.jpg 768w, https:\/\/www.luma.fi\/wp-content\/uploads\/2025\/12\/jan-lundell-169-1536x864-1.jpg 1536w\" sizes=\"auto, (max-width: 1024px) 100vw, 1024px\" \/><\/a><\/div><a class=\"wp-block-latest-posts__post-title\" href=\"https:\/\/www.luma.fi\/sv\/nyheter\/2025\/03\/17\/professor-jan-lundell-ny-direktor-for-luma-center-finland\/\">Professor Jan Lundell ny direkt\u00f6r f\u00f6r LUMA-center Finland<\/a><time datetime=\"2025-03-17T09:26:12+02:00\" class=\"wp-block-latest-posts__post-date\">17 mars 2025<\/time><div class=\"wp-block-latest-posts__post-excerpt\">Sedan b\u00f6rjan av februari har Jan Lundell arbetat som direkt\u00f6r f\u00f6r LUMA-centrum Finland p\u00e5 campus Gumt\u00e4kt. Jan Lundell anv\u00e4nder halva sin arbetstid till &#8230; <a title=\"Professor Jan Lundell ny direkt\u00f6r f\u00f6r LUMA-center Finland\" class=\"read-more\" href=\"https:\/\/www.luma.fi\/sv\/nyheter\/2025\/03\/17\/professor-jan-lundell-ny-direktor-for-luma-center-finland\/\" aria-label=\"L\u00e4s mer om Professor Jan Lundell ny direkt\u00f6r f\u00f6r LUMA-center Finland\">L\u00e4s mer<\/a><\/div><\/li>\n<li><div class=\"wp-block-latest-posts__featured-image\"><a href=\"https:\/\/www.luma.fi\/sv\/nyheter\/2024\/10\/08\/delta-i-lumatikka-natstudiekurserna-eller-webbinariet-under-hosten-2024\/\" aria-label=\"Delta i LUMATIKKA+ -n\u00e4tstudiekurserna eller -webbinariet under h\u00f6sten 2024!\"><img loading=\"lazy\" decoding=\"async\" width=\"1024\" height=\"512\" src=\"https:\/\/www.luma.fi\/wp-content\/uploads\/2025\/12\/LUMATIKKA-toimijat-yhdessa-oppimassa-1536x768-1-1024x512.jpg\" class=\"attachment-large size-large wp-post-image\" alt=\"Valokuvassa LUMATIKKA-toimijoitta heittelem\u00e4ss\u00e4 ulkona kuutiota.\" style=\"max-width:512px;max-height:512px;\" srcset=\"https:\/\/www.luma.fi\/wp-content\/uploads\/2025\/12\/LUMATIKKA-toimijat-yhdessa-oppimassa-1536x768-1-1024x512.jpg 1024w, https:\/\/www.luma.fi\/wp-content\/uploads\/2025\/12\/LUMATIKKA-toimijat-yhdessa-oppimassa-1536x768-1-300x150.jpg 300w, https:\/\/www.luma.fi\/wp-content\/uploads\/2025\/12\/LUMATIKKA-toimijat-yhdessa-oppimassa-1536x768-1-768x384.jpg 768w, https:\/\/www.luma.fi\/wp-content\/uploads\/2025\/12\/LUMATIKKA-toimijat-yhdessa-oppimassa-1536x768-1.jpg 1536w\" sizes=\"auto, (max-width: 1024px) 100vw, 1024px\" \/><\/a><\/div><a class=\"wp-block-latest-posts__post-title\" href=\"https:\/\/www.luma.fi\/sv\/nyheter\/2024\/10\/08\/delta-i-lumatikka-natstudiekurserna-eller-webbinariet-under-hosten-2024\/\">Delta i LUMATIKKA+ -n\u00e4tstudiekurserna eller -webbinariet under h\u00f6sten 2024!<\/a><time datetime=\"2024-10-08T13:53:18+02:00\" class=\"wp-block-latest-posts__post-date\">8 oktober 2024<\/time><div class=\"wp-block-latest-posts__post-excerpt\">LUMA-center Finland-n\u00e4tverket genomf\u00f6r LUMATIKKA+ som \u00e4r en fr\u00e4sch fortbildningshelhet om undervisning och l\u00e4rande i matematik. Fortbildningsprogrammet l\u00e4mpar sig f\u00f6r undervisande personal som i &#8230; <a title=\"Delta i LUMATIKKA+ -n\u00e4tstudiekurserna eller -webbinariet under h\u00f6sten 2024!\" class=\"read-more\" href=\"https:\/\/www.luma.fi\/sv\/nyheter\/2024\/10\/08\/delta-i-lumatikka-natstudiekurserna-eller-webbinariet-under-hosten-2024\/\" aria-label=\"L\u00e4s mer om Delta i LUMATIKKA+ -n\u00e4tstudiekurserna eller -webbinariet under h\u00f6sten 2024!\">L\u00e4s mer<\/a><\/div><\/li>\n<\/ul>\n\n\n<h2 class=\"wp-block-heading\">Aktuellt fr\u00e5n Skolresurs<\/h2>\n\n\n<ul class=\"is-grid columns-3 has-dates has-excerpts wp-block-rss\"><li class='wp-block-rss__item'><div class='wp-block-rss__item-title'><a href='https:\/\/www.abo.fi\/nyheter\/nya-materialhelheter-fran-skolresurs\/'>Nya materialhelheter fr\u00e5n Skolresurs<\/a><\/div><time datetime=\"2026-02-06T10:52:05+02:00\" class=\"wp-block-rss__item-publish-date\">6 februari 2026<\/time> <div class=\"wp-block-rss__item-excerpt\">Nya materialhelheter fr\u00e5n Skolresurs Under det g\u00e5ngna \u00e5ret har det inom Skolresurs skapats en stor m\u00e4ngd material av olika slag. Vi vill nu dela ett urval av dessa i samband med LUMA-veckan 2026 som i skrivande stund \u00e4r inne p\u00e5 sin sista dag. Bland materialet [&hellip;]<\/div><\/li><li class='wp-block-rss__item'><div class='wp-block-rss__item-title'><a href='https:\/\/www.abo.fi\/kontinuerligt-larande\/tipsa-gymnasiestuderande-om-mojligheten-att-soka-till-rays\/'>Tipsa gymnasiestuderande om m\u00f6jligheten att s\u00f6ka till Rays<\/a><\/div><time datetime=\"2026-01-28T12:54:20+02:00\" class=\"wp-block-rss__item-publish-date\">28 januari 2026<\/time> <div class=\"wp-block-rss__item-excerpt\">Tipsa gymnasiestuderande om m\u00f6jligheten att s\u00f6ka till Rays Research Academy for Young Scientists, f\u00f6rkortat Rays, \u00e4r en sommarforskarskola i Sverige f\u00f6r unga som i framtiden vill bli ledare f\u00f6r forskning inom naturvetenskap och teknik. Sommaren 2026 kommer ett tjugotal elever att samlas i Str\u00e4ngn\u00e4s utanf\u00f6r [&hellip;]<\/div><\/li><li class='wp-block-rss__item'><div class='wp-block-rss__item-title'><a href='https:\/\/www.abo.fi\/nyheter\/valkommen-pa-luma-kaffe-i-abo-3-2\/'>V\u00e4lkommen p\u00e5 LUMA-kaffe i \u00c5bo 3.2<\/a><\/div><time datetime=\"2026-01-20T12:17:27+02:00\" class=\"wp-block-rss__item-publish-date\">20 januari 2026<\/time> <div class=\"wp-block-rss__item-excerpt\">V\u00e4lkommen p\u00e5 LUMA-kaffe i \u00c5bo 3.2 Tisdagen den 3.2 kl 15-17 bjuder Skolresurs och Sydv\u00e4stra Finlands LUMA-center l\u00e4rare p\u00e5 kaffe i \u00c5bo. Kom med och bekanta dig med allt det program vi ordnar f\u00f6r l\u00e4rare och klasser! Bland annat kan du kika in i v\u00e5rt [&hellip;]<\/div><\/li><\/ul>\n\n\n<p><\/p>\n","protected":false},"excerpt":{"rendered":"<p>V\u00e5rt m\u00e5l \u00e4r att inspirera och uppmuntra barn och unga till att studera och ha hobbyer kring matematisk-naturvetenskapliga \u00e4mnen (fi. LUMA, dvs. matematik, omgivningsl\u00e4ra, naturvetenskaper och teknologi) med hj\u00e4lp av vetenskapsfostran till exempel genom att ordna studiebes\u00f6k p\u00e5 universitet, utarbeta instruktioner f\u00f6r experimentellt arbete p\u00e5 skolor och erbjuda vetenskapsklubbar och -l\u00e4ger. Vi fr\u00e4mjar ocks\u00e5 l\u00e4rarnas &#8230; <a title=\"LUMA-center Finland \u00e4r ett n\u00e4tverk f\u00f6r vetenskapsfostran med 11 universitet\" class=\"read-more\" href=\"https:\/\/www.luma.fi\/sv\/\" aria-label=\"L\u00e4s mer om LUMA-center Finland \u00e4r ett n\u00e4tverk f\u00f6r vetenskapsfostran med 11 universitet\">L\u00e4s mer<\/a><\/p>\n","protected":false},"author":2,"featured_media":0,"parent":0,"menu_order":0,"comment_status":"closed","ping_status":"closed","template":"","meta":{"footnotes":""},"class_list":["post-38","page","type-page","status-publish"],"yoast_head":"<!-- This site is optimized with the Yoast SEO plugin v27.4 - https:\/\/yoast.com\/product\/yoast-seo-wordpress\/ -->\n<title>LUMA-center Finland \u00e4r ett n\u00e4tverk f\u00f6r vetenskapsfostran med 11 universitet - LUMA-keskus Suomi<\/title>\n<meta name=\"description\" content=\"Tervetuloa LUMA-keskus Suomen kotisivuille! Olemme 11 yliopiston tiedekasvatukseen keskittyv\u00e4 verkosto. Tavoitteenamme on innostaa lapsia ja nuoria LUMA-aineiden opiskeluun.\" \/>\n<meta name=\"robots\" content=\"index, follow, max-snippet:-1, max-image-preview:large, max-video-preview:-1\" \/>\n<link rel=\"canonical\" href=\"https:\/\/www.luma.fi\/sv\/\" \/>\n<meta property=\"og:locale\" content=\"sv_SE\" \/>\n<meta property=\"og:type\" content=\"article\" \/>\n<meta property=\"og:title\" content=\"LUMA-center Finland \u00e4r ett n\u00e4tverk f\u00f6r vetenskapsfostran med 11 universitet - LUMA-keskus Suomi\" \/>\n<meta property=\"og:description\" content=\"Tervetuloa LUMA-keskus Suomen kotisivuille! Olemme 11 yliopiston tiedekasvatukseen keskittyv\u00e4 verkosto. Tavoitteenamme on innostaa lapsia ja nuoria LUMA-aineiden opiskeluun.\" \/>\n<meta property=\"og:url\" content=\"https:\/\/www.luma.fi\/sv\/\" \/>\n<meta property=\"og:site_name\" content=\"LUMA-keskus Suomi\" \/>\n<meta property=\"article:publisher\" content=\"https:\/\/www.facebook.com\/LUMAkeskusSuomi\/\" \/>\n<meta property=\"article:modified_time\" content=\"2026-01-15T10:42:33+00:00\" \/>\n<meta property=\"og:image\" content=\"https:\/\/www.luma.fi\/wp-content\/uploads\/2026\/01\/Startsida_Karta.png\" \/>\n\t<meta property=\"og:image:width\" content=\"1302\" \/>\n\t<meta property=\"og:image:height\" content=\"1434\" \/>\n\t<meta property=\"og:image:type\" content=\"image\/png\" \/>\n<meta name=\"twitter:card\" content=\"summary_large_image\" \/>\n<meta name=\"twitter:label1\" content=\"Ber\u00e4knad l\u00e4stid\" \/>\n\t<meta name=\"twitter:data1\" content=\"2 minuter\" \/>\n<script type=\"application\/ld+json\" class=\"yoast-schema-graph\">{\"@context\":\"https:\\\/\\\/schema.org\",\"@graph\":[{\"@type\":\"WebPage\",\"@id\":\"https:\\\/\\\/www.luma.fi\\\/sv\\\/\",\"url\":\"https:\\\/\\\/www.luma.fi\\\/sv\\\/\",\"name\":\"LUMA-center Finland \u00e4r ett n\u00e4tverk f\u00f6r vetenskapsfostran med 11 universitet - LUMA-keskus Suomi\",\"isPartOf\":{\"@id\":\"https:\\\/\\\/www.luma.fi\\\/sv\\\/#website\"},\"primaryImageOfPage\":{\"@id\":\"https:\\\/\\\/www.luma.fi\\\/sv\\\/#primaryimage\"},\"image\":{\"@id\":\"https:\\\/\\\/www.luma.fi\\\/sv\\\/#primaryimage\"},\"thumbnailUrl\":\"http:\\\/\\\/www.luma.fi\\\/wp-content\\\/uploads\\\/2026\\\/01\\\/Startsida_Karta-930x1024.png\",\"datePublished\":\"2025-08-20T11:48:35+00:00\",\"dateModified\":\"2026-01-15T10:42:33+00:00\",\"description\":\"Tervetuloa LUMA-keskus Suomen kotisivuille! Olemme 11 yliopiston tiedekasvatukseen keskittyv\u00e4 verkosto. Tavoitteenamme on innostaa lapsia ja nuoria LUMA-aineiden opiskeluun.\",\"breadcrumb\":{\"@id\":\"https:\\\/\\\/www.luma.fi\\\/sv\\\/#breadcrumb\"},\"inLanguage\":\"sv-SE\",\"potentialAction\":[{\"@type\":\"ReadAction\",\"target\":[\"https:\\\/\\\/www.luma.fi\\\/sv\\\/\"]}]},{\"@type\":\"ImageObject\",\"inLanguage\":\"sv-SE\",\"@id\":\"https:\\\/\\\/www.luma.fi\\\/sv\\\/#primaryimage\",\"url\":\"http:\\\/\\\/www.luma.fi\\\/wp-content\\\/uploads\\\/2026\\\/01\\\/Startsida_Karta-930x1024.png\",\"contentUrl\":\"http:\\\/\\\/www.luma.fi\\\/wp-content\\\/uploads\\\/2026\\\/01\\\/Startsida_Karta-930x1024.png\"},{\"@type\":\"BreadcrumbList\",\"@id\":\"https:\\\/\\\/www.luma.fi\\\/sv\\\/#breadcrumb\",\"itemListElement\":[{\"@type\":\"ListItem\",\"position\":1,\"name\":\"Etusivu\",\"item\":\"https:\\\/\\\/www.luma.fi\\\/sv\\\/\"},{\"@type\":\"ListItem\",\"position\":2,\"name\":\"LUMA-center Finland \u00e4r ett n\u00e4tverk f\u00f6r vetenskapsfostran med 11 universitet\"}]},{\"@type\":\"WebSite\",\"@id\":\"https:\\\/\\\/www.luma.fi\\\/sv\\\/#website\",\"url\":\"https:\\\/\\\/www.luma.fi\\\/sv\\\/\",\"name\":\"LUMA-keskus Suomi\",\"description\":\"LUMA-keskus Suomi on 11 yliopiston tiedekasvatukseen ja teknologiakasvatukseen keskittyv&auml; verkosto. \",\"publisher\":{\"@id\":\"https:\\\/\\\/www.luma.fi\\\/sv\\\/#organization\"},\"potentialAction\":[{\"@type\":\"SearchAction\",\"target\":{\"@type\":\"EntryPoint\",\"urlTemplate\":\"https:\\\/\\\/www.luma.fi\\\/sv\\\/?s={search_term_string}\"},\"query-input\":{\"@type\":\"PropertyValueSpecification\",\"valueRequired\":true,\"valueName\":\"search_term_string\"}}],\"inLanguage\":\"sv-SE\"},{\"@type\":\"Organization\",\"@id\":\"https:\\\/\\\/www.luma.fi\\\/sv\\\/#organization\",\"name\":\"LUMA-keskus Suomi\",\"url\":\"https:\\\/\\\/www.luma.fi\\\/sv\\\/\",\"logo\":{\"@type\":\"ImageObject\",\"inLanguage\":\"sv-SE\",\"@id\":\"https:\\\/\\\/www.luma.fi\\\/sv\\\/#\\\/schema\\\/logo\\\/image\\\/\",\"url\":\"https:\\\/\\\/www.luma.fi\\\/wp-content\\\/uploads\\\/2025\\\/08\\\/luma_flower-multicolored_small.png\",\"contentUrl\":\"https:\\\/\\\/www.luma.fi\\\/wp-content\\\/uploads\\\/2025\\\/08\\\/luma_flower-multicolored_small.png\",\"width\":556,\"height\":557,\"caption\":\"LUMA-keskus Suomi\"},\"image\":{\"@id\":\"https:\\\/\\\/www.luma.fi\\\/sv\\\/#\\\/schema\\\/logo\\\/image\\\/\"},\"sameAs\":[\"https:\\\/\\\/www.facebook.com\\\/LUMAkeskusSuomi\\\/\",\"https:\\\/\\\/www.instagram.com\\\/lumasuomi\\\/\",\"https:\\\/\\\/www.youtube.com\\\/user\\\/lumakeskus\"]}]}<\/script>\n<!-- \/ Yoast SEO plugin. -->","yoast_head_json":{"title":"LUMA-center Finland \u00e4r ett n\u00e4tverk f\u00f6r vetenskapsfostran med 11 universitet - LUMA-keskus Suomi","description":"Tervetuloa LUMA-keskus Suomen kotisivuille! Olemme 11 yliopiston tiedekasvatukseen keskittyv\u00e4 verkosto. Tavoitteenamme on innostaa lapsia ja nuoria LUMA-aineiden opiskeluun.","robots":{"index":"index","follow":"follow","max-snippet":"max-snippet:-1","max-image-preview":"max-image-preview:large","max-video-preview":"max-video-preview:-1"},"canonical":"https:\/\/www.luma.fi\/sv\/","og_locale":"sv_SE","og_type":"article","og_title":"LUMA-center Finland \u00e4r ett n\u00e4tverk f\u00f6r vetenskapsfostran med 11 universitet - LUMA-keskus Suomi","og_description":"Tervetuloa LUMA-keskus Suomen kotisivuille! Olemme 11 yliopiston tiedekasvatukseen keskittyv\u00e4 verkosto. Tavoitteenamme on innostaa lapsia ja nuoria LUMA-aineiden opiskeluun.","og_url":"https:\/\/www.luma.fi\/sv\/","og_site_name":"LUMA-keskus Suomi","article_publisher":"https:\/\/www.facebook.com\/LUMAkeskusSuomi\/","article_modified_time":"2026-01-15T10:42:33+00:00","og_image":[{"width":1302,"height":1434,"url":"https:\/\/www.luma.fi\/wp-content\/uploads\/2026\/01\/Startsida_Karta.png","type":"image\/png"}],"twitter_card":"summary_large_image","twitter_misc":{"Ber\u00e4knad l\u00e4stid":"2 minuter"},"schema":{"@context":"https:\/\/schema.org","@graph":[{"@type":"WebPage","@id":"https:\/\/www.luma.fi\/sv\/","url":"https:\/\/www.luma.fi\/sv\/","name":"LUMA-center Finland \u00e4r ett n\u00e4tverk f\u00f6r vetenskapsfostran med 11 universitet - LUMA-keskus Suomi","isPartOf":{"@id":"https:\/\/www.luma.fi\/sv\/#website"},"primaryImageOfPage":{"@id":"https:\/\/www.luma.fi\/sv\/#primaryimage"},"image":{"@id":"https:\/\/www.luma.fi\/sv\/#primaryimage"},"thumbnailUrl":"http:\/\/www.luma.fi\/wp-content\/uploads\/2026\/01\/Startsida_Karta-930x1024.png","datePublished":"2025-08-20T11:48:35+00:00","dateModified":"2026-01-15T10:42:33+00:00","description":"Tervetuloa LUMA-keskus Suomen kotisivuille! Olemme 11 yliopiston tiedekasvatukseen keskittyv\u00e4 verkosto. Tavoitteenamme on innostaa lapsia ja nuoria LUMA-aineiden opiskeluun.","breadcrumb":{"@id":"https:\/\/www.luma.fi\/sv\/#breadcrumb"},"inLanguage":"sv-SE","potentialAction":[{"@type":"ReadAction","target":["https:\/\/www.luma.fi\/sv\/"]}]},{"@type":"ImageObject","inLanguage":"sv-SE","@id":"https:\/\/www.luma.fi\/sv\/#primaryimage","url":"http:\/\/www.luma.fi\/wp-content\/uploads\/2026\/01\/Startsida_Karta-930x1024.png","contentUrl":"http:\/\/www.luma.fi\/wp-content\/uploads\/2026\/01\/Startsida_Karta-930x1024.png"},{"@type":"BreadcrumbList","@id":"https:\/\/www.luma.fi\/sv\/#breadcrumb","itemListElement":[{"@type":"ListItem","position":1,"name":"Etusivu","item":"https:\/\/www.luma.fi\/sv\/"},{"@type":"ListItem","position":2,"name":"LUMA-center Finland \u00e4r ett n\u00e4tverk f\u00f6r vetenskapsfostran med 11 universitet"}]},{"@type":"WebSite","@id":"https:\/\/www.luma.fi\/sv\/#website","url":"https:\/\/www.luma.fi\/sv\/","name":"LUMA-keskus Suomi","description":"LUMA-keskus Suomi on 11 yliopiston tiedekasvatukseen ja teknologiakasvatukseen keskittyv&auml; verkosto. ","publisher":{"@id":"https:\/\/www.luma.fi\/sv\/#organization"},"potentialAction":[{"@type":"SearchAction","target":{"@type":"EntryPoint","urlTemplate":"https:\/\/www.luma.fi\/sv\/?s={search_term_string}"},"query-input":{"@type":"PropertyValueSpecification","valueRequired":true,"valueName":"search_term_string"}}],"inLanguage":"sv-SE"},{"@type":"Organization","@id":"https:\/\/www.luma.fi\/sv\/#organization","name":"LUMA-keskus Suomi","url":"https:\/\/www.luma.fi\/sv\/","logo":{"@type":"ImageObject","inLanguage":"sv-SE","@id":"https:\/\/www.luma.fi\/sv\/#\/schema\/logo\/image\/","url":"https:\/\/www.luma.fi\/wp-content\/uploads\/2025\/08\/luma_flower-multicolored_small.png","contentUrl":"https:\/\/www.luma.fi\/wp-content\/uploads\/2025\/08\/luma_flower-multicolored_small.png","width":556,"height":557,"caption":"LUMA-keskus Suomi"},"image":{"@id":"https:\/\/www.luma.fi\/sv\/#\/schema\/logo\/image\/"},"sameAs":["https:\/\/www.facebook.com\/LUMAkeskusSuomi\/","https:\/\/www.instagram.com\/lumasuomi\/","https:\/\/www.youtube.com\/user\/lumakeskus"]}]}},"_links":{"self":[{"href":"https:\/\/www.luma.fi\/sv\/wp-json\/wp\/v2\/pages\/38","targetHints":{"allow":["GET"]}}],"collection":[{"href":"https:\/\/www.luma.fi\/sv\/wp-json\/wp\/v2\/pages"}],"about":[{"href":"https:\/\/www.luma.fi\/sv\/wp-json\/wp\/v2\/types\/page"}],"author":[{"embeddable":true,"href":"https:\/\/www.luma.fi\/sv\/wp-json\/wp\/v2\/users\/2"}],"replies":[{"embeddable":true,"href":"https:\/\/www.luma.fi\/sv\/wp-json\/wp\/v2\/comments?post=38"}],"version-history":[{"count":15,"href":"https:\/\/www.luma.fi\/sv\/wp-json\/wp\/v2\/pages\/38\/revisions"}],"predecessor-version":[{"id":15680,"href":"https:\/\/www.luma.fi\/sv\/wp-json\/wp\/v2\/pages\/38\/revisions\/15680"}],"wp:attachment":[{"href":"https:\/\/www.luma.fi\/sv\/wp-json\/wp\/v2\/media?parent=38"}],"curies":[{"name":"wp","href":"https:\/\/api.w.org\/{rel}","templated":true}]}}