{"id":820,"date":"2025-09-09T10:13:49","date_gmt":"2025-09-09T08:13:49","guid":{"rendered":"https:\/\/www.myscience.fi\/?page_id=820"},"modified":"2025-12-03T11:32:05","modified_gmt":"2025-12-03T09:32:05","slug":"andra-stadiet","status":"publish","type":"page","link":"https:\/\/www.luma.fi\/sv\/for-barn-och-unga\/andra-stadiet\/","title":{"rendered":"LUMA-verksamhet f\u00f6r andra stadiet"},"content":{"rendered":"\n<p>P\u00e5 den h\u00e4r sidan har vi samlat h\u00f6gskolekurser som l\u00e4mpar sig f\u00f6r studerande vid gymnasier och yrkesinstitut, ett galleri med yrken inom matematisk-naturvetenskapliga branscher och m\u00f6jligheter f\u00f6r vidare studier. Ifall du letar efter undervisningsmaterial f\u00f6r andra stadiet kan du ta en titt p\u00e5 <a href=\"https:\/\/www.luma.fi\/sv\/for-larare\/laromaterial\/\">v\u00e5ra undervisningsmaterial<\/a>. Ibland ordnar vi ocks\u00e5 l\u00e4ger f\u00f6r unga, och om dem kan du l\u00e4sa mer <a href=\"https:\/\/www.luma.fi\/sv\/for-barn-och-unga\/sommarlager\/\">via den h\u00e4r l\u00e4nken<\/a>.<\/p>\n\n\n\n<hr class=\"wp-block-separator has-text-color has-alpha-channel-opacity has-background\" style=\"background-color:#00a2c0;color:#00a2c0\"\/>\n\n\n\n<h2 class=\"wp-block-heading\">Universitetskurser<\/h2>\n\n\n\n<p>Universiteten har ett stort utbud kurser som \u00e4r \u00f6ppna f\u00f6r alla intresserade. P\u00e5 den h\u00e4r listan har vi samlat s\u00e4rskilt kurser som l\u00e4mpar sig f\u00f6r studerande vid gymnasier och yrkesinstitut. Ifall du inte hittar kurser som intresserar dig p\u00e5 listan kan det vara bra att bekanta sig med kursutbudet vid \u00f6ppna universitet.<\/p>\n\n\n\n<details class=\"wp-block-details is-layout-flow wp-block-details-is-layout-flow\"><summary>Mat 1.0, n\u00e4tkurs<\/summary>\n<p>\u00c4r n\u00e4ringsinneh\u00e5llet i kidneyb\u00f6nor likv\u00e4rdigt med det i en k\u00f6ttprodukt? \u00c4r glassen en emulsion eller ett skum? Hur skulle mat kunna produceras och konsumeras h\u00e5llbart? Det h\u00e4r \u00e4r en prova p\u00e5-kurs i Livsmedelvetenskaper. Den \u00e4r en del av studierna i Livsmedelsvetenskaper (2 sp) och passar f\u00f6r alla som \u00e4r intresserade av \u00e4mnet och omr\u00e5det. <a href=\"https:\/\/studies.helsinki.fi\/kurssit\/toteutus\/otm-adf4b4fc-0b1a-49f1-98cd-dc23f5061dfa\" target=\"_blank\" rel=\"noreferrer noopener\">L\u00e4s mer h\u00e4r<\/a>.<\/p>\n<\/details>\n\n\n\n<details class=\"wp-block-details is-layout-flow wp-block-details-is-layout-flow\"><summary>Introduktion till programmering<\/summary>\n<p>L\u00e4r dig grunderna i programmering med praktiska \u00f6vningar i det popul\u00e4ra programmeringsspr\u00e5ket Python. Kursen har fokus p\u00e5 &#8221;att l\u00e4ra genom att g\u00f6ra&#8221; och inneh\u00e5ller en stor del programmeringsuppgifter med vilka du l\u00e4r dig skriva program och f\u00f6rst\u00e5 hur de fungerar. Kursen tar bland annat upp algoritmer, styrstrukturer, funktioner och grunderna i objektorienterad programmering. Kursen passar dig som vill l\u00e4ra dig grunderna i programmering i egen takt. Du beh\u00f6ver ingen tidigare erfarenhet eller f\u00f6rkunskaper i programmering. Detta \u00e4r en flerformskurs \/\u00f6ppen onlinekurs (MOOC) som best\u00e5r av tv\u00e5 delar: Introduktion till programmering (5 sp) och Forts\u00e4ttningskurs i programmering (5 sp). Du b\u00f6rjar med att slutf\u00f6ra Introduktion till programmering. <a href=\"https:\/\/www.helsinki.fi\/fi\/hakeminen-ja-opetus\/etsi-koulutuksia-ja-kursseja?s_itg=open_university&amp;s_its=%2A&amp;s_p=1&amp;s_q=&amp;s_s=start&amp;s_tag=gymnasium_and_vocational_students&amp;s_teaching_language=sv&amp;s_y=4237\" target=\"_blank\" rel=\"noreferrer noopener\">L\u00e4s mer h\u00e4r<\/a>.<\/p>\n\n\n\n<h4 class=\"wp-block-heading\">Geovetenskaper och h\u00e5llbar framtid<\/h4>\n\n\n\n<p>Var hittar vi r\u00e5varor f\u00f6r en gr\u00f6n omst\u00e4llning f\u00f6r att g\u00f6ra oss av med fossila br\u00e4nslen, och hur r\u00e5varorna utnyttjas p\u00e5 ett h\u00e5llbart s\u00e4tt? Hur kan de milj\u00f6risker gruvorna ger upphov till kontrolleras? Hur kan vi genom att forska i jordklotets utvecklingshistoria f\u00e5 en b\u00e4ttre f\u00f6rst\u00e5else av dagens milj\u00f6f\u00f6r\u00e4ndringar? R\u00e4cker jordens resurser till f\u00f6r att tillgodose m\u00e4nsklighetens behov, eller borde vi gr\u00e4va efter mera ute i rymden?<\/p>\n\n\n\n<h4 class=\"wp-block-heading\">Kemi som vetenskap och kemi i samh\u00e4llet<\/h4>\n\n\n\n<p>Vad \u00e4r kemin i dag och i framtiden? Vilken typen av fr\u00e5gor forskas det i och vilka fr\u00e5gor \u00e4r fortfarande outforskade? Hur kan kemikunskaper ge en verktyg att delta i att r\u00e4dda jordens framtid? Vilken typ av studie- och karri\u00e4rm\u00f6jligheter finns det inom branschen? Vilka m\u00f6jligheter finns det f\u00f6r mig? Kursen erbjuder m\u00f6jligheten att f\u00e5 inblick i kemins v\u00e4rld och grundl\u00e4ggande kunskap om kemin vetenskap och kemin i samh\u00e4llet. Kursen ger en bild av dagens kemiforskning och av vad som k\u00e4nnetecknar forskningen, hur den till\u00e4mpas och vilka m\u00f6jligheter den ger.<\/p>\n\n\n\n<h4 class=\"wp-block-heading\">Stj\u00e4rnorna och rymden<\/h4>\n\n\n\n<p>Vad \u00e4r rymdforskning? Hur unders\u00f6ks rymden i Finland? Hur kan rymdteknologin f\u00f6r\u00e4ndra v\u00e5rt liv i framtiden? Vilken typ av studie- och karri\u00e4rm\u00f6jligheter har astronomin att bjuda p\u00e5? Kursen best\u00e5r av tv\u00e5 helheter med en omfattning av ett studiepo\u00e4ng var. I f\u00f6rsta delen \u00e4r det fokus p\u00e5 rymdforskningen i Finland i allm\u00e4nhet. Andra delen ger en f\u00f6rdjupad bild av olika objekt i rymden, s\u00e5som planeter och stj\u00e4rnor. Finl\u00e4ndska experter fr\u00e5n olika universitet och forskningsinstitut presenterar sin egen forskning.<\/p>\n\n\n\n<p><a href=\"https:\/\/digicampus.fi\/course\/index.php?categoryid=226\" target=\"_blank\" rel=\"noreferrer noopener\">Kursen hittar du via den h\u00e4r l\u00e4nken.<\/a><\/p>\n<\/details>\n\n\n\n<details class=\"wp-block-details is-layout-flow wp-block-details-is-layout-flow\"><summary>Naturvetenskaper nu II<\/summary>\n<p>\u00c4r du intresserad av naturvetenskaper och vill h\u00f6ra mer om aktuell forskning p\u00e5 svenska? D\u00e5 \u00e4r det h\u00e4r kursen f\u00f6r dig! Varje m\u00e5ndag eftermiddag under sju veckors tid h\u00f6r vi ett eller tv\u00e5 f\u00f6redrag av forskare och experter inom olika naturvetenskaper. <a href=\"https:\/\/studies.helsinki.fi\/kurssit\/toteutus\/hy-opt-cur-2526-f7324ee5-8c96-4dd8-9c64-e9d420c3638e\/FYS4020\" target=\"_blank\" rel=\"noreferrer noopener\">L\u00e4s mer h\u00e4r<\/a>.<\/p>\n<\/details>\n\n\n\n<hr class=\"wp-block-separator has-text-color has-alpha-channel-opacity has-background\" style=\"background-color:#00a2c0;color:#00a2c0\"\/>\n\n\n\n<h2 class=\"wp-block-heading\">Utbilda dig till l\u00e4rare i matematisk-naturvetenskapliga \u00e4mnen<\/h2>\n\n\n\n<p>I Finland har l\u00e4rare i matematisk-naturvetenskapliga \u00e4mnen n\u00e4rmast utan undantag en h\u00f6gskoleutbildning. I \u00e5rskurserna 1\u20136 i den grundl\u00e4ggande utbildningen \u00e4r det oftast klassl\u00e4rare med en magisterexamen i pedagogik som undervisar i matematisk-naturvetenskapliga \u00e4mnen. I \u00e5rskurserna 7\u20139 och p\u00e5 andra stadiet har \u00e4mnena oftast egna \u00e4mnesl\u00e4rare som studerat till filosofie magistrar. M\u00e5nga l\u00e4rarstuderande v\u00e4ljer ocks\u00e5 att skaffa sig b\u00e5de klassl\u00e4rar- och \u00e4mnesl\u00e4rarbeh\u00f6righeten, dvs. dubbelbeh\u00f6righet. Vid yrkesh\u00f6gskolor och i synnerhet vid universitet har l\u00e4rarna oftast avlagt doktorsexamen.<\/p>\n\n\n\n<h3 class=\"wp-block-heading\">I Finland ger f\u00f6ljande universitet l\u00e4rarutbildning i matematisk-naturvetenskapliga \u00e4mnen<\/h3>\n\n\n\n<h4 class=\"wp-block-heading\">Helsingfors universitet<\/h4>\n\n\n\n<ul class=\"wp-block-list\">\n<li><a href=\"https:\/\/www.helsinki.fi\/sv\/program\/amneslarare-i-matematik-fysik-och-kemi-kandidatprogram\" target=\"_blank\" rel=\"noreferrer noopener\">Kandidat- och magisterprogram f\u00f6r l\u00e4rare i matematik, fysik och kemi<\/a><\/li>\n\n\n\n<li>Se ocks\u00e5\u00a0<a href=\"https:\/\/studies.helsinki.fi\/instruktioner\/artikel\/pedagogiska-studier-larare-undervisning-pa-svenska\" target=\"_blank\" rel=\"noreferrer noopener\">pedagogiska studier f\u00f6r l\u00e4rare<\/a><\/li>\n<\/ul>\n\n\n\n<h4 class=\"wp-block-heading\">Jyv\u00e4skyl\u00e4 universitet&nbsp;<\/h4>\n\n\n\n<ul class=\"wp-block-list\">\n<li><a href=\"https:\/\/www.jyu.fi\/science\/fi\/muut_yksikot\/opettajankoulutus\/minustako-opettaja\" target=\"_blank\" rel=\"noreferrer noopener\">Aineen- ja luokanopettajan koulutus<\/a><\/li>\n<\/ul>\n\n\n\n<h4 class=\"wp-block-heading\">Tammerfors universitet<\/h4>\n\n\n\n<ul class=\"wp-block-list\">\n<li><a href=\"https:\/\/www.tuni.fi\/fi\/tule-opiskelemaan\/matemaattisten-aineiden-di-opettajankoulutus-tekniikan-ja-luonnontieteiden\" target=\"_blank\" rel=\"noreferrer noopener\">Matemaattisten aineiden DI-opettajankoulutus, Tekniikan ja luonnontieteiden koulutus<\/a><\/li>\n\n\n\n<li><a href=\"https:\/\/www.tuni.fi\/fi\/tule-opiskelemaan\/matematiikan-ja-tilastollisen-data-analyysin-koulutus\" target=\"_blank\" rel=\"noreferrer noopener\">Matematiikan ja tilastollisen data-analyysin koulutus<\/a><\/li>\n<\/ul>\n\n\n\n<h4 class=\"wp-block-heading\">Ule\u00e5borgs universitet<\/h4>\n\n\n\n<ul class=\"wp-block-list\">\n<li><a href=\"http:\/\/www.oulu.fi\/yliopisto\/hakijalle\/matemaattisten-aineiden-opettaja\" target=\"_blank\" rel=\"noreferrer noopener\">Aineenopettaja, matematiikka tai fysiikka<\/a><\/li>\n<\/ul>\n\n\n\n<h4 class=\"wp-block-heading\">\u00c5bo Akademi<\/h4>\n\n\n\n<ul class=\"wp-block-list\">\n<li><a href=\"https:\/\/www.abo.fi\/utbildningsprogram\/utbildningslinjen-for-amneslarare\/\">\u00c4mnesl\u00e4rare i de natuvetenskapliga \u00e4mnena<\/a><\/li>\n\n\n\n<li><a href=\"https:\/\/www.abo.fi\/utbildningsprogram\/utbildningslinjen-for-klasslarare\/\" target=\"_blank\" rel=\"noreferrer noopener\">Klassl\u00e4rare med bi\u00e4mnena integrerad naturvetenskap eller milj\u00f6pedagogik.<\/a><\/li>\n<\/ul>\n\n\n\n<h4 class=\"wp-block-heading\">\u00c5bo universitet<\/h4>\n\n\n\n<ul class=\"wp-block-list\">\n<li><a href=\"https:\/\/www.utu.fi\/fi\/yliopisto\/matemaattis-luonnontieteellinen-tiedekunta\/opiskelu\/aineenopettajat\" target=\"_blank\" rel=\"noreferrer noopener\">Aineenopettajan p\u00e4tevyys matemaattis-luonnontieteellisess\u00e4 tiedekunnassa<\/a><\/li>\n\n\n\n<li><a href=\"https:\/\/www.utu.fi\/fi\/opiskelijaksi\/matematiikan-fysiikan-tai-kemian-aineenopettaja-ja-luokanopettaja-luonnontieteiden\" target=\"_blank\" rel=\"noreferrer noopener\">Matematiikan, fysiikan tai kemian aineenopettaja ja luokanopettaja<\/a><\/li>\n\n\n\n<li>Katso my\u00f6s&nbsp;<a href=\"https:\/\/www.utu.fi\/fi\/kasvatustieteiden-tiedekunta\/opettajan-pedagogiset-opinnot\" target=\"_blank\" rel=\"noreferrer noopener\">opettajan pedagogiset opinnot<\/a><\/li>\n<\/ul>\n\n\n\n<h4 class=\"wp-block-heading\">\u00d6stra Finlands universitet<\/h4>\n\n\n\n<ul class=\"wp-block-list\">\n<li><a href=\"https:\/\/www.uef.fi\/fi\/koulutus\/aineenopettaja-ja-luokanopettaja-matematiikka-fysiikka-ja-kemia\" target=\"_blank\" rel=\"noreferrer noopener\">Aineenopettaja ja luokanopettaja, matematiikka, fysiikka ja kemia<\/a><\/li>\n\n\n\n<li><a href=\"https:\/\/www.uef.fi\/fi\/koulutus\/aineenopettaja-matematiikka-fysiikka-kemia-tai-tietojenkasittelytiede\" target=\"_blank\" rel=\"noreferrer noopener\">Aineenopettaja, matematiikka, fysiikka, kemia tai tietojenk\u00e4sittelytiede<\/a><\/li>\n<\/ul>\n\n\n\n<p><\/p>\n","protected":false},"excerpt":{"rendered":"<p>P\u00e5 den h\u00e4r sidan har vi samlat h\u00f6gskolekurser som l\u00e4mpar sig f\u00f6r studerande vid gymnasier och yrkesinstitut, ett galleri med yrken inom matematisk-naturvetenskapliga branscher och m\u00f6jligheter f\u00f6r vidare studier. Ifall du letar efter undervisningsmaterial f\u00f6r andra stadiet kan du ta en titt p\u00e5 v\u00e5ra undervisningsmaterial. Ibland ordnar vi ocks\u00e5 l\u00e4ger f\u00f6r unga, och om dem &#8230; <a title=\"LUMA-verksamhet f\u00f6r andra stadiet\" class=\"read-more\" href=\"https:\/\/www.luma.fi\/sv\/for-barn-och-unga\/andra-stadiet\/\" aria-label=\"L\u00e4s mer om LUMA-verksamhet f\u00f6r andra stadiet\">L\u00e4s mer<\/a><\/p>\n","protected":false},"author":2,"featured_media":382,"parent":824,"menu_order":0,"comment_status":"closed","ping_status":"closed","template":"","meta":{"footnotes":""},"class_list":["post-820","page","type-page","status-publish","has-post-thumbnail"],"yoast_head":"<!-- This site is optimized with the Yoast SEO plugin v27.4 - https:\/\/yoast.com\/product\/yoast-seo-wordpress\/ -->\n<title>LUMA-verksamhet f\u00f6r andra stadiet - LUMA-keskus Suomi<\/title>\n<meta name=\"robots\" content=\"index, follow, max-snippet:-1, max-image-preview:large, max-video-preview:-1\" \/>\n<link rel=\"canonical\" href=\"https:\/\/www.luma.fi\/sv\/for-barn-och-unga\/andra-stadiet\/\" \/>\n<meta property=\"og:locale\" content=\"sv_SE\" \/>\n<meta property=\"og:type\" content=\"article\" \/>\n<meta property=\"og:title\" content=\"LUMA-verksamhet f\u00f6r andra stadiet - LUMA-keskus Suomi\" \/>\n<meta property=\"og:description\" content=\"P\u00e5 den h\u00e4r sidan har vi samlat h\u00f6gskolekurser som l\u00e4mpar sig f\u00f6r studerande vid gymnasier och yrkesinstitut, ett galleri med yrken inom matematisk-naturvetenskapliga branscher och m\u00f6jligheter f\u00f6r vidare studier. Ifall du letar efter undervisningsmaterial f\u00f6r andra stadiet kan du ta en titt p\u00e5 v\u00e5ra undervisningsmaterial. Ibland ordnar vi ocks\u00e5 l\u00e4ger f\u00f6r unga, och om dem ... L\u00e4s mer\" \/>\n<meta property=\"og:url\" content=\"https:\/\/www.luma.fi\/sv\/for-barn-och-unga\/andra-stadiet\/\" \/>\n<meta property=\"og:site_name\" content=\"LUMA-keskus Suomi\" \/>\n<meta property=\"article:publisher\" content=\"https:\/\/www.facebook.com\/LUMAkeskusSuomi\/\" \/>\n<meta property=\"article:modified_time\" content=\"2025-12-03T09:32:05+00:00\" \/>\n<meta property=\"og:image\" content=\"http:\/\/www.luma.fi\/wp-content\/uploads\/2025\/09\/nuorille.jpg\" \/>\n\t<meta property=\"og:image:width\" content=\"2048\" \/>\n\t<meta property=\"og:image:height\" content=\"1020\" \/>\n\t<meta property=\"og:image:type\" content=\"image\/jpeg\" \/>\n<meta name=\"twitter:card\" content=\"summary_large_image\" \/>\n<meta name=\"twitter:label1\" content=\"Ber\u00e4knad l\u00e4stid\" \/>\n\t<meta name=\"twitter:data1\" content=\"5 minuter\" \/>\n<script type=\"application\/ld+json\" class=\"yoast-schema-graph\">{\"@context\":\"https:\\\/\\\/schema.org\",\"@graph\":[{\"@type\":\"WebPage\",\"@id\":\"https:\\\/\\\/www.luma.fi\\\/sv\\\/for-barn-och-unga\\\/andra-stadiet\\\/\",\"url\":\"https:\\\/\\\/www.luma.fi\\\/sv\\\/for-barn-och-unga\\\/andra-stadiet\\\/\",\"name\":\"LUMA-verksamhet f\u00f6r andra stadiet - LUMA-keskus Suomi\",\"isPartOf\":{\"@id\":\"https:\\\/\\\/www.luma.fi\\\/sv\\\/#website\"},\"primaryImageOfPage\":{\"@id\":\"https:\\\/\\\/www.luma.fi\\\/sv\\\/for-barn-och-unga\\\/andra-stadiet\\\/#primaryimage\"},\"image\":{\"@id\":\"https:\\\/\\\/www.luma.fi\\\/sv\\\/for-barn-och-unga\\\/andra-stadiet\\\/#primaryimage\"},\"thumbnailUrl\":\"https:\\\/\\\/www.luma.fi\\\/wp-content\\\/uploads\\\/2025\\\/09\\\/nuorille.jpg\",\"datePublished\":\"2025-09-09T08:13:49+00:00\",\"dateModified\":\"2025-12-03T09:32:05+00:00\",\"breadcrumb\":{\"@id\":\"https:\\\/\\\/www.luma.fi\\\/sv\\\/for-barn-och-unga\\\/andra-stadiet\\\/#breadcrumb\"},\"inLanguage\":\"sv-SE\",\"potentialAction\":[{\"@type\":\"ReadAction\",\"target\":[\"https:\\\/\\\/www.luma.fi\\\/sv\\\/for-barn-och-unga\\\/andra-stadiet\\\/\"]}]},{\"@type\":\"ImageObject\",\"inLanguage\":\"sv-SE\",\"@id\":\"https:\\\/\\\/www.luma.fi\\\/sv\\\/for-barn-och-unga\\\/andra-stadiet\\\/#primaryimage\",\"url\":\"https:\\\/\\\/www.luma.fi\\\/wp-content\\\/uploads\\\/2025\\\/09\\\/nuorille.jpg\",\"contentUrl\":\"https:\\\/\\\/www.luma.fi\\\/wp-content\\\/uploads\\\/2025\\\/09\\\/nuorille.jpg\",\"width\":2048,\"height\":1020,\"caption\":\"Lainaamme ja kehit\u00e4mme opetusmateriaaleja\"},{\"@type\":\"BreadcrumbList\",\"@id\":\"https:\\\/\\\/www.luma.fi\\\/sv\\\/for-barn-och-unga\\\/andra-stadiet\\\/#breadcrumb\",\"itemListElement\":[{\"@type\":\"ListItem\",\"position\":1,\"name\":\"Etusivu\",\"item\":\"https:\\\/\\\/www.luma.fi\\\/sv\\\/\"},{\"@type\":\"ListItem\",\"position\":2,\"name\":\"F\u00f6r barn, unga och familjer\",\"item\":\"https:\\\/\\\/www.luma.fi\\\/sv\\\/for-barn-och-unga\\\/\"},{\"@type\":\"ListItem\",\"position\":3,\"name\":\"LUMA-verksamhet f\u00f6r andra stadiet\"}]},{\"@type\":\"WebSite\",\"@id\":\"https:\\\/\\\/www.luma.fi\\\/sv\\\/#website\",\"url\":\"https:\\\/\\\/www.luma.fi\\\/sv\\\/\",\"name\":\"LUMA-keskus Suomi\",\"description\":\"LUMA-keskus Suomi on 11 yliopiston tiedekasvatukseen ja teknologiakasvatukseen keskittyv&auml; verkosto. \",\"publisher\":{\"@id\":\"https:\\\/\\\/www.luma.fi\\\/sv\\\/#organization\"},\"potentialAction\":[{\"@type\":\"SearchAction\",\"target\":{\"@type\":\"EntryPoint\",\"urlTemplate\":\"https:\\\/\\\/www.luma.fi\\\/sv\\\/?s={search_term_string}\"},\"query-input\":{\"@type\":\"PropertyValueSpecification\",\"valueRequired\":true,\"valueName\":\"search_term_string\"}}],\"inLanguage\":\"sv-SE\"},{\"@type\":\"Organization\",\"@id\":\"https:\\\/\\\/www.luma.fi\\\/sv\\\/#organization\",\"name\":\"LUMA-keskus Suomi\",\"url\":\"https:\\\/\\\/www.luma.fi\\\/sv\\\/\",\"logo\":{\"@type\":\"ImageObject\",\"inLanguage\":\"sv-SE\",\"@id\":\"https:\\\/\\\/www.luma.fi\\\/sv\\\/#\\\/schema\\\/logo\\\/image\\\/\",\"url\":\"https:\\\/\\\/www.luma.fi\\\/wp-content\\\/uploads\\\/2025\\\/08\\\/luma_flower-multicolored_small.png\",\"contentUrl\":\"https:\\\/\\\/www.luma.fi\\\/wp-content\\\/uploads\\\/2025\\\/08\\\/luma_flower-multicolored_small.png\",\"width\":556,\"height\":557,\"caption\":\"LUMA-keskus Suomi\"},\"image\":{\"@id\":\"https:\\\/\\\/www.luma.fi\\\/sv\\\/#\\\/schema\\\/logo\\\/image\\\/\"},\"sameAs\":[\"https:\\\/\\\/www.facebook.com\\\/LUMAkeskusSuomi\\\/\",\"https:\\\/\\\/www.instagram.com\\\/lumasuomi\\\/\",\"https:\\\/\\\/www.youtube.com\\\/user\\\/lumakeskus\"]}]}<\/script>\n<!-- \/ Yoast SEO plugin. -->","yoast_head_json":{"title":"LUMA-verksamhet f\u00f6r andra stadiet - LUMA-keskus Suomi","robots":{"index":"index","follow":"follow","max-snippet":"max-snippet:-1","max-image-preview":"max-image-preview:large","max-video-preview":"max-video-preview:-1"},"canonical":"https:\/\/www.luma.fi\/sv\/for-barn-och-unga\/andra-stadiet\/","og_locale":"sv_SE","og_type":"article","og_title":"LUMA-verksamhet f\u00f6r andra stadiet - LUMA-keskus Suomi","og_description":"P\u00e5 den h\u00e4r sidan har vi samlat h\u00f6gskolekurser som l\u00e4mpar sig f\u00f6r studerande vid gymnasier och yrkesinstitut, ett galleri med yrken inom matematisk-naturvetenskapliga branscher och m\u00f6jligheter f\u00f6r vidare studier. Ifall du letar efter undervisningsmaterial f\u00f6r andra stadiet kan du ta en titt p\u00e5 v\u00e5ra undervisningsmaterial. Ibland ordnar vi ocks\u00e5 l\u00e4ger f\u00f6r unga, och om dem ... L\u00e4s mer","og_url":"https:\/\/www.luma.fi\/sv\/for-barn-och-unga\/andra-stadiet\/","og_site_name":"LUMA-keskus Suomi","article_publisher":"https:\/\/www.facebook.com\/LUMAkeskusSuomi\/","article_modified_time":"2025-12-03T09:32:05+00:00","og_image":[{"width":2048,"height":1020,"url":"http:\/\/www.luma.fi\/wp-content\/uploads\/2025\/09\/nuorille.jpg","type":"image\/jpeg"}],"twitter_card":"summary_large_image","twitter_misc":{"Ber\u00e4knad l\u00e4stid":"5 minuter"},"schema":{"@context":"https:\/\/schema.org","@graph":[{"@type":"WebPage","@id":"https:\/\/www.luma.fi\/sv\/for-barn-och-unga\/andra-stadiet\/","url":"https:\/\/www.luma.fi\/sv\/for-barn-och-unga\/andra-stadiet\/","name":"LUMA-verksamhet f\u00f6r andra stadiet - LUMA-keskus Suomi","isPartOf":{"@id":"https:\/\/www.luma.fi\/sv\/#website"},"primaryImageOfPage":{"@id":"https:\/\/www.luma.fi\/sv\/for-barn-och-unga\/andra-stadiet\/#primaryimage"},"image":{"@id":"https:\/\/www.luma.fi\/sv\/for-barn-och-unga\/andra-stadiet\/#primaryimage"},"thumbnailUrl":"https:\/\/www.luma.fi\/wp-content\/uploads\/2025\/09\/nuorille.jpg","datePublished":"2025-09-09T08:13:49+00:00","dateModified":"2025-12-03T09:32:05+00:00","breadcrumb":{"@id":"https:\/\/www.luma.fi\/sv\/for-barn-och-unga\/andra-stadiet\/#breadcrumb"},"inLanguage":"sv-SE","potentialAction":[{"@type":"ReadAction","target":["https:\/\/www.luma.fi\/sv\/for-barn-och-unga\/andra-stadiet\/"]}]},{"@type":"ImageObject","inLanguage":"sv-SE","@id":"https:\/\/www.luma.fi\/sv\/for-barn-och-unga\/andra-stadiet\/#primaryimage","url":"https:\/\/www.luma.fi\/wp-content\/uploads\/2025\/09\/nuorille.jpg","contentUrl":"https:\/\/www.luma.fi\/wp-content\/uploads\/2025\/09\/nuorille.jpg","width":2048,"height":1020,"caption":"Lainaamme ja kehit\u00e4mme opetusmateriaaleja"},{"@type":"BreadcrumbList","@id":"https:\/\/www.luma.fi\/sv\/for-barn-och-unga\/andra-stadiet\/#breadcrumb","itemListElement":[{"@type":"ListItem","position":1,"name":"Etusivu","item":"https:\/\/www.luma.fi\/sv\/"},{"@type":"ListItem","position":2,"name":"F\u00f6r barn, unga och familjer","item":"https:\/\/www.luma.fi\/sv\/for-barn-och-unga\/"},{"@type":"ListItem","position":3,"name":"LUMA-verksamhet f\u00f6r andra stadiet"}]},{"@type":"WebSite","@id":"https:\/\/www.luma.fi\/sv\/#website","url":"https:\/\/www.luma.fi\/sv\/","name":"LUMA-keskus Suomi","description":"LUMA-keskus Suomi on 11 yliopiston tiedekasvatukseen ja teknologiakasvatukseen keskittyv&auml; verkosto. ","publisher":{"@id":"https:\/\/www.luma.fi\/sv\/#organization"},"potentialAction":[{"@type":"SearchAction","target":{"@type":"EntryPoint","urlTemplate":"https:\/\/www.luma.fi\/sv\/?s={search_term_string}"},"query-input":{"@type":"PropertyValueSpecification","valueRequired":true,"valueName":"search_term_string"}}],"inLanguage":"sv-SE"},{"@type":"Organization","@id":"https:\/\/www.luma.fi\/sv\/#organization","name":"LUMA-keskus Suomi","url":"https:\/\/www.luma.fi\/sv\/","logo":{"@type":"ImageObject","inLanguage":"sv-SE","@id":"https:\/\/www.luma.fi\/sv\/#\/schema\/logo\/image\/","url":"https:\/\/www.luma.fi\/wp-content\/uploads\/2025\/08\/luma_flower-multicolored_small.png","contentUrl":"https:\/\/www.luma.fi\/wp-content\/uploads\/2025\/08\/luma_flower-multicolored_small.png","width":556,"height":557,"caption":"LUMA-keskus Suomi"},"image":{"@id":"https:\/\/www.luma.fi\/sv\/#\/schema\/logo\/image\/"},"sameAs":["https:\/\/www.facebook.com\/LUMAkeskusSuomi\/","https:\/\/www.instagram.com\/lumasuomi\/","https:\/\/www.youtube.com\/user\/lumakeskus"]}]}},"_links":{"self":[{"href":"https:\/\/www.luma.fi\/sv\/wp-json\/wp\/v2\/pages\/820","targetHints":{"allow":["GET"]}}],"collection":[{"href":"https:\/\/www.luma.fi\/sv\/wp-json\/wp\/v2\/pages"}],"about":[{"href":"https:\/\/www.luma.fi\/sv\/wp-json\/wp\/v2\/types\/page"}],"author":[{"embeddable":true,"href":"https:\/\/www.luma.fi\/sv\/wp-json\/wp\/v2\/users\/2"}],"replies":[{"embeddable":true,"href":"https:\/\/www.luma.fi\/sv\/wp-json\/wp\/v2\/comments?post=820"}],"version-history":[{"count":9,"href":"https:\/\/www.luma.fi\/sv\/wp-json\/wp\/v2\/pages\/820\/revisions"}],"predecessor-version":[{"id":15325,"href":"https:\/\/www.luma.fi\/sv\/wp-json\/wp\/v2\/pages\/820\/revisions\/15325"}],"up":[{"embeddable":true,"href":"https:\/\/www.luma.fi\/sv\/wp-json\/wp\/v2\/pages\/824"}],"wp:featuredmedia":[{"embeddable":true,"href":"https:\/\/www.luma.fi\/sv\/wp-json\/wp\/v2\/media\/382"}],"wp:attachment":[{"href":"https:\/\/www.luma.fi\/sv\/wp-json\/wp\/v2\/media?parent=820"}],"curies":[{"name":"wp","href":"https:\/\/api.w.org\/{rel}","templated":true}]}}